{"id":9808,"date":"2025-03-30T09:47:48","date_gmt":"2025-03-30T07:47:48","guid":{"rendered":"https:\/\/www.mdi4x4.it\/?post_type=product&#038;p=9808"},"modified":"2025-03-30T09:49:37","modified_gmt":"2025-03-30T07:49:37","slug":"console-sous-la-radio-a-4-trous-pour-discovery-1-2-interrupteurs","status":"publish","type":"product","link":"https:\/\/www.mdi4x4.it\/fr\/prodotto\/console-sous-la-radio-a-4-trous-pour-discovery-1-2-interrupteurs\/","title":{"rendered":"Console sous la radio \u00e0 4 trous pour Discovery 1-2 interrupteurs"},"content":{"rendered":"<p>Fabriqu\u00e9 en t\u00f4le peinte en noir. est fix\u00e9 sous la console centrale du Discovery au moyen de 4 vis autotaraudeuses et est fourni sans interrupteur (DIN 36,8 mm x 21 mm).<\/p>\n","protected":false},"excerpt":{"rendered":"<p>Fabriqu\u00e9 en t\u00f4le peinte en noir. est fix\u00e9 sous la console centrale du Discovery au moyen de 4 vis autotaraudeuses et est fourni sans interrupteur (DIN 36,8 mm x 21 mm).<\/p>\n","protected":false},"featured_media":9795,"template":"","meta":{"_eb_attr":""},"product_cat":[667,668,662,663,661,749],"product_tag":[],"yoast_head":"<!-- This site is optimized with the Yoast SEO plugin v22.1 - https:\/\/yoast.com\/wordpress\/plugins\/seo\/ -->\n<title>Console sous la radio \u00e0 4 trous pour Discovery 1-2 interrupteurs - MDI 4x4<\/title>\n<meta name=\"robots\" content=\"index, follow, max-snippet:-1, max-image-preview:large, max-video-preview:-1\" \/>\n<link rel=\"canonical\" href=\"https:\/\/www.mdi4x4.it\/fr\/prodotto\/console-sous-la-radio-a-4-trous-pour-discovery-1-2-interrupteurs\/\" \/>\n<meta property=\"og:locale\" content=\"fr_FR\" \/>\n<meta property=\"og:type\" content=\"article\" \/>\n<meta property=\"og:title\" content=\"Console sous la radio \u00e0 4 trous pour Discovery 1-2 interrupteurs - MDI 4x4\" \/>\n<meta property=\"og:description\" content=\"Fabriqu\u00e9 en t\u00f4le peinte en noir. est fix\u00e9 sous la console centrale du Discovery au moyen de 4 vis autotaraudeuses et est fourni sans interrupteur (DIN 36,8 mm x 21 mm).\" \/>\n<meta property=\"og:url\" content=\"https:\/\/www.mdi4x4.it\/fr\/prodotto\/console-sous-la-radio-a-4-trous-pour-discovery-1-2-interrupteurs\/\" \/>\n<meta property=\"og:site_name\" content=\"MDI 4x4\" \/>\n<meta property=\"article:modified_time\" content=\"2025-03-30T07:49:37+00:00\" \/>\n<meta property=\"og:image\" content=\"https:\/\/www.mdi4x4.it\/wp-content\/uploads\/2025\/03\/20160709_101712-scaled.jpg\" \/>\n\t<meta property=\"og:image:width\" content=\"2560\" \/>\n\t<meta property=\"og:image:height\" content=\"1440\" \/>\n\t<meta property=\"og:image:type\" content=\"image\/jpeg\" \/>\n<script type=\"application\/ld+json\" class=\"yoast-schema-graph\">{\"@context\":\"https:\/\/schema.org\",\"@graph\":[{\"@type\":\"WebPage\",\"@id\":\"https:\/\/www.mdi4x4.it\/fr\/prodotto\/console-sous-la-radio-a-4-trous-pour-discovery-1-2-interrupteurs\/\",\"url\":\"https:\/\/www.mdi4x4.it\/fr\/prodotto\/console-sous-la-radio-a-4-trous-pour-discovery-1-2-interrupteurs\/\",\"name\":\"Console sous la radio \u00e0 4 trous pour Discovery 1-2 interrupteurs - MDI 4x4\",\"isPartOf\":{\"@id\":\"https:\/\/www.mdi4x4.it\/fr\/#website\"},\"datePublished\":\"2025-03-30T07:47:48+00:00\",\"dateModified\":\"2025-03-30T07:49:37+00:00\",\"breadcrumb\":{\"@id\":\"https:\/\/www.mdi4x4.it\/fr\/prodotto\/console-sous-la-radio-a-4-trous-pour-discovery-1-2-interrupteurs\/#breadcrumb\"},\"inLanguage\":\"fr-FR\",\"potentialAction\":[{\"@type\":\"ReadAction\",\"target\":[\"https:\/\/www.mdi4x4.it\/fr\/prodotto\/console-sous-la-radio-a-4-trous-pour-discovery-1-2-interrupteurs\/\"]}]},{\"@type\":\"BreadcrumbList\",\"@id\":\"https:\/\/www.mdi4x4.it\/fr\/prodotto\/console-sous-la-radio-a-4-trous-pour-discovery-1-2-interrupteurs\/#breadcrumb\",\"itemListElement\":[{\"@type\":\"ListItem\",\"position\":1,\"name\":\"Home\",\"item\":\"https:\/\/www.mdi4x4.it\/fr\/\"},{\"@type\":\"ListItem\",\"position\":2,\"name\":\"Boutique\",\"item\":\"https:\/\/www.mdi4x4.it\/fr\/shop\/\"},{\"@type\":\"ListItem\",\"position\":3,\"name\":\"Console sous la radio \u00e0 4 trous pour Discovery 1-2 interrupteurs\"}]},{\"@type\":\"WebSite\",\"@id\":\"https:\/\/www.mdi4x4.it\/fr\/#website\",\"url\":\"https:\/\/www.mdi4x4.it\/fr\/\",\"name\":\"MDI 4x4\",\"description\":\"Accessori su misura Land Rover || Toyota\",\"publisher\":{\"@id\":\"https:\/\/www.mdi4x4.it\/fr\/#organization\"},\"potentialAction\":[{\"@type\":\"SearchAction\",\"target\":{\"@type\":\"EntryPoint\",\"urlTemplate\":\"https:\/\/www.mdi4x4.it\/fr\/?s={search_term_string}\"},\"query-input\":\"required name=search_term_string\"}],\"inLanguage\":\"fr-FR\"},{\"@type\":\"Organization\",\"@id\":\"https:\/\/www.mdi4x4.it\/fr\/#organization\",\"name\":\"MDI 4x4\",\"url\":\"https:\/\/www.mdi4x4.it\/fr\/\",\"logo\":{\"@type\":\"ImageObject\",\"inLanguage\":\"fr-FR\",\"@id\":\"https:\/\/www.mdi4x4.it\/fr\/#\/schema\/logo\/image\/\",\"url\":\"https:\/\/www.mdi4x4.it\/wp-content\/uploads\/2021\/03\/Logo-MDI-ridotto.png\",\"contentUrl\":\"https:\/\/www.mdi4x4.it\/wp-content\/uploads\/2021\/03\/Logo-MDI-ridotto.png\",\"width\":299,\"height\":200,\"caption\":\"MDI 4x4\"},\"image\":{\"@id\":\"https:\/\/www.mdi4x4.it\/fr\/#\/schema\/logo\/image\/\"}}]}<\/script>\n<!-- \/ Yoast SEO plugin. -->","yoast_head_json":{"title":"Console sous la radio \u00e0 4 trous pour Discovery 1-2 interrupteurs - MDI 4x4","robots":{"index":"index","follow":"follow","max-snippet":"max-snippet:-1","max-image-preview":"max-image-preview:large","max-video-preview":"max-video-preview:-1"},"canonical":"https:\/\/www.mdi4x4.it\/fr\/prodotto\/console-sous-la-radio-a-4-trous-pour-discovery-1-2-interrupteurs\/","og_locale":"fr_FR","og_type":"article","og_title":"Console sous la radio \u00e0 4 trous pour Discovery 1-2 interrupteurs - MDI 4x4","og_description":"Fabriqu\u00e9 en t\u00f4le peinte en noir. est fix\u00e9 sous la console centrale du Discovery au moyen de 4 vis autotaraudeuses et est fourni sans interrupteur (DIN 36,8 mm x 21 mm).","og_url":"https:\/\/www.mdi4x4.it\/fr\/prodotto\/console-sous-la-radio-a-4-trous-pour-discovery-1-2-interrupteurs\/","og_site_name":"MDI 4x4","article_modified_time":"2025-03-30T07:49:37+00:00","og_image":[{"width":2560,"height":1440,"url":"https:\/\/www.mdi4x4.it\/wp-content\/uploads\/2025\/03\/20160709_101712-scaled.jpg","type":"image\/jpeg"}],"schema":{"@context":"https:\/\/schema.org","@graph":[{"@type":"WebPage","@id":"https:\/\/www.mdi4x4.it\/fr\/prodotto\/console-sous-la-radio-a-4-trous-pour-discovery-1-2-interrupteurs\/","url":"https:\/\/www.mdi4x4.it\/fr\/prodotto\/console-sous-la-radio-a-4-trous-pour-discovery-1-2-interrupteurs\/","name":"Console sous la radio \u00e0 4 trous pour Discovery 1-2 interrupteurs - MDI 4x4","isPartOf":{"@id":"https:\/\/www.mdi4x4.it\/fr\/#website"},"datePublished":"2025-03-30T07:47:48+00:00","dateModified":"2025-03-30T07:49:37+00:00","breadcrumb":{"@id":"https:\/\/www.mdi4x4.it\/fr\/prodotto\/console-sous-la-radio-a-4-trous-pour-discovery-1-2-interrupteurs\/#breadcrumb"},"inLanguage":"fr-FR","potentialAction":[{"@type":"ReadAction","target":["https:\/\/www.mdi4x4.it\/fr\/prodotto\/console-sous-la-radio-a-4-trous-pour-discovery-1-2-interrupteurs\/"]}]},{"@type":"BreadcrumbList","@id":"https:\/\/www.mdi4x4.it\/fr\/prodotto\/console-sous-la-radio-a-4-trous-pour-discovery-1-2-interrupteurs\/#breadcrumb","itemListElement":[{"@type":"ListItem","position":1,"name":"Home","item":"https:\/\/www.mdi4x4.it\/fr\/"},{"@type":"ListItem","position":2,"name":"Boutique","item":"https:\/\/www.mdi4x4.it\/fr\/shop\/"},{"@type":"ListItem","position":3,"name":"Console sous la radio \u00e0 4 trous pour Discovery 1-2 interrupteurs"}]},{"@type":"WebSite","@id":"https:\/\/www.mdi4x4.it\/fr\/#website","url":"https:\/\/www.mdi4x4.it\/fr\/","name":"MDI 4x4","description":"Accessori su misura Land Rover || Toyota","publisher":{"@id":"https:\/\/www.mdi4x4.it\/fr\/#organization"},"potentialAction":[{"@type":"SearchAction","target":{"@type":"EntryPoint","urlTemplate":"https:\/\/www.mdi4x4.it\/fr\/?s={search_term_string}"},"query-input":"required name=search_term_string"}],"inLanguage":"fr-FR"},{"@type":"Organization","@id":"https:\/\/www.mdi4x4.it\/fr\/#organization","name":"MDI 4x4","url":"https:\/\/www.mdi4x4.it\/fr\/","logo":{"@type":"ImageObject","inLanguage":"fr-FR","@id":"https:\/\/www.mdi4x4.it\/fr\/#\/schema\/logo\/image\/","url":"https:\/\/www.mdi4x4.it\/wp-content\/uploads\/2021\/03\/Logo-MDI-ridotto.png","contentUrl":"https:\/\/www.mdi4x4.it\/wp-content\/uploads\/2021\/03\/Logo-MDI-ridotto.png","width":299,"height":200,"caption":"MDI 4x4"},"image":{"@id":"https:\/\/www.mdi4x4.it\/fr\/#\/schema\/logo\/image\/"}}]}},"_links":{"self":[{"href":"https:\/\/www.mdi4x4.it\/fr\/wp-json\/wp\/v2\/product\/9808"}],"collection":[{"href":"https:\/\/www.mdi4x4.it\/fr\/wp-json\/wp\/v2\/product"}],"about":[{"href":"https:\/\/www.mdi4x4.it\/fr\/wp-json\/wp\/v2\/types\/product"}],"wp:featuredmedia":[{"embeddable":true,"href":"https:\/\/www.mdi4x4.it\/fr\/wp-json\/wp\/v2\/media\/9795"}],"wp:attachment":[{"href":"https:\/\/www.mdi4x4.it\/fr\/wp-json\/wp\/v2\/media?parent=9808"}],"wp:term":[{"taxonomy":"product_cat","embeddable":true,"href":"https:\/\/www.mdi4x4.it\/fr\/wp-json\/wp\/v2\/product_cat?post=9808"},{"taxonomy":"product_tag","embeddable":true,"href":"https:\/\/www.mdi4x4.it\/fr\/wp-json\/wp\/v2\/product_tag?post=9808"}],"curies":[{"name":"wp","href":"https:\/\/api.w.org\/{rel}","templated":true}]}}