{"id":9524,"date":"2025-02-13T16:26:13","date_gmt":"2025-02-13T15:26:13","guid":{"rendered":"https:\/\/www.mdi4x4.it\/?post_type=product&#038;p=9524"},"modified":"2025-03-04T10:52:18","modified_gmt":"2025-03-04T09:52:18","slug":"paire-de-cales-pour-frein-a-main-hdj-80","status":"publish","type":"product","link":"https:\/\/www.mdi4x4.it\/fr\/prodotto\/paire-de-cales-pour-frein-a-main-hdj-80\/","title":{"rendered":"PAIRE DE CALES POUR FREIN A MAIN HDJ 80,KZJ-KDJ 90-95, KDJ 120-125, KDJ 150-155"},"content":{"rendered":"<p>Fabriqu\u00e9es en m\u00e9tal de 6 mm, elles sont galvanis\u00e9es en blanc.<\/p>\n<p>Cet article permet aux m\u00e2choires de frein \u00e0 main de se rapprocher du tambour am\u00e9liorant ainsi le freinage de stationnement de la voiture.<\/p>\n","protected":false},"excerpt":{"rendered":"<p>Fabriqu\u00e9es en m\u00e9tal de 6 mm, elles sont galvanis\u00e9es en blanc.<\/p>\n<p>Cet article permet aux m\u00e2choires de frein \u00e0 main de se rapprocher du tambour am\u00e9liorant ainsi le freinage de stationnement de la voiture.<\/p>\n","protected":false},"featured_media":9522,"template":"","meta":{"_eb_attr":""},"product_cat":[680,651],"product_tag":[],"yoast_head":"<!-- This site is optimized with the Yoast SEO plugin v22.1 - https:\/\/yoast.com\/wordpress\/plugins\/seo\/ -->\n<title>PAIRE DE CALES POUR FREIN A MAIN HDJ 80,KZJ-KDJ 90-95, KDJ 120-125, KDJ 150-155 - MDI 4x4<\/title>\n<meta name=\"robots\" content=\"index, follow, max-snippet:-1, max-image-preview:large, max-video-preview:-1\" \/>\n<link rel=\"canonical\" href=\"https:\/\/www.mdi4x4.it\/fr\/prodotto\/paire-de-cales-pour-frein-a-main-hdj-80\/\" \/>\n<meta property=\"og:locale\" content=\"fr_FR\" \/>\n<meta property=\"og:type\" content=\"article\" \/>\n<meta property=\"og:title\" content=\"PAIRE DE CALES POUR FREIN A MAIN HDJ 80,KZJ-KDJ 90-95, KDJ 120-125, KDJ 150-155 - MDI 4x4\" \/>\n<meta property=\"og:description\" content=\"Fabriqu\u00e9es en m\u00e9tal de 6 mm, elles sont galvanis\u00e9es en blanc.  Cet article permet aux m\u00e2choires de frein \u00e0 main de se rapprocher du tambour am\u00e9liorant ainsi le freinage de stationnement de la voiture.\" \/>\n<meta property=\"og:url\" content=\"https:\/\/www.mdi4x4.it\/fr\/prodotto\/paire-de-cales-pour-frein-a-main-hdj-80\/\" \/>\n<meta property=\"og:site_name\" content=\"MDI 4x4\" \/>\n<meta property=\"article:modified_time\" content=\"2025-03-04T09:52:18+00:00\" \/>\n<meta property=\"og:image\" content=\"https:\/\/www.mdi4x4.it\/wp-content\/uploads\/2025\/02\/476446000_9413870828634826_4910852895936387869_n.jpg\" \/>\n\t<meta property=\"og:image:width\" content=\"526\" \/>\n\t<meta property=\"og:image:height\" content=\"701\" \/>\n\t<meta property=\"og:image:type\" content=\"image\/jpeg\" \/>\n<script type=\"application\/ld+json\" class=\"yoast-schema-graph\">{\"@context\":\"https:\/\/schema.org\",\"@graph\":[{\"@type\":\"WebPage\",\"@id\":\"https:\/\/www.mdi4x4.it\/fr\/prodotto\/paire-de-cales-pour-frein-a-main-hdj-80\/\",\"url\":\"https:\/\/www.mdi4x4.it\/fr\/prodotto\/paire-de-cales-pour-frein-a-main-hdj-80\/\",\"name\":\"PAIRE DE CALES POUR FREIN A MAIN HDJ 80,KZJ-KDJ 90-95, KDJ 120-125, KDJ 150-155 - MDI 4x4\",\"isPartOf\":{\"@id\":\"https:\/\/www.mdi4x4.it\/fr\/#website\"},\"datePublished\":\"2025-02-13T15:26:13+00:00\",\"dateModified\":\"2025-03-04T09:52:18+00:00\",\"breadcrumb\":{\"@id\":\"https:\/\/www.mdi4x4.it\/fr\/prodotto\/paire-de-cales-pour-frein-a-main-hdj-80\/#breadcrumb\"},\"inLanguage\":\"fr-FR\",\"potentialAction\":[{\"@type\":\"ReadAction\",\"target\":[\"https:\/\/www.mdi4x4.it\/fr\/prodotto\/paire-de-cales-pour-frein-a-main-hdj-80\/\"]}]},{\"@type\":\"BreadcrumbList\",\"@id\":\"https:\/\/www.mdi4x4.it\/fr\/prodotto\/paire-de-cales-pour-frein-a-main-hdj-80\/#breadcrumb\",\"itemListElement\":[{\"@type\":\"ListItem\",\"position\":1,\"name\":\"Home\",\"item\":\"https:\/\/www.mdi4x4.it\/fr\/\"},{\"@type\":\"ListItem\",\"position\":2,\"name\":\"Boutique\",\"item\":\"https:\/\/www.mdi4x4.it\/fr\/shop\/\"},{\"@type\":\"ListItem\",\"position\":3,\"name\":\"PAIRE DE CALES POUR FREIN A MAIN HDJ 80,KZJ-KDJ 90-95, KDJ 120-125, KDJ 150-155\"}]},{\"@type\":\"WebSite\",\"@id\":\"https:\/\/www.mdi4x4.it\/fr\/#website\",\"url\":\"https:\/\/www.mdi4x4.it\/fr\/\",\"name\":\"MDI 4x4\",\"description\":\"Accessori su misura Land Rover || Toyota\",\"publisher\":{\"@id\":\"https:\/\/www.mdi4x4.it\/fr\/#organization\"},\"potentialAction\":[{\"@type\":\"SearchAction\",\"target\":{\"@type\":\"EntryPoint\",\"urlTemplate\":\"https:\/\/www.mdi4x4.it\/fr\/?s={search_term_string}\"},\"query-input\":\"required name=search_term_string\"}],\"inLanguage\":\"fr-FR\"},{\"@type\":\"Organization\",\"@id\":\"https:\/\/www.mdi4x4.it\/fr\/#organization\",\"name\":\"MDI 4x4\",\"url\":\"https:\/\/www.mdi4x4.it\/fr\/\",\"logo\":{\"@type\":\"ImageObject\",\"inLanguage\":\"fr-FR\",\"@id\":\"https:\/\/www.mdi4x4.it\/fr\/#\/schema\/logo\/image\/\",\"url\":\"https:\/\/www.mdi4x4.it\/wp-content\/uploads\/2021\/03\/Logo-MDI-ridotto.png\",\"contentUrl\":\"https:\/\/www.mdi4x4.it\/wp-content\/uploads\/2021\/03\/Logo-MDI-ridotto.png\",\"width\":299,\"height\":200,\"caption\":\"MDI 4x4\"},\"image\":{\"@id\":\"https:\/\/www.mdi4x4.it\/fr\/#\/schema\/logo\/image\/\"}}]}<\/script>\n<!-- \/ Yoast SEO plugin. -->","yoast_head_json":{"title":"PAIRE DE CALES POUR FREIN A MAIN HDJ 80,KZJ-KDJ 90-95, KDJ 120-125, KDJ 150-155 - MDI 4x4","robots":{"index":"index","follow":"follow","max-snippet":"max-snippet:-1","max-image-preview":"max-image-preview:large","max-video-preview":"max-video-preview:-1"},"canonical":"https:\/\/www.mdi4x4.it\/fr\/prodotto\/paire-de-cales-pour-frein-a-main-hdj-80\/","og_locale":"fr_FR","og_type":"article","og_title":"PAIRE DE CALES POUR FREIN A MAIN HDJ 80,KZJ-KDJ 90-95, KDJ 120-125, KDJ 150-155 - MDI 4x4","og_description":"Fabriqu\u00e9es en m\u00e9tal de 6 mm, elles sont galvanis\u00e9es en blanc.  Cet article permet aux m\u00e2choires de frein \u00e0 main de se rapprocher du tambour am\u00e9liorant ainsi le freinage de stationnement de la voiture.","og_url":"https:\/\/www.mdi4x4.it\/fr\/prodotto\/paire-de-cales-pour-frein-a-main-hdj-80\/","og_site_name":"MDI 4x4","article_modified_time":"2025-03-04T09:52:18+00:00","og_image":[{"width":526,"height":701,"url":"https:\/\/www.mdi4x4.it\/wp-content\/uploads\/2025\/02\/476446000_9413870828634826_4910852895936387869_n.jpg","type":"image\/jpeg"}],"schema":{"@context":"https:\/\/schema.org","@graph":[{"@type":"WebPage","@id":"https:\/\/www.mdi4x4.it\/fr\/prodotto\/paire-de-cales-pour-frein-a-main-hdj-80\/","url":"https:\/\/www.mdi4x4.it\/fr\/prodotto\/paire-de-cales-pour-frein-a-main-hdj-80\/","name":"PAIRE DE CALES POUR FREIN A MAIN HDJ 80,KZJ-KDJ 90-95, KDJ 120-125, KDJ 150-155 - MDI 4x4","isPartOf":{"@id":"https:\/\/www.mdi4x4.it\/fr\/#website"},"datePublished":"2025-02-13T15:26:13+00:00","dateModified":"2025-03-04T09:52:18+00:00","breadcrumb":{"@id":"https:\/\/www.mdi4x4.it\/fr\/prodotto\/paire-de-cales-pour-frein-a-main-hdj-80\/#breadcrumb"},"inLanguage":"fr-FR","potentialAction":[{"@type":"ReadAction","target":["https:\/\/www.mdi4x4.it\/fr\/prodotto\/paire-de-cales-pour-frein-a-main-hdj-80\/"]}]},{"@type":"BreadcrumbList","@id":"https:\/\/www.mdi4x4.it\/fr\/prodotto\/paire-de-cales-pour-frein-a-main-hdj-80\/#breadcrumb","itemListElement":[{"@type":"ListItem","position":1,"name":"Home","item":"https:\/\/www.mdi4x4.it\/fr\/"},{"@type":"ListItem","position":2,"name":"Boutique","item":"https:\/\/www.mdi4x4.it\/fr\/shop\/"},{"@type":"ListItem","position":3,"name":"PAIRE DE CALES POUR FREIN A MAIN HDJ 80,KZJ-KDJ 90-95, KDJ 120-125, KDJ 150-155"}]},{"@type":"WebSite","@id":"https:\/\/www.mdi4x4.it\/fr\/#website","url":"https:\/\/www.mdi4x4.it\/fr\/","name":"MDI 4x4","description":"Accessori su misura Land Rover || Toyota","publisher":{"@id":"https:\/\/www.mdi4x4.it\/fr\/#organization"},"potentialAction":[{"@type":"SearchAction","target":{"@type":"EntryPoint","urlTemplate":"https:\/\/www.mdi4x4.it\/fr\/?s={search_term_string}"},"query-input":"required name=search_term_string"}],"inLanguage":"fr-FR"},{"@type":"Organization","@id":"https:\/\/www.mdi4x4.it\/fr\/#organization","name":"MDI 4x4","url":"https:\/\/www.mdi4x4.it\/fr\/","logo":{"@type":"ImageObject","inLanguage":"fr-FR","@id":"https:\/\/www.mdi4x4.it\/fr\/#\/schema\/logo\/image\/","url":"https:\/\/www.mdi4x4.it\/wp-content\/uploads\/2021\/03\/Logo-MDI-ridotto.png","contentUrl":"https:\/\/www.mdi4x4.it\/wp-content\/uploads\/2021\/03\/Logo-MDI-ridotto.png","width":299,"height":200,"caption":"MDI 4x4"},"image":{"@id":"https:\/\/www.mdi4x4.it\/fr\/#\/schema\/logo\/image\/"}}]}},"_links":{"self":[{"href":"https:\/\/www.mdi4x4.it\/fr\/wp-json\/wp\/v2\/product\/9524"}],"collection":[{"href":"https:\/\/www.mdi4x4.it\/fr\/wp-json\/wp\/v2\/product"}],"about":[{"href":"https:\/\/www.mdi4x4.it\/fr\/wp-json\/wp\/v2\/types\/product"}],"wp:featuredmedia":[{"embeddable":true,"href":"https:\/\/www.mdi4x4.it\/fr\/wp-json\/wp\/v2\/media\/9522"}],"wp:attachment":[{"href":"https:\/\/www.mdi4x4.it\/fr\/wp-json\/wp\/v2\/media?parent=9524"}],"wp:term":[{"taxonomy":"product_cat","embeddable":true,"href":"https:\/\/www.mdi4x4.it\/fr\/wp-json\/wp\/v2\/product_cat?post=9524"},{"taxonomy":"product_tag","embeddable":true,"href":"https:\/\/www.mdi4x4.it\/fr\/wp-json\/wp\/v2\/product_tag?post=9524"}],"curies":[{"name":"wp","href":"https:\/\/api.w.org\/{rel}","templated":true}]}}