{"id":9210,"date":"2023-11-15T14:27:11","date_gmt":"2023-11-15T13:27:11","guid":{"rendered":"https:\/\/www.mdi4x4.it\/?post_type=product&#038;p=9210"},"modified":"2024-11-15T14:33:43","modified_gmt":"2024-11-15T13:33:43","slug":"panneau-de-hayon-interieur-discovery-2-sans-trous-de-poignee-et-de-barre-dappui","status":"publish","type":"product","link":"https:\/\/www.mdi4x4.it\/fr\/prodotto\/panneau-de-hayon-interieur-discovery-2-sans-trous-de-poignee-et-de-barre-dappui\/","title":{"rendered":"Panneau de hayon int\u00e9rieur Discovery 2 sans trous de poign\u00e9e et de barre d&#8217;appui"},"content":{"rendered":"<p>Fabriqu\u00e9 en aluminium de 3 mm, finition satin\u00e9e, COULEUR NOIRE EMBOSS\u00c9E.<br \/>\nLa fixation se fait en passant un foret de 9mm dans le trou existant puis en ins\u00e9rant des rivets filet\u00e9s pour vis 6ma.<\/p>\n<p>Temps disponible 10-15 jours<\/p>\n","protected":false},"excerpt":{"rendered":"<p>Fabriqu\u00e9 en aluminium de 3 mm, finition satin\u00e9e, COULEUR NOIRE EMBOSS\u00c9E.<br \/>\nLa fixation se fait en passant un foret de 9mm dans le trou existant puis en ins\u00e9rant des rivets filet\u00e9s pour vis 6ma.<\/p>\n<p>Temps disponible 10-15 jours<\/p>\n","protected":false},"featured_media":10015,"template":"","meta":{"_eb_attr":""},"product_cat":[663,661,724],"product_tag":[],"yoast_head":"<!-- This site is optimized with the Yoast SEO plugin v22.1 - https:\/\/yoast.com\/wordpress\/plugins\/seo\/ -->\n<title>Panneau de hayon int\u00e9rieur Discovery 2 sans trous de poign\u00e9e et de barre d&#039;appui - MDI 4x4<\/title>\n<meta name=\"robots\" content=\"index, follow, max-snippet:-1, max-image-preview:large, max-video-preview:-1\" \/>\n<link rel=\"canonical\" href=\"https:\/\/www.mdi4x4.it\/fr\/prodotto\/panneau-de-hayon-interieur-discovery-2-sans-trous-de-poignee-et-de-barre-dappui\/\" \/>\n<meta property=\"og:locale\" content=\"fr_FR\" \/>\n<meta property=\"og:type\" content=\"article\" \/>\n<meta property=\"og:title\" content=\"Panneau de hayon int\u00e9rieur Discovery 2 sans trous de poign\u00e9e et de barre d&#039;appui - MDI 4x4\" \/>\n<meta property=\"og:description\" content=\"Fabriqu\u00e9 en aluminium de 3 mm, finition satin\u00e9e, COULEUR NOIRE EMBOSS\u00c9E. La fixation se fait en passant un foret de 9mm dans le trou existant puis en ins\u00e9rant des rivets filet\u00e9s pour vis 6ma.  Temps disponible 10-15 jours\" \/>\n<meta property=\"og:url\" content=\"https:\/\/www.mdi4x4.it\/fr\/prodotto\/panneau-de-hayon-interieur-discovery-2-sans-trous-de-poignee-et-de-barre-dappui\/\" \/>\n<meta property=\"og:site_name\" content=\"MDI 4x4\" \/>\n<meta property=\"article:modified_time\" content=\"2024-11-15T13:33:43+00:00\" \/>\n<script type=\"application\/ld+json\" class=\"yoast-schema-graph\">{\"@context\":\"https:\/\/schema.org\",\"@graph\":[{\"@type\":\"WebPage\",\"@id\":\"https:\/\/www.mdi4x4.it\/fr\/prodotto\/panneau-de-hayon-interieur-discovery-2-sans-trous-de-poignee-et-de-barre-dappui\/\",\"url\":\"https:\/\/www.mdi4x4.it\/fr\/prodotto\/panneau-de-hayon-interieur-discovery-2-sans-trous-de-poignee-et-de-barre-dappui\/\",\"name\":\"Panneau de hayon int\u00e9rieur Discovery 2 sans trous de poign\u00e9e et de barre d'appui - MDI 4x4\",\"isPartOf\":{\"@id\":\"https:\/\/www.mdi4x4.it\/fr\/#website\"},\"datePublished\":\"2023-11-15T13:27:11+00:00\",\"dateModified\":\"2024-11-15T13:33:43+00:00\",\"breadcrumb\":{\"@id\":\"https:\/\/www.mdi4x4.it\/fr\/prodotto\/panneau-de-hayon-interieur-discovery-2-sans-trous-de-poignee-et-de-barre-dappui\/#breadcrumb\"},\"inLanguage\":\"fr-FR\",\"potentialAction\":[{\"@type\":\"ReadAction\",\"target\":[\"https:\/\/www.mdi4x4.it\/fr\/prodotto\/panneau-de-hayon-interieur-discovery-2-sans-trous-de-poignee-et-de-barre-dappui\/\"]}]},{\"@type\":\"BreadcrumbList\",\"@id\":\"https:\/\/www.mdi4x4.it\/fr\/prodotto\/panneau-de-hayon-interieur-discovery-2-sans-trous-de-poignee-et-de-barre-dappui\/#breadcrumb\",\"itemListElement\":[{\"@type\":\"ListItem\",\"position\":1,\"name\":\"Home\",\"item\":\"https:\/\/www.mdi4x4.it\/fr\/\"},{\"@type\":\"ListItem\",\"position\":2,\"name\":\"Boutique\",\"item\":\"https:\/\/www.mdi4x4.it\/fr\/shop\/\"},{\"@type\":\"ListItem\",\"position\":3,\"name\":\"Panneau de hayon int\u00e9rieur Discovery 2 sans trous de poign\u00e9e et de barre d&#8217;appui\"}]},{\"@type\":\"WebSite\",\"@id\":\"https:\/\/www.mdi4x4.it\/fr\/#website\",\"url\":\"https:\/\/www.mdi4x4.it\/fr\/\",\"name\":\"MDI 4x4\",\"description\":\"Accessori su misura Land Rover || Toyota\",\"publisher\":{\"@id\":\"https:\/\/www.mdi4x4.it\/fr\/#organization\"},\"potentialAction\":[{\"@type\":\"SearchAction\",\"target\":{\"@type\":\"EntryPoint\",\"urlTemplate\":\"https:\/\/www.mdi4x4.it\/fr\/?s={search_term_string}\"},\"query-input\":\"required name=search_term_string\"}],\"inLanguage\":\"fr-FR\"},{\"@type\":\"Organization\",\"@id\":\"https:\/\/www.mdi4x4.it\/fr\/#organization\",\"name\":\"MDI 4x4\",\"url\":\"https:\/\/www.mdi4x4.it\/fr\/\",\"logo\":{\"@type\":\"ImageObject\",\"inLanguage\":\"fr-FR\",\"@id\":\"https:\/\/www.mdi4x4.it\/fr\/#\/schema\/logo\/image\/\",\"url\":\"https:\/\/www.mdi4x4.it\/wp-content\/uploads\/2021\/03\/Logo-MDI-ridotto.png\",\"contentUrl\":\"https:\/\/www.mdi4x4.it\/wp-content\/uploads\/2021\/03\/Logo-MDI-ridotto.png\",\"width\":299,\"height\":200,\"caption\":\"MDI 4x4\"},\"image\":{\"@id\":\"https:\/\/www.mdi4x4.it\/fr\/#\/schema\/logo\/image\/\"}}]}<\/script>\n<!-- \/ Yoast SEO plugin. -->","yoast_head_json":{"title":"Panneau de hayon int\u00e9rieur Discovery 2 sans trous de poign\u00e9e et de barre d'appui - MDI 4x4","robots":{"index":"index","follow":"follow","max-snippet":"max-snippet:-1","max-image-preview":"max-image-preview:large","max-video-preview":"max-video-preview:-1"},"canonical":"https:\/\/www.mdi4x4.it\/fr\/prodotto\/panneau-de-hayon-interieur-discovery-2-sans-trous-de-poignee-et-de-barre-dappui\/","og_locale":"fr_FR","og_type":"article","og_title":"Panneau de hayon int\u00e9rieur Discovery 2 sans trous de poign\u00e9e et de barre d'appui - MDI 4x4","og_description":"Fabriqu\u00e9 en aluminium de 3 mm, finition satin\u00e9e, COULEUR NOIRE EMBOSS\u00c9E. La fixation se fait en passant un foret de 9mm dans le trou existant puis en ins\u00e9rant des rivets filet\u00e9s pour vis 6ma.  Temps disponible 10-15 jours","og_url":"https:\/\/www.mdi4x4.it\/fr\/prodotto\/panneau-de-hayon-interieur-discovery-2-sans-trous-de-poignee-et-de-barre-dappui\/","og_site_name":"MDI 4x4","article_modified_time":"2024-11-15T13:33:43+00:00","schema":{"@context":"https:\/\/schema.org","@graph":[{"@type":"WebPage","@id":"https:\/\/www.mdi4x4.it\/fr\/prodotto\/panneau-de-hayon-interieur-discovery-2-sans-trous-de-poignee-et-de-barre-dappui\/","url":"https:\/\/www.mdi4x4.it\/fr\/prodotto\/panneau-de-hayon-interieur-discovery-2-sans-trous-de-poignee-et-de-barre-dappui\/","name":"Panneau de hayon int\u00e9rieur Discovery 2 sans trous de poign\u00e9e et de barre d'appui - MDI 4x4","isPartOf":{"@id":"https:\/\/www.mdi4x4.it\/fr\/#website"},"datePublished":"2023-11-15T13:27:11+00:00","dateModified":"2024-11-15T13:33:43+00:00","breadcrumb":{"@id":"https:\/\/www.mdi4x4.it\/fr\/prodotto\/panneau-de-hayon-interieur-discovery-2-sans-trous-de-poignee-et-de-barre-dappui\/#breadcrumb"},"inLanguage":"fr-FR","potentialAction":[{"@type":"ReadAction","target":["https:\/\/www.mdi4x4.it\/fr\/prodotto\/panneau-de-hayon-interieur-discovery-2-sans-trous-de-poignee-et-de-barre-dappui\/"]}]},{"@type":"BreadcrumbList","@id":"https:\/\/www.mdi4x4.it\/fr\/prodotto\/panneau-de-hayon-interieur-discovery-2-sans-trous-de-poignee-et-de-barre-dappui\/#breadcrumb","itemListElement":[{"@type":"ListItem","position":1,"name":"Home","item":"https:\/\/www.mdi4x4.it\/fr\/"},{"@type":"ListItem","position":2,"name":"Boutique","item":"https:\/\/www.mdi4x4.it\/fr\/shop\/"},{"@type":"ListItem","position":3,"name":"Panneau de hayon int\u00e9rieur Discovery 2 sans trous de poign\u00e9e et de barre d&#8217;appui"}]},{"@type":"WebSite","@id":"https:\/\/www.mdi4x4.it\/fr\/#website","url":"https:\/\/www.mdi4x4.it\/fr\/","name":"MDI 4x4","description":"Accessori su misura Land Rover || Toyota","publisher":{"@id":"https:\/\/www.mdi4x4.it\/fr\/#organization"},"potentialAction":[{"@type":"SearchAction","target":{"@type":"EntryPoint","urlTemplate":"https:\/\/www.mdi4x4.it\/fr\/?s={search_term_string}"},"query-input":"required name=search_term_string"}],"inLanguage":"fr-FR"},{"@type":"Organization","@id":"https:\/\/www.mdi4x4.it\/fr\/#organization","name":"MDI 4x4","url":"https:\/\/www.mdi4x4.it\/fr\/","logo":{"@type":"ImageObject","inLanguage":"fr-FR","@id":"https:\/\/www.mdi4x4.it\/fr\/#\/schema\/logo\/image\/","url":"https:\/\/www.mdi4x4.it\/wp-content\/uploads\/2021\/03\/Logo-MDI-ridotto.png","contentUrl":"https:\/\/www.mdi4x4.it\/wp-content\/uploads\/2021\/03\/Logo-MDI-ridotto.png","width":299,"height":200,"caption":"MDI 4x4"},"image":{"@id":"https:\/\/www.mdi4x4.it\/fr\/#\/schema\/logo\/image\/"}}]}},"_links":{"self":[{"href":"https:\/\/www.mdi4x4.it\/fr\/wp-json\/wp\/v2\/product\/9210"}],"collection":[{"href":"https:\/\/www.mdi4x4.it\/fr\/wp-json\/wp\/v2\/product"}],"about":[{"href":"https:\/\/www.mdi4x4.it\/fr\/wp-json\/wp\/v2\/types\/product"}],"wp:featuredmedia":[{"embeddable":true,"href":"https:\/\/www.mdi4x4.it\/fr\/wp-json\/wp\/v2\/media\/10015"}],"wp:attachment":[{"href":"https:\/\/www.mdi4x4.it\/fr\/wp-json\/wp\/v2\/media?parent=9210"}],"wp:term":[{"taxonomy":"product_cat","embeddable":true,"href":"https:\/\/www.mdi4x4.it\/fr\/wp-json\/wp\/v2\/product_cat?post=9210"},{"taxonomy":"product_tag","embeddable":true,"href":"https:\/\/www.mdi4x4.it\/fr\/wp-json\/wp\/v2\/product_tag?post=9210"}],"curies":[{"name":"wp","href":"https:\/\/api.w.org\/{rel}","templated":true}]}}