{"id":9126,"date":"2025-02-06T18:02:51","date_gmt":"2025-02-06T17:02:51","guid":{"rendered":"https:\/\/www.mdi4x4.it\/?post_type=product&#038;p=9126"},"modified":"2025-07-01T09:49:12","modified_gmt":"2025-07-01T07:49:12","slug":"tourelle-damortisseur-avant-discovery-2","status":"publish","type":"product","link":"https:\/\/www.mdi4x4.it\/fr\/prodotto\/tourelle-damortisseur-avant-discovery-2\/","title":{"rendered":"TOURELLE D&#8217;AMORTISSEUR AVANT DISCOVERY 2"},"content":{"rendered":"<p>Fabriqu\u00e9 en m\u00e9tal de 6 mm, il est galvanis\u00e9 avec une finition blanche. (la tourelle noire sur les photos a \u00e9t\u00e9 peinte par le client)<\/p>\n<p>Cette tourelle remplace l&#8217;originale car elle facilite le d\u00e9montage de l&#8217;amortisseur et son positionnement.<\/p>\n<p>La tourelle a la possibilit\u00e9 de fixer l&#8217;amortisseur dans 2 positions, celle d&#8217;origine et + 25 mm.<\/p>\n<p>POUR LE MONTAGE, VOUS DEVREZ COUPER UNE PARTIE DU GARDE-BOUE<\/p>\n<p><strong>Le prix est par couple<\/strong><\/p>\n","protected":false},"excerpt":{"rendered":"<p>Fabriqu\u00e9 en m\u00e9tal de 6 mm, il est galvanis\u00e9 avec une finition blanche. (la tourelle noire sur les photos a \u00e9t\u00e9 peinte par le client)<\/p>\n<p>Cette tourelle remplace l&#8217;originale car elle facilite le d\u00e9montage de l&#8217;amortisseur et son positionnement.<\/p>\n<p>La tourelle a la possibilit\u00e9 de fixer l&#8217;amortisseur dans 2 positions, celle d&#8217;origine et + 25 mm.<\/p>\n<p>POUR LE MONTAGE, VOUS DEVREZ COUPER UNE PARTIE DU GARDE-BOUE<\/p>\n<p>Le prix est par couple<\/p>\n","protected":false},"featured_media":9104,"template":"","meta":{"_eb_attr":""},"product_cat":[663,661],"product_tag":[],"yoast_head":"<!-- This site is optimized with the Yoast SEO plugin v22.1 - https:\/\/yoast.com\/wordpress\/plugins\/seo\/ -->\n<title>TOURELLE D&#039;AMORTISSEUR AVANT DISCOVERY 2 - MDI 4x4<\/title>\n<meta name=\"robots\" content=\"index, follow, max-snippet:-1, max-image-preview:large, max-video-preview:-1\" \/>\n<link rel=\"canonical\" href=\"https:\/\/www.mdi4x4.it\/fr\/prodotto\/tourelle-damortisseur-avant-discovery-2\/\" \/>\n<meta property=\"og:locale\" content=\"fr_FR\" \/>\n<meta property=\"og:type\" content=\"article\" \/>\n<meta property=\"og:title\" content=\"TOURELLE D&#039;AMORTISSEUR AVANT DISCOVERY 2 - MDI 4x4\" \/>\n<meta property=\"og:description\" content=\"Fabriqu\u00e9 en m\u00e9tal de 6 mm, il est galvanis\u00e9 avec une finition blanche. (la tourelle noire sur les photos a \u00e9t\u00e9 peinte par le client)  Cette tourelle remplace l&#039;originale car elle facilite le d\u00e9montage de l&#039;amortisseur et son positionnement.  La tourelle a la possibilit\u00e9 de fixer l&#039;amortisseur dans 2 positions, celle d&#039;origine et + 25 mm.  POUR LE MONTAGE, VOUS DEVREZ COUPER UNE PARTIE DU GARDE-BOUE  Le prix est par couple\" \/>\n<meta property=\"og:url\" content=\"https:\/\/www.mdi4x4.it\/fr\/prodotto\/tourelle-damortisseur-avant-discovery-2\/\" \/>\n<meta property=\"og:site_name\" content=\"MDI 4x4\" \/>\n<meta property=\"article:modified_time\" content=\"2025-07-01T07:49:12+00:00\" \/>\n<meta property=\"og:image\" content=\"https:\/\/www.mdi4x4.it\/wp-content\/uploads\/2024\/10\/WhatsApp-Image-2024-10-22-at-17.31.43-2-1.jpeg\" \/>\n\t<meta property=\"og:image:width\" content=\"1536\" \/>\n\t<meta property=\"og:image:height\" content=\"2048\" \/>\n\t<meta property=\"og:image:type\" content=\"image\/jpeg\" \/>\n<script type=\"application\/ld+json\" class=\"yoast-schema-graph\">{\"@context\":\"https:\/\/schema.org\",\"@graph\":[{\"@type\":\"WebPage\",\"@id\":\"https:\/\/www.mdi4x4.it\/fr\/prodotto\/tourelle-damortisseur-avant-discovery-2\/\",\"url\":\"https:\/\/www.mdi4x4.it\/fr\/prodotto\/tourelle-damortisseur-avant-discovery-2\/\",\"name\":\"TOURELLE D'AMORTISSEUR AVANT DISCOVERY 2 - MDI 4x4\",\"isPartOf\":{\"@id\":\"https:\/\/www.mdi4x4.it\/fr\/#website\"},\"datePublished\":\"2025-02-06T17:02:51+00:00\",\"dateModified\":\"2025-07-01T07:49:12+00:00\",\"breadcrumb\":{\"@id\":\"https:\/\/www.mdi4x4.it\/fr\/prodotto\/tourelle-damortisseur-avant-discovery-2\/#breadcrumb\"},\"inLanguage\":\"fr-FR\",\"potentialAction\":[{\"@type\":\"ReadAction\",\"target\":[\"https:\/\/www.mdi4x4.it\/fr\/prodotto\/tourelle-damortisseur-avant-discovery-2\/\"]}]},{\"@type\":\"BreadcrumbList\",\"@id\":\"https:\/\/www.mdi4x4.it\/fr\/prodotto\/tourelle-damortisseur-avant-discovery-2\/#breadcrumb\",\"itemListElement\":[{\"@type\":\"ListItem\",\"position\":1,\"name\":\"Home\",\"item\":\"https:\/\/www.mdi4x4.it\/fr\/\"},{\"@type\":\"ListItem\",\"position\":2,\"name\":\"Boutique\",\"item\":\"https:\/\/www.mdi4x4.it\/fr\/shop\/\"},{\"@type\":\"ListItem\",\"position\":3,\"name\":\"TOURELLE D&#8217;AMORTISSEUR AVANT DISCOVERY 2\"}]},{\"@type\":\"WebSite\",\"@id\":\"https:\/\/www.mdi4x4.it\/fr\/#website\",\"url\":\"https:\/\/www.mdi4x4.it\/fr\/\",\"name\":\"MDI 4x4\",\"description\":\"Accessori su misura Land Rover || Toyota\",\"publisher\":{\"@id\":\"https:\/\/www.mdi4x4.it\/fr\/#organization\"},\"potentialAction\":[{\"@type\":\"SearchAction\",\"target\":{\"@type\":\"EntryPoint\",\"urlTemplate\":\"https:\/\/www.mdi4x4.it\/fr\/?s={search_term_string}\"},\"query-input\":\"required name=search_term_string\"}],\"inLanguage\":\"fr-FR\"},{\"@type\":\"Organization\",\"@id\":\"https:\/\/www.mdi4x4.it\/fr\/#organization\",\"name\":\"MDI 4x4\",\"url\":\"https:\/\/www.mdi4x4.it\/fr\/\",\"logo\":{\"@type\":\"ImageObject\",\"inLanguage\":\"fr-FR\",\"@id\":\"https:\/\/www.mdi4x4.it\/fr\/#\/schema\/logo\/image\/\",\"url\":\"https:\/\/www.mdi4x4.it\/wp-content\/uploads\/2021\/03\/Logo-MDI-ridotto.png\",\"contentUrl\":\"https:\/\/www.mdi4x4.it\/wp-content\/uploads\/2021\/03\/Logo-MDI-ridotto.png\",\"width\":299,\"height\":200,\"caption\":\"MDI 4x4\"},\"image\":{\"@id\":\"https:\/\/www.mdi4x4.it\/fr\/#\/schema\/logo\/image\/\"}}]}<\/script>\n<!-- \/ Yoast SEO plugin. -->","yoast_head_json":{"title":"TOURELLE D'AMORTISSEUR AVANT DISCOVERY 2 - MDI 4x4","robots":{"index":"index","follow":"follow","max-snippet":"max-snippet:-1","max-image-preview":"max-image-preview:large","max-video-preview":"max-video-preview:-1"},"canonical":"https:\/\/www.mdi4x4.it\/fr\/prodotto\/tourelle-damortisseur-avant-discovery-2\/","og_locale":"fr_FR","og_type":"article","og_title":"TOURELLE D'AMORTISSEUR AVANT DISCOVERY 2 - MDI 4x4","og_description":"Fabriqu\u00e9 en m\u00e9tal de 6 mm, il est galvanis\u00e9 avec une finition blanche. (la tourelle noire sur les photos a \u00e9t\u00e9 peinte par le client)  Cette tourelle remplace l'originale car elle facilite le d\u00e9montage de l'amortisseur et son positionnement.  La tourelle a la possibilit\u00e9 de fixer l'amortisseur dans 2 positions, celle d'origine et + 25 mm.  POUR LE MONTAGE, VOUS DEVREZ COUPER UNE PARTIE DU GARDE-BOUE  Le prix est par couple","og_url":"https:\/\/www.mdi4x4.it\/fr\/prodotto\/tourelle-damortisseur-avant-discovery-2\/","og_site_name":"MDI 4x4","article_modified_time":"2025-07-01T07:49:12+00:00","og_image":[{"width":1536,"height":2048,"url":"https:\/\/www.mdi4x4.it\/wp-content\/uploads\/2024\/10\/WhatsApp-Image-2024-10-22-at-17.31.43-2-1.jpeg","type":"image\/jpeg"}],"schema":{"@context":"https:\/\/schema.org","@graph":[{"@type":"WebPage","@id":"https:\/\/www.mdi4x4.it\/fr\/prodotto\/tourelle-damortisseur-avant-discovery-2\/","url":"https:\/\/www.mdi4x4.it\/fr\/prodotto\/tourelle-damortisseur-avant-discovery-2\/","name":"TOURELLE D'AMORTISSEUR AVANT DISCOVERY 2 - MDI 4x4","isPartOf":{"@id":"https:\/\/www.mdi4x4.it\/fr\/#website"},"datePublished":"2025-02-06T17:02:51+00:00","dateModified":"2025-07-01T07:49:12+00:00","breadcrumb":{"@id":"https:\/\/www.mdi4x4.it\/fr\/prodotto\/tourelle-damortisseur-avant-discovery-2\/#breadcrumb"},"inLanguage":"fr-FR","potentialAction":[{"@type":"ReadAction","target":["https:\/\/www.mdi4x4.it\/fr\/prodotto\/tourelle-damortisseur-avant-discovery-2\/"]}]},{"@type":"BreadcrumbList","@id":"https:\/\/www.mdi4x4.it\/fr\/prodotto\/tourelle-damortisseur-avant-discovery-2\/#breadcrumb","itemListElement":[{"@type":"ListItem","position":1,"name":"Home","item":"https:\/\/www.mdi4x4.it\/fr\/"},{"@type":"ListItem","position":2,"name":"Boutique","item":"https:\/\/www.mdi4x4.it\/fr\/shop\/"},{"@type":"ListItem","position":3,"name":"TOURELLE D&#8217;AMORTISSEUR AVANT DISCOVERY 2"}]},{"@type":"WebSite","@id":"https:\/\/www.mdi4x4.it\/fr\/#website","url":"https:\/\/www.mdi4x4.it\/fr\/","name":"MDI 4x4","description":"Accessori su misura Land Rover || Toyota","publisher":{"@id":"https:\/\/www.mdi4x4.it\/fr\/#organization"},"potentialAction":[{"@type":"SearchAction","target":{"@type":"EntryPoint","urlTemplate":"https:\/\/www.mdi4x4.it\/fr\/?s={search_term_string}"},"query-input":"required name=search_term_string"}],"inLanguage":"fr-FR"},{"@type":"Organization","@id":"https:\/\/www.mdi4x4.it\/fr\/#organization","name":"MDI 4x4","url":"https:\/\/www.mdi4x4.it\/fr\/","logo":{"@type":"ImageObject","inLanguage":"fr-FR","@id":"https:\/\/www.mdi4x4.it\/fr\/#\/schema\/logo\/image\/","url":"https:\/\/www.mdi4x4.it\/wp-content\/uploads\/2021\/03\/Logo-MDI-ridotto.png","contentUrl":"https:\/\/www.mdi4x4.it\/wp-content\/uploads\/2021\/03\/Logo-MDI-ridotto.png","width":299,"height":200,"caption":"MDI 4x4"},"image":{"@id":"https:\/\/www.mdi4x4.it\/fr\/#\/schema\/logo\/image\/"}}]}},"_links":{"self":[{"href":"https:\/\/www.mdi4x4.it\/fr\/wp-json\/wp\/v2\/product\/9126"}],"collection":[{"href":"https:\/\/www.mdi4x4.it\/fr\/wp-json\/wp\/v2\/product"}],"about":[{"href":"https:\/\/www.mdi4x4.it\/fr\/wp-json\/wp\/v2\/types\/product"}],"wp:featuredmedia":[{"embeddable":true,"href":"https:\/\/www.mdi4x4.it\/fr\/wp-json\/wp\/v2\/media\/9104"}],"wp:attachment":[{"href":"https:\/\/www.mdi4x4.it\/fr\/wp-json\/wp\/v2\/media?parent=9126"}],"wp:term":[{"taxonomy":"product_cat","embeddable":true,"href":"https:\/\/www.mdi4x4.it\/fr\/wp-json\/wp\/v2\/product_cat?post=9126"},{"taxonomy":"product_tag","embeddable":true,"href":"https:\/\/www.mdi4x4.it\/fr\/wp-json\/wp\/v2\/product_tag?post=9126"}],"curies":[{"name":"wp","href":"https:\/\/api.w.org\/{rel}","templated":true}]}}