{"id":8902,"date":"2024-05-16T16:10:35","date_gmt":"2024-05-16T14:10:35","guid":{"rendered":"https:\/\/www.mdi4x4.it\/?post_type=product&#038;p=8902"},"modified":"2024-08-30T10:12:07","modified_gmt":"2024-08-30T08:12:07","slug":"porte-canette-pour-reservoir-de-type-militaire-20-lt","status":"publish","type":"product","link":"https:\/\/www.mdi4x4.it\/fr\/prodotto\/porte-canette-pour-reservoir-de-type-militaire-20-lt\/","title":{"rendered":"PORTE-CANETTE POUR R\u00c9SERVOIR DE TYPE MILITAIRE 20 LT"},"content":{"rendered":"<p>Fabriqu\u00e9 en t\u00f4le de 2 mm, il est peint en noir gaufr\u00e9.<\/p>\n<p>Attention au type de r\u00e9servoir (voir photo) celui avec le pli qui se ferme \u00e0 l&#8217;int\u00e9rieur du r\u00e9servoir et non celui avec l&#8217;accrochage des t\u00f4les \u00e0 l&#8217;ext\u00e9rieur<\/p>\n","protected":false},"excerpt":{"rendered":"<p>Fabriqu\u00e9 en t\u00f4le de 2 mm, il est peint en noir gaufr\u00e9.<\/p>\n<p>Attention au type de r\u00e9servoir (voir photo) celui avec le pli qui se ferme \u00e0 l&#8217;int\u00e9rieur du r\u00e9servoir et non celui avec l&#8217;accrochage des t\u00f4les \u00e0 l&#8217;ext\u00e9rieur<\/p>\n","protected":false},"featured_media":8556,"template":"","meta":{"_eb_attr":""},"product_cat":[649,739,886],"product_tag":[],"yoast_head":"<!-- This site is optimized with the Yoast SEO plugin v22.1 - https:\/\/yoast.com\/wordpress\/plugins\/seo\/ -->\n<title>PORTE-CANETTE POUR R\u00c9SERVOIR DE TYPE MILITAIRE 20 LT - MDI 4x4<\/title>\n<meta name=\"robots\" content=\"index, follow, max-snippet:-1, max-image-preview:large, max-video-preview:-1\" \/>\n<link rel=\"canonical\" href=\"https:\/\/www.mdi4x4.it\/fr\/prodotto\/porte-canette-pour-reservoir-de-type-militaire-20-lt\/\" \/>\n<meta property=\"og:locale\" content=\"fr_FR\" \/>\n<meta property=\"og:type\" content=\"article\" \/>\n<meta property=\"og:title\" content=\"PORTE-CANETTE POUR R\u00c9SERVOIR DE TYPE MILITAIRE 20 LT - MDI 4x4\" \/>\n<meta property=\"og:description\" content=\"Fabriqu\u00e9 en t\u00f4le de 2 mm, il est peint en noir gaufr\u00e9.  Attention au type de r\u00e9servoir (voir photo) celui avec le pli qui se ferme \u00e0 l&#039;int\u00e9rieur du r\u00e9servoir et non celui avec l&#039;accrochage des t\u00f4les \u00e0 l&#039;ext\u00e9rieur\" \/>\n<meta property=\"og:url\" content=\"https:\/\/www.mdi4x4.it\/fr\/prodotto\/porte-canette-pour-reservoir-de-type-militaire-20-lt\/\" \/>\n<meta property=\"og:site_name\" content=\"MDI 4x4\" \/>\n<meta property=\"article:modified_time\" content=\"2024-08-30T08:12:07+00:00\" \/>\n<meta property=\"og:image\" content=\"https:\/\/www.mdi4x4.it\/wp-content\/uploads\/2024\/05\/WhatsApp-Image-2024-06-27-at-16.24.03-2.jpeg\" \/>\n\t<meta property=\"og:image:width\" content=\"1200\" \/>\n\t<meta property=\"og:image:height\" content=\"1599\" \/>\n\t<meta property=\"og:image:type\" content=\"image\/jpeg\" \/>\n<script type=\"application\/ld+json\" class=\"yoast-schema-graph\">{\"@context\":\"https:\/\/schema.org\",\"@graph\":[{\"@type\":\"WebPage\",\"@id\":\"https:\/\/www.mdi4x4.it\/fr\/prodotto\/porte-canette-pour-reservoir-de-type-militaire-20-lt\/\",\"url\":\"https:\/\/www.mdi4x4.it\/fr\/prodotto\/porte-canette-pour-reservoir-de-type-militaire-20-lt\/\",\"name\":\"PORTE-CANETTE POUR R\u00c9SERVOIR DE TYPE MILITAIRE 20 LT - MDI 4x4\",\"isPartOf\":{\"@id\":\"https:\/\/www.mdi4x4.it\/fr\/#website\"},\"datePublished\":\"2024-05-16T14:10:35+00:00\",\"dateModified\":\"2024-08-30T08:12:07+00:00\",\"breadcrumb\":{\"@id\":\"https:\/\/www.mdi4x4.it\/fr\/prodotto\/porte-canette-pour-reservoir-de-type-militaire-20-lt\/#breadcrumb\"},\"inLanguage\":\"fr-FR\",\"potentialAction\":[{\"@type\":\"ReadAction\",\"target\":[\"https:\/\/www.mdi4x4.it\/fr\/prodotto\/porte-canette-pour-reservoir-de-type-militaire-20-lt\/\"]}]},{\"@type\":\"BreadcrumbList\",\"@id\":\"https:\/\/www.mdi4x4.it\/fr\/prodotto\/porte-canette-pour-reservoir-de-type-militaire-20-lt\/#breadcrumb\",\"itemListElement\":[{\"@type\":\"ListItem\",\"position\":1,\"name\":\"Home\",\"item\":\"https:\/\/www.mdi4x4.it\/fr\/\"},{\"@type\":\"ListItem\",\"position\":2,\"name\":\"Boutique\",\"item\":\"https:\/\/www.mdi4x4.it\/fr\/shop\/\"},{\"@type\":\"ListItem\",\"position\":3,\"name\":\"PORTE-CANETTE POUR R\u00c9SERVOIR DE TYPE MILITAIRE 20 LT\"}]},{\"@type\":\"WebSite\",\"@id\":\"https:\/\/www.mdi4x4.it\/fr\/#website\",\"url\":\"https:\/\/www.mdi4x4.it\/fr\/\",\"name\":\"MDI 4x4\",\"description\":\"Accessori su misura Land Rover || Toyota\",\"publisher\":{\"@id\":\"https:\/\/www.mdi4x4.it\/fr\/#organization\"},\"potentialAction\":[{\"@type\":\"SearchAction\",\"target\":{\"@type\":\"EntryPoint\",\"urlTemplate\":\"https:\/\/www.mdi4x4.it\/fr\/?s={search_term_string}\"},\"query-input\":\"required name=search_term_string\"}],\"inLanguage\":\"fr-FR\"},{\"@type\":\"Organization\",\"@id\":\"https:\/\/www.mdi4x4.it\/fr\/#organization\",\"name\":\"MDI 4x4\",\"url\":\"https:\/\/www.mdi4x4.it\/fr\/\",\"logo\":{\"@type\":\"ImageObject\",\"inLanguage\":\"fr-FR\",\"@id\":\"https:\/\/www.mdi4x4.it\/fr\/#\/schema\/logo\/image\/\",\"url\":\"https:\/\/www.mdi4x4.it\/wp-content\/uploads\/2021\/03\/Logo-MDI-ridotto.png\",\"contentUrl\":\"https:\/\/www.mdi4x4.it\/wp-content\/uploads\/2021\/03\/Logo-MDI-ridotto.png\",\"width\":299,\"height\":200,\"caption\":\"MDI 4x4\"},\"image\":{\"@id\":\"https:\/\/www.mdi4x4.it\/fr\/#\/schema\/logo\/image\/\"}}]}<\/script>\n<!-- \/ Yoast SEO plugin. -->","yoast_head_json":{"title":"PORTE-CANETTE POUR R\u00c9SERVOIR DE TYPE MILITAIRE 20 LT - MDI 4x4","robots":{"index":"index","follow":"follow","max-snippet":"max-snippet:-1","max-image-preview":"max-image-preview:large","max-video-preview":"max-video-preview:-1"},"canonical":"https:\/\/www.mdi4x4.it\/fr\/prodotto\/porte-canette-pour-reservoir-de-type-militaire-20-lt\/","og_locale":"fr_FR","og_type":"article","og_title":"PORTE-CANETTE POUR R\u00c9SERVOIR DE TYPE MILITAIRE 20 LT - MDI 4x4","og_description":"Fabriqu\u00e9 en t\u00f4le de 2 mm, il est peint en noir gaufr\u00e9.  Attention au type de r\u00e9servoir (voir photo) celui avec le pli qui se ferme \u00e0 l'int\u00e9rieur du r\u00e9servoir et non celui avec l'accrochage des t\u00f4les \u00e0 l'ext\u00e9rieur","og_url":"https:\/\/www.mdi4x4.it\/fr\/prodotto\/porte-canette-pour-reservoir-de-type-militaire-20-lt\/","og_site_name":"MDI 4x4","article_modified_time":"2024-08-30T08:12:07+00:00","og_image":[{"width":1200,"height":1599,"url":"https:\/\/www.mdi4x4.it\/wp-content\/uploads\/2024\/05\/WhatsApp-Image-2024-06-27-at-16.24.03-2.jpeg","type":"image\/jpeg"}],"schema":{"@context":"https:\/\/schema.org","@graph":[{"@type":"WebPage","@id":"https:\/\/www.mdi4x4.it\/fr\/prodotto\/porte-canette-pour-reservoir-de-type-militaire-20-lt\/","url":"https:\/\/www.mdi4x4.it\/fr\/prodotto\/porte-canette-pour-reservoir-de-type-militaire-20-lt\/","name":"PORTE-CANETTE POUR R\u00c9SERVOIR DE TYPE MILITAIRE 20 LT - MDI 4x4","isPartOf":{"@id":"https:\/\/www.mdi4x4.it\/fr\/#website"},"datePublished":"2024-05-16T14:10:35+00:00","dateModified":"2024-08-30T08:12:07+00:00","breadcrumb":{"@id":"https:\/\/www.mdi4x4.it\/fr\/prodotto\/porte-canette-pour-reservoir-de-type-militaire-20-lt\/#breadcrumb"},"inLanguage":"fr-FR","potentialAction":[{"@type":"ReadAction","target":["https:\/\/www.mdi4x4.it\/fr\/prodotto\/porte-canette-pour-reservoir-de-type-militaire-20-lt\/"]}]},{"@type":"BreadcrumbList","@id":"https:\/\/www.mdi4x4.it\/fr\/prodotto\/porte-canette-pour-reservoir-de-type-militaire-20-lt\/#breadcrumb","itemListElement":[{"@type":"ListItem","position":1,"name":"Home","item":"https:\/\/www.mdi4x4.it\/fr\/"},{"@type":"ListItem","position":2,"name":"Boutique","item":"https:\/\/www.mdi4x4.it\/fr\/shop\/"},{"@type":"ListItem","position":3,"name":"PORTE-CANETTE POUR R\u00c9SERVOIR DE TYPE MILITAIRE 20 LT"}]},{"@type":"WebSite","@id":"https:\/\/www.mdi4x4.it\/fr\/#website","url":"https:\/\/www.mdi4x4.it\/fr\/","name":"MDI 4x4","description":"Accessori su misura Land Rover || Toyota","publisher":{"@id":"https:\/\/www.mdi4x4.it\/fr\/#organization"},"potentialAction":[{"@type":"SearchAction","target":{"@type":"EntryPoint","urlTemplate":"https:\/\/www.mdi4x4.it\/fr\/?s={search_term_string}"},"query-input":"required name=search_term_string"}],"inLanguage":"fr-FR"},{"@type":"Organization","@id":"https:\/\/www.mdi4x4.it\/fr\/#organization","name":"MDI 4x4","url":"https:\/\/www.mdi4x4.it\/fr\/","logo":{"@type":"ImageObject","inLanguage":"fr-FR","@id":"https:\/\/www.mdi4x4.it\/fr\/#\/schema\/logo\/image\/","url":"https:\/\/www.mdi4x4.it\/wp-content\/uploads\/2021\/03\/Logo-MDI-ridotto.png","contentUrl":"https:\/\/www.mdi4x4.it\/wp-content\/uploads\/2021\/03\/Logo-MDI-ridotto.png","width":299,"height":200,"caption":"MDI 4x4"},"image":{"@id":"https:\/\/www.mdi4x4.it\/fr\/#\/schema\/logo\/image\/"}}]}},"_links":{"self":[{"href":"https:\/\/www.mdi4x4.it\/fr\/wp-json\/wp\/v2\/product\/8902"}],"collection":[{"href":"https:\/\/www.mdi4x4.it\/fr\/wp-json\/wp\/v2\/product"}],"about":[{"href":"https:\/\/www.mdi4x4.it\/fr\/wp-json\/wp\/v2\/types\/product"}],"wp:featuredmedia":[{"embeddable":true,"href":"https:\/\/www.mdi4x4.it\/fr\/wp-json\/wp\/v2\/media\/8556"}],"wp:attachment":[{"href":"https:\/\/www.mdi4x4.it\/fr\/wp-json\/wp\/v2\/media?parent=8902"}],"wp:term":[{"taxonomy":"product_cat","embeddable":true,"href":"https:\/\/www.mdi4x4.it\/fr\/wp-json\/wp\/v2\/product_cat?post=8902"},{"taxonomy":"product_tag","embeddable":true,"href":"https:\/\/www.mdi4x4.it\/fr\/wp-json\/wp\/v2\/product_tag?post=8902"}],"curies":[{"name":"wp","href":"https:\/\/api.w.org\/{rel}","templated":true}]}}