{"id":8685,"date":"2024-07-08T12:34:13","date_gmt":"2024-07-08T10:34:13","guid":{"rendered":"https:\/\/www.mdi4x4.it\/?post_type=product&#038;p=8685"},"modified":"2024-07-08T12:43:08","modified_gmt":"2024-07-08T10:43:08","slug":"porte-bouteille-pour-bouteille-de-gaz","status":"publish","type":"product","link":"https:\/\/www.mdi4x4.it\/fr\/prodotto\/porte-bouteille-pour-bouteille-de-gaz\/","title":{"rendered":"PORTE-BOUTEILLE POUR BOUTEILLE DE GAZ"},"content":{"rendered":"<p>Fabriqu\u00e9 en t\u00f4le de 3 mm et peint en noir gaufr\u00e9, \u00e9quip\u00e9 de 2 supports en acier pour bloquer le cylindre et d&#8217;une serrure de s\u00e9curit\u00e9 en acier inoxydable.<\/p>\n<p>Le porte-cylindre peut \u00eatre fix\u00e9 sur n&#8217;importe quelle surface \u00e0 l&#8217;aide de 4 trous pour vis de 6 mm (non fournies)<\/p>\n<p>Il peut contenir un cylindre d&#8217;un diam\u00e8tre de 22 cm jusqu&#8217;\u00e0 une hauteur de 45 cm, les bandes de fermeture en inox sont positionn\u00e9es \u00e0 une hauteur de 25 cm de la base<\/p>\n<p>Le cylindre et la sangle de s\u00e9curit\u00e9 ne sont pas fournis<\/p>\n","protected":false},"excerpt":{"rendered":"<p>Fabriqu\u00e9 en t\u00f4le de 3 mm et peint en noir gaufr\u00e9, \u00e9quip\u00e9 de 2 supports en acier pour bloquer le cylindre et d&#8217;une serrure de s\u00e9curit\u00e9 en acier inoxydable.<\/p>\n<p>Le porte-cylindre peut \u00eatre fix\u00e9 sur n&#8217;importe quelle surface \u00e0 l&#8217;aide de 4 trous pour vis de 6 mm (non fournies)<\/p>\n<p>Il peut contenir un cylindre d&#8217;un diam\u00e8tre de 22 cm jusqu&#8217;\u00e0 une hauteur de 45 cm, les bandes de fermeture en inox sont positionn\u00e9es \u00e0 une hauteur de 25 cm de la base<\/p>\n<p>Le cylindre et la sangle de s\u00e9curit\u00e9 ne sont pas fournis<\/p>\n","protected":false},"featured_media":8673,"template":"","meta":{"_eb_attr":""},"product_cat":[649,739,737],"product_tag":[],"yoast_head":"<!-- This site is optimized with the Yoast SEO plugin v22.1 - https:\/\/yoast.com\/wordpress\/plugins\/seo\/ -->\n<title>PORTE-BOUTEILLE POUR BOUTEILLE DE GAZ - MDI 4x4<\/title>\n<meta name=\"robots\" content=\"index, follow, max-snippet:-1, max-image-preview:large, max-video-preview:-1\" \/>\n<link rel=\"canonical\" href=\"https:\/\/www.mdi4x4.it\/fr\/prodotto\/porte-bouteille-pour-bouteille-de-gaz\/\" \/>\n<meta property=\"og:locale\" content=\"fr_FR\" \/>\n<meta property=\"og:type\" content=\"article\" \/>\n<meta property=\"og:title\" content=\"PORTE-BOUTEILLE POUR BOUTEILLE DE GAZ - MDI 4x4\" \/>\n<meta property=\"og:description\" content=\"Fabriqu\u00e9 en t\u00f4le de 3 mm et peint en noir gaufr\u00e9, \u00e9quip\u00e9 de 2 supports en acier pour bloquer le cylindre et d&#039;une serrure de s\u00e9curit\u00e9 en acier inoxydable.  Le porte-cylindre peut \u00eatre fix\u00e9 sur n&#039;importe quelle surface \u00e0 l&#039;aide de 4 trous pour vis de 6 mm (non fournies)  Il peut contenir un cylindre d&#039;un diam\u00e8tre de 22 cm jusqu&#039;\u00e0 une hauteur de 45 cm, les bandes de fermeture en inox sont positionn\u00e9es \u00e0 une hauteur de 25 cm de la base  Le cylindre et la sangle de s\u00e9curit\u00e9 ne sont pas fournis\" \/>\n<meta property=\"og:url\" content=\"https:\/\/www.mdi4x4.it\/fr\/prodotto\/porte-bouteille-pour-bouteille-de-gaz\/\" \/>\n<meta property=\"og:site_name\" content=\"MDI 4x4\" \/>\n<meta property=\"article:modified_time\" content=\"2024-07-08T10:43:08+00:00\" \/>\n<meta property=\"og:image\" content=\"https:\/\/www.mdi4x4.it\/wp-content\/uploads\/2024\/07\/450424363_8060167334005189_4490668975823038686_n.jpg\" \/>\n\t<meta property=\"og:image:width\" content=\"1536\" \/>\n\t<meta property=\"og:image:height\" content=\"2048\" \/>\n\t<meta property=\"og:image:type\" content=\"image\/jpeg\" \/>\n<script type=\"application\/ld+json\" class=\"yoast-schema-graph\">{\"@context\":\"https:\/\/schema.org\",\"@graph\":[{\"@type\":\"WebPage\",\"@id\":\"https:\/\/www.mdi4x4.it\/fr\/prodotto\/porte-bouteille-pour-bouteille-de-gaz\/\",\"url\":\"https:\/\/www.mdi4x4.it\/fr\/prodotto\/porte-bouteille-pour-bouteille-de-gaz\/\",\"name\":\"PORTE-BOUTEILLE POUR BOUTEILLE DE GAZ - MDI 4x4\",\"isPartOf\":{\"@id\":\"https:\/\/www.mdi4x4.it\/fr\/#website\"},\"datePublished\":\"2024-07-08T10:34:13+00:00\",\"dateModified\":\"2024-07-08T10:43:08+00:00\",\"breadcrumb\":{\"@id\":\"https:\/\/www.mdi4x4.it\/fr\/prodotto\/porte-bouteille-pour-bouteille-de-gaz\/#breadcrumb\"},\"inLanguage\":\"fr-FR\",\"potentialAction\":[{\"@type\":\"ReadAction\",\"target\":[\"https:\/\/www.mdi4x4.it\/fr\/prodotto\/porte-bouteille-pour-bouteille-de-gaz\/\"]}]},{\"@type\":\"BreadcrumbList\",\"@id\":\"https:\/\/www.mdi4x4.it\/fr\/prodotto\/porte-bouteille-pour-bouteille-de-gaz\/#breadcrumb\",\"itemListElement\":[{\"@type\":\"ListItem\",\"position\":1,\"name\":\"Home\",\"item\":\"https:\/\/www.mdi4x4.it\/fr\/\"},{\"@type\":\"ListItem\",\"position\":2,\"name\":\"Boutique\",\"item\":\"https:\/\/www.mdi4x4.it\/fr\/shop\/\"},{\"@type\":\"ListItem\",\"position\":3,\"name\":\"PORTE-BOUTEILLE POUR BOUTEILLE DE GAZ\"}]},{\"@type\":\"WebSite\",\"@id\":\"https:\/\/www.mdi4x4.it\/fr\/#website\",\"url\":\"https:\/\/www.mdi4x4.it\/fr\/\",\"name\":\"MDI 4x4\",\"description\":\"Accessori su misura Land Rover || Toyota\",\"publisher\":{\"@id\":\"https:\/\/www.mdi4x4.it\/fr\/#organization\"},\"potentialAction\":[{\"@type\":\"SearchAction\",\"target\":{\"@type\":\"EntryPoint\",\"urlTemplate\":\"https:\/\/www.mdi4x4.it\/fr\/?s={search_term_string}\"},\"query-input\":\"required name=search_term_string\"}],\"inLanguage\":\"fr-FR\"},{\"@type\":\"Organization\",\"@id\":\"https:\/\/www.mdi4x4.it\/fr\/#organization\",\"name\":\"MDI 4x4\",\"url\":\"https:\/\/www.mdi4x4.it\/fr\/\",\"logo\":{\"@type\":\"ImageObject\",\"inLanguage\":\"fr-FR\",\"@id\":\"https:\/\/www.mdi4x4.it\/fr\/#\/schema\/logo\/image\/\",\"url\":\"https:\/\/www.mdi4x4.it\/wp-content\/uploads\/2021\/03\/Logo-MDI-ridotto.png\",\"contentUrl\":\"https:\/\/www.mdi4x4.it\/wp-content\/uploads\/2021\/03\/Logo-MDI-ridotto.png\",\"width\":299,\"height\":200,\"caption\":\"MDI 4x4\"},\"image\":{\"@id\":\"https:\/\/www.mdi4x4.it\/fr\/#\/schema\/logo\/image\/\"}}]}<\/script>\n<!-- \/ Yoast SEO plugin. -->","yoast_head_json":{"title":"PORTE-BOUTEILLE POUR BOUTEILLE DE GAZ - MDI 4x4","robots":{"index":"index","follow":"follow","max-snippet":"max-snippet:-1","max-image-preview":"max-image-preview:large","max-video-preview":"max-video-preview:-1"},"canonical":"https:\/\/www.mdi4x4.it\/fr\/prodotto\/porte-bouteille-pour-bouteille-de-gaz\/","og_locale":"fr_FR","og_type":"article","og_title":"PORTE-BOUTEILLE POUR BOUTEILLE DE GAZ - MDI 4x4","og_description":"Fabriqu\u00e9 en t\u00f4le de 3 mm et peint en noir gaufr\u00e9, \u00e9quip\u00e9 de 2 supports en acier pour bloquer le cylindre et d'une serrure de s\u00e9curit\u00e9 en acier inoxydable.  Le porte-cylindre peut \u00eatre fix\u00e9 sur n'importe quelle surface \u00e0 l'aide de 4 trous pour vis de 6 mm (non fournies)  Il peut contenir un cylindre d'un diam\u00e8tre de 22 cm jusqu'\u00e0 une hauteur de 45 cm, les bandes de fermeture en inox sont positionn\u00e9es \u00e0 une hauteur de 25 cm de la base  Le cylindre et la sangle de s\u00e9curit\u00e9 ne sont pas fournis","og_url":"https:\/\/www.mdi4x4.it\/fr\/prodotto\/porte-bouteille-pour-bouteille-de-gaz\/","og_site_name":"MDI 4x4","article_modified_time":"2024-07-08T10:43:08+00:00","og_image":[{"width":1536,"height":2048,"url":"https:\/\/www.mdi4x4.it\/wp-content\/uploads\/2024\/07\/450424363_8060167334005189_4490668975823038686_n.jpg","type":"image\/jpeg"}],"schema":{"@context":"https:\/\/schema.org","@graph":[{"@type":"WebPage","@id":"https:\/\/www.mdi4x4.it\/fr\/prodotto\/porte-bouteille-pour-bouteille-de-gaz\/","url":"https:\/\/www.mdi4x4.it\/fr\/prodotto\/porte-bouteille-pour-bouteille-de-gaz\/","name":"PORTE-BOUTEILLE POUR BOUTEILLE DE GAZ - MDI 4x4","isPartOf":{"@id":"https:\/\/www.mdi4x4.it\/fr\/#website"},"datePublished":"2024-07-08T10:34:13+00:00","dateModified":"2024-07-08T10:43:08+00:00","breadcrumb":{"@id":"https:\/\/www.mdi4x4.it\/fr\/prodotto\/porte-bouteille-pour-bouteille-de-gaz\/#breadcrumb"},"inLanguage":"fr-FR","potentialAction":[{"@type":"ReadAction","target":["https:\/\/www.mdi4x4.it\/fr\/prodotto\/porte-bouteille-pour-bouteille-de-gaz\/"]}]},{"@type":"BreadcrumbList","@id":"https:\/\/www.mdi4x4.it\/fr\/prodotto\/porte-bouteille-pour-bouteille-de-gaz\/#breadcrumb","itemListElement":[{"@type":"ListItem","position":1,"name":"Home","item":"https:\/\/www.mdi4x4.it\/fr\/"},{"@type":"ListItem","position":2,"name":"Boutique","item":"https:\/\/www.mdi4x4.it\/fr\/shop\/"},{"@type":"ListItem","position":3,"name":"PORTE-BOUTEILLE POUR BOUTEILLE DE GAZ"}]},{"@type":"WebSite","@id":"https:\/\/www.mdi4x4.it\/fr\/#website","url":"https:\/\/www.mdi4x4.it\/fr\/","name":"MDI 4x4","description":"Accessori su misura Land Rover || Toyota","publisher":{"@id":"https:\/\/www.mdi4x4.it\/fr\/#organization"},"potentialAction":[{"@type":"SearchAction","target":{"@type":"EntryPoint","urlTemplate":"https:\/\/www.mdi4x4.it\/fr\/?s={search_term_string}"},"query-input":"required name=search_term_string"}],"inLanguage":"fr-FR"},{"@type":"Organization","@id":"https:\/\/www.mdi4x4.it\/fr\/#organization","name":"MDI 4x4","url":"https:\/\/www.mdi4x4.it\/fr\/","logo":{"@type":"ImageObject","inLanguage":"fr-FR","@id":"https:\/\/www.mdi4x4.it\/fr\/#\/schema\/logo\/image\/","url":"https:\/\/www.mdi4x4.it\/wp-content\/uploads\/2021\/03\/Logo-MDI-ridotto.png","contentUrl":"https:\/\/www.mdi4x4.it\/wp-content\/uploads\/2021\/03\/Logo-MDI-ridotto.png","width":299,"height":200,"caption":"MDI 4x4"},"image":{"@id":"https:\/\/www.mdi4x4.it\/fr\/#\/schema\/logo\/image\/"}}]}},"_links":{"self":[{"href":"https:\/\/www.mdi4x4.it\/fr\/wp-json\/wp\/v2\/product\/8685"}],"collection":[{"href":"https:\/\/www.mdi4x4.it\/fr\/wp-json\/wp\/v2\/product"}],"about":[{"href":"https:\/\/www.mdi4x4.it\/fr\/wp-json\/wp\/v2\/types\/product"}],"wp:featuredmedia":[{"embeddable":true,"href":"https:\/\/www.mdi4x4.it\/fr\/wp-json\/wp\/v2\/media\/8673"}],"wp:attachment":[{"href":"https:\/\/www.mdi4x4.it\/fr\/wp-json\/wp\/v2\/media?parent=8685"}],"wp:term":[{"taxonomy":"product_cat","embeddable":true,"href":"https:\/\/www.mdi4x4.it\/fr\/wp-json\/wp\/v2\/product_cat?post=8685"},{"taxonomy":"product_tag","embeddable":true,"href":"https:\/\/www.mdi4x4.it\/fr\/wp-json\/wp\/v2\/product_tag?post=8685"}],"curies":[{"name":"wp","href":"https:\/\/api.w.org\/{rel}","templated":true}]}}