{"id":7723,"date":"2024-02-06T15:16:51","date_gmt":"2024-02-06T14:16:51","guid":{"rendered":"https:\/\/www.mdi4x4.it\/?post_type=product&#038;p=7723"},"modified":"2024-07-15T09:25:15","modified_gmt":"2024-07-15T07:25:15","slug":"pare-chocs-arriere-pour-discovery-2-td5-sans-decoupe-de-la-carrosserie-copia","status":"publish","type":"product","link":"https:\/\/www.mdi4x4.it\/fr\/prodotto\/pare-chocs-arriere-pour-discovery-2-td5-sans-decoupe-de-la-carrosserie-copia\/","title":{"rendered":"Pare-chocs arri\u00e8re pour Discovery 2 avec pare-chocs arri\u00e8re"},"content":{"rendered":"<p><span data-sheets-value=\"{\" data-sheets-userformat=\"{\">Le pare-chocs est fabriqu\u00e9 en Italie \u00e0 partir d&#8217;une t\u00f4le de 3 mm pr\u00e9par\u00e9e pour accueillir les feux arri\u00e8re de s\u00e9rie prot\u00e9g\u00e9s par une grille. Il est recouvert d&#8217;un rev\u00eatement en poudre noir gaufr\u00e9 pour augmenter sa r\u00e9sistance.<\/span><\/p>\n<p>Les coins ne sont pas inclus dans le prix du pare-chocs. code d&#8217;achat 4082<\/p>\n<p>Retirez le pare-chocs d&#8217;origine, enlevez les feux et remettez le pare-chocs m\u00e9tallique en place en le fixant avec les vis standard et remettez les feux d&#8217;origine.<\/p>\n<p>kg 22<\/p>\n<p>&nbsp;<\/p>\n","protected":false},"excerpt":{"rendered":"<p><span data-sheets-value=\"{\" data-sheets-userformat=\"{\">Le pare-chocs est fabriqu\u00e9 en Italie \u00e0 partir d&#8217;une t\u00f4le de 3 mm pr\u00e9par\u00e9e pour accueillir les feux arri\u00e8re de s\u00e9rie prot\u00e9g\u00e9s par une grille. Il est recouvert d&#8217;un rev\u00eatement en poudre noir gaufr\u00e9 pour augmenter sa r\u00e9sistance.<\/span><\/p>\n<p>Les coins ne sont pas inclus dans le prix du pare-chocs. code d&#8217;achat 4082<\/p>\n<p>Retirez le pare-chocs d&#8217;origine, enlevez les feux et remettez le pare-chocs m\u00e9tallique en place en le fixant avec les vis standard et remettez les feux d&#8217;origine.<\/p>\n<p>kg 22<\/p>\n<p>&nbsp;<\/p>\n","protected":false},"featured_media":9561,"template":"","meta":{"_eb_attr":""},"product_cat":[663,661,674],"product_tag":[673],"yoast_head":"<!-- This site is optimized with the Yoast SEO plugin v22.1 - https:\/\/yoast.com\/wordpress\/plugins\/seo\/ -->\n<title>Pare-chocs arri\u00e8re pour Discovery 2 avec pare-chocs arri\u00e8re - MDI 4x4<\/title>\n<meta name=\"description\" content=\"Le pare-chocs est fabriqu\u00e9 en Italie \u00e0 partir d&#039;une t\u00f4le de 3 mm, pr\u00e9par\u00e9e pour accueillir les feux arri\u00e8re de s\u00e9rie prot\u00e9g\u00e9s par une grille.\" \/>\n<meta name=\"robots\" content=\"index, follow, max-snippet:-1, max-image-preview:large, max-video-preview:-1\" \/>\n<link rel=\"canonical\" href=\"https:\/\/www.mdi4x4.it\/fr\/prodotto\/pare-chocs-arriere-pour-discovery-2-td5-sans-decoupe-de-la-carrosserie-copia\/\" \/>\n<meta property=\"og:locale\" content=\"fr_FR\" \/>\n<meta property=\"og:type\" content=\"article\" \/>\n<meta property=\"og:title\" content=\"Pare-chocs arri\u00e8re pour Discovery 2 avec pare-chocs arri\u00e8re - MDI 4x4\" \/>\n<meta property=\"og:description\" content=\"Le pare-chocs est fabriqu\u00e9 en Italie \u00e0 partir d&#039;une t\u00f4le de 3 mm, pr\u00e9par\u00e9e pour accueillir les feux arri\u00e8re de s\u00e9rie prot\u00e9g\u00e9s par une grille.\" \/>\n<meta property=\"og:url\" content=\"https:\/\/www.mdi4x4.it\/fr\/prodotto\/pare-chocs-arriere-pour-discovery-2-td5-sans-decoupe-de-la-carrosserie-copia\/\" \/>\n<meta property=\"og:site_name\" content=\"MDI 4x4\" \/>\n<meta property=\"article:modified_time\" content=\"2024-07-15T07:25:15+00:00\" \/>\n<meta property=\"og:image\" content=\"https:\/\/www.mdi4x4.it\/wp-content\/uploads\/2024\/02\/425552400_7360647687290494_538420511062120664_n.jpg\" \/>\n\t<meta property=\"og:image:width\" content=\"1536\" \/>\n\t<meta property=\"og:image:height\" content=\"2048\" \/>\n\t<meta property=\"og:image:type\" content=\"image\/jpeg\" \/>\n<script type=\"application\/ld+json\" class=\"yoast-schema-graph\">{\"@context\":\"https:\/\/schema.org\",\"@graph\":[{\"@type\":\"WebPage\",\"@id\":\"https:\/\/www.mdi4x4.it\/fr\/prodotto\/pare-chocs-arriere-pour-discovery-2-td5-sans-decoupe-de-la-carrosserie-copia\/\",\"url\":\"https:\/\/www.mdi4x4.it\/fr\/prodotto\/pare-chocs-arriere-pour-discovery-2-td5-sans-decoupe-de-la-carrosserie-copia\/\",\"name\":\"Pare-chocs arri\u00e8re pour Discovery 2 avec pare-chocs arri\u00e8re - MDI 4x4\",\"isPartOf\":{\"@id\":\"https:\/\/www.mdi4x4.it\/fr\/#website\"},\"datePublished\":\"2024-02-06T14:16:51+00:00\",\"dateModified\":\"2024-07-15T07:25:15+00:00\",\"description\":\"Le pare-chocs est fabriqu\u00e9 en Italie \u00e0 partir d'une t\u00f4le de 3 mm, pr\u00e9par\u00e9e pour accueillir les feux arri\u00e8re de s\u00e9rie prot\u00e9g\u00e9s par une grille.\",\"breadcrumb\":{\"@id\":\"https:\/\/www.mdi4x4.it\/fr\/prodotto\/pare-chocs-arriere-pour-discovery-2-td5-sans-decoupe-de-la-carrosserie-copia\/#breadcrumb\"},\"inLanguage\":\"fr-FR\",\"potentialAction\":[{\"@type\":\"ReadAction\",\"target\":[\"https:\/\/www.mdi4x4.it\/fr\/prodotto\/pare-chocs-arriere-pour-discovery-2-td5-sans-decoupe-de-la-carrosserie-copia\/\"]}]},{\"@type\":\"BreadcrumbList\",\"@id\":\"https:\/\/www.mdi4x4.it\/fr\/prodotto\/pare-chocs-arriere-pour-discovery-2-td5-sans-decoupe-de-la-carrosserie-copia\/#breadcrumb\",\"itemListElement\":[{\"@type\":\"ListItem\",\"position\":1,\"name\":\"Home\",\"item\":\"https:\/\/www.mdi4x4.it\/fr\/\"},{\"@type\":\"ListItem\",\"position\":2,\"name\":\"Boutique\",\"item\":\"https:\/\/www.mdi4x4.it\/fr\/shop\/\"},{\"@type\":\"ListItem\",\"position\":3,\"name\":\"Pare-chocs arri\u00e8re pour Discovery 2 avec pare-chocs arri\u00e8re\"}]},{\"@type\":\"WebSite\",\"@id\":\"https:\/\/www.mdi4x4.it\/fr\/#website\",\"url\":\"https:\/\/www.mdi4x4.it\/fr\/\",\"name\":\"MDI 4x4\",\"description\":\"Accessori su misura Land Rover || Toyota\",\"publisher\":{\"@id\":\"https:\/\/www.mdi4x4.it\/fr\/#organization\"},\"potentialAction\":[{\"@type\":\"SearchAction\",\"target\":{\"@type\":\"EntryPoint\",\"urlTemplate\":\"https:\/\/www.mdi4x4.it\/fr\/?s={search_term_string}\"},\"query-input\":\"required name=search_term_string\"}],\"inLanguage\":\"fr-FR\"},{\"@type\":\"Organization\",\"@id\":\"https:\/\/www.mdi4x4.it\/fr\/#organization\",\"name\":\"MDI 4x4\",\"url\":\"https:\/\/www.mdi4x4.it\/fr\/\",\"logo\":{\"@type\":\"ImageObject\",\"inLanguage\":\"fr-FR\",\"@id\":\"https:\/\/www.mdi4x4.it\/fr\/#\/schema\/logo\/image\/\",\"url\":\"https:\/\/www.mdi4x4.it\/wp-content\/uploads\/2021\/03\/Logo-MDI-ridotto.png\",\"contentUrl\":\"https:\/\/www.mdi4x4.it\/wp-content\/uploads\/2021\/03\/Logo-MDI-ridotto.png\",\"width\":299,\"height\":200,\"caption\":\"MDI 4x4\"},\"image\":{\"@id\":\"https:\/\/www.mdi4x4.it\/fr\/#\/schema\/logo\/image\/\"}}]}<\/script>\n<!-- \/ Yoast SEO plugin. -->","yoast_head_json":{"title":"Pare-chocs arri\u00e8re pour Discovery 2 avec pare-chocs arri\u00e8re - MDI 4x4","description":"Le pare-chocs est fabriqu\u00e9 en Italie \u00e0 partir d'une t\u00f4le de 3 mm, pr\u00e9par\u00e9e pour accueillir les feux arri\u00e8re de s\u00e9rie prot\u00e9g\u00e9s par une grille.","robots":{"index":"index","follow":"follow","max-snippet":"max-snippet:-1","max-image-preview":"max-image-preview:large","max-video-preview":"max-video-preview:-1"},"canonical":"https:\/\/www.mdi4x4.it\/fr\/prodotto\/pare-chocs-arriere-pour-discovery-2-td5-sans-decoupe-de-la-carrosserie-copia\/","og_locale":"fr_FR","og_type":"article","og_title":"Pare-chocs arri\u00e8re pour Discovery 2 avec pare-chocs arri\u00e8re - MDI 4x4","og_description":"Le pare-chocs est fabriqu\u00e9 en Italie \u00e0 partir d'une t\u00f4le de 3 mm, pr\u00e9par\u00e9e pour accueillir les feux arri\u00e8re de s\u00e9rie prot\u00e9g\u00e9s par une grille.","og_url":"https:\/\/www.mdi4x4.it\/fr\/prodotto\/pare-chocs-arriere-pour-discovery-2-td5-sans-decoupe-de-la-carrosserie-copia\/","og_site_name":"MDI 4x4","article_modified_time":"2024-07-15T07:25:15+00:00","og_image":[{"width":1536,"height":2048,"url":"https:\/\/www.mdi4x4.it\/wp-content\/uploads\/2024\/02\/425552400_7360647687290494_538420511062120664_n.jpg","type":"image\/jpeg"}],"schema":{"@context":"https:\/\/schema.org","@graph":[{"@type":"WebPage","@id":"https:\/\/www.mdi4x4.it\/fr\/prodotto\/pare-chocs-arriere-pour-discovery-2-td5-sans-decoupe-de-la-carrosserie-copia\/","url":"https:\/\/www.mdi4x4.it\/fr\/prodotto\/pare-chocs-arriere-pour-discovery-2-td5-sans-decoupe-de-la-carrosserie-copia\/","name":"Pare-chocs arri\u00e8re pour Discovery 2 avec pare-chocs arri\u00e8re - MDI 4x4","isPartOf":{"@id":"https:\/\/www.mdi4x4.it\/fr\/#website"},"datePublished":"2024-02-06T14:16:51+00:00","dateModified":"2024-07-15T07:25:15+00:00","description":"Le pare-chocs est fabriqu\u00e9 en Italie \u00e0 partir d'une t\u00f4le de 3 mm, pr\u00e9par\u00e9e pour accueillir les feux arri\u00e8re de s\u00e9rie prot\u00e9g\u00e9s par une grille.","breadcrumb":{"@id":"https:\/\/www.mdi4x4.it\/fr\/prodotto\/pare-chocs-arriere-pour-discovery-2-td5-sans-decoupe-de-la-carrosserie-copia\/#breadcrumb"},"inLanguage":"fr-FR","potentialAction":[{"@type":"ReadAction","target":["https:\/\/www.mdi4x4.it\/fr\/prodotto\/pare-chocs-arriere-pour-discovery-2-td5-sans-decoupe-de-la-carrosserie-copia\/"]}]},{"@type":"BreadcrumbList","@id":"https:\/\/www.mdi4x4.it\/fr\/prodotto\/pare-chocs-arriere-pour-discovery-2-td5-sans-decoupe-de-la-carrosserie-copia\/#breadcrumb","itemListElement":[{"@type":"ListItem","position":1,"name":"Home","item":"https:\/\/www.mdi4x4.it\/fr\/"},{"@type":"ListItem","position":2,"name":"Boutique","item":"https:\/\/www.mdi4x4.it\/fr\/shop\/"},{"@type":"ListItem","position":3,"name":"Pare-chocs arri\u00e8re pour Discovery 2 avec pare-chocs arri\u00e8re"}]},{"@type":"WebSite","@id":"https:\/\/www.mdi4x4.it\/fr\/#website","url":"https:\/\/www.mdi4x4.it\/fr\/","name":"MDI 4x4","description":"Accessori su misura Land Rover || Toyota","publisher":{"@id":"https:\/\/www.mdi4x4.it\/fr\/#organization"},"potentialAction":[{"@type":"SearchAction","target":{"@type":"EntryPoint","urlTemplate":"https:\/\/www.mdi4x4.it\/fr\/?s={search_term_string}"},"query-input":"required name=search_term_string"}],"inLanguage":"fr-FR"},{"@type":"Organization","@id":"https:\/\/www.mdi4x4.it\/fr\/#organization","name":"MDI 4x4","url":"https:\/\/www.mdi4x4.it\/fr\/","logo":{"@type":"ImageObject","inLanguage":"fr-FR","@id":"https:\/\/www.mdi4x4.it\/fr\/#\/schema\/logo\/image\/","url":"https:\/\/www.mdi4x4.it\/wp-content\/uploads\/2021\/03\/Logo-MDI-ridotto.png","contentUrl":"https:\/\/www.mdi4x4.it\/wp-content\/uploads\/2021\/03\/Logo-MDI-ridotto.png","width":299,"height":200,"caption":"MDI 4x4"},"image":{"@id":"https:\/\/www.mdi4x4.it\/fr\/#\/schema\/logo\/image\/"}}]}},"_links":{"self":[{"href":"https:\/\/www.mdi4x4.it\/fr\/wp-json\/wp\/v2\/product\/7723"}],"collection":[{"href":"https:\/\/www.mdi4x4.it\/fr\/wp-json\/wp\/v2\/product"}],"about":[{"href":"https:\/\/www.mdi4x4.it\/fr\/wp-json\/wp\/v2\/types\/product"}],"wp:featuredmedia":[{"embeddable":true,"href":"https:\/\/www.mdi4x4.it\/fr\/wp-json\/wp\/v2\/media\/9561"}],"wp:attachment":[{"href":"https:\/\/www.mdi4x4.it\/fr\/wp-json\/wp\/v2\/media?parent=7723"}],"wp:term":[{"taxonomy":"product_cat","embeddable":true,"href":"https:\/\/www.mdi4x4.it\/fr\/wp-json\/wp\/v2\/product_cat?post=7723"},{"taxonomy":"product_tag","embeddable":true,"href":"https:\/\/www.mdi4x4.it\/fr\/wp-json\/wp\/v2\/product_tag?post=7723"}],"curies":[{"name":"wp","href":"https:\/\/api.w.org\/{rel}","templated":true}]}}