{"id":7190,"date":"2023-11-17T09:39:59","date_gmt":"2023-11-17T08:39:59","guid":{"rendered":"https:\/\/www.mdi4x4.it\/?post_type=product&#038;p=7190"},"modified":"2024-01-08T12:16:57","modified_gmt":"2024-01-08T11:16:57","slug":"support-de-reservoir-universel","status":"publish","type":"product","link":"https:\/\/www.mdi4x4.it\/fr\/prodotto\/support-de-reservoir-universel\/","title":{"rendered":"SUPPORT DE R\u00c9SERVOIR UNIVERSEL"},"content":{"rendered":"<div dir=\"auto\">Porte-r\u00e9servoir double pour barres de toit ou porte-bagages.<\/div>\n<div dir=\"auto\">Fabriqu\u00e9 en t\u00f4le galvanis\u00e9e de 2 mm.<\/div>\n<div dir=\"auto\">Les pinces sont fix\u00e9es en les calant sur la partie sup\u00e9rieure dans une fente.<\/div>\n<div dir=\"auto\">Les charni\u00e8res ne sont pas utilis\u00e9es pour l&#8217;ouverture de la bande de fermeture afin de faciliter leur lib\u00e9ration et d&#8217;utiliser l&#8217;espace autour du porte-bo\u00eete.<\/div>\n<div dir=\"auto\">Le bouchon de la bo\u00eete peut \u00eatre ouvert sans retirer la bande d&#8217;\u00e9tanch\u00e9it\u00e9.<\/div>\n<div dir=\"auto\">LES R\u00c9SERVOIRS NE SONT PAS FOURNIS<\/div>\n<div dir=\"auto\">TAILLE DE LA BASE du porte-r\u00e9servoir 33x48h35 cm<\/div>\n<div dir=\"auto\">La fixation se fait \u00e0 l&#8217;aide de vis non fournies.<\/div>\n<div dir=\"auto\">La partie sup\u00e9rieure du porte-r\u00e9servoir comporte des trous de fixation pr\u00e9par\u00e9s pour les barres de toit en aluminium sur le site.<\/div>\n","protected":false},"excerpt":{"rendered":"<p>Porte-r\u00e9servoir double pour barres de toit ou porte-bagages.<br \/>\nFabriqu\u00e9 en t\u00f4le galvanis\u00e9e de 2 mm.<br \/>\nLes pinces sont fix\u00e9es en les calant sur la partie sup\u00e9rieure dans une fente.<br \/>\nLes charni\u00e8res ne sont pas utilis\u00e9es pour l&#8217;ouverture de la bande de fermeture afin de faciliter leur lib\u00e9ration et d&#8217;utiliser l&#8217;espace autour du porte-bo\u00eete.<br \/>\nLe bouchon de la bo\u00eete peut \u00eatre ouvert sans retirer la bande d&#8217;\u00e9tanch\u00e9it\u00e9.<br \/>\nLES R\u00c9SERVOIRS NE SONT PAS FOURNIS<br \/>\nTAILLE DE LA BASE du porte-r\u00e9servoir 33x48h35 cm<br \/>\nLa fixation se fait \u00e0 l&#8217;aide de vis non fournies.<br \/>\nLa partie sup\u00e9rieure du porte-r\u00e9servoir comporte des trous de fixation pr\u00e9par\u00e9s pour les barres de toit en aluminium sur le site.<\/p>\n","protected":false},"featured_media":7439,"template":"","meta":{"_eb_attr":""},"product_cat":[649,738,737],"product_tag":[],"yoast_head":"<!-- This site is optimized with the Yoast SEO plugin v22.1 - https:\/\/yoast.com\/wordpress\/plugins\/seo\/ -->\n<title>SUPPORT DE R\u00c9SERVOIR UNIVERSEL - MDI 4x4<\/title>\n<meta name=\"description\" content=\"Porte-r\u00e9servoir double pour barres de toit ou porte-bagages. Fabriqu\u00e9 en t\u00f4le de 2 mm. Les bandes de fermeture sont fix\u00e9es au sommet dans une fente.\" \/>\n<meta name=\"robots\" content=\"index, follow, max-snippet:-1, max-image-preview:large, max-video-preview:-1\" \/>\n<link rel=\"canonical\" href=\"https:\/\/www.mdi4x4.it\/fr\/prodotto\/support-de-reservoir-universel\/\" \/>\n<meta property=\"og:locale\" content=\"fr_FR\" \/>\n<meta property=\"og:type\" content=\"article\" \/>\n<meta property=\"og:title\" content=\"SUPPORT DE R\u00c9SERVOIR UNIVERSEL - MDI 4x4\" \/>\n<meta property=\"og:description\" content=\"Porte-r\u00e9servoir double pour barres de toit ou porte-bagages. Fabriqu\u00e9 en t\u00f4le de 2 mm. Les bandes de fermeture sont fix\u00e9es au sommet dans une fente.\" \/>\n<meta property=\"og:url\" content=\"https:\/\/www.mdi4x4.it\/fr\/prodotto\/support-de-reservoir-universel\/\" \/>\n<meta property=\"og:site_name\" content=\"MDI 4x4\" \/>\n<meta property=\"article:modified_time\" content=\"2024-01-08T11:16:57+00:00\" \/>\n<meta property=\"og:image\" content=\"https:\/\/www.mdi4x4.it\/wp-content\/uploads\/2023\/11\/PORTATANICA-UNIVERSALE.jpg\" \/>\n\t<meta property=\"og:image:width\" content=\"600\" \/>\n\t<meta property=\"og:image:height\" content=\"600\" \/>\n\t<meta property=\"og:image:type\" content=\"image\/jpeg\" \/>\n<script type=\"application\/ld+json\" class=\"yoast-schema-graph\">{\"@context\":\"https:\/\/schema.org\",\"@graph\":[{\"@type\":\"WebPage\",\"@id\":\"https:\/\/www.mdi4x4.it\/fr\/prodotto\/support-de-reservoir-universel\/\",\"url\":\"https:\/\/www.mdi4x4.it\/fr\/prodotto\/support-de-reservoir-universel\/\",\"name\":\"SUPPORT DE R\u00c9SERVOIR UNIVERSEL - MDI 4x4\",\"isPartOf\":{\"@id\":\"https:\/\/www.mdi4x4.it\/fr\/#website\"},\"datePublished\":\"2023-11-17T08:39:59+00:00\",\"dateModified\":\"2024-01-08T11:16:57+00:00\",\"description\":\"Porte-r\u00e9servoir double pour barres de toit ou porte-bagages. Fabriqu\u00e9 en t\u00f4le de 2 mm. Les bandes de fermeture sont fix\u00e9es au sommet dans une fente.\",\"breadcrumb\":{\"@id\":\"https:\/\/www.mdi4x4.it\/fr\/prodotto\/support-de-reservoir-universel\/#breadcrumb\"},\"inLanguage\":\"fr-FR\",\"potentialAction\":[{\"@type\":\"ReadAction\",\"target\":[\"https:\/\/www.mdi4x4.it\/fr\/prodotto\/support-de-reservoir-universel\/\"]}]},{\"@type\":\"BreadcrumbList\",\"@id\":\"https:\/\/www.mdi4x4.it\/fr\/prodotto\/support-de-reservoir-universel\/#breadcrumb\",\"itemListElement\":[{\"@type\":\"ListItem\",\"position\":1,\"name\":\"Home\",\"item\":\"https:\/\/www.mdi4x4.it\/fr\/\"},{\"@type\":\"ListItem\",\"position\":2,\"name\":\"Boutique\",\"item\":\"https:\/\/www.mdi4x4.it\/fr\/shop\/\"},{\"@type\":\"ListItem\",\"position\":3,\"name\":\"SUPPORT DE R\u00c9SERVOIR UNIVERSEL\"}]},{\"@type\":\"WebSite\",\"@id\":\"https:\/\/www.mdi4x4.it\/fr\/#website\",\"url\":\"https:\/\/www.mdi4x4.it\/fr\/\",\"name\":\"MDI 4x4\",\"description\":\"Accessori su misura Land Rover || Toyota\",\"publisher\":{\"@id\":\"https:\/\/www.mdi4x4.it\/fr\/#organization\"},\"potentialAction\":[{\"@type\":\"SearchAction\",\"target\":{\"@type\":\"EntryPoint\",\"urlTemplate\":\"https:\/\/www.mdi4x4.it\/fr\/?s={search_term_string}\"},\"query-input\":\"required name=search_term_string\"}],\"inLanguage\":\"fr-FR\"},{\"@type\":\"Organization\",\"@id\":\"https:\/\/www.mdi4x4.it\/fr\/#organization\",\"name\":\"MDI 4x4\",\"url\":\"https:\/\/www.mdi4x4.it\/fr\/\",\"logo\":{\"@type\":\"ImageObject\",\"inLanguage\":\"fr-FR\",\"@id\":\"https:\/\/www.mdi4x4.it\/fr\/#\/schema\/logo\/image\/\",\"url\":\"https:\/\/www.mdi4x4.it\/wp-content\/uploads\/2021\/03\/Logo-MDI-ridotto.png\",\"contentUrl\":\"https:\/\/www.mdi4x4.it\/wp-content\/uploads\/2021\/03\/Logo-MDI-ridotto.png\",\"width\":299,\"height\":200,\"caption\":\"MDI 4x4\"},\"image\":{\"@id\":\"https:\/\/www.mdi4x4.it\/fr\/#\/schema\/logo\/image\/\"}}]}<\/script>\n<!-- \/ Yoast SEO plugin. -->","yoast_head_json":{"title":"SUPPORT DE R\u00c9SERVOIR UNIVERSEL - MDI 4x4","description":"Porte-r\u00e9servoir double pour barres de toit ou porte-bagages. Fabriqu\u00e9 en t\u00f4le de 2 mm. Les bandes de fermeture sont fix\u00e9es au sommet dans une fente.","robots":{"index":"index","follow":"follow","max-snippet":"max-snippet:-1","max-image-preview":"max-image-preview:large","max-video-preview":"max-video-preview:-1"},"canonical":"https:\/\/www.mdi4x4.it\/fr\/prodotto\/support-de-reservoir-universel\/","og_locale":"fr_FR","og_type":"article","og_title":"SUPPORT DE R\u00c9SERVOIR UNIVERSEL - MDI 4x4","og_description":"Porte-r\u00e9servoir double pour barres de toit ou porte-bagages. Fabriqu\u00e9 en t\u00f4le de 2 mm. Les bandes de fermeture sont fix\u00e9es au sommet dans une fente.","og_url":"https:\/\/www.mdi4x4.it\/fr\/prodotto\/support-de-reservoir-universel\/","og_site_name":"MDI 4x4","article_modified_time":"2024-01-08T11:16:57+00:00","og_image":[{"width":600,"height":600,"url":"https:\/\/www.mdi4x4.it\/wp-content\/uploads\/2023\/11\/PORTATANICA-UNIVERSALE.jpg","type":"image\/jpeg"}],"schema":{"@context":"https:\/\/schema.org","@graph":[{"@type":"WebPage","@id":"https:\/\/www.mdi4x4.it\/fr\/prodotto\/support-de-reservoir-universel\/","url":"https:\/\/www.mdi4x4.it\/fr\/prodotto\/support-de-reservoir-universel\/","name":"SUPPORT DE R\u00c9SERVOIR UNIVERSEL - MDI 4x4","isPartOf":{"@id":"https:\/\/www.mdi4x4.it\/fr\/#website"},"datePublished":"2023-11-17T08:39:59+00:00","dateModified":"2024-01-08T11:16:57+00:00","description":"Porte-r\u00e9servoir double pour barres de toit ou porte-bagages. Fabriqu\u00e9 en t\u00f4le de 2 mm. Les bandes de fermeture sont fix\u00e9es au sommet dans une fente.","breadcrumb":{"@id":"https:\/\/www.mdi4x4.it\/fr\/prodotto\/support-de-reservoir-universel\/#breadcrumb"},"inLanguage":"fr-FR","potentialAction":[{"@type":"ReadAction","target":["https:\/\/www.mdi4x4.it\/fr\/prodotto\/support-de-reservoir-universel\/"]}]},{"@type":"BreadcrumbList","@id":"https:\/\/www.mdi4x4.it\/fr\/prodotto\/support-de-reservoir-universel\/#breadcrumb","itemListElement":[{"@type":"ListItem","position":1,"name":"Home","item":"https:\/\/www.mdi4x4.it\/fr\/"},{"@type":"ListItem","position":2,"name":"Boutique","item":"https:\/\/www.mdi4x4.it\/fr\/shop\/"},{"@type":"ListItem","position":3,"name":"SUPPORT DE R\u00c9SERVOIR UNIVERSEL"}]},{"@type":"WebSite","@id":"https:\/\/www.mdi4x4.it\/fr\/#website","url":"https:\/\/www.mdi4x4.it\/fr\/","name":"MDI 4x4","description":"Accessori su misura Land Rover || Toyota","publisher":{"@id":"https:\/\/www.mdi4x4.it\/fr\/#organization"},"potentialAction":[{"@type":"SearchAction","target":{"@type":"EntryPoint","urlTemplate":"https:\/\/www.mdi4x4.it\/fr\/?s={search_term_string}"},"query-input":"required name=search_term_string"}],"inLanguage":"fr-FR"},{"@type":"Organization","@id":"https:\/\/www.mdi4x4.it\/fr\/#organization","name":"MDI 4x4","url":"https:\/\/www.mdi4x4.it\/fr\/","logo":{"@type":"ImageObject","inLanguage":"fr-FR","@id":"https:\/\/www.mdi4x4.it\/fr\/#\/schema\/logo\/image\/","url":"https:\/\/www.mdi4x4.it\/wp-content\/uploads\/2021\/03\/Logo-MDI-ridotto.png","contentUrl":"https:\/\/www.mdi4x4.it\/wp-content\/uploads\/2021\/03\/Logo-MDI-ridotto.png","width":299,"height":200,"caption":"MDI 4x4"},"image":{"@id":"https:\/\/www.mdi4x4.it\/fr\/#\/schema\/logo\/image\/"}}]}},"_links":{"self":[{"href":"https:\/\/www.mdi4x4.it\/fr\/wp-json\/wp\/v2\/product\/7190"}],"collection":[{"href":"https:\/\/www.mdi4x4.it\/fr\/wp-json\/wp\/v2\/product"}],"about":[{"href":"https:\/\/www.mdi4x4.it\/fr\/wp-json\/wp\/v2\/types\/product"}],"wp:featuredmedia":[{"embeddable":true,"href":"https:\/\/www.mdi4x4.it\/fr\/wp-json\/wp\/v2\/media\/7439"}],"wp:attachment":[{"href":"https:\/\/www.mdi4x4.it\/fr\/wp-json\/wp\/v2\/media?parent=7190"}],"wp:term":[{"taxonomy":"product_cat","embeddable":true,"href":"https:\/\/www.mdi4x4.it\/fr\/wp-json\/wp\/v2\/product_cat?post=7190"},{"taxonomy":"product_tag","embeddable":true,"href":"https:\/\/www.mdi4x4.it\/fr\/wp-json\/wp\/v2\/product_tag?post=7190"}],"curies":[{"name":"wp","href":"https:\/\/api.w.org\/{rel}","templated":true}]}}