{"id":6867,"date":"2023-09-12T16:50:58","date_gmt":"2023-09-12T14:50:58","guid":{"rendered":"https:\/\/www.mdi4x4.it\/prodotto\/grille-interieure-gauche-pour-les-bagages-discovery-2\/"},"modified":"2026-01-27T15:36:21","modified_gmt":"2026-01-27T14:36:21","slug":"grille-interieure-gauche-pour-les-bagages-discovery-2","status":"publish","type":"product","link":"https:\/\/www.mdi4x4.it\/fr\/prodotto\/grille-interieure-gauche-pour-les-bagages-discovery-2\/","title":{"rendered":"GRILLE INT\u00c9RIEURE GAUCHE POUR LES BAGAGES DISCOVERY 2"},"content":{"rendered":"<p>Fabriqu\u00e9 en t\u00f4le de 1,5 mm d&#8217;\u00e9paisseur, il est peint en noir gaufr\u00e9.<\/p>\n<p>Il est mont\u00e9 sur les trous existants \u00e0 l&#8217;int\u00e9rieur de l&#8217;habitacle, la partie sup\u00e9rieure \u00e9tant fix\u00e9e dans les trous des poign\u00e9es de la voiture \u00e0 7 places.<\/p>\n<p>Pour ceux qui n&#8217;ont pas le si\u00e8ge \u00e0 7 places, des instructions pour percer des trous dans la couverture ext\u00e9rieure seront envoy\u00e9es aux points d&#8217;ancrage.<\/p>\n<p><strong>Cet accessoire vous permet d&#8217;acheter l&#8217;\u00e9tag\u00e8re de rangement portant le code 4172-A-SX.<\/strong><\/p>\n","protected":false},"excerpt":{"rendered":"<p>Fabriqu\u00e9 en t\u00f4le de 1,5 mm d&#8217;\u00e9paisseur, il est peint en noir gaufr\u00e9.<\/p>\n<p>Il est mont\u00e9 sur les trous existants \u00e0 l&#8217;int\u00e9rieur de l&#8217;habitacle, la partie sup\u00e9rieure \u00e9tant fix\u00e9e dans les trous des poign\u00e9es de la voiture \u00e0 7 places.<\/p>\n<p>Pour ceux qui n&#8217;ont pas le si\u00e8ge \u00e0 7 places, des instructions pour percer des trous dans la couverture ext\u00e9rieure seront envoy\u00e9es aux points d&#8217;ancrage.<\/p>\n<p><strong>Cet accessoire vous permet d&#8217;acheter l&#8217;\u00e9tag\u00e8re de rangement portant le code 4172-A-SX.<\/strong><\/p>\n","protected":false},"featured_media":6922,"template":"","meta":{"_eb_attr":""},"product_cat":[663,661,1007],"product_tag":[1120],"yoast_head":"<!-- This site is optimized with the Yoast SEO plugin v22.1 - https:\/\/yoast.com\/wordpress\/plugins\/seo\/ -->\n<title>GRILLE INT\u00c9RIEURE GAUCHE POUR LES BAGAGES DISCOVERY 2 - MDI 4x4<\/title>\n<meta name=\"description\" content=\"Fabriqu\u00e9 en t\u00f4le de 1,5 mm d&#039;\u00e9paisseur, il est peint en noir gaufr\u00e9. Le montage s&#039;effectue sur les trous existants dans l&#039;habitacle.\" \/>\n<meta name=\"robots\" content=\"index, follow, max-snippet:-1, max-image-preview:large, max-video-preview:-1\" \/>\n<link rel=\"canonical\" href=\"https:\/\/www.mdi4x4.it\/fr\/prodotto\/grille-interieure-gauche-pour-les-bagages-discovery-2\/\" \/>\n<meta property=\"og:locale\" content=\"fr_FR\" \/>\n<meta property=\"og:type\" content=\"article\" \/>\n<meta property=\"og:title\" content=\"GRILLE INT\u00c9RIEURE GAUCHE POUR LES BAGAGES DISCOVERY 2 - MDI 4x4\" \/>\n<meta property=\"og:description\" content=\"Fabriqu\u00e9 en t\u00f4le de 1,5 mm d&#039;\u00e9paisseur, il est peint en noir gaufr\u00e9. Le montage s&#039;effectue sur les trous existants dans l&#039;habitacle.\" \/>\n<meta property=\"og:url\" content=\"https:\/\/www.mdi4x4.it\/fr\/prodotto\/grille-interieure-gauche-pour-les-bagages-discovery-2\/\" \/>\n<meta property=\"og:site_name\" content=\"MDI 4x4\" \/>\n<meta property=\"article:modified_time\" content=\"2026-01-27T14:36:21+00:00\" \/>\n<meta property=\"og:image\" content=\"https:\/\/www.mdi4x4.it\/wp-content\/uploads\/2023\/09\/GRATA-INTERNA-SX-PER-BAGAGLIO-DISCOVERY-2.png\" \/>\n\t<meta property=\"og:image:width\" content=\"600\" \/>\n\t<meta property=\"og:image:height\" content=\"600\" \/>\n\t<meta property=\"og:image:type\" content=\"image\/png\" \/>\n<script type=\"application\/ld+json\" class=\"yoast-schema-graph\">{\"@context\":\"https:\/\/schema.org\",\"@graph\":[{\"@type\":\"WebPage\",\"@id\":\"https:\/\/www.mdi4x4.it\/fr\/prodotto\/grille-interieure-gauche-pour-les-bagages-discovery-2\/\",\"url\":\"https:\/\/www.mdi4x4.it\/fr\/prodotto\/grille-interieure-gauche-pour-les-bagages-discovery-2\/\",\"name\":\"GRILLE INT\u00c9RIEURE GAUCHE POUR LES BAGAGES DISCOVERY 2 - MDI 4x4\",\"isPartOf\":{\"@id\":\"https:\/\/www.mdi4x4.it\/fr\/#website\"},\"datePublished\":\"2023-09-12T14:50:58+00:00\",\"dateModified\":\"2026-01-27T14:36:21+00:00\",\"description\":\"Fabriqu\u00e9 en t\u00f4le de 1,5 mm d'\u00e9paisseur, il est peint en noir gaufr\u00e9. Le montage s'effectue sur les trous existants dans l'habitacle.\",\"breadcrumb\":{\"@id\":\"https:\/\/www.mdi4x4.it\/fr\/prodotto\/grille-interieure-gauche-pour-les-bagages-discovery-2\/#breadcrumb\"},\"inLanguage\":\"fr-FR\",\"potentialAction\":[{\"@type\":\"ReadAction\",\"target\":[\"https:\/\/www.mdi4x4.it\/fr\/prodotto\/grille-interieure-gauche-pour-les-bagages-discovery-2\/\"]}]},{\"@type\":\"BreadcrumbList\",\"@id\":\"https:\/\/www.mdi4x4.it\/fr\/prodotto\/grille-interieure-gauche-pour-les-bagages-discovery-2\/#breadcrumb\",\"itemListElement\":[{\"@type\":\"ListItem\",\"position\":1,\"name\":\"Home\",\"item\":\"https:\/\/www.mdi4x4.it\/fr\/\"},{\"@type\":\"ListItem\",\"position\":2,\"name\":\"Boutique\",\"item\":\"https:\/\/www.mdi4x4.it\/fr\/shop\/\"},{\"@type\":\"ListItem\",\"position\":3,\"name\":\"GRILLE INT\u00c9RIEURE GAUCHE POUR LES BAGAGES DISCOVERY 2\"}]},{\"@type\":\"WebSite\",\"@id\":\"https:\/\/www.mdi4x4.it\/fr\/#website\",\"url\":\"https:\/\/www.mdi4x4.it\/fr\/\",\"name\":\"MDI 4x4\",\"description\":\"Accessori su misura Land Rover || Toyota\",\"publisher\":{\"@id\":\"https:\/\/www.mdi4x4.it\/fr\/#organization\"},\"potentialAction\":[{\"@type\":\"SearchAction\",\"target\":{\"@type\":\"EntryPoint\",\"urlTemplate\":\"https:\/\/www.mdi4x4.it\/fr\/?s={search_term_string}\"},\"query-input\":\"required name=search_term_string\"}],\"inLanguage\":\"fr-FR\"},{\"@type\":\"Organization\",\"@id\":\"https:\/\/www.mdi4x4.it\/fr\/#organization\",\"name\":\"MDI 4x4\",\"url\":\"https:\/\/www.mdi4x4.it\/fr\/\",\"logo\":{\"@type\":\"ImageObject\",\"inLanguage\":\"fr-FR\",\"@id\":\"https:\/\/www.mdi4x4.it\/fr\/#\/schema\/logo\/image\/\",\"url\":\"https:\/\/www.mdi4x4.it\/wp-content\/uploads\/2021\/03\/Logo-MDI-ridotto.png\",\"contentUrl\":\"https:\/\/www.mdi4x4.it\/wp-content\/uploads\/2021\/03\/Logo-MDI-ridotto.png\",\"width\":299,\"height\":200,\"caption\":\"MDI 4x4\"},\"image\":{\"@id\":\"https:\/\/www.mdi4x4.it\/fr\/#\/schema\/logo\/image\/\"}}]}<\/script>\n<!-- \/ Yoast SEO plugin. -->","yoast_head_json":{"title":"GRILLE INT\u00c9RIEURE GAUCHE POUR LES BAGAGES DISCOVERY 2 - MDI 4x4","description":"Fabriqu\u00e9 en t\u00f4le de 1,5 mm d'\u00e9paisseur, il est peint en noir gaufr\u00e9. Le montage s'effectue sur les trous existants dans l'habitacle.","robots":{"index":"index","follow":"follow","max-snippet":"max-snippet:-1","max-image-preview":"max-image-preview:large","max-video-preview":"max-video-preview:-1"},"canonical":"https:\/\/www.mdi4x4.it\/fr\/prodotto\/grille-interieure-gauche-pour-les-bagages-discovery-2\/","og_locale":"fr_FR","og_type":"article","og_title":"GRILLE INT\u00c9RIEURE GAUCHE POUR LES BAGAGES DISCOVERY 2 - MDI 4x4","og_description":"Fabriqu\u00e9 en t\u00f4le de 1,5 mm d'\u00e9paisseur, il est peint en noir gaufr\u00e9. Le montage s'effectue sur les trous existants dans l'habitacle.","og_url":"https:\/\/www.mdi4x4.it\/fr\/prodotto\/grille-interieure-gauche-pour-les-bagages-discovery-2\/","og_site_name":"MDI 4x4","article_modified_time":"2026-01-27T14:36:21+00:00","og_image":[{"width":600,"height":600,"url":"https:\/\/www.mdi4x4.it\/wp-content\/uploads\/2023\/09\/GRATA-INTERNA-SX-PER-BAGAGLIO-DISCOVERY-2.png","type":"image\/png"}],"schema":{"@context":"https:\/\/schema.org","@graph":[{"@type":"WebPage","@id":"https:\/\/www.mdi4x4.it\/fr\/prodotto\/grille-interieure-gauche-pour-les-bagages-discovery-2\/","url":"https:\/\/www.mdi4x4.it\/fr\/prodotto\/grille-interieure-gauche-pour-les-bagages-discovery-2\/","name":"GRILLE INT\u00c9RIEURE GAUCHE POUR LES BAGAGES DISCOVERY 2 - MDI 4x4","isPartOf":{"@id":"https:\/\/www.mdi4x4.it\/fr\/#website"},"datePublished":"2023-09-12T14:50:58+00:00","dateModified":"2026-01-27T14:36:21+00:00","description":"Fabriqu\u00e9 en t\u00f4le de 1,5 mm d'\u00e9paisseur, il est peint en noir gaufr\u00e9. Le montage s'effectue sur les trous existants dans l'habitacle.","breadcrumb":{"@id":"https:\/\/www.mdi4x4.it\/fr\/prodotto\/grille-interieure-gauche-pour-les-bagages-discovery-2\/#breadcrumb"},"inLanguage":"fr-FR","potentialAction":[{"@type":"ReadAction","target":["https:\/\/www.mdi4x4.it\/fr\/prodotto\/grille-interieure-gauche-pour-les-bagages-discovery-2\/"]}]},{"@type":"BreadcrumbList","@id":"https:\/\/www.mdi4x4.it\/fr\/prodotto\/grille-interieure-gauche-pour-les-bagages-discovery-2\/#breadcrumb","itemListElement":[{"@type":"ListItem","position":1,"name":"Home","item":"https:\/\/www.mdi4x4.it\/fr\/"},{"@type":"ListItem","position":2,"name":"Boutique","item":"https:\/\/www.mdi4x4.it\/fr\/shop\/"},{"@type":"ListItem","position":3,"name":"GRILLE INT\u00c9RIEURE GAUCHE POUR LES BAGAGES DISCOVERY 2"}]},{"@type":"WebSite","@id":"https:\/\/www.mdi4x4.it\/fr\/#website","url":"https:\/\/www.mdi4x4.it\/fr\/","name":"MDI 4x4","description":"Accessori su misura Land Rover || Toyota","publisher":{"@id":"https:\/\/www.mdi4x4.it\/fr\/#organization"},"potentialAction":[{"@type":"SearchAction","target":{"@type":"EntryPoint","urlTemplate":"https:\/\/www.mdi4x4.it\/fr\/?s={search_term_string}"},"query-input":"required name=search_term_string"}],"inLanguage":"fr-FR"},{"@type":"Organization","@id":"https:\/\/www.mdi4x4.it\/fr\/#organization","name":"MDI 4x4","url":"https:\/\/www.mdi4x4.it\/fr\/","logo":{"@type":"ImageObject","inLanguage":"fr-FR","@id":"https:\/\/www.mdi4x4.it\/fr\/#\/schema\/logo\/image\/","url":"https:\/\/www.mdi4x4.it\/wp-content\/uploads\/2021\/03\/Logo-MDI-ridotto.png","contentUrl":"https:\/\/www.mdi4x4.it\/wp-content\/uploads\/2021\/03\/Logo-MDI-ridotto.png","width":299,"height":200,"caption":"MDI 4x4"},"image":{"@id":"https:\/\/www.mdi4x4.it\/fr\/#\/schema\/logo\/image\/"}}]}},"_links":{"self":[{"href":"https:\/\/www.mdi4x4.it\/fr\/wp-json\/wp\/v2\/product\/6867"}],"collection":[{"href":"https:\/\/www.mdi4x4.it\/fr\/wp-json\/wp\/v2\/product"}],"about":[{"href":"https:\/\/www.mdi4x4.it\/fr\/wp-json\/wp\/v2\/types\/product"}],"wp:featuredmedia":[{"embeddable":true,"href":"https:\/\/www.mdi4x4.it\/fr\/wp-json\/wp\/v2\/media\/6922"}],"wp:attachment":[{"href":"https:\/\/www.mdi4x4.it\/fr\/wp-json\/wp\/v2\/media?parent=6867"}],"wp:term":[{"taxonomy":"product_cat","embeddable":true,"href":"https:\/\/www.mdi4x4.it\/fr\/wp-json\/wp\/v2\/product_cat?post=6867"},{"taxonomy":"product_tag","embeddable":true,"href":"https:\/\/www.mdi4x4.it\/fr\/wp-json\/wp\/v2\/product_tag?post=6867"}],"curies":[{"name":"wp","href":"https:\/\/api.w.org\/{rel}","templated":true}]}}