{"id":6449,"date":"2023-07-17T12:14:39","date_gmt":"2023-07-17T10:14:39","guid":{"rendered":"https:\/\/www.mdi4x4.it\/prodotto\/barre-de-toit-pour-suzuki-jimny\/"},"modified":"2023-08-21T14:57:55","modified_gmt":"2023-08-21T12:57:55","slug":"barre-de-toit-pour-suzuki-jimny","status":"publish","type":"product","link":"https:\/\/www.mdi4x4.it\/fr\/prodotto\/barre-de-toit-pour-suzuki-jimny\/","title":{"rendered":"Barre de toit pour: Suzuki Jimny"},"content":{"rendered":"<div class=\"woocommerce-product-details__short-description\">\n<p><span data-sheets-value=\"{\" data-sheets-userformat=\"{\">Le support est fabriqu\u00e9 en m\u00e9tal de 4 mm et galvanis\u00e9 en blanc et peint en noir gaufr\u00e9 avec une base de 250 mm de chaque c\u00f4t\u00e9, offrant une distribution id\u00e9ale pour la protection des goutti\u00e8res. La barre fournie est fabriqu\u00e9e en aluminium structurel 60x30x1400 de couleur noire gaufr\u00e9e.<br \/>\n<\/span><\/p>\n<p><span data-sheets-value=\"{\" data-sheets-userformat=\"{\">Pour une tente \u00e0 toit rigide, 3 barres sont suffisantes, 2 barres conviennent pour une tente pliante.<\/span><\/p>\n<p>La barre est fournie avec tout le mat\u00e9riel de montage.<\/p>\n<p>La longueur de mm 1400 est ext\u00e9rieure et peut \u00eatre coup\u00e9e \u00e0 la taille souhait\u00e9e.<\/p>\n<p>PRIX PAR PI\u00c8CE<\/p>\n<\/div>\n","protected":false},"excerpt":{"rendered":"<p><span data-sheets-value=\"{\" data-sheets-userformat=\"{\">Le support est fabriqu\u00e9 en m\u00e9tal de 4 mm et galvanis\u00e9 en blanc et peint en noir gaufr\u00e9 avec une base de 250 mm de chaque c\u00f4t\u00e9, offrant une distribution id\u00e9ale pour la protection des goutti\u00e8res. La barre fournie est fabriqu\u00e9e en aluminium structurel 60x30x1400 de couleur noire gaufr\u00e9e.<br \/>\n<\/span><\/p>\n<p><span data-sheets-value=\"{\" data-sheets-userformat=\"{\">Pour une tente \u00e0 toit rigide, 3 barres sont suffisantes, 2 barres conviennent pour une tente pliante.<\/span><\/p>\n<p>la barre est fournie avec tout le mat\u00e9riel de montage.<\/p>\n<p>La longueur de mm 1400 est ext\u00e9rieure et peut \u00eatre coup\u00e9e \u00e0 la taille souhait\u00e9e.<\/p>\n<p>PRIX PAR PI\u00c8CE<\/p>\n","protected":false},"featured_media":6435,"template":"","meta":{"_eb_attr":""},"product_cat":[1178,1154,1151],"product_tag":[686],"yoast_head":"<!-- This site is optimized with the Yoast SEO plugin v22.1 - https:\/\/yoast.com\/wordpress\/plugins\/seo\/ -->\n<title>Barre de toit pour: Suzuki Jimny - MDI 4x4<\/title>\n<meta name=\"description\" content=\"Le support est fabriqu\u00e9 en m\u00e9tal de 4 mm, galvanis\u00e9 en blanc et peint en noir. La barre est fournie avec tout le mat\u00e9riel de montage\" \/>\n<meta name=\"robots\" content=\"index, follow, max-snippet:-1, max-image-preview:large, max-video-preview:-1\" \/>\n<link rel=\"canonical\" href=\"https:\/\/www.mdi4x4.it\/fr\/prodotto\/barre-de-toit-pour-suzuki-jimny\/\" \/>\n<meta property=\"og:locale\" content=\"fr_FR\" \/>\n<meta property=\"og:type\" content=\"article\" \/>\n<meta property=\"og:title\" content=\"Barre de toit pour: Suzuki Jimny - MDI 4x4\" \/>\n<meta property=\"og:description\" content=\"Le support est fabriqu\u00e9 en m\u00e9tal de 4 mm, galvanis\u00e9 en blanc et peint en noir. La barre est fournie avec tout le mat\u00e9riel de montage\" \/>\n<meta property=\"og:url\" content=\"https:\/\/www.mdi4x4.it\/fr\/prodotto\/barre-de-toit-pour-suzuki-jimny\/\" \/>\n<meta property=\"og:site_name\" content=\"MDI 4x4\" \/>\n<meta property=\"article:modified_time\" content=\"2023-08-21T12:57:55+00:00\" \/>\n<meta property=\"og:image\" content=\"https:\/\/www.mdi4x4.it\/wp-content\/uploads\/2023\/07\/Barra-da-tetto-per-Suzuki-Jimny.jpg\" \/>\n\t<meta property=\"og:image:width\" content=\"600\" \/>\n\t<meta property=\"og:image:height\" content=\"600\" \/>\n\t<meta property=\"og:image:type\" content=\"image\/jpeg\" \/>\n<script type=\"application\/ld+json\" class=\"yoast-schema-graph\">{\"@context\":\"https:\/\/schema.org\",\"@graph\":[{\"@type\":\"WebPage\",\"@id\":\"https:\/\/www.mdi4x4.it\/fr\/prodotto\/barre-de-toit-pour-suzuki-jimny\/\",\"url\":\"https:\/\/www.mdi4x4.it\/fr\/prodotto\/barre-de-toit-pour-suzuki-jimny\/\",\"name\":\"Barre de toit pour: Suzuki Jimny - MDI 4x4\",\"isPartOf\":{\"@id\":\"https:\/\/www.mdi4x4.it\/fr\/#website\"},\"datePublished\":\"2023-07-17T10:14:39+00:00\",\"dateModified\":\"2023-08-21T12:57:55+00:00\",\"description\":\"Le support est fabriqu\u00e9 en m\u00e9tal de 4 mm, galvanis\u00e9 en blanc et peint en noir. La barre est fournie avec tout le mat\u00e9riel de montage\",\"breadcrumb\":{\"@id\":\"https:\/\/www.mdi4x4.it\/fr\/prodotto\/barre-de-toit-pour-suzuki-jimny\/#breadcrumb\"},\"inLanguage\":\"fr-FR\",\"potentialAction\":[{\"@type\":\"ReadAction\",\"target\":[\"https:\/\/www.mdi4x4.it\/fr\/prodotto\/barre-de-toit-pour-suzuki-jimny\/\"]}]},{\"@type\":\"BreadcrumbList\",\"@id\":\"https:\/\/www.mdi4x4.it\/fr\/prodotto\/barre-de-toit-pour-suzuki-jimny\/#breadcrumb\",\"itemListElement\":[{\"@type\":\"ListItem\",\"position\":1,\"name\":\"Home\",\"item\":\"https:\/\/www.mdi4x4.it\/fr\/\"},{\"@type\":\"ListItem\",\"position\":2,\"name\":\"Boutique\",\"item\":\"https:\/\/www.mdi4x4.it\/fr\/shop\/\"},{\"@type\":\"ListItem\",\"position\":3,\"name\":\"Barre de toit pour: Suzuki Jimny\"}]},{\"@type\":\"WebSite\",\"@id\":\"https:\/\/www.mdi4x4.it\/fr\/#website\",\"url\":\"https:\/\/www.mdi4x4.it\/fr\/\",\"name\":\"MDI 4x4\",\"description\":\"Accessori su misura Land Rover || Toyota\",\"publisher\":{\"@id\":\"https:\/\/www.mdi4x4.it\/fr\/#organization\"},\"potentialAction\":[{\"@type\":\"SearchAction\",\"target\":{\"@type\":\"EntryPoint\",\"urlTemplate\":\"https:\/\/www.mdi4x4.it\/fr\/?s={search_term_string}\"},\"query-input\":\"required name=search_term_string\"}],\"inLanguage\":\"fr-FR\"},{\"@type\":\"Organization\",\"@id\":\"https:\/\/www.mdi4x4.it\/fr\/#organization\",\"name\":\"MDI 4x4\",\"url\":\"https:\/\/www.mdi4x4.it\/fr\/\",\"logo\":{\"@type\":\"ImageObject\",\"inLanguage\":\"fr-FR\",\"@id\":\"https:\/\/www.mdi4x4.it\/fr\/#\/schema\/logo\/image\/\",\"url\":\"https:\/\/www.mdi4x4.it\/wp-content\/uploads\/2021\/03\/Logo-MDI-ridotto.png\",\"contentUrl\":\"https:\/\/www.mdi4x4.it\/wp-content\/uploads\/2021\/03\/Logo-MDI-ridotto.png\",\"width\":299,\"height\":200,\"caption\":\"MDI 4x4\"},\"image\":{\"@id\":\"https:\/\/www.mdi4x4.it\/fr\/#\/schema\/logo\/image\/\"}}]}<\/script>\n<!-- \/ Yoast SEO plugin. -->","yoast_head_json":{"title":"Barre de toit pour: Suzuki Jimny - MDI 4x4","description":"Le support est fabriqu\u00e9 en m\u00e9tal de 4 mm, galvanis\u00e9 en blanc et peint en noir. La barre est fournie avec tout le mat\u00e9riel de montage","robots":{"index":"index","follow":"follow","max-snippet":"max-snippet:-1","max-image-preview":"max-image-preview:large","max-video-preview":"max-video-preview:-1"},"canonical":"https:\/\/www.mdi4x4.it\/fr\/prodotto\/barre-de-toit-pour-suzuki-jimny\/","og_locale":"fr_FR","og_type":"article","og_title":"Barre de toit pour: Suzuki Jimny - MDI 4x4","og_description":"Le support est fabriqu\u00e9 en m\u00e9tal de 4 mm, galvanis\u00e9 en blanc et peint en noir. La barre est fournie avec tout le mat\u00e9riel de montage","og_url":"https:\/\/www.mdi4x4.it\/fr\/prodotto\/barre-de-toit-pour-suzuki-jimny\/","og_site_name":"MDI 4x4","article_modified_time":"2023-08-21T12:57:55+00:00","og_image":[{"width":600,"height":600,"url":"https:\/\/www.mdi4x4.it\/wp-content\/uploads\/2023\/07\/Barra-da-tetto-per-Suzuki-Jimny.jpg","type":"image\/jpeg"}],"schema":{"@context":"https:\/\/schema.org","@graph":[{"@type":"WebPage","@id":"https:\/\/www.mdi4x4.it\/fr\/prodotto\/barre-de-toit-pour-suzuki-jimny\/","url":"https:\/\/www.mdi4x4.it\/fr\/prodotto\/barre-de-toit-pour-suzuki-jimny\/","name":"Barre de toit pour: Suzuki Jimny - MDI 4x4","isPartOf":{"@id":"https:\/\/www.mdi4x4.it\/fr\/#website"},"datePublished":"2023-07-17T10:14:39+00:00","dateModified":"2023-08-21T12:57:55+00:00","description":"Le support est fabriqu\u00e9 en m\u00e9tal de 4 mm, galvanis\u00e9 en blanc et peint en noir. La barre est fournie avec tout le mat\u00e9riel de montage","breadcrumb":{"@id":"https:\/\/www.mdi4x4.it\/fr\/prodotto\/barre-de-toit-pour-suzuki-jimny\/#breadcrumb"},"inLanguage":"fr-FR","potentialAction":[{"@type":"ReadAction","target":["https:\/\/www.mdi4x4.it\/fr\/prodotto\/barre-de-toit-pour-suzuki-jimny\/"]}]},{"@type":"BreadcrumbList","@id":"https:\/\/www.mdi4x4.it\/fr\/prodotto\/barre-de-toit-pour-suzuki-jimny\/#breadcrumb","itemListElement":[{"@type":"ListItem","position":1,"name":"Home","item":"https:\/\/www.mdi4x4.it\/fr\/"},{"@type":"ListItem","position":2,"name":"Boutique","item":"https:\/\/www.mdi4x4.it\/fr\/shop\/"},{"@type":"ListItem","position":3,"name":"Barre de toit pour: Suzuki Jimny"}]},{"@type":"WebSite","@id":"https:\/\/www.mdi4x4.it\/fr\/#website","url":"https:\/\/www.mdi4x4.it\/fr\/","name":"MDI 4x4","description":"Accessori su misura Land Rover || Toyota","publisher":{"@id":"https:\/\/www.mdi4x4.it\/fr\/#organization"},"potentialAction":[{"@type":"SearchAction","target":{"@type":"EntryPoint","urlTemplate":"https:\/\/www.mdi4x4.it\/fr\/?s={search_term_string}"},"query-input":"required name=search_term_string"}],"inLanguage":"fr-FR"},{"@type":"Organization","@id":"https:\/\/www.mdi4x4.it\/fr\/#organization","name":"MDI 4x4","url":"https:\/\/www.mdi4x4.it\/fr\/","logo":{"@type":"ImageObject","inLanguage":"fr-FR","@id":"https:\/\/www.mdi4x4.it\/fr\/#\/schema\/logo\/image\/","url":"https:\/\/www.mdi4x4.it\/wp-content\/uploads\/2021\/03\/Logo-MDI-ridotto.png","contentUrl":"https:\/\/www.mdi4x4.it\/wp-content\/uploads\/2021\/03\/Logo-MDI-ridotto.png","width":299,"height":200,"caption":"MDI 4x4"},"image":{"@id":"https:\/\/www.mdi4x4.it\/fr\/#\/schema\/logo\/image\/"}}]}},"_links":{"self":[{"href":"https:\/\/www.mdi4x4.it\/fr\/wp-json\/wp\/v2\/product\/6449"}],"collection":[{"href":"https:\/\/www.mdi4x4.it\/fr\/wp-json\/wp\/v2\/product"}],"about":[{"href":"https:\/\/www.mdi4x4.it\/fr\/wp-json\/wp\/v2\/types\/product"}],"wp:featuredmedia":[{"embeddable":true,"href":"https:\/\/www.mdi4x4.it\/fr\/wp-json\/wp\/v2\/media\/6435"}],"wp:attachment":[{"href":"https:\/\/www.mdi4x4.it\/fr\/wp-json\/wp\/v2\/media?parent=6449"}],"wp:term":[{"taxonomy":"product_cat","embeddable":true,"href":"https:\/\/www.mdi4x4.it\/fr\/wp-json\/wp\/v2\/product_cat?post=6449"},{"taxonomy":"product_tag","embeddable":true,"href":"https:\/\/www.mdi4x4.it\/fr\/wp-json\/wp\/v2\/product_tag?post=6449"}],"curies":[{"name":"wp","href":"https:\/\/api.w.org\/{rel}","templated":true}]}}