{"id":5699,"date":"2023-03-03T17:32:37","date_gmt":"2023-03-03T16:32:37","guid":{"rendered":"https:\/\/www.mdi4x4.it\/?post_type=product&#038;p=5699"},"modified":"2023-03-06T11:17:41","modified_gmt":"2023-03-06T10:17:41","slug":"support-dantenne-pour-support-de-roue-de-discovery-1-2","status":"publish","type":"product","link":"https:\/\/www.mdi4x4.it\/fr\/prodotto\/support-dantenne-pour-support-de-roue-de-discovery-1-2\/","title":{"rendered":"SUPPORT D&#8217;ANTENNE POUR SUPPORT DE ROUE DE DISCOVERY 1-2"},"content":{"rendered":"<p><span class=\"HwtZe\" lang=\"en\"><span class=\"jCAhz ChMk0b\"><span class=\"ryNqvb\">Fabriqu\u00e9 en acier inoxydable de 5 mm<\/span><\/span> <\/span><\/p>\n<p><span class=\"HwtZe\" lang=\"en\"><span class=\"jCAhz ChMk0b\"><span class=\"ryNqvb\">Le support d&#8217;antenne est fix\u00e9 sur le c\u00f4t\u00e9 int\u00e9rieur du support de roue \u00e0 l&#8217;aide de deux vis 8. (ATTENTION \u00c0 L&#8217;ESSUIE-GLACE ARRI\u00c8RE)<\/span><\/span><\/span><\/p>\n<p><span class=\"HwtZe\" lang=\"en\"> <span class=\"jCAhz ChMk0b\"><span class=\"ryNqvb\">En plus de l&#8217;antenne, un projecteur de courtoisie ou la cam\u00e9ra de recul peuvent \u00e9galement \u00eatre mont\u00e9s sur le support de l&#8217;antenne.<\/span><\/span><\/span><\/p>\n","protected":false},"excerpt":{"rendered":"<p><span class=\"HwtZe\" lang=\"en\"><span class=\"jCAhz ChMk0b\"><span class=\"ryNqvb\">Fabriqu\u00e9 en acier inoxydable de 5 mm<\/span><\/span> <\/span><\/p>\n<p><span class=\"HwtZe\" lang=\"en\"><span class=\"jCAhz ChMk0b\"><span class=\"ryNqvb\">Le support d&#8217;antenne est fix\u00e9 sur le c\u00f4t\u00e9 int\u00e9rieur du support de roue \u00e0 l&#8217;aide de deux vis 8. (ATTENTION \u00c0 L&#8217;ESSUIE-GLACE ARRI\u00c8RE)<\/span><\/span><\/span><\/p>\n<p><span class=\"HwtZe\" lang=\"en\"> <span class=\"jCAhz ChMk0b\"><span class=\"ryNqvb\">En plus de l&#8217;antenne, un projecteur de courtoisie ou la cam\u00e9ra de recul peuvent \u00e9galement \u00eatre mont\u00e9s sur le support de l&#8217;antenne.<\/span><\/span><\/span><\/p>\n","protected":false},"featured_media":5736,"template":"","meta":{"_eb_attr":""},"product_cat":[664,665,649,662,663,661],"product_tag":[660],"yoast_head":"<!-- This site is optimized with the Yoast SEO plugin v22.1 - https:\/\/yoast.com\/wordpress\/plugins\/seo\/ -->\n<title>SUPPORT D&#039;ANTENNE POUR SUPPORT DE ROUE DE DISCOVERY 1-2 - MDI 4x4<\/title>\n<meta name=\"description\" content=\"Fabriqu\u00e9 en acier inoxydable de 5 mm. En plus de l&#039;antenne, un projecteur de courtoisie ou la cam\u00e9ra de recul peuvent \u00e9galement \u00eatre mont\u00e9s sur le support de l&#039;antenne.\" \/>\n<meta name=\"robots\" content=\"index, follow, max-snippet:-1, max-image-preview:large, max-video-preview:-1\" \/>\n<link rel=\"canonical\" href=\"https:\/\/www.mdi4x4.it\/fr\/prodotto\/support-dantenne-pour-support-de-roue-de-discovery-1-2\/\" \/>\n<meta property=\"og:locale\" content=\"fr_FR\" \/>\n<meta property=\"og:type\" content=\"article\" \/>\n<meta property=\"og:title\" content=\"SUPPORT D&#039;ANTENNE POUR SUPPORT DE ROUE DE DISCOVERY 1-2 - MDI 4x4\" \/>\n<meta property=\"og:description\" content=\"Fabriqu\u00e9 en acier inoxydable de 5 mm. En plus de l&#039;antenne, un projecteur de courtoisie ou la cam\u00e9ra de recul peuvent \u00e9galement \u00eatre mont\u00e9s sur le support de l&#039;antenne.\" \/>\n<meta property=\"og:url\" content=\"https:\/\/www.mdi4x4.it\/fr\/prodotto\/support-dantenne-pour-support-de-roue-de-discovery-1-2\/\" \/>\n<meta property=\"og:site_name\" content=\"MDI 4x4\" \/>\n<meta property=\"article:modified_time\" content=\"2023-03-06T10:17:41+00:00\" \/>\n<meta property=\"og:image\" content=\"https:\/\/www.mdi4x4.it\/wp-content\/uploads\/2023\/03\/Supporto-per-antenna-per-portaruota-Discovery-1-2.jpg\" \/>\n\t<meta property=\"og:image:width\" content=\"600\" \/>\n\t<meta property=\"og:image:height\" content=\"600\" \/>\n\t<meta property=\"og:image:type\" content=\"image\/jpeg\" \/>\n<script type=\"application\/ld+json\" class=\"yoast-schema-graph\">{\"@context\":\"https:\/\/schema.org\",\"@graph\":[{\"@type\":\"WebPage\",\"@id\":\"https:\/\/www.mdi4x4.it\/fr\/prodotto\/support-dantenne-pour-support-de-roue-de-discovery-1-2\/\",\"url\":\"https:\/\/www.mdi4x4.it\/fr\/prodotto\/support-dantenne-pour-support-de-roue-de-discovery-1-2\/\",\"name\":\"SUPPORT D'ANTENNE POUR SUPPORT DE ROUE DE DISCOVERY 1-2 - MDI 4x4\",\"isPartOf\":{\"@id\":\"https:\/\/www.mdi4x4.it\/fr\/#website\"},\"datePublished\":\"2023-03-03T16:32:37+00:00\",\"dateModified\":\"2023-03-06T10:17:41+00:00\",\"description\":\"Fabriqu\u00e9 en acier inoxydable de 5 mm. En plus de l'antenne, un projecteur de courtoisie ou la cam\u00e9ra de recul peuvent \u00e9galement \u00eatre mont\u00e9s sur le support de l'antenne.\",\"breadcrumb\":{\"@id\":\"https:\/\/www.mdi4x4.it\/fr\/prodotto\/support-dantenne-pour-support-de-roue-de-discovery-1-2\/#breadcrumb\"},\"inLanguage\":\"fr-FR\",\"potentialAction\":[{\"@type\":\"ReadAction\",\"target\":[\"https:\/\/www.mdi4x4.it\/fr\/prodotto\/support-dantenne-pour-support-de-roue-de-discovery-1-2\/\"]}]},{\"@type\":\"BreadcrumbList\",\"@id\":\"https:\/\/www.mdi4x4.it\/fr\/prodotto\/support-dantenne-pour-support-de-roue-de-discovery-1-2\/#breadcrumb\",\"itemListElement\":[{\"@type\":\"ListItem\",\"position\":1,\"name\":\"Home\",\"item\":\"https:\/\/www.mdi4x4.it\/fr\/\"},{\"@type\":\"ListItem\",\"position\":2,\"name\":\"Boutique\",\"item\":\"https:\/\/www.mdi4x4.it\/fr\/shop\/\"},{\"@type\":\"ListItem\",\"position\":3,\"name\":\"SUPPORT D&#8217;ANTENNE POUR SUPPORT DE ROUE DE DISCOVERY 1-2\"}]},{\"@type\":\"WebSite\",\"@id\":\"https:\/\/www.mdi4x4.it\/fr\/#website\",\"url\":\"https:\/\/www.mdi4x4.it\/fr\/\",\"name\":\"MDI 4x4\",\"description\":\"Accessori su misura Land Rover || Toyota\",\"publisher\":{\"@id\":\"https:\/\/www.mdi4x4.it\/fr\/#organization\"},\"potentialAction\":[{\"@type\":\"SearchAction\",\"target\":{\"@type\":\"EntryPoint\",\"urlTemplate\":\"https:\/\/www.mdi4x4.it\/fr\/?s={search_term_string}\"},\"query-input\":\"required name=search_term_string\"}],\"inLanguage\":\"fr-FR\"},{\"@type\":\"Organization\",\"@id\":\"https:\/\/www.mdi4x4.it\/fr\/#organization\",\"name\":\"MDI 4x4\",\"url\":\"https:\/\/www.mdi4x4.it\/fr\/\",\"logo\":{\"@type\":\"ImageObject\",\"inLanguage\":\"fr-FR\",\"@id\":\"https:\/\/www.mdi4x4.it\/fr\/#\/schema\/logo\/image\/\",\"url\":\"https:\/\/www.mdi4x4.it\/wp-content\/uploads\/2021\/03\/Logo-MDI-ridotto.png\",\"contentUrl\":\"https:\/\/www.mdi4x4.it\/wp-content\/uploads\/2021\/03\/Logo-MDI-ridotto.png\",\"width\":299,\"height\":200,\"caption\":\"MDI 4x4\"},\"image\":{\"@id\":\"https:\/\/www.mdi4x4.it\/fr\/#\/schema\/logo\/image\/\"}}]}<\/script>\n<!-- \/ Yoast SEO plugin. -->","yoast_head_json":{"title":"SUPPORT D'ANTENNE POUR SUPPORT DE ROUE DE DISCOVERY 1-2 - MDI 4x4","description":"Fabriqu\u00e9 en acier inoxydable de 5 mm. En plus de l'antenne, un projecteur de courtoisie ou la cam\u00e9ra de recul peuvent \u00e9galement \u00eatre mont\u00e9s sur le support de l'antenne.","robots":{"index":"index","follow":"follow","max-snippet":"max-snippet:-1","max-image-preview":"max-image-preview:large","max-video-preview":"max-video-preview:-1"},"canonical":"https:\/\/www.mdi4x4.it\/fr\/prodotto\/support-dantenne-pour-support-de-roue-de-discovery-1-2\/","og_locale":"fr_FR","og_type":"article","og_title":"SUPPORT D'ANTENNE POUR SUPPORT DE ROUE DE DISCOVERY 1-2 - MDI 4x4","og_description":"Fabriqu\u00e9 en acier inoxydable de 5 mm. En plus de l'antenne, un projecteur de courtoisie ou la cam\u00e9ra de recul peuvent \u00e9galement \u00eatre mont\u00e9s sur le support de l'antenne.","og_url":"https:\/\/www.mdi4x4.it\/fr\/prodotto\/support-dantenne-pour-support-de-roue-de-discovery-1-2\/","og_site_name":"MDI 4x4","article_modified_time":"2023-03-06T10:17:41+00:00","og_image":[{"width":600,"height":600,"url":"https:\/\/www.mdi4x4.it\/wp-content\/uploads\/2023\/03\/Supporto-per-antenna-per-portaruota-Discovery-1-2.jpg","type":"image\/jpeg"}],"schema":{"@context":"https:\/\/schema.org","@graph":[{"@type":"WebPage","@id":"https:\/\/www.mdi4x4.it\/fr\/prodotto\/support-dantenne-pour-support-de-roue-de-discovery-1-2\/","url":"https:\/\/www.mdi4x4.it\/fr\/prodotto\/support-dantenne-pour-support-de-roue-de-discovery-1-2\/","name":"SUPPORT D'ANTENNE POUR SUPPORT DE ROUE DE DISCOVERY 1-2 - MDI 4x4","isPartOf":{"@id":"https:\/\/www.mdi4x4.it\/fr\/#website"},"datePublished":"2023-03-03T16:32:37+00:00","dateModified":"2023-03-06T10:17:41+00:00","description":"Fabriqu\u00e9 en acier inoxydable de 5 mm. En plus de l'antenne, un projecteur de courtoisie ou la cam\u00e9ra de recul peuvent \u00e9galement \u00eatre mont\u00e9s sur le support de l'antenne.","breadcrumb":{"@id":"https:\/\/www.mdi4x4.it\/fr\/prodotto\/support-dantenne-pour-support-de-roue-de-discovery-1-2\/#breadcrumb"},"inLanguage":"fr-FR","potentialAction":[{"@type":"ReadAction","target":["https:\/\/www.mdi4x4.it\/fr\/prodotto\/support-dantenne-pour-support-de-roue-de-discovery-1-2\/"]}]},{"@type":"BreadcrumbList","@id":"https:\/\/www.mdi4x4.it\/fr\/prodotto\/support-dantenne-pour-support-de-roue-de-discovery-1-2\/#breadcrumb","itemListElement":[{"@type":"ListItem","position":1,"name":"Home","item":"https:\/\/www.mdi4x4.it\/fr\/"},{"@type":"ListItem","position":2,"name":"Boutique","item":"https:\/\/www.mdi4x4.it\/fr\/shop\/"},{"@type":"ListItem","position":3,"name":"SUPPORT D&#8217;ANTENNE POUR SUPPORT DE ROUE DE DISCOVERY 1-2"}]},{"@type":"WebSite","@id":"https:\/\/www.mdi4x4.it\/fr\/#website","url":"https:\/\/www.mdi4x4.it\/fr\/","name":"MDI 4x4","description":"Accessori su misura Land Rover || Toyota","publisher":{"@id":"https:\/\/www.mdi4x4.it\/fr\/#organization"},"potentialAction":[{"@type":"SearchAction","target":{"@type":"EntryPoint","urlTemplate":"https:\/\/www.mdi4x4.it\/fr\/?s={search_term_string}"},"query-input":"required name=search_term_string"}],"inLanguage":"fr-FR"},{"@type":"Organization","@id":"https:\/\/www.mdi4x4.it\/fr\/#organization","name":"MDI 4x4","url":"https:\/\/www.mdi4x4.it\/fr\/","logo":{"@type":"ImageObject","inLanguage":"fr-FR","@id":"https:\/\/www.mdi4x4.it\/fr\/#\/schema\/logo\/image\/","url":"https:\/\/www.mdi4x4.it\/wp-content\/uploads\/2021\/03\/Logo-MDI-ridotto.png","contentUrl":"https:\/\/www.mdi4x4.it\/wp-content\/uploads\/2021\/03\/Logo-MDI-ridotto.png","width":299,"height":200,"caption":"MDI 4x4"},"image":{"@id":"https:\/\/www.mdi4x4.it\/fr\/#\/schema\/logo\/image\/"}}]}},"_links":{"self":[{"href":"https:\/\/www.mdi4x4.it\/fr\/wp-json\/wp\/v2\/product\/5699"}],"collection":[{"href":"https:\/\/www.mdi4x4.it\/fr\/wp-json\/wp\/v2\/product"}],"about":[{"href":"https:\/\/www.mdi4x4.it\/fr\/wp-json\/wp\/v2\/types\/product"}],"wp:featuredmedia":[{"embeddable":true,"href":"https:\/\/www.mdi4x4.it\/fr\/wp-json\/wp\/v2\/media\/5736"}],"wp:attachment":[{"href":"https:\/\/www.mdi4x4.it\/fr\/wp-json\/wp\/v2\/media?parent=5699"}],"wp:term":[{"taxonomy":"product_cat","embeddable":true,"href":"https:\/\/www.mdi4x4.it\/fr\/wp-json\/wp\/v2\/product_cat?post=5699"},{"taxonomy":"product_tag","embeddable":true,"href":"https:\/\/www.mdi4x4.it\/fr\/wp-json\/wp\/v2\/product_tag?post=5699"}],"curies":[{"name":"wp","href":"https:\/\/api.w.org\/{rel}","templated":true}]}}