{"id":4845,"date":"2022-10-03T15:39:48","date_gmt":"2022-10-03T13:39:48","guid":{"rendered":"https:\/\/www.mdi4x4.it\/?post_type=product&#038;p=4845"},"modified":"2022-12-07T11:45:31","modified_gmt":"2022-12-07T10:45:31","slug":"tapis-arriere-pour-discovery-2-h-3-cm","status":"publish","type":"product","link":"https:\/\/www.mdi4x4.it\/fr\/prodotto\/tapis-arriere-pour-discovery-2-h-3-cm\/","title":{"rendered":"Tapis arri\u00e8re pour Discovery 2 &#8211; h 3 cm"},"content":{"rendered":"<p><span data-sheets-value=\"{\" data-sheets-userformat=\"{\">R\u00e9alis\u00e9 en t\u00f4le de 5 mm d&#8217;\u00e9paisseur h 3 cm<\/span><\/p>\n<p>Il est galvanis\u00e9 \u00e0 froid et fourni avec 4 vis selon l&#8217;\u00e9paisseur.<\/p>\n","protected":false},"excerpt":{"rendered":"<p><span data-sheets-value=\"{\" data-sheets-userformat=\"{\">R\u00e9alis\u00e9 en t\u00f4le de 5 mm d&#8217;\u00e9paisseur h 3 cm<\/span><\/p>\n<p>Il est galvanis\u00e9 \u00e0 froid et fourni avec 4 vis selon l&#8217;\u00e9paisseur.<\/p>\n","protected":false},"featured_media":2957,"template":"","meta":{"_eb_attr":""},"product_cat":[702,663,661],"product_tag":[1033],"yoast_head":"<!-- This site is optimized with the Yoast SEO plugin v22.1 - https:\/\/yoast.com\/wordpress\/plugins\/seo\/ -->\n<title>Tapis arri\u00e8re pour Discovery 2 - h 3 cm - MDI 4x4<\/title>\n<meta name=\"description\" content=\"R\u00e9alis\u00e9 en t\u00f4le de 5 mm d&#039;\u00e9paisseur h 3 cm. Il est galvanis\u00e9 \u00e0 froid et fourni avec 4 vis selon l&#039;\u00e9paisseur.\" \/>\n<meta name=\"robots\" content=\"index, follow, max-snippet:-1, max-image-preview:large, max-video-preview:-1\" \/>\n<link rel=\"canonical\" href=\"https:\/\/www.mdi4x4.it\/fr\/prodotto\/tapis-arriere-pour-discovery-2-h-3-cm\/\" \/>\n<meta property=\"og:locale\" content=\"fr_FR\" \/>\n<meta property=\"og:type\" content=\"article\" \/>\n<meta property=\"og:title\" content=\"Tapis arri\u00e8re pour Discovery 2 - h 3 cm - MDI 4x4\" \/>\n<meta property=\"og:description\" content=\"R\u00e9alis\u00e9 en t\u00f4le de 5 mm d&#039;\u00e9paisseur h 3 cm. Il est galvanis\u00e9 \u00e0 froid et fourni avec 4 vis selon l&#039;\u00e9paisseur.\" \/>\n<meta property=\"og:url\" content=\"https:\/\/www.mdi4x4.it\/fr\/prodotto\/tapis-arriere-pour-discovery-2-h-3-cm\/\" \/>\n<meta property=\"og:site_name\" content=\"MDI 4x4\" \/>\n<meta property=\"article:modified_time\" content=\"2022-12-07T10:45:31+00:00\" \/>\n<meta property=\"og:image\" content=\"https:\/\/www.mdi4x4.it\/wp-content\/uploads\/2022\/08\/Sottomolla-posteriore-per-Discovery-2.jpg\" \/>\n\t<meta property=\"og:image:width\" content=\"600\" \/>\n\t<meta property=\"og:image:height\" content=\"600\" \/>\n\t<meta property=\"og:image:type\" content=\"image\/jpeg\" \/>\n<script type=\"application\/ld+json\" class=\"yoast-schema-graph\">{\"@context\":\"https:\/\/schema.org\",\"@graph\":[{\"@type\":\"WebPage\",\"@id\":\"https:\/\/www.mdi4x4.it\/fr\/prodotto\/tapis-arriere-pour-discovery-2-h-3-cm\/\",\"url\":\"https:\/\/www.mdi4x4.it\/fr\/prodotto\/tapis-arriere-pour-discovery-2-h-3-cm\/\",\"name\":\"Tapis arri\u00e8re pour Discovery 2 - h 3 cm - MDI 4x4\",\"isPartOf\":{\"@id\":\"https:\/\/www.mdi4x4.it\/fr\/#website\"},\"datePublished\":\"2022-10-03T13:39:48+00:00\",\"dateModified\":\"2022-12-07T10:45:31+00:00\",\"description\":\"R\u00e9alis\u00e9 en t\u00f4le de 5 mm d'\u00e9paisseur h 3 cm. Il est galvanis\u00e9 \u00e0 froid et fourni avec 4 vis selon l'\u00e9paisseur.\",\"breadcrumb\":{\"@id\":\"https:\/\/www.mdi4x4.it\/fr\/prodotto\/tapis-arriere-pour-discovery-2-h-3-cm\/#breadcrumb\"},\"inLanguage\":\"fr-FR\",\"potentialAction\":[{\"@type\":\"ReadAction\",\"target\":[\"https:\/\/www.mdi4x4.it\/fr\/prodotto\/tapis-arriere-pour-discovery-2-h-3-cm\/\"]}]},{\"@type\":\"BreadcrumbList\",\"@id\":\"https:\/\/www.mdi4x4.it\/fr\/prodotto\/tapis-arriere-pour-discovery-2-h-3-cm\/#breadcrumb\",\"itemListElement\":[{\"@type\":\"ListItem\",\"position\":1,\"name\":\"Home\",\"item\":\"https:\/\/www.mdi4x4.it\/fr\/\"},{\"@type\":\"ListItem\",\"position\":2,\"name\":\"Boutique\",\"item\":\"https:\/\/www.mdi4x4.it\/fr\/shop\/\"},{\"@type\":\"ListItem\",\"position\":3,\"name\":\"Tapis arri\u00e8re pour Discovery 2 &#8211; h 3 cm\"}]},{\"@type\":\"WebSite\",\"@id\":\"https:\/\/www.mdi4x4.it\/fr\/#website\",\"url\":\"https:\/\/www.mdi4x4.it\/fr\/\",\"name\":\"MDI 4x4\",\"description\":\"Accessori su misura Land Rover || Toyota\",\"publisher\":{\"@id\":\"https:\/\/www.mdi4x4.it\/fr\/#organization\"},\"potentialAction\":[{\"@type\":\"SearchAction\",\"target\":{\"@type\":\"EntryPoint\",\"urlTemplate\":\"https:\/\/www.mdi4x4.it\/fr\/?s={search_term_string}\"},\"query-input\":\"required name=search_term_string\"}],\"inLanguage\":\"fr-FR\"},{\"@type\":\"Organization\",\"@id\":\"https:\/\/www.mdi4x4.it\/fr\/#organization\",\"name\":\"MDI 4x4\",\"url\":\"https:\/\/www.mdi4x4.it\/fr\/\",\"logo\":{\"@type\":\"ImageObject\",\"inLanguage\":\"fr-FR\",\"@id\":\"https:\/\/www.mdi4x4.it\/fr\/#\/schema\/logo\/image\/\",\"url\":\"https:\/\/www.mdi4x4.it\/wp-content\/uploads\/2021\/03\/Logo-MDI-ridotto.png\",\"contentUrl\":\"https:\/\/www.mdi4x4.it\/wp-content\/uploads\/2021\/03\/Logo-MDI-ridotto.png\",\"width\":299,\"height\":200,\"caption\":\"MDI 4x4\"},\"image\":{\"@id\":\"https:\/\/www.mdi4x4.it\/fr\/#\/schema\/logo\/image\/\"}}]}<\/script>\n<!-- \/ Yoast SEO plugin. -->","yoast_head_json":{"title":"Tapis arri\u00e8re pour Discovery 2 - h 3 cm - MDI 4x4","description":"R\u00e9alis\u00e9 en t\u00f4le de 5 mm d'\u00e9paisseur h 3 cm. Il est galvanis\u00e9 \u00e0 froid et fourni avec 4 vis selon l'\u00e9paisseur.","robots":{"index":"index","follow":"follow","max-snippet":"max-snippet:-1","max-image-preview":"max-image-preview:large","max-video-preview":"max-video-preview:-1"},"canonical":"https:\/\/www.mdi4x4.it\/fr\/prodotto\/tapis-arriere-pour-discovery-2-h-3-cm\/","og_locale":"fr_FR","og_type":"article","og_title":"Tapis arri\u00e8re pour Discovery 2 - h 3 cm - MDI 4x4","og_description":"R\u00e9alis\u00e9 en t\u00f4le de 5 mm d'\u00e9paisseur h 3 cm. Il est galvanis\u00e9 \u00e0 froid et fourni avec 4 vis selon l'\u00e9paisseur.","og_url":"https:\/\/www.mdi4x4.it\/fr\/prodotto\/tapis-arriere-pour-discovery-2-h-3-cm\/","og_site_name":"MDI 4x4","article_modified_time":"2022-12-07T10:45:31+00:00","og_image":[{"width":600,"height":600,"url":"https:\/\/www.mdi4x4.it\/wp-content\/uploads\/2022\/08\/Sottomolla-posteriore-per-Discovery-2.jpg","type":"image\/jpeg"}],"schema":{"@context":"https:\/\/schema.org","@graph":[{"@type":"WebPage","@id":"https:\/\/www.mdi4x4.it\/fr\/prodotto\/tapis-arriere-pour-discovery-2-h-3-cm\/","url":"https:\/\/www.mdi4x4.it\/fr\/prodotto\/tapis-arriere-pour-discovery-2-h-3-cm\/","name":"Tapis arri\u00e8re pour Discovery 2 - h 3 cm - MDI 4x4","isPartOf":{"@id":"https:\/\/www.mdi4x4.it\/fr\/#website"},"datePublished":"2022-10-03T13:39:48+00:00","dateModified":"2022-12-07T10:45:31+00:00","description":"R\u00e9alis\u00e9 en t\u00f4le de 5 mm d'\u00e9paisseur h 3 cm. Il est galvanis\u00e9 \u00e0 froid et fourni avec 4 vis selon l'\u00e9paisseur.","breadcrumb":{"@id":"https:\/\/www.mdi4x4.it\/fr\/prodotto\/tapis-arriere-pour-discovery-2-h-3-cm\/#breadcrumb"},"inLanguage":"fr-FR","potentialAction":[{"@type":"ReadAction","target":["https:\/\/www.mdi4x4.it\/fr\/prodotto\/tapis-arriere-pour-discovery-2-h-3-cm\/"]}]},{"@type":"BreadcrumbList","@id":"https:\/\/www.mdi4x4.it\/fr\/prodotto\/tapis-arriere-pour-discovery-2-h-3-cm\/#breadcrumb","itemListElement":[{"@type":"ListItem","position":1,"name":"Home","item":"https:\/\/www.mdi4x4.it\/fr\/"},{"@type":"ListItem","position":2,"name":"Boutique","item":"https:\/\/www.mdi4x4.it\/fr\/shop\/"},{"@type":"ListItem","position":3,"name":"Tapis arri\u00e8re pour Discovery 2 &#8211; h 3 cm"}]},{"@type":"WebSite","@id":"https:\/\/www.mdi4x4.it\/fr\/#website","url":"https:\/\/www.mdi4x4.it\/fr\/","name":"MDI 4x4","description":"Accessori su misura Land Rover || Toyota","publisher":{"@id":"https:\/\/www.mdi4x4.it\/fr\/#organization"},"potentialAction":[{"@type":"SearchAction","target":{"@type":"EntryPoint","urlTemplate":"https:\/\/www.mdi4x4.it\/fr\/?s={search_term_string}"},"query-input":"required name=search_term_string"}],"inLanguage":"fr-FR"},{"@type":"Organization","@id":"https:\/\/www.mdi4x4.it\/fr\/#organization","name":"MDI 4x4","url":"https:\/\/www.mdi4x4.it\/fr\/","logo":{"@type":"ImageObject","inLanguage":"fr-FR","@id":"https:\/\/www.mdi4x4.it\/fr\/#\/schema\/logo\/image\/","url":"https:\/\/www.mdi4x4.it\/wp-content\/uploads\/2021\/03\/Logo-MDI-ridotto.png","contentUrl":"https:\/\/www.mdi4x4.it\/wp-content\/uploads\/2021\/03\/Logo-MDI-ridotto.png","width":299,"height":200,"caption":"MDI 4x4"},"image":{"@id":"https:\/\/www.mdi4x4.it\/fr\/#\/schema\/logo\/image\/"}}]}},"_links":{"self":[{"href":"https:\/\/www.mdi4x4.it\/fr\/wp-json\/wp\/v2\/product\/4845"}],"collection":[{"href":"https:\/\/www.mdi4x4.it\/fr\/wp-json\/wp\/v2\/product"}],"about":[{"href":"https:\/\/www.mdi4x4.it\/fr\/wp-json\/wp\/v2\/types\/product"}],"wp:featuredmedia":[{"embeddable":true,"href":"https:\/\/www.mdi4x4.it\/fr\/wp-json\/wp\/v2\/media\/2957"}],"wp:attachment":[{"href":"https:\/\/www.mdi4x4.it\/fr\/wp-json\/wp\/v2\/media?parent=4845"}],"wp:term":[{"taxonomy":"product_cat","embeddable":true,"href":"https:\/\/www.mdi4x4.it\/fr\/wp-json\/wp\/v2\/product_cat?post=4845"},{"taxonomy":"product_tag","embeddable":true,"href":"https:\/\/www.mdi4x4.it\/fr\/wp-json\/wp\/v2\/product_tag?post=4845"}],"curies":[{"name":"wp","href":"https:\/\/api.w.org\/{rel}","templated":true}]}}