{"id":4542,"date":"2022-11-07T10:12:59","date_gmt":"2022-11-07T09:12:59","guid":{"rendered":"https:\/\/www.mdi4x4.it\/prodotto\/porte-bagages-de-toit-pour-discovery-2\/"},"modified":"2025-07-14T13:38:27","modified_gmt":"2025-07-14T11:38:27","slug":"porte-bagages-de-toit-pour-discovery-2","status":"publish","type":"product","link":"https:\/\/www.mdi4x4.it\/fr\/prodotto\/porte-bagages-de-toit-pour-discovery-2\/","title":{"rendered":"Porte-bagages de toit pour Discovery 2"},"content":{"rendered":"<p>Le porte-bagages est fourni en couleur noire gaufr\u00e9e et est \u00e9quip\u00e9 de vis en acier inoxydable.<\/p>\n<p>La partie en fer est d&#8217;abord galvanis\u00e9e pour augmenter la r\u00e9sistance aux chocs et aux intemp\u00e9ries puis elle est peinte.<\/p>\n<p>Les traverses horizontales et avant et arri\u00e8re sont en t\u00f4le caissonn\u00e9e de 1,5 mm, les \u00e9querres sont en t\u00f4le de 3 mm.<\/p>\n<p>Les traverses sont \u00e9quip\u00e9es de fentes sur toute la longueur pour le montage d&#8217;inserts avec bagues inox selon les besoins.<\/p>\n<p>Les rails lat\u00e9raux sont en aluminium de 6 mm, sont pr\u00e9par\u00e9s avec des trous pour le montage de barres LED minces \u00e0 utiliser dans les bivouacs.<\/p>\n<p>L&#8217;avant du porte-bagages peut \u00eatre en trois versions:<\/p>\n<p>&#8211; compl\u00e8tement ferm\u00e9.<\/p>\n<p>&#8211; pr\u00e9dispos\u00e9 pour trois barres LED<\/p>\n<p>&#8211; am\u00e9nag\u00e9 pour une barre LED incurv\u00e9e de 52 pouces<\/p>\n<p>&nbsp;<\/p>\n<p>Poids : environ 45 kg<\/p>\n<p><span class=\"HwtZe\" lang=\"fr\"><span class=\"jCAhz ChMk0b\"><span class=\"ryNqvb\">D\u00c9LAIS DE LIVRAISON 30 JOURS A PARTIR DU PAIEMENT<\/span><\/span><\/span><\/p>\n<p>&nbsp;<\/p>\n","protected":false},"excerpt":{"rendered":"<p><strong><em>&#8211; PRIX PROMOTIONNEL VALABLE JUSQU&#8217;AU 31\/12\/2022 &#8211;<\/em><\/strong><\/p>\n<p>Le porte-bagages est fourni en couleur noire gaufr\u00e9e et est \u00e9quip\u00e9 de vis en acier inoxydable.<\/p>\n<p>La partie en fer est d&#8217;abord galvanis\u00e9e pour augmenter la r\u00e9sistance aux chocs et aux intemp\u00e9ries puis elle est peinte.<\/p>\n<p>Les traverses horizontales et avant et arri\u00e8re sont en t\u00f4le caissonn\u00e9e de 1,5 mm, les \u00e9querres sont en t\u00f4le de 3 mm.<\/p>\n<p>Les traverses sont \u00e9quip\u00e9es de fentes sur toute la longueur pour le montage d&#8217;inserts avec bagues inox selon les besoins.<\/p>\n<p>Les rails lat\u00e9raux sont en aluminium de 6 mm, sont pr\u00e9par\u00e9s avec des trous pour le montage de barres LED minces \u00e0 utiliser dans les bivouacs.<\/p>\n<p>L&#8217;avant du porte-bagages peut \u00eatre en trois versions:<\/p>\n<p>&#8211; compl\u00e8tement ferm\u00e9.<\/p>\n<p>&#8211; pr\u00e9dispos\u00e9 pour trois barres LED<\/p>\n<p>&#8211; am\u00e9nag\u00e9 pour une barre LED incurv\u00e9e de 52 pouces<\/p>\n<p>&nbsp;<\/p>\n<p>Poids : environ 45 kg<\/p>\n<p><span class=\"HwtZe\" lang=\"fr\"><span class=\"jCAhz ChMk0b\"><span class=\"ryNqvb\">D\u00c9LAIS DE LIVRAISON 30 JOURS A PARTIR DU PAIEMENT<\/span><\/span><\/span><\/p>\n","protected":false},"featured_media":4540,"template":"","meta":{"_eb_attr":""},"product_cat":[663,661,986],"product_tag":[988],"yoast_head":"<!-- This site is optimized with the Yoast SEO plugin v22.1 - https:\/\/yoast.com\/wordpress\/plugins\/seo\/ -->\n<title>Porte-bagages de toit pour Discovery 2 - MDI 4x4<\/title>\n<meta name=\"description\" content=\"La partie en fer est d&#039;abord galvanis\u00e9e pour augmenter la r\u00e9sistance aux chocs et aux intemp\u00e9ries, puis peinte.\" \/>\n<meta name=\"robots\" content=\"index, follow, max-snippet:-1, max-image-preview:large, max-video-preview:-1\" \/>\n<link rel=\"canonical\" href=\"https:\/\/www.mdi4x4.it\/fr\/prodotto\/porte-bagages-de-toit-pour-discovery-2\/\" \/>\n<meta property=\"og:locale\" content=\"fr_FR\" \/>\n<meta property=\"og:type\" content=\"article\" \/>\n<meta property=\"og:title\" content=\"Porte-bagages de toit pour Discovery 2 - MDI 4x4\" \/>\n<meta property=\"og:description\" content=\"La partie en fer est d&#039;abord galvanis\u00e9e pour augmenter la r\u00e9sistance aux chocs et aux intemp\u00e9ries, puis peinte.\" \/>\n<meta property=\"og:url\" content=\"https:\/\/www.mdi4x4.it\/fr\/prodotto\/porte-bagages-de-toit-pour-discovery-2\/\" \/>\n<meta property=\"og:site_name\" content=\"MDI 4x4\" \/>\n<meta property=\"article:modified_time\" content=\"2025-07-14T11:38:27+00:00\" \/>\n<meta property=\"og:image\" content=\"https:\/\/www.mdi4x4.it\/wp-content\/uploads\/2022\/11\/Portapacchi-Discovery-2.jpg\" \/>\n\t<meta property=\"og:image:width\" content=\"600\" \/>\n\t<meta property=\"og:image:height\" content=\"600\" \/>\n\t<meta property=\"og:image:type\" content=\"image\/jpeg\" \/>\n<script type=\"application\/ld+json\" class=\"yoast-schema-graph\">{\"@context\":\"https:\/\/schema.org\",\"@graph\":[{\"@type\":\"WebPage\",\"@id\":\"https:\/\/www.mdi4x4.it\/fr\/prodotto\/porte-bagages-de-toit-pour-discovery-2\/\",\"url\":\"https:\/\/www.mdi4x4.it\/fr\/prodotto\/porte-bagages-de-toit-pour-discovery-2\/\",\"name\":\"Porte-bagages de toit pour Discovery 2 - MDI 4x4\",\"isPartOf\":{\"@id\":\"https:\/\/www.mdi4x4.it\/fr\/#website\"},\"datePublished\":\"2022-11-07T09:12:59+00:00\",\"dateModified\":\"2025-07-14T11:38:27+00:00\",\"description\":\"La partie en fer est d'abord galvanis\u00e9e pour augmenter la r\u00e9sistance aux chocs et aux intemp\u00e9ries, puis peinte.\",\"breadcrumb\":{\"@id\":\"https:\/\/www.mdi4x4.it\/fr\/prodotto\/porte-bagages-de-toit-pour-discovery-2\/#breadcrumb\"},\"inLanguage\":\"fr-FR\",\"potentialAction\":[{\"@type\":\"ReadAction\",\"target\":[\"https:\/\/www.mdi4x4.it\/fr\/prodotto\/porte-bagages-de-toit-pour-discovery-2\/\"]}]},{\"@type\":\"BreadcrumbList\",\"@id\":\"https:\/\/www.mdi4x4.it\/fr\/prodotto\/porte-bagages-de-toit-pour-discovery-2\/#breadcrumb\",\"itemListElement\":[{\"@type\":\"ListItem\",\"position\":1,\"name\":\"Home\",\"item\":\"https:\/\/www.mdi4x4.it\/fr\/\"},{\"@type\":\"ListItem\",\"position\":2,\"name\":\"Boutique\",\"item\":\"https:\/\/www.mdi4x4.it\/fr\/shop\/\"},{\"@type\":\"ListItem\",\"position\":3,\"name\":\"Porte-bagages de toit pour Discovery 2\"}]},{\"@type\":\"WebSite\",\"@id\":\"https:\/\/www.mdi4x4.it\/fr\/#website\",\"url\":\"https:\/\/www.mdi4x4.it\/fr\/\",\"name\":\"MDI 4x4\",\"description\":\"Accessori su misura Land Rover || Toyota\",\"publisher\":{\"@id\":\"https:\/\/www.mdi4x4.it\/fr\/#organization\"},\"potentialAction\":[{\"@type\":\"SearchAction\",\"target\":{\"@type\":\"EntryPoint\",\"urlTemplate\":\"https:\/\/www.mdi4x4.it\/fr\/?s={search_term_string}\"},\"query-input\":\"required name=search_term_string\"}],\"inLanguage\":\"fr-FR\"},{\"@type\":\"Organization\",\"@id\":\"https:\/\/www.mdi4x4.it\/fr\/#organization\",\"name\":\"MDI 4x4\",\"url\":\"https:\/\/www.mdi4x4.it\/fr\/\",\"logo\":{\"@type\":\"ImageObject\",\"inLanguage\":\"fr-FR\",\"@id\":\"https:\/\/www.mdi4x4.it\/fr\/#\/schema\/logo\/image\/\",\"url\":\"https:\/\/www.mdi4x4.it\/wp-content\/uploads\/2021\/03\/Logo-MDI-ridotto.png\",\"contentUrl\":\"https:\/\/www.mdi4x4.it\/wp-content\/uploads\/2021\/03\/Logo-MDI-ridotto.png\",\"width\":299,\"height\":200,\"caption\":\"MDI 4x4\"},\"image\":{\"@id\":\"https:\/\/www.mdi4x4.it\/fr\/#\/schema\/logo\/image\/\"}}]}<\/script>\n<!-- \/ Yoast SEO plugin. -->","yoast_head_json":{"title":"Porte-bagages de toit pour Discovery 2 - MDI 4x4","description":"La partie en fer est d'abord galvanis\u00e9e pour augmenter la r\u00e9sistance aux chocs et aux intemp\u00e9ries, puis peinte.","robots":{"index":"index","follow":"follow","max-snippet":"max-snippet:-1","max-image-preview":"max-image-preview:large","max-video-preview":"max-video-preview:-1"},"canonical":"https:\/\/www.mdi4x4.it\/fr\/prodotto\/porte-bagages-de-toit-pour-discovery-2\/","og_locale":"fr_FR","og_type":"article","og_title":"Porte-bagages de toit pour Discovery 2 - MDI 4x4","og_description":"La partie en fer est d'abord galvanis\u00e9e pour augmenter la r\u00e9sistance aux chocs et aux intemp\u00e9ries, puis peinte.","og_url":"https:\/\/www.mdi4x4.it\/fr\/prodotto\/porte-bagages-de-toit-pour-discovery-2\/","og_site_name":"MDI 4x4","article_modified_time":"2025-07-14T11:38:27+00:00","og_image":[{"width":600,"height":600,"url":"https:\/\/www.mdi4x4.it\/wp-content\/uploads\/2022\/11\/Portapacchi-Discovery-2.jpg","type":"image\/jpeg"}],"schema":{"@context":"https:\/\/schema.org","@graph":[{"@type":"WebPage","@id":"https:\/\/www.mdi4x4.it\/fr\/prodotto\/porte-bagages-de-toit-pour-discovery-2\/","url":"https:\/\/www.mdi4x4.it\/fr\/prodotto\/porte-bagages-de-toit-pour-discovery-2\/","name":"Porte-bagages de toit pour Discovery 2 - MDI 4x4","isPartOf":{"@id":"https:\/\/www.mdi4x4.it\/fr\/#website"},"datePublished":"2022-11-07T09:12:59+00:00","dateModified":"2025-07-14T11:38:27+00:00","description":"La partie en fer est d'abord galvanis\u00e9e pour augmenter la r\u00e9sistance aux chocs et aux intemp\u00e9ries, puis peinte.","breadcrumb":{"@id":"https:\/\/www.mdi4x4.it\/fr\/prodotto\/porte-bagages-de-toit-pour-discovery-2\/#breadcrumb"},"inLanguage":"fr-FR","potentialAction":[{"@type":"ReadAction","target":["https:\/\/www.mdi4x4.it\/fr\/prodotto\/porte-bagages-de-toit-pour-discovery-2\/"]}]},{"@type":"BreadcrumbList","@id":"https:\/\/www.mdi4x4.it\/fr\/prodotto\/porte-bagages-de-toit-pour-discovery-2\/#breadcrumb","itemListElement":[{"@type":"ListItem","position":1,"name":"Home","item":"https:\/\/www.mdi4x4.it\/fr\/"},{"@type":"ListItem","position":2,"name":"Boutique","item":"https:\/\/www.mdi4x4.it\/fr\/shop\/"},{"@type":"ListItem","position":3,"name":"Porte-bagages de toit pour Discovery 2"}]},{"@type":"WebSite","@id":"https:\/\/www.mdi4x4.it\/fr\/#website","url":"https:\/\/www.mdi4x4.it\/fr\/","name":"MDI 4x4","description":"Accessori su misura Land Rover || Toyota","publisher":{"@id":"https:\/\/www.mdi4x4.it\/fr\/#organization"},"potentialAction":[{"@type":"SearchAction","target":{"@type":"EntryPoint","urlTemplate":"https:\/\/www.mdi4x4.it\/fr\/?s={search_term_string}"},"query-input":"required name=search_term_string"}],"inLanguage":"fr-FR"},{"@type":"Organization","@id":"https:\/\/www.mdi4x4.it\/fr\/#organization","name":"MDI 4x4","url":"https:\/\/www.mdi4x4.it\/fr\/","logo":{"@type":"ImageObject","inLanguage":"fr-FR","@id":"https:\/\/www.mdi4x4.it\/fr\/#\/schema\/logo\/image\/","url":"https:\/\/www.mdi4x4.it\/wp-content\/uploads\/2021\/03\/Logo-MDI-ridotto.png","contentUrl":"https:\/\/www.mdi4x4.it\/wp-content\/uploads\/2021\/03\/Logo-MDI-ridotto.png","width":299,"height":200,"caption":"MDI 4x4"},"image":{"@id":"https:\/\/www.mdi4x4.it\/fr\/#\/schema\/logo\/image\/"}}]}},"_links":{"self":[{"href":"https:\/\/www.mdi4x4.it\/fr\/wp-json\/wp\/v2\/product\/4542"}],"collection":[{"href":"https:\/\/www.mdi4x4.it\/fr\/wp-json\/wp\/v2\/product"}],"about":[{"href":"https:\/\/www.mdi4x4.it\/fr\/wp-json\/wp\/v2\/types\/product"}],"wp:featuredmedia":[{"embeddable":true,"href":"https:\/\/www.mdi4x4.it\/fr\/wp-json\/wp\/v2\/media\/4540"}],"wp:attachment":[{"href":"https:\/\/www.mdi4x4.it\/fr\/wp-json\/wp\/v2\/media?parent=4542"}],"wp:term":[{"taxonomy":"product_cat","embeddable":true,"href":"https:\/\/www.mdi4x4.it\/fr\/wp-json\/wp\/v2\/product_cat?post=4542"},{"taxonomy":"product_tag","embeddable":true,"href":"https:\/\/www.mdi4x4.it\/fr\/wp-json\/wp\/v2\/product_tag?post=4542"}],"curies":[{"name":"wp","href":"https:\/\/api.w.org\/{rel}","templated":true}]}}