{"id":4001,"date":"2024-02-08T17:23:13","date_gmt":"2024-02-08T16:23:13","guid":{"rendered":"https:\/\/www.mdi4x4.it\/?post_type=product&#038;p=4001"},"modified":"2022-12-07T09:42:40","modified_gmt":"2022-12-07T08:42:40","slug":"jeep-wrangler-jku-jlu-grille-de-recirculation-dair-cote-gauche","status":"publish","type":"product","link":"https:\/\/www.mdi4x4.it\/fr\/prodotto\/jeep-wrangler-jku-jlu-grille-de-recirculation-dair-cote-gauche\/","title":{"rendered":"JEEP Wrangler JKU-JLU &#8211; Grille de recirculation d&#8217;air &#8211; c\u00f4t\u00e9 gauche"},"content":{"rendered":"<p><span data-sheets-value=\"{\" data-sheets-userformat=\"{\">R\u00e9alis\u00e9 en t\u00f4le et peint en noir gaufr\u00e9.<br \/>\nLe treillis se compose de deux parties:<\/span><\/p>\n<p>&#8211; une couverture ext\u00e9rieure avec des rabats horizontaux qui permettent \u00e0 la lumi\u00e8re et \u00e0 l&#8217;air de p\u00e9n\u00e9trer en douceur dans l&#8217;habitacle et le prot\u00e8gent de la pluie. Ce couvercle peut \u00eatre retir\u00e9 pour permettre une meilleure circulation de l&#8217;air.<br \/>\n&#8211; une partie qui reste fix\u00e9e \u00e0 la fen\u00eatre, \u00e9quip\u00e9e d&#8217;une t\u00f4le perfor\u00e9e qui ne permet pas aux insectes de p\u00e9n\u00e9trer dans l&#8217;habitacle.<\/p>\n<p>Le treillis a le c\u00f4t\u00e9 gauche.<\/p>\n<p>Installation : abaisser la fen\u00eatre, ins\u00e9rer la plaque de ventilation, relever la fen\u00eatre, termin\u00e9!<\/p>\n<p>LE PRIX SE R\u00c9F\u00c8RE \u00c0 LA GRILLE INDIVIDUELLE<\/p>\n","protected":false},"excerpt":{"rendered":"<p><span data-sheets-value=\"{\" data-sheets-userformat=\"{\">R\u00e9alis\u00e9 en t\u00f4le et peint en noir gaufr\u00e9.<br \/>\nLe treillis se compose de deux parties:<\/span><\/p>\n<p>&#8211; une couverture ext\u00e9rieure avec des rabats horizontaux qui permettent \u00e0 la lumi\u00e8re et \u00e0 l&#8217;air de p\u00e9n\u00e9trer en douceur dans l&#8217;habitacle et le prot\u00e8gent de la pluie. Ce couvercle peut \u00eatre retir\u00e9 pour permettre une meilleure circulation de l&#8217;air.<br \/>\n&#8211; une partie qui reste fix\u00e9e \u00e0 la fen\u00eatre, \u00e9quip\u00e9e d&#8217;une t\u00f4le perfor\u00e9e qui ne permet pas aux insectes de p\u00e9n\u00e9trer dans l&#8217;habitacle.<\/p>\n<p>Le treillis a l&#8217;envers : le c\u00f4t\u00e9 gauche.<\/p>\n<p>Installation : abaisser la fen\u00eatre, ins\u00e9rer la plaque de ventilation, relever la fen\u00eatre, termin\u00e9!<\/p>\n<p>LE PRIX SE R\u00c9F\u00c8RE \u00c0 LA GRILLE INDIVIDUELLE<br \/>\nDISPONIBLE \u00c0 PARTIR DU 25\/9\/2021<\/p>\n","protected":false},"featured_media":3193,"template":"","meta":{"_eb_attr":""},"product_cat":[659,657,658],"product_tag":[656],"yoast_head":"<!-- This site is optimized with the Yoast SEO plugin v22.1 - https:\/\/yoast.com\/wordpress\/plugins\/seo\/ -->\n<title>JEEP Wrangler JKU-JLU - Grille de recirculation d&#039;air - c\u00f4t\u00e9 gauche - MDI 4x4<\/title>\n<meta name=\"description\" content=\"La grille se compose d&#039;un rev\u00eatement ext\u00e9rieur qui permet \u00e0 la lumi\u00e8re et \u00e0 l&#039;air de p\u00e9n\u00e9trer dans l&#039;habitacle et d&#039;une partie qui reste fix\u00e9e \u00e0 la fen\u00eatre.\" \/>\n<meta name=\"robots\" content=\"index, follow, max-snippet:-1, max-image-preview:large, max-video-preview:-1\" \/>\n<link rel=\"canonical\" href=\"https:\/\/www.mdi4x4.it\/fr\/prodotto\/jeep-wrangler-jku-jlu-grille-de-recirculation-dair-cote-gauche\/\" \/>\n<meta property=\"og:locale\" content=\"fr_FR\" \/>\n<meta property=\"og:type\" content=\"article\" \/>\n<meta property=\"og:title\" content=\"JEEP Wrangler JKU-JLU - Grille de recirculation d&#039;air - c\u00f4t\u00e9 gauche - MDI 4x4\" \/>\n<meta property=\"og:description\" content=\"La grille se compose d&#039;un rev\u00eatement ext\u00e9rieur qui permet \u00e0 la lumi\u00e8re et \u00e0 l&#039;air de p\u00e9n\u00e9trer dans l&#039;habitacle et d&#039;une partie qui reste fix\u00e9e \u00e0 la fen\u00eatre.\" \/>\n<meta property=\"og:url\" content=\"https:\/\/www.mdi4x4.it\/fr\/prodotto\/jeep-wrangler-jku-jlu-grille-de-recirculation-dair-cote-gauche\/\" \/>\n<meta property=\"og:site_name\" content=\"MDI 4x4\" \/>\n<meta property=\"article:modified_time\" content=\"2022-12-07T08:42:40+00:00\" \/>\n<meta property=\"og:image\" content=\"https:\/\/www.mdi4x4.it\/wp-content\/uploads\/2022\/08\/Jeep-Wrangler-JKU-JLU-grata-riciclo-aria-1-pc-il-prezzo-e-per-singolo-pezzo.jpg\" \/>\n\t<meta property=\"og:image:width\" content=\"600\" \/>\n\t<meta property=\"og:image:height\" content=\"600\" \/>\n\t<meta property=\"og:image:type\" content=\"image\/jpeg\" \/>\n<script type=\"application\/ld+json\" class=\"yoast-schema-graph\">{\"@context\":\"https:\/\/schema.org\",\"@graph\":[{\"@type\":\"WebPage\",\"@id\":\"https:\/\/www.mdi4x4.it\/fr\/prodotto\/jeep-wrangler-jku-jlu-grille-de-recirculation-dair-cote-gauche\/\",\"url\":\"https:\/\/www.mdi4x4.it\/fr\/prodotto\/jeep-wrangler-jku-jlu-grille-de-recirculation-dair-cote-gauche\/\",\"name\":\"JEEP Wrangler JKU-JLU - Grille de recirculation d'air - c\u00f4t\u00e9 gauche - MDI 4x4\",\"isPartOf\":{\"@id\":\"https:\/\/www.mdi4x4.it\/fr\/#website\"},\"datePublished\":\"2024-02-08T16:23:13+00:00\",\"dateModified\":\"2022-12-07T08:42:40+00:00\",\"description\":\"La grille se compose d'un rev\u00eatement ext\u00e9rieur qui permet \u00e0 la lumi\u00e8re et \u00e0 l'air de p\u00e9n\u00e9trer dans l'habitacle et d'une partie qui reste fix\u00e9e \u00e0 la fen\u00eatre.\",\"breadcrumb\":{\"@id\":\"https:\/\/www.mdi4x4.it\/fr\/prodotto\/jeep-wrangler-jku-jlu-grille-de-recirculation-dair-cote-gauche\/#breadcrumb\"},\"inLanguage\":\"fr-FR\",\"potentialAction\":[{\"@type\":\"ReadAction\",\"target\":[\"https:\/\/www.mdi4x4.it\/fr\/prodotto\/jeep-wrangler-jku-jlu-grille-de-recirculation-dair-cote-gauche\/\"]}]},{\"@type\":\"BreadcrumbList\",\"@id\":\"https:\/\/www.mdi4x4.it\/fr\/prodotto\/jeep-wrangler-jku-jlu-grille-de-recirculation-dair-cote-gauche\/#breadcrumb\",\"itemListElement\":[{\"@type\":\"ListItem\",\"position\":1,\"name\":\"Home\",\"item\":\"https:\/\/www.mdi4x4.it\/fr\/\"},{\"@type\":\"ListItem\",\"position\":2,\"name\":\"Boutique\",\"item\":\"https:\/\/www.mdi4x4.it\/fr\/shop\/\"},{\"@type\":\"ListItem\",\"position\":3,\"name\":\"JEEP Wrangler JKU-JLU &#8211; Grille de recirculation d&#8217;air &#8211; c\u00f4t\u00e9 gauche\"}]},{\"@type\":\"WebSite\",\"@id\":\"https:\/\/www.mdi4x4.it\/fr\/#website\",\"url\":\"https:\/\/www.mdi4x4.it\/fr\/\",\"name\":\"MDI 4x4\",\"description\":\"Accessori su misura Land Rover || Toyota\",\"publisher\":{\"@id\":\"https:\/\/www.mdi4x4.it\/fr\/#organization\"},\"potentialAction\":[{\"@type\":\"SearchAction\",\"target\":{\"@type\":\"EntryPoint\",\"urlTemplate\":\"https:\/\/www.mdi4x4.it\/fr\/?s={search_term_string}\"},\"query-input\":\"required name=search_term_string\"}],\"inLanguage\":\"fr-FR\"},{\"@type\":\"Organization\",\"@id\":\"https:\/\/www.mdi4x4.it\/fr\/#organization\",\"name\":\"MDI 4x4\",\"url\":\"https:\/\/www.mdi4x4.it\/fr\/\",\"logo\":{\"@type\":\"ImageObject\",\"inLanguage\":\"fr-FR\",\"@id\":\"https:\/\/www.mdi4x4.it\/fr\/#\/schema\/logo\/image\/\",\"url\":\"https:\/\/www.mdi4x4.it\/wp-content\/uploads\/2021\/03\/Logo-MDI-ridotto.png\",\"contentUrl\":\"https:\/\/www.mdi4x4.it\/wp-content\/uploads\/2021\/03\/Logo-MDI-ridotto.png\",\"width\":299,\"height\":200,\"caption\":\"MDI 4x4\"},\"image\":{\"@id\":\"https:\/\/www.mdi4x4.it\/fr\/#\/schema\/logo\/image\/\"}}]}<\/script>\n<!-- \/ Yoast SEO plugin. -->","yoast_head_json":{"title":"JEEP Wrangler JKU-JLU - Grille de recirculation d'air - c\u00f4t\u00e9 gauche - MDI 4x4","description":"La grille se compose d'un rev\u00eatement ext\u00e9rieur qui permet \u00e0 la lumi\u00e8re et \u00e0 l'air de p\u00e9n\u00e9trer dans l'habitacle et d'une partie qui reste fix\u00e9e \u00e0 la fen\u00eatre.","robots":{"index":"index","follow":"follow","max-snippet":"max-snippet:-1","max-image-preview":"max-image-preview:large","max-video-preview":"max-video-preview:-1"},"canonical":"https:\/\/www.mdi4x4.it\/fr\/prodotto\/jeep-wrangler-jku-jlu-grille-de-recirculation-dair-cote-gauche\/","og_locale":"fr_FR","og_type":"article","og_title":"JEEP Wrangler JKU-JLU - Grille de recirculation d'air - c\u00f4t\u00e9 gauche - MDI 4x4","og_description":"La grille se compose d'un rev\u00eatement ext\u00e9rieur qui permet \u00e0 la lumi\u00e8re et \u00e0 l'air de p\u00e9n\u00e9trer dans l'habitacle et d'une partie qui reste fix\u00e9e \u00e0 la fen\u00eatre.","og_url":"https:\/\/www.mdi4x4.it\/fr\/prodotto\/jeep-wrangler-jku-jlu-grille-de-recirculation-dair-cote-gauche\/","og_site_name":"MDI 4x4","article_modified_time":"2022-12-07T08:42:40+00:00","og_image":[{"width":600,"height":600,"url":"https:\/\/www.mdi4x4.it\/wp-content\/uploads\/2022\/08\/Jeep-Wrangler-JKU-JLU-grata-riciclo-aria-1-pc-il-prezzo-e-per-singolo-pezzo.jpg","type":"image\/jpeg"}],"schema":{"@context":"https:\/\/schema.org","@graph":[{"@type":"WebPage","@id":"https:\/\/www.mdi4x4.it\/fr\/prodotto\/jeep-wrangler-jku-jlu-grille-de-recirculation-dair-cote-gauche\/","url":"https:\/\/www.mdi4x4.it\/fr\/prodotto\/jeep-wrangler-jku-jlu-grille-de-recirculation-dair-cote-gauche\/","name":"JEEP Wrangler JKU-JLU - Grille de recirculation d'air - c\u00f4t\u00e9 gauche - MDI 4x4","isPartOf":{"@id":"https:\/\/www.mdi4x4.it\/fr\/#website"},"datePublished":"2024-02-08T16:23:13+00:00","dateModified":"2022-12-07T08:42:40+00:00","description":"La grille se compose d'un rev\u00eatement ext\u00e9rieur qui permet \u00e0 la lumi\u00e8re et \u00e0 l'air de p\u00e9n\u00e9trer dans l'habitacle et d'une partie qui reste fix\u00e9e \u00e0 la fen\u00eatre.","breadcrumb":{"@id":"https:\/\/www.mdi4x4.it\/fr\/prodotto\/jeep-wrangler-jku-jlu-grille-de-recirculation-dair-cote-gauche\/#breadcrumb"},"inLanguage":"fr-FR","potentialAction":[{"@type":"ReadAction","target":["https:\/\/www.mdi4x4.it\/fr\/prodotto\/jeep-wrangler-jku-jlu-grille-de-recirculation-dair-cote-gauche\/"]}]},{"@type":"BreadcrumbList","@id":"https:\/\/www.mdi4x4.it\/fr\/prodotto\/jeep-wrangler-jku-jlu-grille-de-recirculation-dair-cote-gauche\/#breadcrumb","itemListElement":[{"@type":"ListItem","position":1,"name":"Home","item":"https:\/\/www.mdi4x4.it\/fr\/"},{"@type":"ListItem","position":2,"name":"Boutique","item":"https:\/\/www.mdi4x4.it\/fr\/shop\/"},{"@type":"ListItem","position":3,"name":"JEEP Wrangler JKU-JLU &#8211; Grille de recirculation d&#8217;air &#8211; c\u00f4t\u00e9 gauche"}]},{"@type":"WebSite","@id":"https:\/\/www.mdi4x4.it\/fr\/#website","url":"https:\/\/www.mdi4x4.it\/fr\/","name":"MDI 4x4","description":"Accessori su misura Land Rover || Toyota","publisher":{"@id":"https:\/\/www.mdi4x4.it\/fr\/#organization"},"potentialAction":[{"@type":"SearchAction","target":{"@type":"EntryPoint","urlTemplate":"https:\/\/www.mdi4x4.it\/fr\/?s={search_term_string}"},"query-input":"required name=search_term_string"}],"inLanguage":"fr-FR"},{"@type":"Organization","@id":"https:\/\/www.mdi4x4.it\/fr\/#organization","name":"MDI 4x4","url":"https:\/\/www.mdi4x4.it\/fr\/","logo":{"@type":"ImageObject","inLanguage":"fr-FR","@id":"https:\/\/www.mdi4x4.it\/fr\/#\/schema\/logo\/image\/","url":"https:\/\/www.mdi4x4.it\/wp-content\/uploads\/2021\/03\/Logo-MDI-ridotto.png","contentUrl":"https:\/\/www.mdi4x4.it\/wp-content\/uploads\/2021\/03\/Logo-MDI-ridotto.png","width":299,"height":200,"caption":"MDI 4x4"},"image":{"@id":"https:\/\/www.mdi4x4.it\/fr\/#\/schema\/logo\/image\/"}}]}},"_links":{"self":[{"href":"https:\/\/www.mdi4x4.it\/fr\/wp-json\/wp\/v2\/product\/4001"}],"collection":[{"href":"https:\/\/www.mdi4x4.it\/fr\/wp-json\/wp\/v2\/product"}],"about":[{"href":"https:\/\/www.mdi4x4.it\/fr\/wp-json\/wp\/v2\/types\/product"}],"wp:featuredmedia":[{"embeddable":true,"href":"https:\/\/www.mdi4x4.it\/fr\/wp-json\/wp\/v2\/media\/3193"}],"wp:attachment":[{"href":"https:\/\/www.mdi4x4.it\/fr\/wp-json\/wp\/v2\/media?parent=4001"}],"wp:term":[{"taxonomy":"product_cat","embeddable":true,"href":"https:\/\/www.mdi4x4.it\/fr\/wp-json\/wp\/v2\/product_cat?post=4001"},{"taxonomy":"product_tag","embeddable":true,"href":"https:\/\/www.mdi4x4.it\/fr\/wp-json\/wp\/v2\/product_tag?post=4001"}],"curies":[{"name":"wp","href":"https:\/\/api.w.org\/{rel}","templated":true}]}}