{"id":3555,"date":"2021-03-19T16:11:40","date_gmt":"2021-03-19T15:11:40","guid":{"rendered":"https:\/\/www.mdi4x4.it\/product\/support-de-plaque-dimmatriculation-inclinable\/"},"modified":"2022-12-09T12:34:14","modified_gmt":"2022-12-09T11:34:14","slug":"support-de-plaque-d-immatriculation-inclinable","status":"publish","type":"product","link":"https:\/\/www.mdi4x4.it\/fr\/prodotto\/support-de-plaque-d-immatriculation-inclinable\/","title":{"rendered":"Support de plaque d&#8217;immatriculation inclinable"},"content":{"rendered":"<p>Fabriqu\u00e9 en t\u00f4le de 2 mm, il est rev\u00eatu de poudre et se fixe dans les m\u00eames trous que le guide-c\u00e2ble ou le presse-\u00e9toupe.<\/p>\n<p>La partie avant du support de plaque d&#8217;immatriculation s&#8217;ins\u00e8re entre le pare-chocs et le support de plaque d&#8217;immatriculation, ce qui vous permet de travailler avec le treuil sans craindre que le support de plaque d&#8217;immatriculation ne s&#8217;abaisse et se ferme.<\/p>\n<p>&nbsp;<\/p>\n","protected":false},"excerpt":{"rendered":"<p>Fabriqu\u00e9 en t\u00f4le de 2 mm, il est rev\u00eatu de poudre et se fixe dans les m\u00eames trous que le guide-c\u00e2ble ou le presse-\u00e9toupe.<\/p>\n<p>La partie avant du support de plaque d&#8217;immatriculation s&#8217;ins\u00e8re entre le pare-chocs et le support de plaque d&#8217;immatriculation, ce qui vous permet de travailler avec le treuil sans craindre que le support de plaque d&#8217;immatriculation ne s&#8217;abaisse et se ferme.<\/p>\n<p>&nbsp;<\/p>\n","protected":false},"featured_media":2253,"template":"","meta":{"_eb_attr":""},"product_cat":[649,729],"product_tag":[],"yoast_head":"<!-- This site is optimized with the Yoast SEO plugin v22.1 - https:\/\/yoast.com\/wordpress\/plugins\/seo\/ -->\n<title>Support de plaque d&#039;immatriculation inclinable - MDI 4x4<\/title>\n<meta name=\"description\" content=\"Fabriqu\u00e9 en t\u00f4le de 2 mm. Permet de travailler avec le treuil sans craindre que le porte-plaque ne s&#039;abaisse et ne se ferme\" \/>\n<meta name=\"robots\" content=\"index, follow, max-snippet:-1, max-image-preview:large, max-video-preview:-1\" \/>\n<link rel=\"canonical\" href=\"https:\/\/www.mdi4x4.it\/fr\/prodotto\/support-de-plaque-d-immatriculation-inclinable\/\" \/>\n<meta property=\"og:locale\" content=\"fr_FR\" \/>\n<meta property=\"og:type\" content=\"article\" \/>\n<meta property=\"og:title\" content=\"Support de plaque d&#039;immatriculation inclinable - MDI 4x4\" \/>\n<meta property=\"og:description\" content=\"Fabriqu\u00e9 en t\u00f4le de 2 mm. Permet de travailler avec le treuil sans craindre que le porte-plaque ne s&#039;abaisse et ne se ferme\" \/>\n<meta property=\"og:url\" content=\"https:\/\/www.mdi4x4.it\/fr\/prodotto\/support-de-plaque-d-immatriculation-inclinable\/\" \/>\n<meta property=\"og:site_name\" content=\"MDI 4x4\" \/>\n<meta property=\"article:modified_time\" content=\"2022-12-09T11:34:14+00:00\" \/>\n<meta property=\"og:image\" content=\"https:\/\/www.mdi4x4.it\/wp-content\/uploads\/2021\/03\/portatarga-basculante-mdi4x4.jpg\" \/>\n\t<meta property=\"og:image:width\" content=\"600\" \/>\n\t<meta property=\"og:image:height\" content=\"600\" \/>\n\t<meta property=\"og:image:type\" content=\"image\/jpeg\" \/>\n<script type=\"application\/ld+json\" class=\"yoast-schema-graph\">{\"@context\":\"https:\/\/schema.org\",\"@graph\":[{\"@type\":\"WebPage\",\"@id\":\"https:\/\/www.mdi4x4.it\/fr\/prodotto\/support-de-plaque-d-immatriculation-inclinable\/\",\"url\":\"https:\/\/www.mdi4x4.it\/fr\/prodotto\/support-de-plaque-d-immatriculation-inclinable\/\",\"name\":\"Support de plaque d'immatriculation inclinable - MDI 4x4\",\"isPartOf\":{\"@id\":\"https:\/\/www.mdi4x4.it\/fr\/#website\"},\"datePublished\":\"2021-03-19T15:11:40+00:00\",\"dateModified\":\"2022-12-09T11:34:14+00:00\",\"description\":\"Fabriqu\u00e9 en t\u00f4le de 2 mm. Permet de travailler avec le treuil sans craindre que le porte-plaque ne s'abaisse et ne se ferme\",\"breadcrumb\":{\"@id\":\"https:\/\/www.mdi4x4.it\/fr\/prodotto\/support-de-plaque-d-immatriculation-inclinable\/#breadcrumb\"},\"inLanguage\":\"fr-FR\",\"potentialAction\":[{\"@type\":\"ReadAction\",\"target\":[\"https:\/\/www.mdi4x4.it\/fr\/prodotto\/support-de-plaque-d-immatriculation-inclinable\/\"]}]},{\"@type\":\"BreadcrumbList\",\"@id\":\"https:\/\/www.mdi4x4.it\/fr\/prodotto\/support-de-plaque-d-immatriculation-inclinable\/#breadcrumb\",\"itemListElement\":[{\"@type\":\"ListItem\",\"position\":1,\"name\":\"Home\",\"item\":\"https:\/\/www.mdi4x4.it\/fr\/\"},{\"@type\":\"ListItem\",\"position\":2,\"name\":\"Boutique\",\"item\":\"https:\/\/www.mdi4x4.it\/fr\/shop\/\"},{\"@type\":\"ListItem\",\"position\":3,\"name\":\"Support de plaque d&#8217;immatriculation inclinable\"}]},{\"@type\":\"WebSite\",\"@id\":\"https:\/\/www.mdi4x4.it\/fr\/#website\",\"url\":\"https:\/\/www.mdi4x4.it\/fr\/\",\"name\":\"MDI 4x4\",\"description\":\"Accessori su misura Land Rover || Toyota\",\"publisher\":{\"@id\":\"https:\/\/www.mdi4x4.it\/fr\/#organization\"},\"potentialAction\":[{\"@type\":\"SearchAction\",\"target\":{\"@type\":\"EntryPoint\",\"urlTemplate\":\"https:\/\/www.mdi4x4.it\/fr\/?s={search_term_string}\"},\"query-input\":\"required name=search_term_string\"}],\"inLanguage\":\"fr-FR\"},{\"@type\":\"Organization\",\"@id\":\"https:\/\/www.mdi4x4.it\/fr\/#organization\",\"name\":\"MDI 4x4\",\"url\":\"https:\/\/www.mdi4x4.it\/fr\/\",\"logo\":{\"@type\":\"ImageObject\",\"inLanguage\":\"fr-FR\",\"@id\":\"https:\/\/www.mdi4x4.it\/fr\/#\/schema\/logo\/image\/\",\"url\":\"https:\/\/www.mdi4x4.it\/wp-content\/uploads\/2021\/03\/Logo-MDI-ridotto.png\",\"contentUrl\":\"https:\/\/www.mdi4x4.it\/wp-content\/uploads\/2021\/03\/Logo-MDI-ridotto.png\",\"width\":299,\"height\":200,\"caption\":\"MDI 4x4\"},\"image\":{\"@id\":\"https:\/\/www.mdi4x4.it\/fr\/#\/schema\/logo\/image\/\"}}]}<\/script>\n<!-- \/ Yoast SEO plugin. -->","yoast_head_json":{"title":"Support de plaque d'immatriculation inclinable - MDI 4x4","description":"Fabriqu\u00e9 en t\u00f4le de 2 mm. Permet de travailler avec le treuil sans craindre que le porte-plaque ne s'abaisse et ne se ferme","robots":{"index":"index","follow":"follow","max-snippet":"max-snippet:-1","max-image-preview":"max-image-preview:large","max-video-preview":"max-video-preview:-1"},"canonical":"https:\/\/www.mdi4x4.it\/fr\/prodotto\/support-de-plaque-d-immatriculation-inclinable\/","og_locale":"fr_FR","og_type":"article","og_title":"Support de plaque d'immatriculation inclinable - MDI 4x4","og_description":"Fabriqu\u00e9 en t\u00f4le de 2 mm. Permet de travailler avec le treuil sans craindre que le porte-plaque ne s'abaisse et ne se ferme","og_url":"https:\/\/www.mdi4x4.it\/fr\/prodotto\/support-de-plaque-d-immatriculation-inclinable\/","og_site_name":"MDI 4x4","article_modified_time":"2022-12-09T11:34:14+00:00","og_image":[{"width":600,"height":600,"url":"https:\/\/www.mdi4x4.it\/wp-content\/uploads\/2021\/03\/portatarga-basculante-mdi4x4.jpg","type":"image\/jpeg"}],"schema":{"@context":"https:\/\/schema.org","@graph":[{"@type":"WebPage","@id":"https:\/\/www.mdi4x4.it\/fr\/prodotto\/support-de-plaque-d-immatriculation-inclinable\/","url":"https:\/\/www.mdi4x4.it\/fr\/prodotto\/support-de-plaque-d-immatriculation-inclinable\/","name":"Support de plaque d'immatriculation inclinable - MDI 4x4","isPartOf":{"@id":"https:\/\/www.mdi4x4.it\/fr\/#website"},"datePublished":"2021-03-19T15:11:40+00:00","dateModified":"2022-12-09T11:34:14+00:00","description":"Fabriqu\u00e9 en t\u00f4le de 2 mm. Permet de travailler avec le treuil sans craindre que le porte-plaque ne s'abaisse et ne se ferme","breadcrumb":{"@id":"https:\/\/www.mdi4x4.it\/fr\/prodotto\/support-de-plaque-d-immatriculation-inclinable\/#breadcrumb"},"inLanguage":"fr-FR","potentialAction":[{"@type":"ReadAction","target":["https:\/\/www.mdi4x4.it\/fr\/prodotto\/support-de-plaque-d-immatriculation-inclinable\/"]}]},{"@type":"BreadcrumbList","@id":"https:\/\/www.mdi4x4.it\/fr\/prodotto\/support-de-plaque-d-immatriculation-inclinable\/#breadcrumb","itemListElement":[{"@type":"ListItem","position":1,"name":"Home","item":"https:\/\/www.mdi4x4.it\/fr\/"},{"@type":"ListItem","position":2,"name":"Boutique","item":"https:\/\/www.mdi4x4.it\/fr\/shop\/"},{"@type":"ListItem","position":3,"name":"Support de plaque d&#8217;immatriculation inclinable"}]},{"@type":"WebSite","@id":"https:\/\/www.mdi4x4.it\/fr\/#website","url":"https:\/\/www.mdi4x4.it\/fr\/","name":"MDI 4x4","description":"Accessori su misura Land Rover || Toyota","publisher":{"@id":"https:\/\/www.mdi4x4.it\/fr\/#organization"},"potentialAction":[{"@type":"SearchAction","target":{"@type":"EntryPoint","urlTemplate":"https:\/\/www.mdi4x4.it\/fr\/?s={search_term_string}"},"query-input":"required name=search_term_string"}],"inLanguage":"fr-FR"},{"@type":"Organization","@id":"https:\/\/www.mdi4x4.it\/fr\/#organization","name":"MDI 4x4","url":"https:\/\/www.mdi4x4.it\/fr\/","logo":{"@type":"ImageObject","inLanguage":"fr-FR","@id":"https:\/\/www.mdi4x4.it\/fr\/#\/schema\/logo\/image\/","url":"https:\/\/www.mdi4x4.it\/wp-content\/uploads\/2021\/03\/Logo-MDI-ridotto.png","contentUrl":"https:\/\/www.mdi4x4.it\/wp-content\/uploads\/2021\/03\/Logo-MDI-ridotto.png","width":299,"height":200,"caption":"MDI 4x4"},"image":{"@id":"https:\/\/www.mdi4x4.it\/fr\/#\/schema\/logo\/image\/"}}]}},"_links":{"self":[{"href":"https:\/\/www.mdi4x4.it\/fr\/wp-json\/wp\/v2\/product\/3555"}],"collection":[{"href":"https:\/\/www.mdi4x4.it\/fr\/wp-json\/wp\/v2\/product"}],"about":[{"href":"https:\/\/www.mdi4x4.it\/fr\/wp-json\/wp\/v2\/types\/product"}],"wp:featuredmedia":[{"embeddable":true,"href":"https:\/\/www.mdi4x4.it\/fr\/wp-json\/wp\/v2\/media\/2253"}],"wp:attachment":[{"href":"https:\/\/www.mdi4x4.it\/fr\/wp-json\/wp\/v2\/media?parent=3555"}],"wp:term":[{"taxonomy":"product_cat","embeddable":true,"href":"https:\/\/www.mdi4x4.it\/fr\/wp-json\/wp\/v2\/product_cat?post=3555"},{"taxonomy":"product_tag","embeddable":true,"href":"https:\/\/www.mdi4x4.it\/fr\/wp-json\/wp\/v2\/product_tag?post=3555"}],"curies":[{"name":"wp","href":"https:\/\/api.w.org\/{rel}","templated":true}]}}