{"id":3539,"date":"2021-03-22T11:30:12","date_gmt":"2021-03-22T10:30:12","guid":{"rendered":"https:\/\/www.mdi4x4.it\/product\/porte-de-roue-discovery-1-2\/"},"modified":"2025-10-26T18:50:47","modified_gmt":"2025-10-26T17:50:47","slug":"porte-de-roue-discovery-1-2","status":"publish","type":"product","link":"https:\/\/www.mdi4x4.it\/fr\/prodotto\/porte-de-roue-discovery-1-2\/","title":{"rendered":"Porte de roue Discovery 2"},"content":{"rendered":"<p>Fabriqu\u00e9 en t\u00f4le de 4 mm et peint en noir gaufr\u00e9, il est fix\u00e9 au ch\u00e2ssis du v\u00e9hicule par un support et une barre d&#8217;accouplement. Il s&#8217;ouvre simultan\u00e9ment avec le hayon.<br \/>\nIl est uniquement compatible avec les pare-chocs m\u00e9talliques r\u00e9f. 4153 (Discovery 2). Le hayon peut accueillir une roue de 90 cm de diam\u00e8tre et est compatible avec tous les pare-chocs arri\u00e8re Mdi4x4.<\/p>\n<p>DISPONIBLE SOUS 20 JOURS.<\/p>\n<p>18 KG<\/p>\n<p>Pour toute information ou demande, veuillez contacter info@mdi4x4.it<\/p>\n","protected":false},"excerpt":{"rendered":"<p>Fabriqu\u00e9 en t\u00f4le de 4 mm et peint en noir gaufr\u00e9, il est fix\u00e9 au ch\u00e2ssis du v\u00e9hicule par un support et une barre d&#8217;accouplement. Il s&#8217;ouvre simultan\u00e9ment avec le hayon.<br \/>\nIl est uniquement compatible avec les pare-chocs m\u00e9talliques r\u00e9f. 4153 (Discovery 2). Le hayon peut accueillir une roue de 90 cm de diam\u00e8tre et est compatible avec tous les pare-chocs arri\u00e8re Mdi4x4.<\/p>\n<p>DISPONIBLE SOUS 20 JOURS.<\/p>\n<p>18 KG<\/p>\n<p>Pour toute information ou demande, veuillez contacter info@mdi4x4.it<\/p>\n","protected":false},"featured_media":4784,"template":"","meta":{"_eb_attr":""},"product_cat":[664,665,662,663,661],"product_tag":[660,673],"yoast_head":"<!-- This site is optimized with the Yoast SEO plugin v22.1 - https:\/\/yoast.com\/wordpress\/plugins\/seo\/ -->\n<title>Porte de roue Discovery 2 - MDI 4x4<\/title>\n<meta name=\"description\" content=\"Il a \u00e9t\u00e9 con\u00e7u pour les Discovery 1 et 2 mais peut \u00e9galement \u00eatre mont\u00e9 sur d&#039;autres pare-chocs m\u00e9talliques non fabriqu\u00e9s par M.Di.4x4.\" \/>\n<meta name=\"robots\" content=\"index, follow, max-snippet:-1, max-image-preview:large, max-video-preview:-1\" \/>\n<link rel=\"canonical\" href=\"https:\/\/www.mdi4x4.it\/fr\/prodotto\/porte-de-roue-discovery-1-2\/\" \/>\n<meta property=\"og:locale\" content=\"fr_FR\" \/>\n<meta property=\"og:type\" content=\"article\" \/>\n<meta property=\"og:title\" content=\"Porte de roue Discovery 2 - MDI 4x4\" \/>\n<meta property=\"og:description\" content=\"Il a \u00e9t\u00e9 con\u00e7u pour les Discovery 1 et 2 mais peut \u00e9galement \u00eatre mont\u00e9 sur d&#039;autres pare-chocs m\u00e9talliques non fabriqu\u00e9s par M.Di.4x4.\" \/>\n<meta property=\"og:url\" content=\"https:\/\/www.mdi4x4.it\/fr\/prodotto\/porte-de-roue-discovery-1-2\/\" \/>\n<meta property=\"og:site_name\" content=\"MDI 4x4\" \/>\n<meta property=\"article:modified_time\" content=\"2025-10-26T17:50:47+00:00\" \/>\n<meta property=\"og:image\" content=\"https:\/\/www.mdi4x4.it\/wp-content\/uploads\/2021\/03\/Cancello-portaruota-disco.jpg\" \/>\n\t<meta property=\"og:image:width\" content=\"600\" \/>\n\t<meta property=\"og:image:height\" content=\"600\" \/>\n\t<meta property=\"og:image:type\" content=\"image\/jpeg\" \/>\n<script type=\"application\/ld+json\" class=\"yoast-schema-graph\">{\"@context\":\"https:\/\/schema.org\",\"@graph\":[{\"@type\":\"WebPage\",\"@id\":\"https:\/\/www.mdi4x4.it\/fr\/prodotto\/porte-de-roue-discovery-1-2\/\",\"url\":\"https:\/\/www.mdi4x4.it\/fr\/prodotto\/porte-de-roue-discovery-1-2\/\",\"name\":\"Porte de roue Discovery 2 - MDI 4x4\",\"isPartOf\":{\"@id\":\"https:\/\/www.mdi4x4.it\/fr\/#website\"},\"datePublished\":\"2021-03-22T10:30:12+00:00\",\"dateModified\":\"2025-10-26T17:50:47+00:00\",\"description\":\"Il a \u00e9t\u00e9 con\u00e7u pour les Discovery 1 et 2 mais peut \u00e9galement \u00eatre mont\u00e9 sur d'autres pare-chocs m\u00e9talliques non fabriqu\u00e9s par M.Di.4x4.\",\"breadcrumb\":{\"@id\":\"https:\/\/www.mdi4x4.it\/fr\/prodotto\/porte-de-roue-discovery-1-2\/#breadcrumb\"},\"inLanguage\":\"fr-FR\",\"potentialAction\":[{\"@type\":\"ReadAction\",\"target\":[\"https:\/\/www.mdi4x4.it\/fr\/prodotto\/porte-de-roue-discovery-1-2\/\"]}]},{\"@type\":\"BreadcrumbList\",\"@id\":\"https:\/\/www.mdi4x4.it\/fr\/prodotto\/porte-de-roue-discovery-1-2\/#breadcrumb\",\"itemListElement\":[{\"@type\":\"ListItem\",\"position\":1,\"name\":\"Home\",\"item\":\"https:\/\/www.mdi4x4.it\/fr\/\"},{\"@type\":\"ListItem\",\"position\":2,\"name\":\"Boutique\",\"item\":\"https:\/\/www.mdi4x4.it\/fr\/shop\/\"},{\"@type\":\"ListItem\",\"position\":3,\"name\":\"Porte de roue Discovery 2\"}]},{\"@type\":\"WebSite\",\"@id\":\"https:\/\/www.mdi4x4.it\/fr\/#website\",\"url\":\"https:\/\/www.mdi4x4.it\/fr\/\",\"name\":\"MDI 4x4\",\"description\":\"Accessori su misura Land Rover || Toyota\",\"publisher\":{\"@id\":\"https:\/\/www.mdi4x4.it\/fr\/#organization\"},\"potentialAction\":[{\"@type\":\"SearchAction\",\"target\":{\"@type\":\"EntryPoint\",\"urlTemplate\":\"https:\/\/www.mdi4x4.it\/fr\/?s={search_term_string}\"},\"query-input\":\"required name=search_term_string\"}],\"inLanguage\":\"fr-FR\"},{\"@type\":\"Organization\",\"@id\":\"https:\/\/www.mdi4x4.it\/fr\/#organization\",\"name\":\"MDI 4x4\",\"url\":\"https:\/\/www.mdi4x4.it\/fr\/\",\"logo\":{\"@type\":\"ImageObject\",\"inLanguage\":\"fr-FR\",\"@id\":\"https:\/\/www.mdi4x4.it\/fr\/#\/schema\/logo\/image\/\",\"url\":\"https:\/\/www.mdi4x4.it\/wp-content\/uploads\/2021\/03\/Logo-MDI-ridotto.png\",\"contentUrl\":\"https:\/\/www.mdi4x4.it\/wp-content\/uploads\/2021\/03\/Logo-MDI-ridotto.png\",\"width\":299,\"height\":200,\"caption\":\"MDI 4x4\"},\"image\":{\"@id\":\"https:\/\/www.mdi4x4.it\/fr\/#\/schema\/logo\/image\/\"}}]}<\/script>\n<!-- \/ Yoast SEO plugin. -->","yoast_head_json":{"title":"Porte de roue Discovery 2 - MDI 4x4","description":"Il a \u00e9t\u00e9 con\u00e7u pour les Discovery 1 et 2 mais peut \u00e9galement \u00eatre mont\u00e9 sur d'autres pare-chocs m\u00e9talliques non fabriqu\u00e9s par M.Di.4x4.","robots":{"index":"index","follow":"follow","max-snippet":"max-snippet:-1","max-image-preview":"max-image-preview:large","max-video-preview":"max-video-preview:-1"},"canonical":"https:\/\/www.mdi4x4.it\/fr\/prodotto\/porte-de-roue-discovery-1-2\/","og_locale":"fr_FR","og_type":"article","og_title":"Porte de roue Discovery 2 - MDI 4x4","og_description":"Il a \u00e9t\u00e9 con\u00e7u pour les Discovery 1 et 2 mais peut \u00e9galement \u00eatre mont\u00e9 sur d'autres pare-chocs m\u00e9talliques non fabriqu\u00e9s par M.Di.4x4.","og_url":"https:\/\/www.mdi4x4.it\/fr\/prodotto\/porte-de-roue-discovery-1-2\/","og_site_name":"MDI 4x4","article_modified_time":"2025-10-26T17:50:47+00:00","og_image":[{"width":600,"height":600,"url":"https:\/\/www.mdi4x4.it\/wp-content\/uploads\/2021\/03\/Cancello-portaruota-disco.jpg","type":"image\/jpeg"}],"schema":{"@context":"https:\/\/schema.org","@graph":[{"@type":"WebPage","@id":"https:\/\/www.mdi4x4.it\/fr\/prodotto\/porte-de-roue-discovery-1-2\/","url":"https:\/\/www.mdi4x4.it\/fr\/prodotto\/porte-de-roue-discovery-1-2\/","name":"Porte de roue Discovery 2 - MDI 4x4","isPartOf":{"@id":"https:\/\/www.mdi4x4.it\/fr\/#website"},"datePublished":"2021-03-22T10:30:12+00:00","dateModified":"2025-10-26T17:50:47+00:00","description":"Il a \u00e9t\u00e9 con\u00e7u pour les Discovery 1 et 2 mais peut \u00e9galement \u00eatre mont\u00e9 sur d'autres pare-chocs m\u00e9talliques non fabriqu\u00e9s par M.Di.4x4.","breadcrumb":{"@id":"https:\/\/www.mdi4x4.it\/fr\/prodotto\/porte-de-roue-discovery-1-2\/#breadcrumb"},"inLanguage":"fr-FR","potentialAction":[{"@type":"ReadAction","target":["https:\/\/www.mdi4x4.it\/fr\/prodotto\/porte-de-roue-discovery-1-2\/"]}]},{"@type":"BreadcrumbList","@id":"https:\/\/www.mdi4x4.it\/fr\/prodotto\/porte-de-roue-discovery-1-2\/#breadcrumb","itemListElement":[{"@type":"ListItem","position":1,"name":"Home","item":"https:\/\/www.mdi4x4.it\/fr\/"},{"@type":"ListItem","position":2,"name":"Boutique","item":"https:\/\/www.mdi4x4.it\/fr\/shop\/"},{"@type":"ListItem","position":3,"name":"Porte de roue Discovery 2"}]},{"@type":"WebSite","@id":"https:\/\/www.mdi4x4.it\/fr\/#website","url":"https:\/\/www.mdi4x4.it\/fr\/","name":"MDI 4x4","description":"Accessori su misura Land Rover || Toyota","publisher":{"@id":"https:\/\/www.mdi4x4.it\/fr\/#organization"},"potentialAction":[{"@type":"SearchAction","target":{"@type":"EntryPoint","urlTemplate":"https:\/\/www.mdi4x4.it\/fr\/?s={search_term_string}"},"query-input":"required name=search_term_string"}],"inLanguage":"fr-FR"},{"@type":"Organization","@id":"https:\/\/www.mdi4x4.it\/fr\/#organization","name":"MDI 4x4","url":"https:\/\/www.mdi4x4.it\/fr\/","logo":{"@type":"ImageObject","inLanguage":"fr-FR","@id":"https:\/\/www.mdi4x4.it\/fr\/#\/schema\/logo\/image\/","url":"https:\/\/www.mdi4x4.it\/wp-content\/uploads\/2021\/03\/Logo-MDI-ridotto.png","contentUrl":"https:\/\/www.mdi4x4.it\/wp-content\/uploads\/2021\/03\/Logo-MDI-ridotto.png","width":299,"height":200,"caption":"MDI 4x4"},"image":{"@id":"https:\/\/www.mdi4x4.it\/fr\/#\/schema\/logo\/image\/"}}]}},"_links":{"self":[{"href":"https:\/\/www.mdi4x4.it\/fr\/wp-json\/wp\/v2\/product\/3539"}],"collection":[{"href":"https:\/\/www.mdi4x4.it\/fr\/wp-json\/wp\/v2\/product"}],"about":[{"href":"https:\/\/www.mdi4x4.it\/fr\/wp-json\/wp\/v2\/types\/product"}],"wp:featuredmedia":[{"embeddable":true,"href":"https:\/\/www.mdi4x4.it\/fr\/wp-json\/wp\/v2\/media\/4784"}],"wp:attachment":[{"href":"https:\/\/www.mdi4x4.it\/fr\/wp-json\/wp\/v2\/media?parent=3539"}],"wp:term":[{"taxonomy":"product_cat","embeddable":true,"href":"https:\/\/www.mdi4x4.it\/fr\/wp-json\/wp\/v2\/product_cat?post=3539"},{"taxonomy":"product_tag","embeddable":true,"href":"https:\/\/www.mdi4x4.it\/fr\/wp-json\/wp\/v2\/product_tag?post=3539"}],"curies":[{"name":"wp","href":"https:\/\/api.w.org\/{rel}","templated":true}]}}