{"id":3523,"date":"2021-03-22T12:51:59","date_gmt":"2021-03-22T11:51:59","guid":{"rendered":"https:\/\/www.mdi4x4.it\/product\/panneau-interieur-du-hayon-du-discovery-2-configuration-originale\/"},"modified":"2022-12-09T10:18:59","modified_gmt":"2022-12-09T09:18:59","slug":"panneau-interieur-du-hayon-du-discovery-2-configuration-originale","status":"publish","type":"product","link":"https:\/\/www.mdi4x4.it\/fr\/prodotto\/panneau-interieur-du-hayon-du-discovery-2-configuration-originale\/","title":{"rendered":"Panneau int\u00e9rieur du hayon du Discovery 2 (configuration originale)"},"content":{"rendered":"<p>Fabriqu\u00e9 en aluminium de 3 mm avec une finition satin\u00e9e.<br \/>\nLa fixation se fait en reper\u00e7ant les trous existants avec une m\u00e8che de 9 mm, puis en ins\u00e9rant des rivets filet\u00e9s pour les vis de 6 ma.<\/p>\n<p>Disponibilit\u00e9 dans 10-15 jours<\/p>\n","protected":false},"excerpt":{"rendered":"<p>Fabriqu\u00e9 en aluminium de 3 mm avec une finition satin\u00e9e.<br \/>\nLa fixation se fait en reper\u00e7ant les trous existants avec une m\u00e8che de 9 mm, puis en ins\u00e9rant des rivets filet\u00e9s pour les vis de 6 ma.<\/p>\n<p>Disponibilit\u00e9 dans 10-15 jours<\/p>\n","protected":false},"featured_media":2573,"template":"","meta":{"_eb_attr":""},"product_cat":[663,661,724],"product_tag":[725,722],"yoast_head":"<!-- This site is optimized with the Yoast SEO plugin v22.1 - https:\/\/yoast.com\/wordpress\/plugins\/seo\/ -->\n<title>Panneau int\u00e9rieur du hayon du Discovery 2 (configuration originale) - MDI 4x4<\/title>\n<meta name=\"description\" content=\"Fabriqu\u00e9 en aluminium de 3 mm avec une finition satin\u00e9e. On le fixe en reper\u00e7ant les trous existants \u00e0 l&#039;aide d&#039;une m\u00e8che, puis en ins\u00e9rant des rivets filet\u00e9s pour les vis\" \/>\n<meta name=\"robots\" content=\"index, follow, max-snippet:-1, max-image-preview:large, max-video-preview:-1\" \/>\n<link rel=\"canonical\" href=\"https:\/\/www.mdi4x4.it\/fr\/prodotto\/panneau-interieur-du-hayon-du-discovery-2-configuration-originale\/\" \/>\n<meta property=\"og:locale\" content=\"fr_FR\" \/>\n<meta property=\"og:type\" content=\"article\" \/>\n<meta property=\"og:title\" content=\"Panneau int\u00e9rieur du hayon du Discovery 2 (configuration originale) - MDI 4x4\" \/>\n<meta property=\"og:description\" content=\"Fabriqu\u00e9 en aluminium de 3 mm avec une finition satin\u00e9e. On le fixe en reper\u00e7ant les trous existants \u00e0 l&#039;aide d&#039;une m\u00e8che, puis en ins\u00e9rant des rivets filet\u00e9s pour les vis\" \/>\n<meta property=\"og:url\" content=\"https:\/\/www.mdi4x4.it\/fr\/prodotto\/panneau-interieur-du-hayon-du-discovery-2-configuration-originale\/\" \/>\n<meta property=\"og:site_name\" content=\"MDI 4x4\" \/>\n<meta property=\"article:modified_time\" content=\"2022-12-09T09:18:59+00:00\" \/>\n<meta property=\"og:image\" content=\"https:\/\/www.mdi4x4.it\/wp-content\/uploads\/2021\/03\/4051-foto1-pannello-interno-portellone-discovery.jpg\" \/>\n\t<meta property=\"og:image:width\" content=\"600\" \/>\n\t<meta property=\"og:image:height\" content=\"600\" \/>\n\t<meta property=\"og:image:type\" content=\"image\/jpeg\" \/>\n<script type=\"application\/ld+json\" class=\"yoast-schema-graph\">{\"@context\":\"https:\/\/schema.org\",\"@graph\":[{\"@type\":\"WebPage\",\"@id\":\"https:\/\/www.mdi4x4.it\/fr\/prodotto\/panneau-interieur-du-hayon-du-discovery-2-configuration-originale\/\",\"url\":\"https:\/\/www.mdi4x4.it\/fr\/prodotto\/panneau-interieur-du-hayon-du-discovery-2-configuration-originale\/\",\"name\":\"Panneau int\u00e9rieur du hayon du Discovery 2 (configuration originale) - MDI 4x4\",\"isPartOf\":{\"@id\":\"https:\/\/www.mdi4x4.it\/fr\/#website\"},\"datePublished\":\"2021-03-22T11:51:59+00:00\",\"dateModified\":\"2022-12-09T09:18:59+00:00\",\"description\":\"Fabriqu\u00e9 en aluminium de 3 mm avec une finition satin\u00e9e. On le fixe en reper\u00e7ant les trous existants \u00e0 l'aide d'une m\u00e8che, puis en ins\u00e9rant des rivets filet\u00e9s pour les vis\",\"breadcrumb\":{\"@id\":\"https:\/\/www.mdi4x4.it\/fr\/prodotto\/panneau-interieur-du-hayon-du-discovery-2-configuration-originale\/#breadcrumb\"},\"inLanguage\":\"fr-FR\",\"potentialAction\":[{\"@type\":\"ReadAction\",\"target\":[\"https:\/\/www.mdi4x4.it\/fr\/prodotto\/panneau-interieur-du-hayon-du-discovery-2-configuration-originale\/\"]}]},{\"@type\":\"BreadcrumbList\",\"@id\":\"https:\/\/www.mdi4x4.it\/fr\/prodotto\/panneau-interieur-du-hayon-du-discovery-2-configuration-originale\/#breadcrumb\",\"itemListElement\":[{\"@type\":\"ListItem\",\"position\":1,\"name\":\"Home\",\"item\":\"https:\/\/www.mdi4x4.it\/fr\/\"},{\"@type\":\"ListItem\",\"position\":2,\"name\":\"Boutique\",\"item\":\"https:\/\/www.mdi4x4.it\/fr\/shop\/\"},{\"@type\":\"ListItem\",\"position\":3,\"name\":\"Panneau int\u00e9rieur du hayon du Discovery 2 (configuration originale)\"}]},{\"@type\":\"WebSite\",\"@id\":\"https:\/\/www.mdi4x4.it\/fr\/#website\",\"url\":\"https:\/\/www.mdi4x4.it\/fr\/\",\"name\":\"MDI 4x4\",\"description\":\"Accessori su misura Land Rover || Toyota\",\"publisher\":{\"@id\":\"https:\/\/www.mdi4x4.it\/fr\/#organization\"},\"potentialAction\":[{\"@type\":\"SearchAction\",\"target\":{\"@type\":\"EntryPoint\",\"urlTemplate\":\"https:\/\/www.mdi4x4.it\/fr\/?s={search_term_string}\"},\"query-input\":\"required name=search_term_string\"}],\"inLanguage\":\"fr-FR\"},{\"@type\":\"Organization\",\"@id\":\"https:\/\/www.mdi4x4.it\/fr\/#organization\",\"name\":\"MDI 4x4\",\"url\":\"https:\/\/www.mdi4x4.it\/fr\/\",\"logo\":{\"@type\":\"ImageObject\",\"inLanguage\":\"fr-FR\",\"@id\":\"https:\/\/www.mdi4x4.it\/fr\/#\/schema\/logo\/image\/\",\"url\":\"https:\/\/www.mdi4x4.it\/wp-content\/uploads\/2021\/03\/Logo-MDI-ridotto.png\",\"contentUrl\":\"https:\/\/www.mdi4x4.it\/wp-content\/uploads\/2021\/03\/Logo-MDI-ridotto.png\",\"width\":299,\"height\":200,\"caption\":\"MDI 4x4\"},\"image\":{\"@id\":\"https:\/\/www.mdi4x4.it\/fr\/#\/schema\/logo\/image\/\"}}]}<\/script>\n<!-- \/ Yoast SEO plugin. -->","yoast_head_json":{"title":"Panneau int\u00e9rieur du hayon du Discovery 2 (configuration originale) - MDI 4x4","description":"Fabriqu\u00e9 en aluminium de 3 mm avec une finition satin\u00e9e. On le fixe en reper\u00e7ant les trous existants \u00e0 l'aide d'une m\u00e8che, puis en ins\u00e9rant des rivets filet\u00e9s pour les vis","robots":{"index":"index","follow":"follow","max-snippet":"max-snippet:-1","max-image-preview":"max-image-preview:large","max-video-preview":"max-video-preview:-1"},"canonical":"https:\/\/www.mdi4x4.it\/fr\/prodotto\/panneau-interieur-du-hayon-du-discovery-2-configuration-originale\/","og_locale":"fr_FR","og_type":"article","og_title":"Panneau int\u00e9rieur du hayon du Discovery 2 (configuration originale) - MDI 4x4","og_description":"Fabriqu\u00e9 en aluminium de 3 mm avec une finition satin\u00e9e. On le fixe en reper\u00e7ant les trous existants \u00e0 l'aide d'une m\u00e8che, puis en ins\u00e9rant des rivets filet\u00e9s pour les vis","og_url":"https:\/\/www.mdi4x4.it\/fr\/prodotto\/panneau-interieur-du-hayon-du-discovery-2-configuration-originale\/","og_site_name":"MDI 4x4","article_modified_time":"2022-12-09T09:18:59+00:00","og_image":[{"width":600,"height":600,"url":"https:\/\/www.mdi4x4.it\/wp-content\/uploads\/2021\/03\/4051-foto1-pannello-interno-portellone-discovery.jpg","type":"image\/jpeg"}],"schema":{"@context":"https:\/\/schema.org","@graph":[{"@type":"WebPage","@id":"https:\/\/www.mdi4x4.it\/fr\/prodotto\/panneau-interieur-du-hayon-du-discovery-2-configuration-originale\/","url":"https:\/\/www.mdi4x4.it\/fr\/prodotto\/panneau-interieur-du-hayon-du-discovery-2-configuration-originale\/","name":"Panneau int\u00e9rieur du hayon du Discovery 2 (configuration originale) - MDI 4x4","isPartOf":{"@id":"https:\/\/www.mdi4x4.it\/fr\/#website"},"datePublished":"2021-03-22T11:51:59+00:00","dateModified":"2022-12-09T09:18:59+00:00","description":"Fabriqu\u00e9 en aluminium de 3 mm avec une finition satin\u00e9e. On le fixe en reper\u00e7ant les trous existants \u00e0 l'aide d'une m\u00e8che, puis en ins\u00e9rant des rivets filet\u00e9s pour les vis","breadcrumb":{"@id":"https:\/\/www.mdi4x4.it\/fr\/prodotto\/panneau-interieur-du-hayon-du-discovery-2-configuration-originale\/#breadcrumb"},"inLanguage":"fr-FR","potentialAction":[{"@type":"ReadAction","target":["https:\/\/www.mdi4x4.it\/fr\/prodotto\/panneau-interieur-du-hayon-du-discovery-2-configuration-originale\/"]}]},{"@type":"BreadcrumbList","@id":"https:\/\/www.mdi4x4.it\/fr\/prodotto\/panneau-interieur-du-hayon-du-discovery-2-configuration-originale\/#breadcrumb","itemListElement":[{"@type":"ListItem","position":1,"name":"Home","item":"https:\/\/www.mdi4x4.it\/fr\/"},{"@type":"ListItem","position":2,"name":"Boutique","item":"https:\/\/www.mdi4x4.it\/fr\/shop\/"},{"@type":"ListItem","position":3,"name":"Panneau int\u00e9rieur du hayon du Discovery 2 (configuration originale)"}]},{"@type":"WebSite","@id":"https:\/\/www.mdi4x4.it\/fr\/#website","url":"https:\/\/www.mdi4x4.it\/fr\/","name":"MDI 4x4","description":"Accessori su misura Land Rover || Toyota","publisher":{"@id":"https:\/\/www.mdi4x4.it\/fr\/#organization"},"potentialAction":[{"@type":"SearchAction","target":{"@type":"EntryPoint","urlTemplate":"https:\/\/www.mdi4x4.it\/fr\/?s={search_term_string}"},"query-input":"required name=search_term_string"}],"inLanguage":"fr-FR"},{"@type":"Organization","@id":"https:\/\/www.mdi4x4.it\/fr\/#organization","name":"MDI 4x4","url":"https:\/\/www.mdi4x4.it\/fr\/","logo":{"@type":"ImageObject","inLanguage":"fr-FR","@id":"https:\/\/www.mdi4x4.it\/fr\/#\/schema\/logo\/image\/","url":"https:\/\/www.mdi4x4.it\/wp-content\/uploads\/2021\/03\/Logo-MDI-ridotto.png","contentUrl":"https:\/\/www.mdi4x4.it\/wp-content\/uploads\/2021\/03\/Logo-MDI-ridotto.png","width":299,"height":200,"caption":"MDI 4x4"},"image":{"@id":"https:\/\/www.mdi4x4.it\/fr\/#\/schema\/logo\/image\/"}}]}},"_links":{"self":[{"href":"https:\/\/www.mdi4x4.it\/fr\/wp-json\/wp\/v2\/product\/3523"}],"collection":[{"href":"https:\/\/www.mdi4x4.it\/fr\/wp-json\/wp\/v2\/product"}],"about":[{"href":"https:\/\/www.mdi4x4.it\/fr\/wp-json\/wp\/v2\/types\/product"}],"wp:featuredmedia":[{"embeddable":true,"href":"https:\/\/www.mdi4x4.it\/fr\/wp-json\/wp\/v2\/media\/2573"}],"wp:attachment":[{"href":"https:\/\/www.mdi4x4.it\/fr\/wp-json\/wp\/v2\/media?parent=3523"}],"wp:term":[{"taxonomy":"product_cat","embeddable":true,"href":"https:\/\/www.mdi4x4.it\/fr\/wp-json\/wp\/v2\/product_cat?post=3523"},{"taxonomy":"product_tag","embeddable":true,"href":"https:\/\/www.mdi4x4.it\/fr\/wp-json\/wp\/v2\/product_tag?post=3523"}],"curies":[{"name":"wp","href":"https:\/\/api.w.org\/{rel}","templated":true}]}}