{"id":3518,"date":"2021-03-22T13:21:07","date_gmt":"2021-03-22T12:21:07","guid":{"rendered":"https:\/\/www.mdi4x4.it\/product\/grille-de-recirculation-dair-de-lhabitacle-prix-par-piece\/"},"modified":"2022-12-07T16:32:18","modified_gmt":"2022-12-07T15:32:18","slug":"volet-de-recirculation-dair-dans-lhabitacle","status":"publish","type":"product","link":"https:\/\/www.mdi4x4.it\/fr\/prodotto\/volet-de-recirculation-dair-dans-lhabitacle\/","title":{"rendered":"Volet de recirculation d&#8217;air dans l&#8217;habitacle"},"content":{"rendered":"<p>R\u00e9alis\u00e9 en t\u00f4le et peint en noir gaufr\u00e9. Le treillis se compose de deux parties:<\/p>\n<p>&#8211; une couverture ext\u00e9rieure avec des rabats horizontaux qui permettent \u00e0 la lumi\u00e8re et \u00e0 l&#8217;air de p\u00e9n\u00e9trer en douceur dans l&#8217;habitacle et le prot\u00e8gent de la pluie. Ce couvercle peut \u00eatre retir\u00e9 pour permettre une meilleure circulation de l&#8217;air.<br \/>\n&#8211; une partie qui reste fix\u00e9e \u00e0 la fen\u00eatre, \u00e9quip\u00e9e d&#8217;une t\u00f4le perfor\u00e9e qui ne permet pas aux insectes de p\u00e9n\u00e9trer dans l&#8217;habitacle.<\/p>\n<p>Le caillebotis est universel et peut \u00eatre achet\u00e9 individuellement.<\/p>\n<p><strong>Le prix est par pi\u00e8ce unique.<\/strong><\/p>\n","protected":false},"excerpt":{"rendered":"<p>R\u00e9alis\u00e9 en t\u00f4le et peint en noir gaufr\u00e9. Le treillis se compose de deux parties:<\/p>\n<p>&#8211; une couverture ext\u00e9rieure avec des rabats horizontaux qui permettent \u00e0 la lumi\u00e8re et \u00e0 l&#8217;air de p\u00e9n\u00e9trer en douceur dans l&#8217;habitacle et le prot\u00e8gent de la pluie. Ce couvercle peut \u00eatre retir\u00e9 pour permettre une meilleure circulation de l&#8217;air.<br \/>\n&#8211; une partie qui reste fix\u00e9e \u00e0 la fen\u00eatre, \u00e9quip\u00e9e d&#8217;une t\u00f4le perfor\u00e9e qui ne permet pas aux insectes de p\u00e9n\u00e9trer dans l&#8217;habitacle.<\/p>\n<p>Le caillebotis est universel et peut \u00eatre achet\u00e9 individuellement.<\/p>\n<p>&nbsp;<\/p>\n","protected":false},"featured_media":2931,"template":"","meta":{"_eb_attr":""},"product_cat":[662,663,720,721,661],"product_tag":[656],"yoast_head":"<!-- This site is optimized with the Yoast SEO plugin v22.1 - https:\/\/yoast.com\/wordpress\/plugins\/seo\/ -->\n<title>Volet de recirculation d&#039;air dans l&#039;habitacle - MDI 4x4<\/title>\n<meta name=\"description\" content=\"R\u00e9alis\u00e9 en t\u00f4le et peint en noir gaufr\u00e9. La grille se compose d&#039;un couvercle ext\u00e9rieur et d&#039;une partie qui reste fix\u00e9e \u00e0 la fen\u00eatre.\" \/>\n<meta name=\"robots\" content=\"index, follow, max-snippet:-1, max-image-preview:large, max-video-preview:-1\" \/>\n<link rel=\"canonical\" href=\"https:\/\/www.mdi4x4.it\/fr\/prodotto\/volet-de-recirculation-dair-dans-lhabitacle\/\" \/>\n<meta property=\"og:locale\" content=\"fr_FR\" \/>\n<meta property=\"og:type\" content=\"article\" \/>\n<meta property=\"og:title\" content=\"Volet de recirculation d&#039;air dans l&#039;habitacle - MDI 4x4\" \/>\n<meta property=\"og:description\" content=\"R\u00e9alis\u00e9 en t\u00f4le et peint en noir gaufr\u00e9. La grille se compose d&#039;un couvercle ext\u00e9rieur et d&#039;une partie qui reste fix\u00e9e \u00e0 la fen\u00eatre.\" \/>\n<meta property=\"og:url\" content=\"https:\/\/www.mdi4x4.it\/fr\/prodotto\/volet-de-recirculation-dair-dans-lhabitacle\/\" \/>\n<meta property=\"og:site_name\" content=\"MDI 4x4\" \/>\n<meta property=\"article:modified_time\" content=\"2022-12-07T15:32:18+00:00\" \/>\n<meta property=\"og:image\" content=\"https:\/\/www.mdi4x4.it\/wp-content\/uploads\/2021\/03\/4035-FOTO3-grata-riciclo-aria-abitacolo-il-prezzo-e-per-singolo-pezzo.jpg\" \/>\n\t<meta property=\"og:image:width\" content=\"600\" \/>\n\t<meta property=\"og:image:height\" content=\"600\" \/>\n\t<meta property=\"og:image:type\" content=\"image\/jpeg\" \/>\n<script type=\"application\/ld+json\" class=\"yoast-schema-graph\">{\"@context\":\"https:\/\/schema.org\",\"@graph\":[{\"@type\":\"WebPage\",\"@id\":\"https:\/\/www.mdi4x4.it\/fr\/prodotto\/volet-de-recirculation-dair-dans-lhabitacle\/\",\"url\":\"https:\/\/www.mdi4x4.it\/fr\/prodotto\/volet-de-recirculation-dair-dans-lhabitacle\/\",\"name\":\"Volet de recirculation d'air dans l'habitacle - MDI 4x4\",\"isPartOf\":{\"@id\":\"https:\/\/www.mdi4x4.it\/fr\/#website\"},\"datePublished\":\"2021-03-22T12:21:07+00:00\",\"dateModified\":\"2022-12-07T15:32:18+00:00\",\"description\":\"R\u00e9alis\u00e9 en t\u00f4le et peint en noir gaufr\u00e9. La grille se compose d'un couvercle ext\u00e9rieur et d'une partie qui reste fix\u00e9e \u00e0 la fen\u00eatre.\",\"breadcrumb\":{\"@id\":\"https:\/\/www.mdi4x4.it\/fr\/prodotto\/volet-de-recirculation-dair-dans-lhabitacle\/#breadcrumb\"},\"inLanguage\":\"fr-FR\",\"potentialAction\":[{\"@type\":\"ReadAction\",\"target\":[\"https:\/\/www.mdi4x4.it\/fr\/prodotto\/volet-de-recirculation-dair-dans-lhabitacle\/\"]}]},{\"@type\":\"BreadcrumbList\",\"@id\":\"https:\/\/www.mdi4x4.it\/fr\/prodotto\/volet-de-recirculation-dair-dans-lhabitacle\/#breadcrumb\",\"itemListElement\":[{\"@type\":\"ListItem\",\"position\":1,\"name\":\"Home\",\"item\":\"https:\/\/www.mdi4x4.it\/fr\/\"},{\"@type\":\"ListItem\",\"position\":2,\"name\":\"Boutique\",\"item\":\"https:\/\/www.mdi4x4.it\/fr\/shop\/\"},{\"@type\":\"ListItem\",\"position\":3,\"name\":\"Volet de recirculation d&#8217;air dans l&#8217;habitacle\"}]},{\"@type\":\"WebSite\",\"@id\":\"https:\/\/www.mdi4x4.it\/fr\/#website\",\"url\":\"https:\/\/www.mdi4x4.it\/fr\/\",\"name\":\"MDI 4x4\",\"description\":\"Accessori su misura Land Rover || Toyota\",\"publisher\":{\"@id\":\"https:\/\/www.mdi4x4.it\/fr\/#organization\"},\"potentialAction\":[{\"@type\":\"SearchAction\",\"target\":{\"@type\":\"EntryPoint\",\"urlTemplate\":\"https:\/\/www.mdi4x4.it\/fr\/?s={search_term_string}\"},\"query-input\":\"required name=search_term_string\"}],\"inLanguage\":\"fr-FR\"},{\"@type\":\"Organization\",\"@id\":\"https:\/\/www.mdi4x4.it\/fr\/#organization\",\"name\":\"MDI 4x4\",\"url\":\"https:\/\/www.mdi4x4.it\/fr\/\",\"logo\":{\"@type\":\"ImageObject\",\"inLanguage\":\"fr-FR\",\"@id\":\"https:\/\/www.mdi4x4.it\/fr\/#\/schema\/logo\/image\/\",\"url\":\"https:\/\/www.mdi4x4.it\/wp-content\/uploads\/2021\/03\/Logo-MDI-ridotto.png\",\"contentUrl\":\"https:\/\/www.mdi4x4.it\/wp-content\/uploads\/2021\/03\/Logo-MDI-ridotto.png\",\"width\":299,\"height\":200,\"caption\":\"MDI 4x4\"},\"image\":{\"@id\":\"https:\/\/www.mdi4x4.it\/fr\/#\/schema\/logo\/image\/\"}}]}<\/script>\n<!-- \/ Yoast SEO plugin. -->","yoast_head_json":{"title":"Volet de recirculation d'air dans l'habitacle - MDI 4x4","description":"R\u00e9alis\u00e9 en t\u00f4le et peint en noir gaufr\u00e9. La grille se compose d'un couvercle ext\u00e9rieur et d'une partie qui reste fix\u00e9e \u00e0 la fen\u00eatre.","robots":{"index":"index","follow":"follow","max-snippet":"max-snippet:-1","max-image-preview":"max-image-preview:large","max-video-preview":"max-video-preview:-1"},"canonical":"https:\/\/www.mdi4x4.it\/fr\/prodotto\/volet-de-recirculation-dair-dans-lhabitacle\/","og_locale":"fr_FR","og_type":"article","og_title":"Volet de recirculation d'air dans l'habitacle - MDI 4x4","og_description":"R\u00e9alis\u00e9 en t\u00f4le et peint en noir gaufr\u00e9. La grille se compose d'un couvercle ext\u00e9rieur et d'une partie qui reste fix\u00e9e \u00e0 la fen\u00eatre.","og_url":"https:\/\/www.mdi4x4.it\/fr\/prodotto\/volet-de-recirculation-dair-dans-lhabitacle\/","og_site_name":"MDI 4x4","article_modified_time":"2022-12-07T15:32:18+00:00","og_image":[{"width":600,"height":600,"url":"https:\/\/www.mdi4x4.it\/wp-content\/uploads\/2021\/03\/4035-FOTO3-grata-riciclo-aria-abitacolo-il-prezzo-e-per-singolo-pezzo.jpg","type":"image\/jpeg"}],"schema":{"@context":"https:\/\/schema.org","@graph":[{"@type":"WebPage","@id":"https:\/\/www.mdi4x4.it\/fr\/prodotto\/volet-de-recirculation-dair-dans-lhabitacle\/","url":"https:\/\/www.mdi4x4.it\/fr\/prodotto\/volet-de-recirculation-dair-dans-lhabitacle\/","name":"Volet de recirculation d'air dans l'habitacle - MDI 4x4","isPartOf":{"@id":"https:\/\/www.mdi4x4.it\/fr\/#website"},"datePublished":"2021-03-22T12:21:07+00:00","dateModified":"2022-12-07T15:32:18+00:00","description":"R\u00e9alis\u00e9 en t\u00f4le et peint en noir gaufr\u00e9. La grille se compose d'un couvercle ext\u00e9rieur et d'une partie qui reste fix\u00e9e \u00e0 la fen\u00eatre.","breadcrumb":{"@id":"https:\/\/www.mdi4x4.it\/fr\/prodotto\/volet-de-recirculation-dair-dans-lhabitacle\/#breadcrumb"},"inLanguage":"fr-FR","potentialAction":[{"@type":"ReadAction","target":["https:\/\/www.mdi4x4.it\/fr\/prodotto\/volet-de-recirculation-dair-dans-lhabitacle\/"]}]},{"@type":"BreadcrumbList","@id":"https:\/\/www.mdi4x4.it\/fr\/prodotto\/volet-de-recirculation-dair-dans-lhabitacle\/#breadcrumb","itemListElement":[{"@type":"ListItem","position":1,"name":"Home","item":"https:\/\/www.mdi4x4.it\/fr\/"},{"@type":"ListItem","position":2,"name":"Boutique","item":"https:\/\/www.mdi4x4.it\/fr\/shop\/"},{"@type":"ListItem","position":3,"name":"Volet de recirculation d&#8217;air dans l&#8217;habitacle"}]},{"@type":"WebSite","@id":"https:\/\/www.mdi4x4.it\/fr\/#website","url":"https:\/\/www.mdi4x4.it\/fr\/","name":"MDI 4x4","description":"Accessori su misura Land Rover || Toyota","publisher":{"@id":"https:\/\/www.mdi4x4.it\/fr\/#organization"},"potentialAction":[{"@type":"SearchAction","target":{"@type":"EntryPoint","urlTemplate":"https:\/\/www.mdi4x4.it\/fr\/?s={search_term_string}"},"query-input":"required name=search_term_string"}],"inLanguage":"fr-FR"},{"@type":"Organization","@id":"https:\/\/www.mdi4x4.it\/fr\/#organization","name":"MDI 4x4","url":"https:\/\/www.mdi4x4.it\/fr\/","logo":{"@type":"ImageObject","inLanguage":"fr-FR","@id":"https:\/\/www.mdi4x4.it\/fr\/#\/schema\/logo\/image\/","url":"https:\/\/www.mdi4x4.it\/wp-content\/uploads\/2021\/03\/Logo-MDI-ridotto.png","contentUrl":"https:\/\/www.mdi4x4.it\/wp-content\/uploads\/2021\/03\/Logo-MDI-ridotto.png","width":299,"height":200,"caption":"MDI 4x4"},"image":{"@id":"https:\/\/www.mdi4x4.it\/fr\/#\/schema\/logo\/image\/"}}]}},"_links":{"self":[{"href":"https:\/\/www.mdi4x4.it\/fr\/wp-json\/wp\/v2\/product\/3518"}],"collection":[{"href":"https:\/\/www.mdi4x4.it\/fr\/wp-json\/wp\/v2\/product"}],"about":[{"href":"https:\/\/www.mdi4x4.it\/fr\/wp-json\/wp\/v2\/types\/product"}],"wp:featuredmedia":[{"embeddable":true,"href":"https:\/\/www.mdi4x4.it\/fr\/wp-json\/wp\/v2\/media\/2931"}],"wp:attachment":[{"href":"https:\/\/www.mdi4x4.it\/fr\/wp-json\/wp\/v2\/media?parent=3518"}],"wp:term":[{"taxonomy":"product_cat","embeddable":true,"href":"https:\/\/www.mdi4x4.it\/fr\/wp-json\/wp\/v2\/product_cat?post=3518"},{"taxonomy":"product_tag","embeddable":true,"href":"https:\/\/www.mdi4x4.it\/fr\/wp-json\/wp\/v2\/product_tag?post=3518"}],"curies":[{"name":"wp","href":"https:\/\/api.w.org\/{rel}","templated":true}]}}