{"id":3512,"date":"2021-03-22T14:49:57","date_gmt":"2021-03-22T13:49:57","guid":{"rendered":"https:\/\/www.mdi4x4.it\/product\/pare-chocs-avant-pour-toyota-kdj-kzj-90-95-avec-support-de-treuil\/"},"modified":"2024-07-28T18:01:23","modified_gmt":"2024-07-28T16:01:23","slug":"pare-chocs-avant-pour-toyota-kdj-kzj-90-95-avec-support-de-treuil","status":"publish","type":"product","link":"https:\/\/www.mdi4x4.it\/fr\/prodotto\/pare-chocs-avant-pour-toyota-kdj-kzj-90-95-avec-support-de-treuil\/","title":{"rendered":"Pare-chocs avant pour Toyota KDJ-KZJ 90-95 avec support de treuil"},"content":{"rendered":"<p>Le pare-chocs est fabriqu\u00e9 en Italie \u00e0 partir d&#8217;une t\u00f4le de 4 mm et est peint en noir gaufr\u00e9. Le pare-chocs est pr\u00e9par\u00e9 pour l&#8217;insertion de 2 pivots (cod 4027)sp\u00e9cifiquement pour le pare-chocS\u00a0 et 1 berceau pour le treuil.<br \/>\nLes dimensions du treuil sont : hauteur maximale mm &#8212; (d\u00e9pend de la coupe du gabarit), longueur &#8212; mm.<br \/>\nPOIDS KG 34<br \/>\nLa plaque en aluminium et le support de plaque d&#8217;immatriculation ne sont pas inclus. Sans lumi\u00e8re.<\/p>\n<p>&nbsp;<\/p>\n","protected":false},"excerpt":{"rendered":"<p>Le pare-chocs est fabriqu\u00e9 en Italie \u00e0 partir d&#8217;une t\u00f4le de 4 mm et est peint en noir gaufr\u00e9. Le pare-chocs est pr\u00e9par\u00e9 pour l&#8217;insertion de 2 pivots (cod 4027) sp\u00e9cifiquement pour le pare-chocs et 1 berceau pour le treuil.<br \/>\nLes dimensions du treuil sont : hauteur maximale mm &#8212; (d\u00e9pend de la coupe du gabarit), longueur &#8212; mm.<br \/>\nPOIDS KG 34<br \/>\nLa plaque en aluminium et le support de plaque d&#8217;immatriculation ne sont pas inclus. Sans lumi\u00e8re.<\/p>\n<p>&nbsp;<\/p>\n","protected":false},"featured_media":3890,"template":"","meta":{"_eb_attr":""},"product_cat":[652,653,682,683,651],"product_tag":[673],"yoast_head":"<!-- This site is optimized with the Yoast SEO plugin v22.1 - https:\/\/yoast.com\/wordpress\/plugins\/seo\/ -->\n<title>Pare-chocs avant pour Toyota KDJ-KZJ 90-95 avec support de treuil - MDI 4x4<\/title>\n<meta name=\"description\" content=\"Le pare-chocs est fabriqu\u00e9 en Italie \u00e0 partir d&#039;une t\u00f4le de 4 mm et est peint en noir gaufr\u00e9.\" \/>\n<meta name=\"robots\" content=\"index, follow, max-snippet:-1, max-image-preview:large, max-video-preview:-1\" \/>\n<link rel=\"canonical\" href=\"https:\/\/www.mdi4x4.it\/fr\/prodotto\/pare-chocs-avant-pour-toyota-kdj-kzj-90-95-avec-support-de-treuil\/\" \/>\n<meta property=\"og:locale\" content=\"fr_FR\" \/>\n<meta property=\"og:type\" content=\"article\" \/>\n<meta property=\"og:title\" content=\"Pare-chocs avant pour Toyota KDJ-KZJ 90-95 avec support de treuil - MDI 4x4\" \/>\n<meta property=\"og:description\" content=\"Le pare-chocs est fabriqu\u00e9 en Italie \u00e0 partir d&#039;une t\u00f4le de 4 mm et est peint en noir gaufr\u00e9.\" \/>\n<meta property=\"og:url\" content=\"https:\/\/www.mdi4x4.it\/fr\/prodotto\/pare-chocs-avant-pour-toyota-kdj-kzj-90-95-avec-support-de-treuil\/\" \/>\n<meta property=\"og:site_name\" content=\"MDI 4x4\" \/>\n<meta property=\"article:modified_time\" content=\"2024-07-28T16:01:23+00:00\" \/>\n<meta property=\"og:image\" content=\"https:\/\/www.mdi4x4.it\/wp-content\/uploads\/2021\/03\/Paraurti-anteriore-per-Toyota-KDJ-KZJ-90-95-senza-luci.png\" \/>\n\t<meta property=\"og:image:width\" content=\"1438\" \/>\n\t<meta property=\"og:image:height\" content=\"956\" \/>\n\t<meta property=\"og:image:type\" content=\"image\/png\" \/>\n<script type=\"application\/ld+json\" class=\"yoast-schema-graph\">{\"@context\":\"https:\/\/schema.org\",\"@graph\":[{\"@type\":\"WebPage\",\"@id\":\"https:\/\/www.mdi4x4.it\/fr\/prodotto\/pare-chocs-avant-pour-toyota-kdj-kzj-90-95-avec-support-de-treuil\/\",\"url\":\"https:\/\/www.mdi4x4.it\/fr\/prodotto\/pare-chocs-avant-pour-toyota-kdj-kzj-90-95-avec-support-de-treuil\/\",\"name\":\"Pare-chocs avant pour Toyota KDJ-KZJ 90-95 avec support de treuil - MDI 4x4\",\"isPartOf\":{\"@id\":\"https:\/\/www.mdi4x4.it\/fr\/#website\"},\"datePublished\":\"2021-03-22T13:49:57+00:00\",\"dateModified\":\"2024-07-28T16:01:23+00:00\",\"description\":\"Le pare-chocs est fabriqu\u00e9 en Italie \u00e0 partir d'une t\u00f4le de 4 mm et est peint en noir gaufr\u00e9.\",\"breadcrumb\":{\"@id\":\"https:\/\/www.mdi4x4.it\/fr\/prodotto\/pare-chocs-avant-pour-toyota-kdj-kzj-90-95-avec-support-de-treuil\/#breadcrumb\"},\"inLanguage\":\"fr-FR\",\"potentialAction\":[{\"@type\":\"ReadAction\",\"target\":[\"https:\/\/www.mdi4x4.it\/fr\/prodotto\/pare-chocs-avant-pour-toyota-kdj-kzj-90-95-avec-support-de-treuil\/\"]}]},{\"@type\":\"BreadcrumbList\",\"@id\":\"https:\/\/www.mdi4x4.it\/fr\/prodotto\/pare-chocs-avant-pour-toyota-kdj-kzj-90-95-avec-support-de-treuil\/#breadcrumb\",\"itemListElement\":[{\"@type\":\"ListItem\",\"position\":1,\"name\":\"Home\",\"item\":\"https:\/\/www.mdi4x4.it\/fr\/\"},{\"@type\":\"ListItem\",\"position\":2,\"name\":\"Boutique\",\"item\":\"https:\/\/www.mdi4x4.it\/fr\/shop\/\"},{\"@type\":\"ListItem\",\"position\":3,\"name\":\"Pare-chocs avant pour Toyota KDJ-KZJ 90-95 avec support de treuil\"}]},{\"@type\":\"WebSite\",\"@id\":\"https:\/\/www.mdi4x4.it\/fr\/#website\",\"url\":\"https:\/\/www.mdi4x4.it\/fr\/\",\"name\":\"MDI 4x4\",\"description\":\"Accessori su misura Land Rover || Toyota\",\"publisher\":{\"@id\":\"https:\/\/www.mdi4x4.it\/fr\/#organization\"},\"potentialAction\":[{\"@type\":\"SearchAction\",\"target\":{\"@type\":\"EntryPoint\",\"urlTemplate\":\"https:\/\/www.mdi4x4.it\/fr\/?s={search_term_string}\"},\"query-input\":\"required name=search_term_string\"}],\"inLanguage\":\"fr-FR\"},{\"@type\":\"Organization\",\"@id\":\"https:\/\/www.mdi4x4.it\/fr\/#organization\",\"name\":\"MDI 4x4\",\"url\":\"https:\/\/www.mdi4x4.it\/fr\/\",\"logo\":{\"@type\":\"ImageObject\",\"inLanguage\":\"fr-FR\",\"@id\":\"https:\/\/www.mdi4x4.it\/fr\/#\/schema\/logo\/image\/\",\"url\":\"https:\/\/www.mdi4x4.it\/wp-content\/uploads\/2021\/03\/Logo-MDI-ridotto.png\",\"contentUrl\":\"https:\/\/www.mdi4x4.it\/wp-content\/uploads\/2021\/03\/Logo-MDI-ridotto.png\",\"width\":299,\"height\":200,\"caption\":\"MDI 4x4\"},\"image\":{\"@id\":\"https:\/\/www.mdi4x4.it\/fr\/#\/schema\/logo\/image\/\"}}]}<\/script>\n<!-- \/ Yoast SEO plugin. -->","yoast_head_json":{"title":"Pare-chocs avant pour Toyota KDJ-KZJ 90-95 avec support de treuil - MDI 4x4","description":"Le pare-chocs est fabriqu\u00e9 en Italie \u00e0 partir d'une t\u00f4le de 4 mm et est peint en noir gaufr\u00e9.","robots":{"index":"index","follow":"follow","max-snippet":"max-snippet:-1","max-image-preview":"max-image-preview:large","max-video-preview":"max-video-preview:-1"},"canonical":"https:\/\/www.mdi4x4.it\/fr\/prodotto\/pare-chocs-avant-pour-toyota-kdj-kzj-90-95-avec-support-de-treuil\/","og_locale":"fr_FR","og_type":"article","og_title":"Pare-chocs avant pour Toyota KDJ-KZJ 90-95 avec support de treuil - MDI 4x4","og_description":"Le pare-chocs est fabriqu\u00e9 en Italie \u00e0 partir d'une t\u00f4le de 4 mm et est peint en noir gaufr\u00e9.","og_url":"https:\/\/www.mdi4x4.it\/fr\/prodotto\/pare-chocs-avant-pour-toyota-kdj-kzj-90-95-avec-support-de-treuil\/","og_site_name":"MDI 4x4","article_modified_time":"2024-07-28T16:01:23+00:00","og_image":[{"width":1438,"height":956,"url":"https:\/\/www.mdi4x4.it\/wp-content\/uploads\/2021\/03\/Paraurti-anteriore-per-Toyota-KDJ-KZJ-90-95-senza-luci.png","type":"image\/png"}],"schema":{"@context":"https:\/\/schema.org","@graph":[{"@type":"WebPage","@id":"https:\/\/www.mdi4x4.it\/fr\/prodotto\/pare-chocs-avant-pour-toyota-kdj-kzj-90-95-avec-support-de-treuil\/","url":"https:\/\/www.mdi4x4.it\/fr\/prodotto\/pare-chocs-avant-pour-toyota-kdj-kzj-90-95-avec-support-de-treuil\/","name":"Pare-chocs avant pour Toyota KDJ-KZJ 90-95 avec support de treuil - MDI 4x4","isPartOf":{"@id":"https:\/\/www.mdi4x4.it\/fr\/#website"},"datePublished":"2021-03-22T13:49:57+00:00","dateModified":"2024-07-28T16:01:23+00:00","description":"Le pare-chocs est fabriqu\u00e9 en Italie \u00e0 partir d'une t\u00f4le de 4 mm et est peint en noir gaufr\u00e9.","breadcrumb":{"@id":"https:\/\/www.mdi4x4.it\/fr\/prodotto\/pare-chocs-avant-pour-toyota-kdj-kzj-90-95-avec-support-de-treuil\/#breadcrumb"},"inLanguage":"fr-FR","potentialAction":[{"@type":"ReadAction","target":["https:\/\/www.mdi4x4.it\/fr\/prodotto\/pare-chocs-avant-pour-toyota-kdj-kzj-90-95-avec-support-de-treuil\/"]}]},{"@type":"BreadcrumbList","@id":"https:\/\/www.mdi4x4.it\/fr\/prodotto\/pare-chocs-avant-pour-toyota-kdj-kzj-90-95-avec-support-de-treuil\/#breadcrumb","itemListElement":[{"@type":"ListItem","position":1,"name":"Home","item":"https:\/\/www.mdi4x4.it\/fr\/"},{"@type":"ListItem","position":2,"name":"Boutique","item":"https:\/\/www.mdi4x4.it\/fr\/shop\/"},{"@type":"ListItem","position":3,"name":"Pare-chocs avant pour Toyota KDJ-KZJ 90-95 avec support de treuil"}]},{"@type":"WebSite","@id":"https:\/\/www.mdi4x4.it\/fr\/#website","url":"https:\/\/www.mdi4x4.it\/fr\/","name":"MDI 4x4","description":"Accessori su misura Land Rover || Toyota","publisher":{"@id":"https:\/\/www.mdi4x4.it\/fr\/#organization"},"potentialAction":[{"@type":"SearchAction","target":{"@type":"EntryPoint","urlTemplate":"https:\/\/www.mdi4x4.it\/fr\/?s={search_term_string}"},"query-input":"required name=search_term_string"}],"inLanguage":"fr-FR"},{"@type":"Organization","@id":"https:\/\/www.mdi4x4.it\/fr\/#organization","name":"MDI 4x4","url":"https:\/\/www.mdi4x4.it\/fr\/","logo":{"@type":"ImageObject","inLanguage":"fr-FR","@id":"https:\/\/www.mdi4x4.it\/fr\/#\/schema\/logo\/image\/","url":"https:\/\/www.mdi4x4.it\/wp-content\/uploads\/2021\/03\/Logo-MDI-ridotto.png","contentUrl":"https:\/\/www.mdi4x4.it\/wp-content\/uploads\/2021\/03\/Logo-MDI-ridotto.png","width":299,"height":200,"caption":"MDI 4x4"},"image":{"@id":"https:\/\/www.mdi4x4.it\/fr\/#\/schema\/logo\/image\/"}}]}},"_links":{"self":[{"href":"https:\/\/www.mdi4x4.it\/fr\/wp-json\/wp\/v2\/product\/3512"}],"collection":[{"href":"https:\/\/www.mdi4x4.it\/fr\/wp-json\/wp\/v2\/product"}],"about":[{"href":"https:\/\/www.mdi4x4.it\/fr\/wp-json\/wp\/v2\/types\/product"}],"wp:featuredmedia":[{"embeddable":true,"href":"https:\/\/www.mdi4x4.it\/fr\/wp-json\/wp\/v2\/media\/3890"}],"wp:attachment":[{"href":"https:\/\/www.mdi4x4.it\/fr\/wp-json\/wp\/v2\/media?parent=3512"}],"wp:term":[{"taxonomy":"product_cat","embeddable":true,"href":"https:\/\/www.mdi4x4.it\/fr\/wp-json\/wp\/v2\/product_cat?post=3512"},{"taxonomy":"product_tag","embeddable":true,"href":"https:\/\/www.mdi4x4.it\/fr\/wp-json\/wp\/v2\/product_tag?post=3512"}],"curies":[{"name":"wp","href":"https:\/\/api.w.org\/{rel}","templated":true}]}}