{"id":3503,"date":"2024-04-22T15:34:52","date_gmt":"2024-04-22T13:34:52","guid":{"rendered":"https:\/\/www.mdi4x4.it\/product\/pare-chocs-avant-extreme-pour-discovery-1-2-avec-plaque-en-aluminium\/"},"modified":"2024-04-13T10:43:08","modified_gmt":"2024-04-13T08:43:08","slug":"pare-chocs-avant-extreme-pour-discovery-1-2-avec-plaque-en-aluminium","status":"publish","type":"product","link":"https:\/\/www.mdi4x4.it\/fr\/prodotto\/pare-chocs-avant-extreme-pour-discovery-1-2-avec-plaque-en-aluminium\/","title":{"rendered":"Pare-chocs avant extr\u00eame pour Discovery 1-2 avec plaque en aluminium  NOIRE"},"content":{"rendered":"<p>Le pare-chocs est produit en Italie en t\u00f4le de 5 mm, il peut accueillir la plupart des treuils, pour le montage il faut d\u00e9couper le masque de radiateur.<\/p>\n<p>Le pare-chocs est fourni avec un pare-buffle pour prot\u00e9ger le treuil et positionner les \u00e9ventuels feux, et est \u00e9quip\u00e9 d&#8217;un support de plaque d&#8217;immatriculation.<\/p>\n<p>Equip\u00e9 d&#8217;une plaque de liaison en aluminium de 8 mm couleur noire<\/p>\n<p>Les axes pivotants ne sont pas fournis avec le pare-chocs, ils peuvent \u00eatre achet\u00e9s s\u00e9par\u00e9ment cod. 4027<\/p>\n<p>Disponibilit\u00e9 sur commande 15\/20 jours \u00e0 compter du paiement.<\/p>\n","protected":false},"excerpt":{"rendered":"<p>Le pare-chocs est produit en Italie en t\u00f4le de 5 mm, il peut accueillir la plupart des treuils, pour le montage il faut d\u00e9couper le masque de radiateur.<\/p>\n<p>Le pare-chocs est fourni avec un pare-buffle pour prot\u00e9ger le treuil et positionner les \u00e9ventuels feux, et est \u00e9quip\u00e9 d&#8217;un support de plaque d&#8217;immatriculation.<\/p>\n<p>Equip\u00e9 d&#8217;une plaque de liaison en aluminium de 8 mm couleur noire<\/p>\n<p>Les axes pivotants ne sont pas fournis avec le pare-chocs, ils peuvent \u00eatre achet\u00e9s s\u00e9par\u00e9ment cod. 4027<\/p>\n<p>Disponibilit\u00e9 sur commande 15\/20 jours \u00e0 compter du paiement.<\/p>\n<p>&nbsp;<\/p>\n","protected":false},"featured_media":8212,"template":"","meta":{"_eb_attr":""},"product_cat":[662,663,661,674,703],"product_tag":[673],"yoast_head":"<!-- This site is optimized with the Yoast SEO plugin v22.1 - https:\/\/yoast.com\/wordpress\/plugins\/seo\/ -->\n<title>Pare-chocs avant extr\u00eame pour Discovery 1-2 avec plaque en aluminium NOIRE - MDI 4x4<\/title>\n<meta name=\"description\" content=\"Le pare-chocs est fabriqu\u00e9 en Italie \u00e0 partir d&#039;une t\u00f4le de 5 mm et peut accueillir n&#039;importe quel treuil dot\u00e9 d&#039;un masque de radiateur.\" \/>\n<meta name=\"robots\" content=\"index, follow, max-snippet:-1, max-image-preview:large, max-video-preview:-1\" \/>\n<link rel=\"canonical\" href=\"https:\/\/www.mdi4x4.it\/fr\/prodotto\/pare-chocs-avant-extreme-pour-discovery-1-2-avec-plaque-en-aluminium\/\" \/>\n<meta property=\"og:locale\" content=\"fr_FR\" \/>\n<meta property=\"og:type\" content=\"article\" \/>\n<meta property=\"og:title\" content=\"Pare-chocs avant extr\u00eame pour Discovery 1-2 avec plaque en aluminium NOIRE - MDI 4x4\" \/>\n<meta property=\"og:description\" content=\"Le pare-chocs est fabriqu\u00e9 en Italie \u00e0 partir d&#039;une t\u00f4le de 5 mm et peut accueillir n&#039;importe quel treuil dot\u00e9 d&#039;un masque de radiateur.\" \/>\n<meta property=\"og:url\" content=\"https:\/\/www.mdi4x4.it\/fr\/prodotto\/pare-chocs-avant-extreme-pour-discovery-1-2-avec-plaque-en-aluminium\/\" \/>\n<meta property=\"og:site_name\" content=\"MDI 4x4\" \/>\n<meta property=\"article:modified_time\" content=\"2024-04-13T08:43:08+00:00\" \/>\n<meta property=\"og:image\" content=\"https:\/\/www.mdi4x4.it\/wp-content\/uploads\/2021\/03\/59054c84-e30f-4187-ac92-3a0f5c3640aa.jpg\" \/>\n\t<meta property=\"og:image:width\" content=\"1536\" \/>\n\t<meta property=\"og:image:height\" content=\"2048\" \/>\n\t<meta property=\"og:image:type\" content=\"image\/jpeg\" \/>\n<script type=\"application\/ld+json\" class=\"yoast-schema-graph\">{\"@context\":\"https:\/\/schema.org\",\"@graph\":[{\"@type\":\"WebPage\",\"@id\":\"https:\/\/www.mdi4x4.it\/fr\/prodotto\/pare-chocs-avant-extreme-pour-discovery-1-2-avec-plaque-en-aluminium\/\",\"url\":\"https:\/\/www.mdi4x4.it\/fr\/prodotto\/pare-chocs-avant-extreme-pour-discovery-1-2-avec-plaque-en-aluminium\/\",\"name\":\"Pare-chocs avant extr\u00eame pour Discovery 1-2 avec plaque en aluminium NOIRE - MDI 4x4\",\"isPartOf\":{\"@id\":\"https:\/\/www.mdi4x4.it\/fr\/#website\"},\"datePublished\":\"2024-04-22T13:34:52+00:00\",\"dateModified\":\"2024-04-13T08:43:08+00:00\",\"description\":\"Le pare-chocs est fabriqu\u00e9 en Italie \u00e0 partir d'une t\u00f4le de 5 mm et peut accueillir n'importe quel treuil dot\u00e9 d'un masque de radiateur.\",\"breadcrumb\":{\"@id\":\"https:\/\/www.mdi4x4.it\/fr\/prodotto\/pare-chocs-avant-extreme-pour-discovery-1-2-avec-plaque-en-aluminium\/#breadcrumb\"},\"inLanguage\":\"fr-FR\",\"potentialAction\":[{\"@type\":\"ReadAction\",\"target\":[\"https:\/\/www.mdi4x4.it\/fr\/prodotto\/pare-chocs-avant-extreme-pour-discovery-1-2-avec-plaque-en-aluminium\/\"]}]},{\"@type\":\"BreadcrumbList\",\"@id\":\"https:\/\/www.mdi4x4.it\/fr\/prodotto\/pare-chocs-avant-extreme-pour-discovery-1-2-avec-plaque-en-aluminium\/#breadcrumb\",\"itemListElement\":[{\"@type\":\"ListItem\",\"position\":1,\"name\":\"Home\",\"item\":\"https:\/\/www.mdi4x4.it\/fr\/\"},{\"@type\":\"ListItem\",\"position\":2,\"name\":\"Boutique\",\"item\":\"https:\/\/www.mdi4x4.it\/fr\/shop\/\"},{\"@type\":\"ListItem\",\"position\":3,\"name\":\"Pare-chocs avant extr\u00eame pour Discovery 1-2 avec plaque en aluminium NOIRE\"}]},{\"@type\":\"WebSite\",\"@id\":\"https:\/\/www.mdi4x4.it\/fr\/#website\",\"url\":\"https:\/\/www.mdi4x4.it\/fr\/\",\"name\":\"MDI 4x4\",\"description\":\"Accessori su misura Land Rover || Toyota\",\"publisher\":{\"@id\":\"https:\/\/www.mdi4x4.it\/fr\/#organization\"},\"potentialAction\":[{\"@type\":\"SearchAction\",\"target\":{\"@type\":\"EntryPoint\",\"urlTemplate\":\"https:\/\/www.mdi4x4.it\/fr\/?s={search_term_string}\"},\"query-input\":\"required name=search_term_string\"}],\"inLanguage\":\"fr-FR\"},{\"@type\":\"Organization\",\"@id\":\"https:\/\/www.mdi4x4.it\/fr\/#organization\",\"name\":\"MDI 4x4\",\"url\":\"https:\/\/www.mdi4x4.it\/fr\/\",\"logo\":{\"@type\":\"ImageObject\",\"inLanguage\":\"fr-FR\",\"@id\":\"https:\/\/www.mdi4x4.it\/fr\/#\/schema\/logo\/image\/\",\"url\":\"https:\/\/www.mdi4x4.it\/wp-content\/uploads\/2021\/03\/Logo-MDI-ridotto.png\",\"contentUrl\":\"https:\/\/www.mdi4x4.it\/wp-content\/uploads\/2021\/03\/Logo-MDI-ridotto.png\",\"width\":299,\"height\":200,\"caption\":\"MDI 4x4\"},\"image\":{\"@id\":\"https:\/\/www.mdi4x4.it\/fr\/#\/schema\/logo\/image\/\"}}]}<\/script>\n<!-- \/ Yoast SEO plugin. -->","yoast_head_json":{"title":"Pare-chocs avant extr\u00eame pour Discovery 1-2 avec plaque en aluminium NOIRE - MDI 4x4","description":"Le pare-chocs est fabriqu\u00e9 en Italie \u00e0 partir d'une t\u00f4le de 5 mm et peut accueillir n'importe quel treuil dot\u00e9 d'un masque de radiateur.","robots":{"index":"index","follow":"follow","max-snippet":"max-snippet:-1","max-image-preview":"max-image-preview:large","max-video-preview":"max-video-preview:-1"},"canonical":"https:\/\/www.mdi4x4.it\/fr\/prodotto\/pare-chocs-avant-extreme-pour-discovery-1-2-avec-plaque-en-aluminium\/","og_locale":"fr_FR","og_type":"article","og_title":"Pare-chocs avant extr\u00eame pour Discovery 1-2 avec plaque en aluminium NOIRE - MDI 4x4","og_description":"Le pare-chocs est fabriqu\u00e9 en Italie \u00e0 partir d'une t\u00f4le de 5 mm et peut accueillir n'importe quel treuil dot\u00e9 d'un masque de radiateur.","og_url":"https:\/\/www.mdi4x4.it\/fr\/prodotto\/pare-chocs-avant-extreme-pour-discovery-1-2-avec-plaque-en-aluminium\/","og_site_name":"MDI 4x4","article_modified_time":"2024-04-13T08:43:08+00:00","og_image":[{"width":1536,"height":2048,"url":"https:\/\/www.mdi4x4.it\/wp-content\/uploads\/2021\/03\/59054c84-e30f-4187-ac92-3a0f5c3640aa.jpg","type":"image\/jpeg"}],"schema":{"@context":"https:\/\/schema.org","@graph":[{"@type":"WebPage","@id":"https:\/\/www.mdi4x4.it\/fr\/prodotto\/pare-chocs-avant-extreme-pour-discovery-1-2-avec-plaque-en-aluminium\/","url":"https:\/\/www.mdi4x4.it\/fr\/prodotto\/pare-chocs-avant-extreme-pour-discovery-1-2-avec-plaque-en-aluminium\/","name":"Pare-chocs avant extr\u00eame pour Discovery 1-2 avec plaque en aluminium NOIRE - MDI 4x4","isPartOf":{"@id":"https:\/\/www.mdi4x4.it\/fr\/#website"},"datePublished":"2024-04-22T13:34:52+00:00","dateModified":"2024-04-13T08:43:08+00:00","description":"Le pare-chocs est fabriqu\u00e9 en Italie \u00e0 partir d'une t\u00f4le de 5 mm et peut accueillir n'importe quel treuil dot\u00e9 d'un masque de radiateur.","breadcrumb":{"@id":"https:\/\/www.mdi4x4.it\/fr\/prodotto\/pare-chocs-avant-extreme-pour-discovery-1-2-avec-plaque-en-aluminium\/#breadcrumb"},"inLanguage":"fr-FR","potentialAction":[{"@type":"ReadAction","target":["https:\/\/www.mdi4x4.it\/fr\/prodotto\/pare-chocs-avant-extreme-pour-discovery-1-2-avec-plaque-en-aluminium\/"]}]},{"@type":"BreadcrumbList","@id":"https:\/\/www.mdi4x4.it\/fr\/prodotto\/pare-chocs-avant-extreme-pour-discovery-1-2-avec-plaque-en-aluminium\/#breadcrumb","itemListElement":[{"@type":"ListItem","position":1,"name":"Home","item":"https:\/\/www.mdi4x4.it\/fr\/"},{"@type":"ListItem","position":2,"name":"Boutique","item":"https:\/\/www.mdi4x4.it\/fr\/shop\/"},{"@type":"ListItem","position":3,"name":"Pare-chocs avant extr\u00eame pour Discovery 1-2 avec plaque en aluminium NOIRE"}]},{"@type":"WebSite","@id":"https:\/\/www.mdi4x4.it\/fr\/#website","url":"https:\/\/www.mdi4x4.it\/fr\/","name":"MDI 4x4","description":"Accessori su misura Land Rover || Toyota","publisher":{"@id":"https:\/\/www.mdi4x4.it\/fr\/#organization"},"potentialAction":[{"@type":"SearchAction","target":{"@type":"EntryPoint","urlTemplate":"https:\/\/www.mdi4x4.it\/fr\/?s={search_term_string}"},"query-input":"required name=search_term_string"}],"inLanguage":"fr-FR"},{"@type":"Organization","@id":"https:\/\/www.mdi4x4.it\/fr\/#organization","name":"MDI 4x4","url":"https:\/\/www.mdi4x4.it\/fr\/","logo":{"@type":"ImageObject","inLanguage":"fr-FR","@id":"https:\/\/www.mdi4x4.it\/fr\/#\/schema\/logo\/image\/","url":"https:\/\/www.mdi4x4.it\/wp-content\/uploads\/2021\/03\/Logo-MDI-ridotto.png","contentUrl":"https:\/\/www.mdi4x4.it\/wp-content\/uploads\/2021\/03\/Logo-MDI-ridotto.png","width":299,"height":200,"caption":"MDI 4x4"},"image":{"@id":"https:\/\/www.mdi4x4.it\/fr\/#\/schema\/logo\/image\/"}}]}},"_links":{"self":[{"href":"https:\/\/www.mdi4x4.it\/fr\/wp-json\/wp\/v2\/product\/3503"}],"collection":[{"href":"https:\/\/www.mdi4x4.it\/fr\/wp-json\/wp\/v2\/product"}],"about":[{"href":"https:\/\/www.mdi4x4.it\/fr\/wp-json\/wp\/v2\/types\/product"}],"wp:featuredmedia":[{"embeddable":true,"href":"https:\/\/www.mdi4x4.it\/fr\/wp-json\/wp\/v2\/media\/8212"}],"wp:attachment":[{"href":"https:\/\/www.mdi4x4.it\/fr\/wp-json\/wp\/v2\/media?parent=3503"}],"wp:term":[{"taxonomy":"product_cat","embeddable":true,"href":"https:\/\/www.mdi4x4.it\/fr\/wp-json\/wp\/v2\/product_cat?post=3503"},{"taxonomy":"product_tag","embeddable":true,"href":"https:\/\/www.mdi4x4.it\/fr\/wp-json\/wp\/v2\/product_tag?post=3503"}],"curies":[{"name":"wp","href":"https:\/\/api.w.org\/{rel}","templated":true}]}}