{"id":3497,"date":"2021-03-22T17:06:52","date_gmt":"2021-03-22T16:06:52","guid":{"rendered":"https:\/\/www.mdi4x4.it\/product\/protection-de-tringlerie-discovery-1-2\/"},"modified":"2022-12-07T16:38:45","modified_gmt":"2022-12-07T15:38:45","slug":"protection-de-tringlerie-discovery-1-2","status":"publish","type":"product","link":"https:\/\/www.mdi4x4.it\/fr\/prodotto\/protection-de-tringlerie-discovery-1-2\/","title":{"rendered":"Protection de tringlerie Discovery 1-2"},"content":{"rendered":"<p>R\u00e9alis\u00e9 en aluminium de 8 mm, il est ponc\u00e9 et fourni avec des supports en m\u00e9tal peint gaufr\u00e9 noir. Il s&#8217;int\u00e8gre au pare-chocs 4061.<\/p>\n","protected":false},"excerpt":{"rendered":"<p>R\u00e9alis\u00e9 en aluminium de 8 mm, il est ponc\u00e9 et fourni avec des supports en m\u00e9tal peint gaufr\u00e9 noir. Il s&#8217;int\u00e8gre au pare-chocs 4061.<\/p>\n","protected":false},"featured_media":2773,"template":"","meta":{"_eb_attr":""},"product_cat":[662,663,661,671,672],"product_tag":[670],"yoast_head":"<!-- This site is optimized with the Yoast SEO plugin v22.1 - https:\/\/yoast.com\/wordpress\/plugins\/seo\/ -->\n<title>Protection de tringlerie Discovery 1-2 - MDI 4x4<\/title>\n<meta name=\"description\" content=\"R\u00e9alis\u00e9 en aluminium de 8 mm, il est ponc\u00e9 et fourni avec des supports en m\u00e9tal peint gaufr\u00e9 noir. S&#039;int\u00e8gre au pare-chocs 4061\" \/>\n<meta name=\"robots\" content=\"index, follow, max-snippet:-1, max-image-preview:large, max-video-preview:-1\" \/>\n<link rel=\"canonical\" href=\"https:\/\/www.mdi4x4.it\/fr\/prodotto\/protection-de-tringlerie-discovery-1-2\/\" \/>\n<meta property=\"og:locale\" content=\"fr_FR\" \/>\n<meta property=\"og:type\" content=\"article\" \/>\n<meta property=\"og:title\" content=\"Protection de tringlerie Discovery 1-2 - MDI 4x4\" \/>\n<meta property=\"og:description\" content=\"R\u00e9alis\u00e9 en aluminium de 8 mm, il est ponc\u00e9 et fourni avec des supports en m\u00e9tal peint gaufr\u00e9 noir. S&#039;int\u00e8gre au pare-chocs 4061\" \/>\n<meta property=\"og:url\" content=\"https:\/\/www.mdi4x4.it\/fr\/prodotto\/protection-de-tringlerie-discovery-1-2\/\" \/>\n<meta property=\"og:site_name\" content=\"MDI 4x4\" \/>\n<meta property=\"article:modified_time\" content=\"2022-12-07T15:38:45+00:00\" \/>\n<meta property=\"og:image\" content=\"https:\/\/www.mdi4x4.it\/wp-content\/uploads\/2021\/03\/4061Z-FOTO1-paratiranteria-discovery-1-2.jpg\" \/>\n\t<meta property=\"og:image:width\" content=\"600\" \/>\n\t<meta property=\"og:image:height\" content=\"600\" \/>\n\t<meta property=\"og:image:type\" content=\"image\/jpeg\" \/>\n<script type=\"application\/ld+json\" class=\"yoast-schema-graph\">{\"@context\":\"https:\/\/schema.org\",\"@graph\":[{\"@type\":\"WebPage\",\"@id\":\"https:\/\/www.mdi4x4.it\/fr\/prodotto\/protection-de-tringlerie-discovery-1-2\/\",\"url\":\"https:\/\/www.mdi4x4.it\/fr\/prodotto\/protection-de-tringlerie-discovery-1-2\/\",\"name\":\"Protection de tringlerie Discovery 1-2 - MDI 4x4\",\"isPartOf\":{\"@id\":\"https:\/\/www.mdi4x4.it\/fr\/#website\"},\"datePublished\":\"2021-03-22T16:06:52+00:00\",\"dateModified\":\"2022-12-07T15:38:45+00:00\",\"description\":\"R\u00e9alis\u00e9 en aluminium de 8 mm, il est ponc\u00e9 et fourni avec des supports en m\u00e9tal peint gaufr\u00e9 noir. S'int\u00e8gre au pare-chocs 4061\",\"breadcrumb\":{\"@id\":\"https:\/\/www.mdi4x4.it\/fr\/prodotto\/protection-de-tringlerie-discovery-1-2\/#breadcrumb\"},\"inLanguage\":\"fr-FR\",\"potentialAction\":[{\"@type\":\"ReadAction\",\"target\":[\"https:\/\/www.mdi4x4.it\/fr\/prodotto\/protection-de-tringlerie-discovery-1-2\/\"]}]},{\"@type\":\"BreadcrumbList\",\"@id\":\"https:\/\/www.mdi4x4.it\/fr\/prodotto\/protection-de-tringlerie-discovery-1-2\/#breadcrumb\",\"itemListElement\":[{\"@type\":\"ListItem\",\"position\":1,\"name\":\"Home\",\"item\":\"https:\/\/www.mdi4x4.it\/fr\/\"},{\"@type\":\"ListItem\",\"position\":2,\"name\":\"Boutique\",\"item\":\"https:\/\/www.mdi4x4.it\/fr\/shop\/\"},{\"@type\":\"ListItem\",\"position\":3,\"name\":\"Protection de tringlerie Discovery 1-2\"}]},{\"@type\":\"WebSite\",\"@id\":\"https:\/\/www.mdi4x4.it\/fr\/#website\",\"url\":\"https:\/\/www.mdi4x4.it\/fr\/\",\"name\":\"MDI 4x4\",\"description\":\"Accessori su misura Land Rover || Toyota\",\"publisher\":{\"@id\":\"https:\/\/www.mdi4x4.it\/fr\/#organization\"},\"potentialAction\":[{\"@type\":\"SearchAction\",\"target\":{\"@type\":\"EntryPoint\",\"urlTemplate\":\"https:\/\/www.mdi4x4.it\/fr\/?s={search_term_string}\"},\"query-input\":\"required name=search_term_string\"}],\"inLanguage\":\"fr-FR\"},{\"@type\":\"Organization\",\"@id\":\"https:\/\/www.mdi4x4.it\/fr\/#organization\",\"name\":\"MDI 4x4\",\"url\":\"https:\/\/www.mdi4x4.it\/fr\/\",\"logo\":{\"@type\":\"ImageObject\",\"inLanguage\":\"fr-FR\",\"@id\":\"https:\/\/www.mdi4x4.it\/fr\/#\/schema\/logo\/image\/\",\"url\":\"https:\/\/www.mdi4x4.it\/wp-content\/uploads\/2021\/03\/Logo-MDI-ridotto.png\",\"contentUrl\":\"https:\/\/www.mdi4x4.it\/wp-content\/uploads\/2021\/03\/Logo-MDI-ridotto.png\",\"width\":299,\"height\":200,\"caption\":\"MDI 4x4\"},\"image\":{\"@id\":\"https:\/\/www.mdi4x4.it\/fr\/#\/schema\/logo\/image\/\"}}]}<\/script>\n<!-- \/ Yoast SEO plugin. -->","yoast_head_json":{"title":"Protection de tringlerie Discovery 1-2 - MDI 4x4","description":"R\u00e9alis\u00e9 en aluminium de 8 mm, il est ponc\u00e9 et fourni avec des supports en m\u00e9tal peint gaufr\u00e9 noir. S'int\u00e8gre au pare-chocs 4061","robots":{"index":"index","follow":"follow","max-snippet":"max-snippet:-1","max-image-preview":"max-image-preview:large","max-video-preview":"max-video-preview:-1"},"canonical":"https:\/\/www.mdi4x4.it\/fr\/prodotto\/protection-de-tringlerie-discovery-1-2\/","og_locale":"fr_FR","og_type":"article","og_title":"Protection de tringlerie Discovery 1-2 - MDI 4x4","og_description":"R\u00e9alis\u00e9 en aluminium de 8 mm, il est ponc\u00e9 et fourni avec des supports en m\u00e9tal peint gaufr\u00e9 noir. S'int\u00e8gre au pare-chocs 4061","og_url":"https:\/\/www.mdi4x4.it\/fr\/prodotto\/protection-de-tringlerie-discovery-1-2\/","og_site_name":"MDI 4x4","article_modified_time":"2022-12-07T15:38:45+00:00","og_image":[{"width":600,"height":600,"url":"https:\/\/www.mdi4x4.it\/wp-content\/uploads\/2021\/03\/4061Z-FOTO1-paratiranteria-discovery-1-2.jpg","type":"image\/jpeg"}],"schema":{"@context":"https:\/\/schema.org","@graph":[{"@type":"WebPage","@id":"https:\/\/www.mdi4x4.it\/fr\/prodotto\/protection-de-tringlerie-discovery-1-2\/","url":"https:\/\/www.mdi4x4.it\/fr\/prodotto\/protection-de-tringlerie-discovery-1-2\/","name":"Protection de tringlerie Discovery 1-2 - MDI 4x4","isPartOf":{"@id":"https:\/\/www.mdi4x4.it\/fr\/#website"},"datePublished":"2021-03-22T16:06:52+00:00","dateModified":"2022-12-07T15:38:45+00:00","description":"R\u00e9alis\u00e9 en aluminium de 8 mm, il est ponc\u00e9 et fourni avec des supports en m\u00e9tal peint gaufr\u00e9 noir. S'int\u00e8gre au pare-chocs 4061","breadcrumb":{"@id":"https:\/\/www.mdi4x4.it\/fr\/prodotto\/protection-de-tringlerie-discovery-1-2\/#breadcrumb"},"inLanguage":"fr-FR","potentialAction":[{"@type":"ReadAction","target":["https:\/\/www.mdi4x4.it\/fr\/prodotto\/protection-de-tringlerie-discovery-1-2\/"]}]},{"@type":"BreadcrumbList","@id":"https:\/\/www.mdi4x4.it\/fr\/prodotto\/protection-de-tringlerie-discovery-1-2\/#breadcrumb","itemListElement":[{"@type":"ListItem","position":1,"name":"Home","item":"https:\/\/www.mdi4x4.it\/fr\/"},{"@type":"ListItem","position":2,"name":"Boutique","item":"https:\/\/www.mdi4x4.it\/fr\/shop\/"},{"@type":"ListItem","position":3,"name":"Protection de tringlerie Discovery 1-2"}]},{"@type":"WebSite","@id":"https:\/\/www.mdi4x4.it\/fr\/#website","url":"https:\/\/www.mdi4x4.it\/fr\/","name":"MDI 4x4","description":"Accessori su misura Land Rover || Toyota","publisher":{"@id":"https:\/\/www.mdi4x4.it\/fr\/#organization"},"potentialAction":[{"@type":"SearchAction","target":{"@type":"EntryPoint","urlTemplate":"https:\/\/www.mdi4x4.it\/fr\/?s={search_term_string}"},"query-input":"required name=search_term_string"}],"inLanguage":"fr-FR"},{"@type":"Organization","@id":"https:\/\/www.mdi4x4.it\/fr\/#organization","name":"MDI 4x4","url":"https:\/\/www.mdi4x4.it\/fr\/","logo":{"@type":"ImageObject","inLanguage":"fr-FR","@id":"https:\/\/www.mdi4x4.it\/fr\/#\/schema\/logo\/image\/","url":"https:\/\/www.mdi4x4.it\/wp-content\/uploads\/2021\/03\/Logo-MDI-ridotto.png","contentUrl":"https:\/\/www.mdi4x4.it\/wp-content\/uploads\/2021\/03\/Logo-MDI-ridotto.png","width":299,"height":200,"caption":"MDI 4x4"},"image":{"@id":"https:\/\/www.mdi4x4.it\/fr\/#\/schema\/logo\/image\/"}}]}},"_links":{"self":[{"href":"https:\/\/www.mdi4x4.it\/fr\/wp-json\/wp\/v2\/product\/3497"}],"collection":[{"href":"https:\/\/www.mdi4x4.it\/fr\/wp-json\/wp\/v2\/product"}],"about":[{"href":"https:\/\/www.mdi4x4.it\/fr\/wp-json\/wp\/v2\/types\/product"}],"wp:featuredmedia":[{"embeddable":true,"href":"https:\/\/www.mdi4x4.it\/fr\/wp-json\/wp\/v2\/media\/2773"}],"wp:attachment":[{"href":"https:\/\/www.mdi4x4.it\/fr\/wp-json\/wp\/v2\/media?parent=3497"}],"wp:term":[{"taxonomy":"product_cat","embeddable":true,"href":"https:\/\/www.mdi4x4.it\/fr\/wp-json\/wp\/v2\/product_cat?post=3497"},{"taxonomy":"product_tag","embeddable":true,"href":"https:\/\/www.mdi4x4.it\/fr\/wp-json\/wp\/v2\/product_tag?post=3497"}],"curies":[{"name":"wp","href":"https:\/\/api.w.org\/{rel}","templated":true}]}}