{"id":3486,"date":"2021-03-22T17:36:31","date_gmt":"2021-03-22T16:36:31","guid":{"rendered":"https:\/\/www.mdi4x4.it\/product\/paire-de-supports-dattelage-avant-pour-le-pare-chocs-dorigine-du-discovery-2\/"},"modified":"2022-12-07T15:59:56","modified_gmt":"2022-12-07T14:59:56","slug":"paire-de-supports-d-attelage-avant-pour-le-pare-chocs-d-origine-du-discovery-2","status":"publish","type":"product","link":"https:\/\/www.mdi4x4.it\/fr\/prodotto\/paire-de-supports-d-attelage-avant-pour-le-pare-chocs-d-origine-du-discovery-2\/","title":{"rendered":"Paire de supports d&#8217;attelage avant pour le pare-chocs d&#8217;origine du Discovery 2"},"content":{"rendered":"<p>R\u00e9alis\u00e9 en m\u00e9tal de 10 mm, il est galvanis\u00e9 \u00e0 froid dans la couleur tropicale, et peut \u00eatre ult\u00e9rieurement peint en noir de mani\u00e8re ind\u00e9pendante. Les deux supports sont fix\u00e9s au cadre \u00e0 l&#8217;aide des vis d&#8217;origine qui maintiennent le pare-chocs. Les instructions pour le montage du crochet peuvent \u00eatre consult\u00e9es dans le fichier pdf ci-joint.<\/p>\n<p><a href=\"https:\/\/www.mdi4x4.it\/wp-content\/uploads\/2021\/03\/complements.pdf\"><img decoding=\"async\" class=\"alignleft wp-image-1022\" src=\"https:\/\/www.mdi4x4.it\/wp-content\/uploads\/2021\/03\/pdf-icona-shop-300x300.png\" alt=\"\" width=\"65\" height=\"65\" srcset=\"https:\/\/www.mdi4x4.it\/wp-content\/uploads\/2021\/03\/pdf-icona-shop-300x300.png 300w, https:\/\/www.mdi4x4.it\/wp-content\/uploads\/2021\/03\/pdf-icona-shop-90x90.png 90w, https:\/\/www.mdi4x4.it\/wp-content\/uploads\/2021\/03\/pdf-icona-shop-54x54.png 54w, https:\/\/www.mdi4x4.it\/wp-content\/uploads\/2021\/03\/pdf-icona-shop-64x64.png 64w, https:\/\/www.mdi4x4.it\/wp-content\/uploads\/2021\/03\/pdf-icona-shop-150x150.png 150w, https:\/\/www.mdi4x4.it\/wp-content\/uploads\/2021\/03\/pdf-icona-shop-450x450.png 450w, https:\/\/www.mdi4x4.it\/wp-content\/uploads\/2021\/03\/pdf-icona-shop.png 512w\" sizes=\"(max-width: 65px) 100vw, 65px\" \/><\/a><br \/>\n<a href=\"https:\/\/www.mdi4x4.it\/wp-content\/uploads\/2021\/03\/complements.pdf\" target=\"_blank\" rel=\"noopener noreferrer\">T\u00e9l\u00e9charger le pdf<\/a><\/p>\n","protected":false},"excerpt":{"rendered":"<p>R\u00e9alis\u00e9 en m\u00e9tal de 10 mm, il est galvanis\u00e9 \u00e0 froid dans la couleur tropicale, et peut \u00eatre ult\u00e9rieurement peint en noir de mani\u00e8re ind\u00e9pendante. Les deux supports sont fix\u00e9s au cadre \u00e0 l&#8217;aide des vis d&#8217;origine qui maintiennent le pare-chocs. Les instructions pour le montage du crochet peuvent \u00eatre consult\u00e9es dans le fichier pdf ci-joint.<\/p>\n<p><a href=\"https:\/\/www.mdi4x4.it\/wp-content\/uploads\/2021\/03\/complements.pdf\"><img decoding=\"async\" class=\"alignleft wp-image-1022\" src=\"https:\/\/www.mdi4x4.it\/wp-content\/uploads\/2021\/03\/pdf-icona-shop-300x300.png\" alt=\"\" width=\"65\" height=\"65\" srcset=\"https:\/\/www.mdi4x4.it\/wp-content\/uploads\/2021\/03\/pdf-icona-shop-300x300.png 300w, https:\/\/www.mdi4x4.it\/wp-content\/uploads\/2021\/03\/pdf-icona-shop-90x90.png 90w, https:\/\/www.mdi4x4.it\/wp-content\/uploads\/2021\/03\/pdf-icona-shop-54x54.png 54w, https:\/\/www.mdi4x4.it\/wp-content\/uploads\/2021\/03\/pdf-icona-shop-64x64.png 64w, https:\/\/www.mdi4x4.it\/wp-content\/uploads\/2021\/03\/pdf-icona-shop-150x150.png 150w, https:\/\/www.mdi4x4.it\/wp-content\/uploads\/2021\/03\/pdf-icona-shop-450x450.png 450w, https:\/\/www.mdi4x4.it\/wp-content\/uploads\/2021\/03\/pdf-icona-shop.png 512w\" sizes=\"(max-width: 65px) 100vw, 65px\" \/><\/a><br \/>\n<a href=\"https:\/\/www.mdi4x4.it\/wp-content\/uploads\/2021\/03\/complements.pdf\" target=\"_blank\" rel=\"noopener noreferrer\">T\u00e9l\u00e9charger le pdf<\/a><\/p>\n","protected":false},"featured_media":2837,"template":"","meta":{"_eb_attr":""},"product_cat":[705,663,661],"product_tag":[704],"yoast_head":"<!-- This site is optimized with the Yoast SEO plugin v22.1 - https:\/\/yoast.com\/wordpress\/plugins\/seo\/ -->\n<title>Paire de supports d&#039;attelage avant pour le pare-chocs d&#039;origine du Discovery 2 - MDI 4x4<\/title>\n<meta name=\"description\" content=\"R\u00e9alis\u00e9 en m\u00e9tal de 10 mm, il est galvanis\u00e9 \u00e0 froid en couleur tropicale, il peut \u00eatre ult\u00e9rieurement peint en noir de mani\u00e8re ind\u00e9pendante.\" \/>\n<meta name=\"robots\" content=\"index, follow, max-snippet:-1, max-image-preview:large, max-video-preview:-1\" \/>\n<link rel=\"canonical\" href=\"https:\/\/www.mdi4x4.it\/fr\/prodotto\/paire-de-supports-d-attelage-avant-pour-le-pare-chocs-d-origine-du-discovery-2\/\" \/>\n<meta property=\"og:locale\" content=\"fr_FR\" \/>\n<meta property=\"og:type\" content=\"article\" \/>\n<meta property=\"og:title\" content=\"Paire de supports d&#039;attelage avant pour le pare-chocs d&#039;origine du Discovery 2 - MDI 4x4\" \/>\n<meta property=\"og:description\" content=\"R\u00e9alis\u00e9 en m\u00e9tal de 10 mm, il est galvanis\u00e9 \u00e0 froid en couleur tropicale, il peut \u00eatre ult\u00e9rieurement peint en noir de mani\u00e8re ind\u00e9pendante.\" \/>\n<meta property=\"og:url\" content=\"https:\/\/www.mdi4x4.it\/fr\/prodotto\/paire-de-supports-d-attelage-avant-pour-le-pare-chocs-d-origine-du-discovery-2\/\" \/>\n<meta property=\"og:site_name\" content=\"MDI 4x4\" \/>\n<meta property=\"article:modified_time\" content=\"2022-12-07T14:59:56+00:00\" \/>\n<meta property=\"og:image\" content=\"https:\/\/www.mdi4x4.it\/wp-content\/uploads\/2021\/03\/4031-foto2-coppie-staffe-anteriore-per-il-traino-per-paraurti-originale-discovery-2.jpg\" \/>\n\t<meta property=\"og:image:width\" content=\"600\" \/>\n\t<meta property=\"og:image:height\" content=\"600\" \/>\n\t<meta property=\"og:image:type\" content=\"image\/jpeg\" \/>\n<script type=\"application\/ld+json\" class=\"yoast-schema-graph\">{\"@context\":\"https:\/\/schema.org\",\"@graph\":[{\"@type\":\"WebPage\",\"@id\":\"https:\/\/www.mdi4x4.it\/fr\/prodotto\/paire-de-supports-d-attelage-avant-pour-le-pare-chocs-d-origine-du-discovery-2\/\",\"url\":\"https:\/\/www.mdi4x4.it\/fr\/prodotto\/paire-de-supports-d-attelage-avant-pour-le-pare-chocs-d-origine-du-discovery-2\/\",\"name\":\"Paire de supports d'attelage avant pour le pare-chocs d'origine du Discovery 2 - MDI 4x4\",\"isPartOf\":{\"@id\":\"https:\/\/www.mdi4x4.it\/fr\/#website\"},\"datePublished\":\"2021-03-22T16:36:31+00:00\",\"dateModified\":\"2022-12-07T14:59:56+00:00\",\"description\":\"R\u00e9alis\u00e9 en m\u00e9tal de 10 mm, il est galvanis\u00e9 \u00e0 froid en couleur tropicale, il peut \u00eatre ult\u00e9rieurement peint en noir de mani\u00e8re ind\u00e9pendante.\",\"breadcrumb\":{\"@id\":\"https:\/\/www.mdi4x4.it\/fr\/prodotto\/paire-de-supports-d-attelage-avant-pour-le-pare-chocs-d-origine-du-discovery-2\/#breadcrumb\"},\"inLanguage\":\"fr-FR\",\"potentialAction\":[{\"@type\":\"ReadAction\",\"target\":[\"https:\/\/www.mdi4x4.it\/fr\/prodotto\/paire-de-supports-d-attelage-avant-pour-le-pare-chocs-d-origine-du-discovery-2\/\"]}]},{\"@type\":\"BreadcrumbList\",\"@id\":\"https:\/\/www.mdi4x4.it\/fr\/prodotto\/paire-de-supports-d-attelage-avant-pour-le-pare-chocs-d-origine-du-discovery-2\/#breadcrumb\",\"itemListElement\":[{\"@type\":\"ListItem\",\"position\":1,\"name\":\"Home\",\"item\":\"https:\/\/www.mdi4x4.it\/fr\/\"},{\"@type\":\"ListItem\",\"position\":2,\"name\":\"Boutique\",\"item\":\"https:\/\/www.mdi4x4.it\/fr\/shop\/\"},{\"@type\":\"ListItem\",\"position\":3,\"name\":\"Paire de supports d&#8217;attelage avant pour le pare-chocs d&#8217;origine du Discovery 2\"}]},{\"@type\":\"WebSite\",\"@id\":\"https:\/\/www.mdi4x4.it\/fr\/#website\",\"url\":\"https:\/\/www.mdi4x4.it\/fr\/\",\"name\":\"MDI 4x4\",\"description\":\"Accessori su misura Land Rover || Toyota\",\"publisher\":{\"@id\":\"https:\/\/www.mdi4x4.it\/fr\/#organization\"},\"potentialAction\":[{\"@type\":\"SearchAction\",\"target\":{\"@type\":\"EntryPoint\",\"urlTemplate\":\"https:\/\/www.mdi4x4.it\/fr\/?s={search_term_string}\"},\"query-input\":\"required name=search_term_string\"}],\"inLanguage\":\"fr-FR\"},{\"@type\":\"Organization\",\"@id\":\"https:\/\/www.mdi4x4.it\/fr\/#organization\",\"name\":\"MDI 4x4\",\"url\":\"https:\/\/www.mdi4x4.it\/fr\/\",\"logo\":{\"@type\":\"ImageObject\",\"inLanguage\":\"fr-FR\",\"@id\":\"https:\/\/www.mdi4x4.it\/fr\/#\/schema\/logo\/image\/\",\"url\":\"https:\/\/www.mdi4x4.it\/wp-content\/uploads\/2021\/03\/Logo-MDI-ridotto.png\",\"contentUrl\":\"https:\/\/www.mdi4x4.it\/wp-content\/uploads\/2021\/03\/Logo-MDI-ridotto.png\",\"width\":299,\"height\":200,\"caption\":\"MDI 4x4\"},\"image\":{\"@id\":\"https:\/\/www.mdi4x4.it\/fr\/#\/schema\/logo\/image\/\"}}]}<\/script>\n<!-- \/ Yoast SEO plugin. -->","yoast_head_json":{"title":"Paire de supports d'attelage avant pour le pare-chocs d'origine du Discovery 2 - MDI 4x4","description":"R\u00e9alis\u00e9 en m\u00e9tal de 10 mm, il est galvanis\u00e9 \u00e0 froid en couleur tropicale, il peut \u00eatre ult\u00e9rieurement peint en noir de mani\u00e8re ind\u00e9pendante.","robots":{"index":"index","follow":"follow","max-snippet":"max-snippet:-1","max-image-preview":"max-image-preview:large","max-video-preview":"max-video-preview:-1"},"canonical":"https:\/\/www.mdi4x4.it\/fr\/prodotto\/paire-de-supports-d-attelage-avant-pour-le-pare-chocs-d-origine-du-discovery-2\/","og_locale":"fr_FR","og_type":"article","og_title":"Paire de supports d'attelage avant pour le pare-chocs d'origine du Discovery 2 - MDI 4x4","og_description":"R\u00e9alis\u00e9 en m\u00e9tal de 10 mm, il est galvanis\u00e9 \u00e0 froid en couleur tropicale, il peut \u00eatre ult\u00e9rieurement peint en noir de mani\u00e8re ind\u00e9pendante.","og_url":"https:\/\/www.mdi4x4.it\/fr\/prodotto\/paire-de-supports-d-attelage-avant-pour-le-pare-chocs-d-origine-du-discovery-2\/","og_site_name":"MDI 4x4","article_modified_time":"2022-12-07T14:59:56+00:00","og_image":[{"width":600,"height":600,"url":"https:\/\/www.mdi4x4.it\/wp-content\/uploads\/2021\/03\/4031-foto2-coppie-staffe-anteriore-per-il-traino-per-paraurti-originale-discovery-2.jpg","type":"image\/jpeg"}],"schema":{"@context":"https:\/\/schema.org","@graph":[{"@type":"WebPage","@id":"https:\/\/www.mdi4x4.it\/fr\/prodotto\/paire-de-supports-d-attelage-avant-pour-le-pare-chocs-d-origine-du-discovery-2\/","url":"https:\/\/www.mdi4x4.it\/fr\/prodotto\/paire-de-supports-d-attelage-avant-pour-le-pare-chocs-d-origine-du-discovery-2\/","name":"Paire de supports d'attelage avant pour le pare-chocs d'origine du Discovery 2 - MDI 4x4","isPartOf":{"@id":"https:\/\/www.mdi4x4.it\/fr\/#website"},"datePublished":"2021-03-22T16:36:31+00:00","dateModified":"2022-12-07T14:59:56+00:00","description":"R\u00e9alis\u00e9 en m\u00e9tal de 10 mm, il est galvanis\u00e9 \u00e0 froid en couleur tropicale, il peut \u00eatre ult\u00e9rieurement peint en noir de mani\u00e8re ind\u00e9pendante.","breadcrumb":{"@id":"https:\/\/www.mdi4x4.it\/fr\/prodotto\/paire-de-supports-d-attelage-avant-pour-le-pare-chocs-d-origine-du-discovery-2\/#breadcrumb"},"inLanguage":"fr-FR","potentialAction":[{"@type":"ReadAction","target":["https:\/\/www.mdi4x4.it\/fr\/prodotto\/paire-de-supports-d-attelage-avant-pour-le-pare-chocs-d-origine-du-discovery-2\/"]}]},{"@type":"BreadcrumbList","@id":"https:\/\/www.mdi4x4.it\/fr\/prodotto\/paire-de-supports-d-attelage-avant-pour-le-pare-chocs-d-origine-du-discovery-2\/#breadcrumb","itemListElement":[{"@type":"ListItem","position":1,"name":"Home","item":"https:\/\/www.mdi4x4.it\/fr\/"},{"@type":"ListItem","position":2,"name":"Boutique","item":"https:\/\/www.mdi4x4.it\/fr\/shop\/"},{"@type":"ListItem","position":3,"name":"Paire de supports d&#8217;attelage avant pour le pare-chocs d&#8217;origine du Discovery 2"}]},{"@type":"WebSite","@id":"https:\/\/www.mdi4x4.it\/fr\/#website","url":"https:\/\/www.mdi4x4.it\/fr\/","name":"MDI 4x4","description":"Accessori su misura Land Rover || Toyota","publisher":{"@id":"https:\/\/www.mdi4x4.it\/fr\/#organization"},"potentialAction":[{"@type":"SearchAction","target":{"@type":"EntryPoint","urlTemplate":"https:\/\/www.mdi4x4.it\/fr\/?s={search_term_string}"},"query-input":"required name=search_term_string"}],"inLanguage":"fr-FR"},{"@type":"Organization","@id":"https:\/\/www.mdi4x4.it\/fr\/#organization","name":"MDI 4x4","url":"https:\/\/www.mdi4x4.it\/fr\/","logo":{"@type":"ImageObject","inLanguage":"fr-FR","@id":"https:\/\/www.mdi4x4.it\/fr\/#\/schema\/logo\/image\/","url":"https:\/\/www.mdi4x4.it\/wp-content\/uploads\/2021\/03\/Logo-MDI-ridotto.png","contentUrl":"https:\/\/www.mdi4x4.it\/wp-content\/uploads\/2021\/03\/Logo-MDI-ridotto.png","width":299,"height":200,"caption":"MDI 4x4"},"image":{"@id":"https:\/\/www.mdi4x4.it\/fr\/#\/schema\/logo\/image\/"}}]}},"_links":{"self":[{"href":"https:\/\/www.mdi4x4.it\/fr\/wp-json\/wp\/v2\/product\/3486"}],"collection":[{"href":"https:\/\/www.mdi4x4.it\/fr\/wp-json\/wp\/v2\/product"}],"about":[{"href":"https:\/\/www.mdi4x4.it\/fr\/wp-json\/wp\/v2\/types\/product"}],"wp:featuredmedia":[{"embeddable":true,"href":"https:\/\/www.mdi4x4.it\/fr\/wp-json\/wp\/v2\/media\/2837"}],"wp:attachment":[{"href":"https:\/\/www.mdi4x4.it\/fr\/wp-json\/wp\/v2\/media?parent=3486"}],"wp:term":[{"taxonomy":"product_cat","embeddable":true,"href":"https:\/\/www.mdi4x4.it\/fr\/wp-json\/wp\/v2\/product_cat?post=3486"},{"taxonomy":"product_tag","embeddable":true,"href":"https:\/\/www.mdi4x4.it\/fr\/wp-json\/wp\/v2\/product_tag?post=3486"}],"curies":[{"name":"wp","href":"https:\/\/api.w.org\/{rel}","templated":true}]}}