{"id":3481,"date":"2022-12-24T17:10:35","date_gmt":"2022-12-24T16:10:35","guid":{"rendered":"https:\/\/www.mdi4x4.it\/product\/echelle-de-hayon-discovery-1-2\/"},"modified":"2024-01-25T16:38:06","modified_gmt":"2024-01-25T15:38:06","slug":"echelle-de-hayon-discovery-1-2","status":"publish","type":"product","link":"https:\/\/www.mdi4x4.it\/fr\/prodotto\/echelle-de-hayon-discovery-1-2\/","title":{"rendered":"\u00c9chelle de hayon Discovery 1-2"},"content":{"rendered":"<p>R\u00e9alis\u00e9e en m\u00e9tal peint noir gaufr\u00e9, elle est fix\u00e9e au hayon en per\u00e7ant 4 trous et en ins\u00e9rant des rivets filet\u00e9s dans la partie sup\u00e9rieure; dans la partie inf\u00e9rieure, la poign\u00e9e est fix\u00e9e avec une vis et un \u00e9crou autobloquant.<\/p>\n<p>L&#8217;\u00e9chelle est \u00e9quip\u00e9e d&#8217;une lampe LED de 18 watts qui peut \u00eatre connect\u00e9e \u00e0 la marche arri\u00e8re ou \u00e0 un interrupteur (recommand\u00e9). Un tube en acier inoxydable est soud\u00e9 le long du tube int\u00e9rieur o\u00f9 passera le c\u00e2ble d&#8217;alimentation de la lumi\u00e8re.<\/p>\n<p>La particularit\u00e9 de cette \u00e9chelle est que la premi\u00e8re marche prot\u00e8ge la poign\u00e9e de porte afin d&#8217;\u00e9viter tout dommage involontaire lors de la mont\u00e9e de l&#8217;\u00e9chelle.<\/p>\n<p>Poids kg 6<\/p>\n","protected":false},"excerpt":{"rendered":"<p>R\u00e9alis\u00e9e en m\u00e9tal peint noir gaufr\u00e9, elle est fix\u00e9e au hayon en per\u00e7ant 4 trous et en ins\u00e9rant des rivets filet\u00e9s dans la partie sup\u00e9rieure; dans la partie inf\u00e9rieure, la poign\u00e9e est fix\u00e9e avec une vis et un \u00e9crou autobloquant.<\/p>\n<p>L&#8217;\u00e9chelle est \u00e9quip\u00e9e d&#8217;une lampe LED de 18 watts qui peut \u00eatre connect\u00e9e \u00e0 la marche arri\u00e8re ou \u00e0 un interrupteur (recommand\u00e9). Un tube en acier inoxydable est soud\u00e9 le long du tube int\u00e9rieur o\u00f9 passera le c\u00e2ble d&#8217;alimentation de la lumi\u00e8re.<\/p>\n<p>La particularit\u00e9 de cette \u00e9chelle est que la premi\u00e8re marche prot\u00e8ge la poign\u00e9e de porte afin d&#8217;\u00e9viter tout dommage involontaire lors de la mont\u00e9e de l&#8217;\u00e9chelle.<\/p>\n<p>Poids kg 6<\/p>\n","protected":false},"featured_media":8156,"template":"","meta":{"_eb_attr":""},"product_cat":[662,663,700,701,661],"product_tag":[],"yoast_head":"<!-- This site is optimized with the Yoast SEO plugin v22.1 - https:\/\/yoast.com\/wordpress\/plugins\/seo\/ -->\n<title>\u00c9chelle de hayon Discovery 1-2 - MDI 4x4<\/title>\n<meta name=\"description\" content=\"Fabriqu\u00e9 en m\u00e9tal peint en noir gaufr\u00e9, il s&#039;applique au hayon en per\u00e7ant 4 trous et en ins\u00e9rant des rivets filet\u00e9s dans la partie sup\u00e9rieure.\" \/>\n<meta name=\"robots\" content=\"index, follow, max-snippet:-1, max-image-preview:large, max-video-preview:-1\" \/>\n<link rel=\"canonical\" href=\"https:\/\/www.mdi4x4.it\/fr\/prodotto\/echelle-de-hayon-discovery-1-2\/\" \/>\n<meta property=\"og:locale\" content=\"fr_FR\" \/>\n<meta property=\"og:type\" content=\"article\" \/>\n<meta property=\"og:title\" content=\"\u00c9chelle de hayon Discovery 1-2 - MDI 4x4\" \/>\n<meta property=\"og:description\" content=\"Fabriqu\u00e9 en m\u00e9tal peint en noir gaufr\u00e9, il s&#039;applique au hayon en per\u00e7ant 4 trous et en ins\u00e9rant des rivets filet\u00e9s dans la partie sup\u00e9rieure.\" \/>\n<meta property=\"og:url\" content=\"https:\/\/www.mdi4x4.it\/fr\/prodotto\/echelle-de-hayon-discovery-1-2\/\" \/>\n<meta property=\"og:site_name\" content=\"MDI 4x4\" \/>\n<meta property=\"article:modified_time\" content=\"2024-01-25T15:38:06+00:00\" \/>\n<meta property=\"og:image\" content=\"https:\/\/www.mdi4x4.it\/wp-content\/uploads\/2022\/08\/Scaletta-per-portellone-Discovery-1-2.jpg\" \/>\n\t<meta property=\"og:image:width\" content=\"600\" \/>\n\t<meta property=\"og:image:height\" content=\"600\" \/>\n\t<meta property=\"og:image:type\" content=\"image\/jpeg\" \/>\n<script type=\"application\/ld+json\" class=\"yoast-schema-graph\">{\"@context\":\"https:\/\/schema.org\",\"@graph\":[{\"@type\":\"WebPage\",\"@id\":\"https:\/\/www.mdi4x4.it\/fr\/prodotto\/echelle-de-hayon-discovery-1-2\/\",\"url\":\"https:\/\/www.mdi4x4.it\/fr\/prodotto\/echelle-de-hayon-discovery-1-2\/\",\"name\":\"\u00c9chelle de hayon Discovery 1-2 - MDI 4x4\",\"isPartOf\":{\"@id\":\"https:\/\/www.mdi4x4.it\/fr\/#website\"},\"datePublished\":\"2022-12-24T16:10:35+00:00\",\"dateModified\":\"2024-01-25T15:38:06+00:00\",\"description\":\"Fabriqu\u00e9 en m\u00e9tal peint en noir gaufr\u00e9, il s'applique au hayon en per\u00e7ant 4 trous et en ins\u00e9rant des rivets filet\u00e9s dans la partie sup\u00e9rieure.\",\"breadcrumb\":{\"@id\":\"https:\/\/www.mdi4x4.it\/fr\/prodotto\/echelle-de-hayon-discovery-1-2\/#breadcrumb\"},\"inLanguage\":\"fr-FR\",\"potentialAction\":[{\"@type\":\"ReadAction\",\"target\":[\"https:\/\/www.mdi4x4.it\/fr\/prodotto\/echelle-de-hayon-discovery-1-2\/\"]}]},{\"@type\":\"BreadcrumbList\",\"@id\":\"https:\/\/www.mdi4x4.it\/fr\/prodotto\/echelle-de-hayon-discovery-1-2\/#breadcrumb\",\"itemListElement\":[{\"@type\":\"ListItem\",\"position\":1,\"name\":\"Home\",\"item\":\"https:\/\/www.mdi4x4.it\/fr\/\"},{\"@type\":\"ListItem\",\"position\":2,\"name\":\"Boutique\",\"item\":\"https:\/\/www.mdi4x4.it\/fr\/shop\/\"},{\"@type\":\"ListItem\",\"position\":3,\"name\":\"\u00c9chelle de hayon Discovery 1-2\"}]},{\"@type\":\"WebSite\",\"@id\":\"https:\/\/www.mdi4x4.it\/fr\/#website\",\"url\":\"https:\/\/www.mdi4x4.it\/fr\/\",\"name\":\"MDI 4x4\",\"description\":\"Accessori su misura Land Rover || Toyota\",\"publisher\":{\"@id\":\"https:\/\/www.mdi4x4.it\/fr\/#organization\"},\"potentialAction\":[{\"@type\":\"SearchAction\",\"target\":{\"@type\":\"EntryPoint\",\"urlTemplate\":\"https:\/\/www.mdi4x4.it\/fr\/?s={search_term_string}\"},\"query-input\":\"required name=search_term_string\"}],\"inLanguage\":\"fr-FR\"},{\"@type\":\"Organization\",\"@id\":\"https:\/\/www.mdi4x4.it\/fr\/#organization\",\"name\":\"MDI 4x4\",\"url\":\"https:\/\/www.mdi4x4.it\/fr\/\",\"logo\":{\"@type\":\"ImageObject\",\"inLanguage\":\"fr-FR\",\"@id\":\"https:\/\/www.mdi4x4.it\/fr\/#\/schema\/logo\/image\/\",\"url\":\"https:\/\/www.mdi4x4.it\/wp-content\/uploads\/2021\/03\/Logo-MDI-ridotto.png\",\"contentUrl\":\"https:\/\/www.mdi4x4.it\/wp-content\/uploads\/2021\/03\/Logo-MDI-ridotto.png\",\"width\":299,\"height\":200,\"caption\":\"MDI 4x4\"},\"image\":{\"@id\":\"https:\/\/www.mdi4x4.it\/fr\/#\/schema\/logo\/image\/\"}}]}<\/script>\n<!-- \/ Yoast SEO plugin. -->","yoast_head_json":{"title":"\u00c9chelle de hayon Discovery 1-2 - MDI 4x4","description":"Fabriqu\u00e9 en m\u00e9tal peint en noir gaufr\u00e9, il s'applique au hayon en per\u00e7ant 4 trous et en ins\u00e9rant des rivets filet\u00e9s dans la partie sup\u00e9rieure.","robots":{"index":"index","follow":"follow","max-snippet":"max-snippet:-1","max-image-preview":"max-image-preview:large","max-video-preview":"max-video-preview:-1"},"canonical":"https:\/\/www.mdi4x4.it\/fr\/prodotto\/echelle-de-hayon-discovery-1-2\/","og_locale":"fr_FR","og_type":"article","og_title":"\u00c9chelle de hayon Discovery 1-2 - MDI 4x4","og_description":"Fabriqu\u00e9 en m\u00e9tal peint en noir gaufr\u00e9, il s'applique au hayon en per\u00e7ant 4 trous et en ins\u00e9rant des rivets filet\u00e9s dans la partie sup\u00e9rieure.","og_url":"https:\/\/www.mdi4x4.it\/fr\/prodotto\/echelle-de-hayon-discovery-1-2\/","og_site_name":"MDI 4x4","article_modified_time":"2024-01-25T15:38:06+00:00","og_image":[{"width":600,"height":600,"url":"https:\/\/www.mdi4x4.it\/wp-content\/uploads\/2022\/08\/Scaletta-per-portellone-Discovery-1-2.jpg","type":"image\/jpeg"}],"schema":{"@context":"https:\/\/schema.org","@graph":[{"@type":"WebPage","@id":"https:\/\/www.mdi4x4.it\/fr\/prodotto\/echelle-de-hayon-discovery-1-2\/","url":"https:\/\/www.mdi4x4.it\/fr\/prodotto\/echelle-de-hayon-discovery-1-2\/","name":"\u00c9chelle de hayon Discovery 1-2 - MDI 4x4","isPartOf":{"@id":"https:\/\/www.mdi4x4.it\/fr\/#website"},"datePublished":"2022-12-24T16:10:35+00:00","dateModified":"2024-01-25T15:38:06+00:00","description":"Fabriqu\u00e9 en m\u00e9tal peint en noir gaufr\u00e9, il s'applique au hayon en per\u00e7ant 4 trous et en ins\u00e9rant des rivets filet\u00e9s dans la partie sup\u00e9rieure.","breadcrumb":{"@id":"https:\/\/www.mdi4x4.it\/fr\/prodotto\/echelle-de-hayon-discovery-1-2\/#breadcrumb"},"inLanguage":"fr-FR","potentialAction":[{"@type":"ReadAction","target":["https:\/\/www.mdi4x4.it\/fr\/prodotto\/echelle-de-hayon-discovery-1-2\/"]}]},{"@type":"BreadcrumbList","@id":"https:\/\/www.mdi4x4.it\/fr\/prodotto\/echelle-de-hayon-discovery-1-2\/#breadcrumb","itemListElement":[{"@type":"ListItem","position":1,"name":"Home","item":"https:\/\/www.mdi4x4.it\/fr\/"},{"@type":"ListItem","position":2,"name":"Boutique","item":"https:\/\/www.mdi4x4.it\/fr\/shop\/"},{"@type":"ListItem","position":3,"name":"\u00c9chelle de hayon Discovery 1-2"}]},{"@type":"WebSite","@id":"https:\/\/www.mdi4x4.it\/fr\/#website","url":"https:\/\/www.mdi4x4.it\/fr\/","name":"MDI 4x4","description":"Accessori su misura Land Rover || Toyota","publisher":{"@id":"https:\/\/www.mdi4x4.it\/fr\/#organization"},"potentialAction":[{"@type":"SearchAction","target":{"@type":"EntryPoint","urlTemplate":"https:\/\/www.mdi4x4.it\/fr\/?s={search_term_string}"},"query-input":"required name=search_term_string"}],"inLanguage":"fr-FR"},{"@type":"Organization","@id":"https:\/\/www.mdi4x4.it\/fr\/#organization","name":"MDI 4x4","url":"https:\/\/www.mdi4x4.it\/fr\/","logo":{"@type":"ImageObject","inLanguage":"fr-FR","@id":"https:\/\/www.mdi4x4.it\/fr\/#\/schema\/logo\/image\/","url":"https:\/\/www.mdi4x4.it\/wp-content\/uploads\/2021\/03\/Logo-MDI-ridotto.png","contentUrl":"https:\/\/www.mdi4x4.it\/wp-content\/uploads\/2021\/03\/Logo-MDI-ridotto.png","width":299,"height":200,"caption":"MDI 4x4"},"image":{"@id":"https:\/\/www.mdi4x4.it\/fr\/#\/schema\/logo\/image\/"}}]}},"_links":{"self":[{"href":"https:\/\/www.mdi4x4.it\/fr\/wp-json\/wp\/v2\/product\/3481"}],"collection":[{"href":"https:\/\/www.mdi4x4.it\/fr\/wp-json\/wp\/v2\/product"}],"about":[{"href":"https:\/\/www.mdi4x4.it\/fr\/wp-json\/wp\/v2\/types\/product"}],"wp:featuredmedia":[{"embeddable":true,"href":"https:\/\/www.mdi4x4.it\/fr\/wp-json\/wp\/v2\/media\/8156"}],"wp:attachment":[{"href":"https:\/\/www.mdi4x4.it\/fr\/wp-json\/wp\/v2\/media?parent=3481"}],"wp:term":[{"taxonomy":"product_cat","embeddable":true,"href":"https:\/\/www.mdi4x4.it\/fr\/wp-json\/wp\/v2\/product_cat?post=3481"},{"taxonomy":"product_tag","embeddable":true,"href":"https:\/\/www.mdi4x4.it\/fr\/wp-json\/wp\/v2\/product_tag?post=3481"}],"curies":[{"name":"wp","href":"https:\/\/api.w.org\/{rel}","templated":true}]}}