{"id":3469,"date":"2022-08-24T14:35:36","date_gmt":"2022-08-24T12:35:36","guid":{"rendered":"https:\/\/www.mdi4x4.it\/product\/barre-de-toit-pour-toyota-kdj-120-125\/"},"modified":"2025-10-16T18:05:08","modified_gmt":"2025-10-16T16:05:08","slug":"barre-de-toit-pour-toyota-kdj-120-125","status":"publish","type":"product","link":"https:\/\/www.mdi4x4.it\/fr\/prodotto\/barre-de-toit-pour-toyota-kdj-120-125\/","title":{"rendered":"Barre de toit pour Toyota KDJ 120-125   noir gaufr\u00e9"},"content":{"rendered":"<p>Le support est en m\u00e9tal de 4 mm, peint en noir gaufr\u00e9. La barre fournie est en aluminium structurel, mesurant 60 x 30 x 1400 mm, peinte en noir gaufr\u00e9.<\/p>\n<p>Trois barres suffisent pour une tente de toit rigide\u00a0; deux pour une tente pliante.<\/p>\n<p>La barre est livr\u00e9e avec tout le mat\u00e9riel de montage n\u00e9cessaire. La longueur de 1400 mm est extensible.<\/p>\n<p>PRIX PAR BARRE<\/p>\n","protected":false},"excerpt":{"rendered":"<p>Le support est en m\u00e9tal de 4 mm, peint en noir gaufr\u00e9. La barre fournie est en aluminium structurel, mesurant 60 x 30 x 1400 mm, peinte en noir gaufr\u00e9.<\/p>\n<p>Trois barres suffisent pour une tente de toit rigide\u00a0; deux pour une tente pliante.<\/p>\n<p>La barre est livr\u00e9e avec tout le mat\u00e9riel de montage n\u00e9cessaire. La longueur de 1400 mm est extensible.<\/p>\n<p>PRIX PAR BARRE<\/p>\n","protected":false},"featured_media":3059,"template":"","meta":{"_eb_attr":""},"product_cat":[688,689,652,653,651,739],"product_tag":[686],"yoast_head":"<!-- This site is optimized with the Yoast SEO plugin v22.1 - https:\/\/yoast.com\/wordpress\/plugins\/seo\/ -->\n<title>Barre de toit pour Toyota KDJ 120-125  noir gaufr\u00e9 - MDI 4x4<\/title>\n<meta name=\"description\" content=\"Le support est en m\u00e9tal et offre une r\u00e9partition id\u00e9ale pour la protection des goutti\u00e8res. La barre fournie est en aluminium structurel\" \/>\n<meta name=\"robots\" content=\"index, follow, max-snippet:-1, max-image-preview:large, max-video-preview:-1\" \/>\n<link rel=\"canonical\" href=\"https:\/\/www.mdi4x4.it\/fr\/prodotto\/barre-de-toit-pour-toyota-kdj-120-125\/\" \/>\n<meta property=\"og:locale\" content=\"fr_FR\" \/>\n<meta property=\"og:type\" content=\"article\" \/>\n<meta property=\"og:title\" content=\"Barre de toit pour Toyota KDJ 120-125  noir gaufr\u00e9 - MDI 4x4\" \/>\n<meta property=\"og:description\" content=\"Le support est en m\u00e9tal et offre une r\u00e9partition id\u00e9ale pour la protection des goutti\u00e8res. La barre fournie est en aluminium structurel\" \/>\n<meta property=\"og:url\" content=\"https:\/\/www.mdi4x4.it\/fr\/prodotto\/barre-de-toit-pour-toyota-kdj-120-125\/\" \/>\n<meta property=\"og:site_name\" content=\"MDI 4x4\" \/>\n<meta property=\"article:modified_time\" content=\"2025-10-16T16:05:08+00:00\" \/>\n<meta property=\"og:image\" content=\"https:\/\/www.mdi4x4.it\/wp-content\/uploads\/2022\/08\/Barra-da-tetto-per-Toyota-KDJ-120-125.jpg\" \/>\n\t<meta property=\"og:image:width\" content=\"600\" \/>\n\t<meta property=\"og:image:height\" content=\"600\" \/>\n\t<meta property=\"og:image:type\" content=\"image\/jpeg\" \/>\n<script type=\"application\/ld+json\" class=\"yoast-schema-graph\">{\"@context\":\"https:\/\/schema.org\",\"@graph\":[{\"@type\":\"WebPage\",\"@id\":\"https:\/\/www.mdi4x4.it\/fr\/prodotto\/barre-de-toit-pour-toyota-kdj-120-125\/\",\"url\":\"https:\/\/www.mdi4x4.it\/fr\/prodotto\/barre-de-toit-pour-toyota-kdj-120-125\/\",\"name\":\"Barre de toit pour Toyota KDJ 120-125 noir gaufr\u00e9 - MDI 4x4\",\"isPartOf\":{\"@id\":\"https:\/\/www.mdi4x4.it\/fr\/#website\"},\"datePublished\":\"2022-08-24T12:35:36+00:00\",\"dateModified\":\"2025-10-16T16:05:08+00:00\",\"description\":\"Le support est en m\u00e9tal et offre une r\u00e9partition id\u00e9ale pour la protection des goutti\u00e8res. La barre fournie est en aluminium structurel\",\"breadcrumb\":{\"@id\":\"https:\/\/www.mdi4x4.it\/fr\/prodotto\/barre-de-toit-pour-toyota-kdj-120-125\/#breadcrumb\"},\"inLanguage\":\"fr-FR\",\"potentialAction\":[{\"@type\":\"ReadAction\",\"target\":[\"https:\/\/www.mdi4x4.it\/fr\/prodotto\/barre-de-toit-pour-toyota-kdj-120-125\/\"]}]},{\"@type\":\"BreadcrumbList\",\"@id\":\"https:\/\/www.mdi4x4.it\/fr\/prodotto\/barre-de-toit-pour-toyota-kdj-120-125\/#breadcrumb\",\"itemListElement\":[{\"@type\":\"ListItem\",\"position\":1,\"name\":\"Home\",\"item\":\"https:\/\/www.mdi4x4.it\/fr\/\"},{\"@type\":\"ListItem\",\"position\":2,\"name\":\"Boutique\",\"item\":\"https:\/\/www.mdi4x4.it\/fr\/shop\/\"},{\"@type\":\"ListItem\",\"position\":3,\"name\":\"Barre de toit pour Toyota KDJ 120-125 noir gaufr\u00e9\"}]},{\"@type\":\"WebSite\",\"@id\":\"https:\/\/www.mdi4x4.it\/fr\/#website\",\"url\":\"https:\/\/www.mdi4x4.it\/fr\/\",\"name\":\"MDI 4x4\",\"description\":\"Accessori su misura Land Rover || Toyota\",\"publisher\":{\"@id\":\"https:\/\/www.mdi4x4.it\/fr\/#organization\"},\"potentialAction\":[{\"@type\":\"SearchAction\",\"target\":{\"@type\":\"EntryPoint\",\"urlTemplate\":\"https:\/\/www.mdi4x4.it\/fr\/?s={search_term_string}\"},\"query-input\":\"required name=search_term_string\"}],\"inLanguage\":\"fr-FR\"},{\"@type\":\"Organization\",\"@id\":\"https:\/\/www.mdi4x4.it\/fr\/#organization\",\"name\":\"MDI 4x4\",\"url\":\"https:\/\/www.mdi4x4.it\/fr\/\",\"logo\":{\"@type\":\"ImageObject\",\"inLanguage\":\"fr-FR\",\"@id\":\"https:\/\/www.mdi4x4.it\/fr\/#\/schema\/logo\/image\/\",\"url\":\"https:\/\/www.mdi4x4.it\/wp-content\/uploads\/2021\/03\/Logo-MDI-ridotto.png\",\"contentUrl\":\"https:\/\/www.mdi4x4.it\/wp-content\/uploads\/2021\/03\/Logo-MDI-ridotto.png\",\"width\":299,\"height\":200,\"caption\":\"MDI 4x4\"},\"image\":{\"@id\":\"https:\/\/www.mdi4x4.it\/fr\/#\/schema\/logo\/image\/\"}}]}<\/script>\n<!-- \/ Yoast SEO plugin. -->","yoast_head_json":{"title":"Barre de toit pour Toyota KDJ 120-125  noir gaufr\u00e9 - MDI 4x4","description":"Le support est en m\u00e9tal et offre une r\u00e9partition id\u00e9ale pour la protection des goutti\u00e8res. La barre fournie est en aluminium structurel","robots":{"index":"index","follow":"follow","max-snippet":"max-snippet:-1","max-image-preview":"max-image-preview:large","max-video-preview":"max-video-preview:-1"},"canonical":"https:\/\/www.mdi4x4.it\/fr\/prodotto\/barre-de-toit-pour-toyota-kdj-120-125\/","og_locale":"fr_FR","og_type":"article","og_title":"Barre de toit pour Toyota KDJ 120-125  noir gaufr\u00e9 - MDI 4x4","og_description":"Le support est en m\u00e9tal et offre une r\u00e9partition id\u00e9ale pour la protection des goutti\u00e8res. La barre fournie est en aluminium structurel","og_url":"https:\/\/www.mdi4x4.it\/fr\/prodotto\/barre-de-toit-pour-toyota-kdj-120-125\/","og_site_name":"MDI 4x4","article_modified_time":"2025-10-16T16:05:08+00:00","og_image":[{"width":600,"height":600,"url":"https:\/\/www.mdi4x4.it\/wp-content\/uploads\/2022\/08\/Barra-da-tetto-per-Toyota-KDJ-120-125.jpg","type":"image\/jpeg"}],"schema":{"@context":"https:\/\/schema.org","@graph":[{"@type":"WebPage","@id":"https:\/\/www.mdi4x4.it\/fr\/prodotto\/barre-de-toit-pour-toyota-kdj-120-125\/","url":"https:\/\/www.mdi4x4.it\/fr\/prodotto\/barre-de-toit-pour-toyota-kdj-120-125\/","name":"Barre de toit pour Toyota KDJ 120-125 noir gaufr\u00e9 - MDI 4x4","isPartOf":{"@id":"https:\/\/www.mdi4x4.it\/fr\/#website"},"datePublished":"2022-08-24T12:35:36+00:00","dateModified":"2025-10-16T16:05:08+00:00","description":"Le support est en m\u00e9tal et offre une r\u00e9partition id\u00e9ale pour la protection des goutti\u00e8res. La barre fournie est en aluminium structurel","breadcrumb":{"@id":"https:\/\/www.mdi4x4.it\/fr\/prodotto\/barre-de-toit-pour-toyota-kdj-120-125\/#breadcrumb"},"inLanguage":"fr-FR","potentialAction":[{"@type":"ReadAction","target":["https:\/\/www.mdi4x4.it\/fr\/prodotto\/barre-de-toit-pour-toyota-kdj-120-125\/"]}]},{"@type":"BreadcrumbList","@id":"https:\/\/www.mdi4x4.it\/fr\/prodotto\/barre-de-toit-pour-toyota-kdj-120-125\/#breadcrumb","itemListElement":[{"@type":"ListItem","position":1,"name":"Home","item":"https:\/\/www.mdi4x4.it\/fr\/"},{"@type":"ListItem","position":2,"name":"Boutique","item":"https:\/\/www.mdi4x4.it\/fr\/shop\/"},{"@type":"ListItem","position":3,"name":"Barre de toit pour Toyota KDJ 120-125 noir gaufr\u00e9"}]},{"@type":"WebSite","@id":"https:\/\/www.mdi4x4.it\/fr\/#website","url":"https:\/\/www.mdi4x4.it\/fr\/","name":"MDI 4x4","description":"Accessori su misura Land Rover || Toyota","publisher":{"@id":"https:\/\/www.mdi4x4.it\/fr\/#organization"},"potentialAction":[{"@type":"SearchAction","target":{"@type":"EntryPoint","urlTemplate":"https:\/\/www.mdi4x4.it\/fr\/?s={search_term_string}"},"query-input":"required name=search_term_string"}],"inLanguage":"fr-FR"},{"@type":"Organization","@id":"https:\/\/www.mdi4x4.it\/fr\/#organization","name":"MDI 4x4","url":"https:\/\/www.mdi4x4.it\/fr\/","logo":{"@type":"ImageObject","inLanguage":"fr-FR","@id":"https:\/\/www.mdi4x4.it\/fr\/#\/schema\/logo\/image\/","url":"https:\/\/www.mdi4x4.it\/wp-content\/uploads\/2021\/03\/Logo-MDI-ridotto.png","contentUrl":"https:\/\/www.mdi4x4.it\/wp-content\/uploads\/2021\/03\/Logo-MDI-ridotto.png","width":299,"height":200,"caption":"MDI 4x4"},"image":{"@id":"https:\/\/www.mdi4x4.it\/fr\/#\/schema\/logo\/image\/"}}]}},"_links":{"self":[{"href":"https:\/\/www.mdi4x4.it\/fr\/wp-json\/wp\/v2\/product\/3469"}],"collection":[{"href":"https:\/\/www.mdi4x4.it\/fr\/wp-json\/wp\/v2\/product"}],"about":[{"href":"https:\/\/www.mdi4x4.it\/fr\/wp-json\/wp\/v2\/types\/product"}],"wp:featuredmedia":[{"embeddable":true,"href":"https:\/\/www.mdi4x4.it\/fr\/wp-json\/wp\/v2\/media\/3059"}],"wp:attachment":[{"href":"https:\/\/www.mdi4x4.it\/fr\/wp-json\/wp\/v2\/media?parent=3469"}],"wp:term":[{"taxonomy":"product_cat","embeddable":true,"href":"https:\/\/www.mdi4x4.it\/fr\/wp-json\/wp\/v2\/product_cat?post=3469"},{"taxonomy":"product_tag","embeddable":true,"href":"https:\/\/www.mdi4x4.it\/fr\/wp-json\/wp\/v2\/product_tag?post=3469"}],"curies":[{"name":"wp","href":"https:\/\/api.w.org\/{rel}","templated":true}]}}