{"id":3459,"date":"2022-08-24T17:17:35","date_gmt":"2022-08-24T15:17:35","guid":{"rendered":"https:\/\/www.mdi4x4.it\/product\/toyota-90-3-mm-pare-chocs-arriere-prepare-pour-les-feux-dorigine\/"},"modified":"2023-10-08T18:36:35","modified_gmt":"2023-10-08T16:36:35","slug":"toyota-90-3-mm-pare-chocs-arriere-prepare-pour-les-feux-d-origine","status":"publish","type":"product","link":"https:\/\/www.mdi4x4.it\/fr\/prodotto\/toyota-90-3-mm-pare-chocs-arriere-prepare-pour-les-feux-d-origine\/","title":{"rendered":"Toyota 90 3 mm pare-chocs arri\u00e8re pr\u00e9par\u00e9 pour les feux d&#8217;origine"},"content":{"rendered":"<p><span data-sheets-value=\"{\" data-sheets-userformat=\"{\">Le pare-chocs est fait de t\u00f4le de 3 mm avec des trous pour les feux. EST PEINT DANS LA COULEUR NOIRE GAUFR\u00c9E OU ENVOY\u00c9E BRUTE.<\/span><\/p>\n<p>Il est fix\u00e9 au ch\u00e2ssis de la machine au moyen d&#8217;\u00e9triers.<\/p>\n<p>Pr\u00e9par\u00e9 pour la fixation d&#8217;une plaque \u00e0 axe pivotant avec manille.<\/p>\n<p>poids 26 kg<\/p>\n<p><span class=\"HwtZe\" lang=\"fr\"><span class=\"jCAhz ChMk0b\"><span class=\"ryNqvb\">D\u00c9LAIS DE LIVRAISON 20 JOURS A PARTIR DU PAIEMENT<\/span><\/span><\/span><\/p>\n","protected":false},"excerpt":{"rendered":"<p><span data-sheets-value=\"{\" data-sheets-userformat=\"{\">Le pare-chocs est fait de t\u00f4le de 3 mm avec des trous pour les feux. EST PEINT DANS LA COULEUR NOIRE GAUFR\u00c9E OU ENVOY\u00c9E BRUTE.<\/span><\/p>\n<p>Il est fix\u00e9 au ch\u00e2ssis de la machine au moyen d&#8217;\u00e9triers.<\/p>\n<p>Pr\u00e9par\u00e9 pour la fixation d&#8217;une plaque \u00e0 axe pivotant avec manille.<\/p>\n<p>poids 26 kg<\/p>\n<p><span class=\"HwtZe\" lang=\"fr\"><span class=\"jCAhz ChMk0b\"><span class=\"ryNqvb\">D\u00c9LAIS DE LIVRAISON 20 JOURS A PARTIR DU PAIEMENT<\/span><\/span><\/span><\/p>\n","protected":false},"featured_media":4925,"template":"","meta":{"_eb_attr":""},"product_cat":[652,653,682,683,651],"product_tag":[673],"yoast_head":"<!-- This site is optimized with the Yoast SEO plugin v22.1 - https:\/\/yoast.com\/wordpress\/plugins\/seo\/ -->\n<title>Toyota 90 3 mm pare-chocs arri\u00e8re pr\u00e9par\u00e9 pour les feux d&#039;origine - MDI 4x4<\/title>\n<meta name=\"description\" content=\"Il est fix\u00e9 au ch\u00e2ssis de la machine au moyen d&#039;\u00e9triers. Des supports adapt\u00e9s \u00e0 la lev\u00e9e de la carrosserie peuvent \u00eatre fournis sur demande.\" \/>\n<meta name=\"robots\" content=\"index, follow, max-snippet:-1, max-image-preview:large, max-video-preview:-1\" \/>\n<link rel=\"canonical\" href=\"https:\/\/www.mdi4x4.it\/fr\/prodotto\/toyota-90-3-mm-pare-chocs-arriere-prepare-pour-les-feux-d-origine\/\" \/>\n<meta property=\"og:locale\" content=\"fr_FR\" \/>\n<meta property=\"og:type\" content=\"article\" \/>\n<meta property=\"og:title\" content=\"Toyota 90 3 mm pare-chocs arri\u00e8re pr\u00e9par\u00e9 pour les feux d&#039;origine - MDI 4x4\" \/>\n<meta property=\"og:description\" content=\"Il est fix\u00e9 au ch\u00e2ssis de la machine au moyen d&#039;\u00e9triers. Des supports adapt\u00e9s \u00e0 la lev\u00e9e de la carrosserie peuvent \u00eatre fournis sur demande.\" \/>\n<meta property=\"og:url\" content=\"https:\/\/www.mdi4x4.it\/fr\/prodotto\/toyota-90-3-mm-pare-chocs-arriere-prepare-pour-les-feux-d-origine\/\" \/>\n<meta property=\"og:site_name\" content=\"MDI 4x4\" \/>\n<meta property=\"article:modified_time\" content=\"2023-10-08T16:36:35+00:00\" \/>\n<meta property=\"og:image\" content=\"https:\/\/www.mdi4x4.it\/wp-content\/uploads\/2022\/12\/MDI-Immagini-scalate-da-caricare-sul-sito-nuovo-1.jpg\" \/>\n\t<meta property=\"og:image:width\" content=\"600\" \/>\n\t<meta property=\"og:image:height\" content=\"600\" \/>\n\t<meta property=\"og:image:type\" content=\"image\/jpeg\" \/>\n<script type=\"application\/ld+json\" class=\"yoast-schema-graph\">{\"@context\":\"https:\/\/schema.org\",\"@graph\":[{\"@type\":\"WebPage\",\"@id\":\"https:\/\/www.mdi4x4.it\/fr\/prodotto\/toyota-90-3-mm-pare-chocs-arriere-prepare-pour-les-feux-d-origine\/\",\"url\":\"https:\/\/www.mdi4x4.it\/fr\/prodotto\/toyota-90-3-mm-pare-chocs-arriere-prepare-pour-les-feux-d-origine\/\",\"name\":\"Toyota 90 3 mm pare-chocs arri\u00e8re pr\u00e9par\u00e9 pour les feux d'origine - MDI 4x4\",\"isPartOf\":{\"@id\":\"https:\/\/www.mdi4x4.it\/fr\/#website\"},\"datePublished\":\"2022-08-24T15:17:35+00:00\",\"dateModified\":\"2023-10-08T16:36:35+00:00\",\"description\":\"Il est fix\u00e9 au ch\u00e2ssis de la machine au moyen d'\u00e9triers. Des supports adapt\u00e9s \u00e0 la lev\u00e9e de la carrosserie peuvent \u00eatre fournis sur demande.\",\"breadcrumb\":{\"@id\":\"https:\/\/www.mdi4x4.it\/fr\/prodotto\/toyota-90-3-mm-pare-chocs-arriere-prepare-pour-les-feux-d-origine\/#breadcrumb\"},\"inLanguage\":\"fr-FR\",\"potentialAction\":[{\"@type\":\"ReadAction\",\"target\":[\"https:\/\/www.mdi4x4.it\/fr\/prodotto\/toyota-90-3-mm-pare-chocs-arriere-prepare-pour-les-feux-d-origine\/\"]}]},{\"@type\":\"BreadcrumbList\",\"@id\":\"https:\/\/www.mdi4x4.it\/fr\/prodotto\/toyota-90-3-mm-pare-chocs-arriere-prepare-pour-les-feux-d-origine\/#breadcrumb\",\"itemListElement\":[{\"@type\":\"ListItem\",\"position\":1,\"name\":\"Home\",\"item\":\"https:\/\/www.mdi4x4.it\/fr\/\"},{\"@type\":\"ListItem\",\"position\":2,\"name\":\"Boutique\",\"item\":\"https:\/\/www.mdi4x4.it\/fr\/shop\/\"},{\"@type\":\"ListItem\",\"position\":3,\"name\":\"Toyota 90 3 mm pare-chocs arri\u00e8re pr\u00e9par\u00e9 pour les feux d&#8217;origine\"}]},{\"@type\":\"WebSite\",\"@id\":\"https:\/\/www.mdi4x4.it\/fr\/#website\",\"url\":\"https:\/\/www.mdi4x4.it\/fr\/\",\"name\":\"MDI 4x4\",\"description\":\"Accessori su misura Land Rover || Toyota\",\"publisher\":{\"@id\":\"https:\/\/www.mdi4x4.it\/fr\/#organization\"},\"potentialAction\":[{\"@type\":\"SearchAction\",\"target\":{\"@type\":\"EntryPoint\",\"urlTemplate\":\"https:\/\/www.mdi4x4.it\/fr\/?s={search_term_string}\"},\"query-input\":\"required name=search_term_string\"}],\"inLanguage\":\"fr-FR\"},{\"@type\":\"Organization\",\"@id\":\"https:\/\/www.mdi4x4.it\/fr\/#organization\",\"name\":\"MDI 4x4\",\"url\":\"https:\/\/www.mdi4x4.it\/fr\/\",\"logo\":{\"@type\":\"ImageObject\",\"inLanguage\":\"fr-FR\",\"@id\":\"https:\/\/www.mdi4x4.it\/fr\/#\/schema\/logo\/image\/\",\"url\":\"https:\/\/www.mdi4x4.it\/wp-content\/uploads\/2021\/03\/Logo-MDI-ridotto.png\",\"contentUrl\":\"https:\/\/www.mdi4x4.it\/wp-content\/uploads\/2021\/03\/Logo-MDI-ridotto.png\",\"width\":299,\"height\":200,\"caption\":\"MDI 4x4\"},\"image\":{\"@id\":\"https:\/\/www.mdi4x4.it\/fr\/#\/schema\/logo\/image\/\"}}]}<\/script>\n<!-- \/ Yoast SEO plugin. -->","yoast_head_json":{"title":"Toyota 90 3 mm pare-chocs arri\u00e8re pr\u00e9par\u00e9 pour les feux d'origine - MDI 4x4","description":"Il est fix\u00e9 au ch\u00e2ssis de la machine au moyen d'\u00e9triers. Des supports adapt\u00e9s \u00e0 la lev\u00e9e de la carrosserie peuvent \u00eatre fournis sur demande.","robots":{"index":"index","follow":"follow","max-snippet":"max-snippet:-1","max-image-preview":"max-image-preview:large","max-video-preview":"max-video-preview:-1"},"canonical":"https:\/\/www.mdi4x4.it\/fr\/prodotto\/toyota-90-3-mm-pare-chocs-arriere-prepare-pour-les-feux-d-origine\/","og_locale":"fr_FR","og_type":"article","og_title":"Toyota 90 3 mm pare-chocs arri\u00e8re pr\u00e9par\u00e9 pour les feux d'origine - MDI 4x4","og_description":"Il est fix\u00e9 au ch\u00e2ssis de la machine au moyen d'\u00e9triers. Des supports adapt\u00e9s \u00e0 la lev\u00e9e de la carrosserie peuvent \u00eatre fournis sur demande.","og_url":"https:\/\/www.mdi4x4.it\/fr\/prodotto\/toyota-90-3-mm-pare-chocs-arriere-prepare-pour-les-feux-d-origine\/","og_site_name":"MDI 4x4","article_modified_time":"2023-10-08T16:36:35+00:00","og_image":[{"width":600,"height":600,"url":"https:\/\/www.mdi4x4.it\/wp-content\/uploads\/2022\/12\/MDI-Immagini-scalate-da-caricare-sul-sito-nuovo-1.jpg","type":"image\/jpeg"}],"schema":{"@context":"https:\/\/schema.org","@graph":[{"@type":"WebPage","@id":"https:\/\/www.mdi4x4.it\/fr\/prodotto\/toyota-90-3-mm-pare-chocs-arriere-prepare-pour-les-feux-d-origine\/","url":"https:\/\/www.mdi4x4.it\/fr\/prodotto\/toyota-90-3-mm-pare-chocs-arriere-prepare-pour-les-feux-d-origine\/","name":"Toyota 90 3 mm pare-chocs arri\u00e8re pr\u00e9par\u00e9 pour les feux d'origine - MDI 4x4","isPartOf":{"@id":"https:\/\/www.mdi4x4.it\/fr\/#website"},"datePublished":"2022-08-24T15:17:35+00:00","dateModified":"2023-10-08T16:36:35+00:00","description":"Il est fix\u00e9 au ch\u00e2ssis de la machine au moyen d'\u00e9triers. Des supports adapt\u00e9s \u00e0 la lev\u00e9e de la carrosserie peuvent \u00eatre fournis sur demande.","breadcrumb":{"@id":"https:\/\/www.mdi4x4.it\/fr\/prodotto\/toyota-90-3-mm-pare-chocs-arriere-prepare-pour-les-feux-d-origine\/#breadcrumb"},"inLanguage":"fr-FR","potentialAction":[{"@type":"ReadAction","target":["https:\/\/www.mdi4x4.it\/fr\/prodotto\/toyota-90-3-mm-pare-chocs-arriere-prepare-pour-les-feux-d-origine\/"]}]},{"@type":"BreadcrumbList","@id":"https:\/\/www.mdi4x4.it\/fr\/prodotto\/toyota-90-3-mm-pare-chocs-arriere-prepare-pour-les-feux-d-origine\/#breadcrumb","itemListElement":[{"@type":"ListItem","position":1,"name":"Home","item":"https:\/\/www.mdi4x4.it\/fr\/"},{"@type":"ListItem","position":2,"name":"Boutique","item":"https:\/\/www.mdi4x4.it\/fr\/shop\/"},{"@type":"ListItem","position":3,"name":"Toyota 90 3 mm pare-chocs arri\u00e8re pr\u00e9par\u00e9 pour les feux d&#8217;origine"}]},{"@type":"WebSite","@id":"https:\/\/www.mdi4x4.it\/fr\/#website","url":"https:\/\/www.mdi4x4.it\/fr\/","name":"MDI 4x4","description":"Accessori su misura Land Rover || Toyota","publisher":{"@id":"https:\/\/www.mdi4x4.it\/fr\/#organization"},"potentialAction":[{"@type":"SearchAction","target":{"@type":"EntryPoint","urlTemplate":"https:\/\/www.mdi4x4.it\/fr\/?s={search_term_string}"},"query-input":"required name=search_term_string"}],"inLanguage":"fr-FR"},{"@type":"Organization","@id":"https:\/\/www.mdi4x4.it\/fr\/#organization","name":"MDI 4x4","url":"https:\/\/www.mdi4x4.it\/fr\/","logo":{"@type":"ImageObject","inLanguage":"fr-FR","@id":"https:\/\/www.mdi4x4.it\/fr\/#\/schema\/logo\/image\/","url":"https:\/\/www.mdi4x4.it\/wp-content\/uploads\/2021\/03\/Logo-MDI-ridotto.png","contentUrl":"https:\/\/www.mdi4x4.it\/wp-content\/uploads\/2021\/03\/Logo-MDI-ridotto.png","width":299,"height":200,"caption":"MDI 4x4"},"image":{"@id":"https:\/\/www.mdi4x4.it\/fr\/#\/schema\/logo\/image\/"}}]}},"_links":{"self":[{"href":"https:\/\/www.mdi4x4.it\/fr\/wp-json\/wp\/v2\/product\/3459"}],"collection":[{"href":"https:\/\/www.mdi4x4.it\/fr\/wp-json\/wp\/v2\/product"}],"about":[{"href":"https:\/\/www.mdi4x4.it\/fr\/wp-json\/wp\/v2\/types\/product"}],"wp:featuredmedia":[{"embeddable":true,"href":"https:\/\/www.mdi4x4.it\/fr\/wp-json\/wp\/v2\/media\/4925"}],"wp:attachment":[{"href":"https:\/\/www.mdi4x4.it\/fr\/wp-json\/wp\/v2\/media?parent=3459"}],"wp:term":[{"taxonomy":"product_cat","embeddable":true,"href":"https:\/\/www.mdi4x4.it\/fr\/wp-json\/wp\/v2\/product_cat?post=3459"},{"taxonomy":"product_tag","embeddable":true,"href":"https:\/\/www.mdi4x4.it\/fr\/wp-json\/wp\/v2\/product_tag?post=3459"}],"curies":[{"name":"wp","href":"https:\/\/api.w.org\/{rel}","templated":true}]}}