{"id":3449,"date":"2022-08-24T16:38:04","date_gmt":"2022-08-24T14:38:04","guid":{"rendered":"https:\/\/www.mdi4x4.it\/product\/console-centrale-pour-les-commandes-de-vitres-conduite-a-droite\/"},"modified":"2022-12-07T14:28:33","modified_gmt":"2022-12-07T13:28:33","slug":"console-centrale-pour-les-commandes-de-vitres-conduite-a-droite","status":"publish","type":"product","link":"https:\/\/www.mdi4x4.it\/fr\/prodotto\/console-centrale-pour-les-commandes-de-vitres-conduite-a-droite\/","title":{"rendered":"Console centrale pour les commandes de vitres Conduite \u00e0 droite"},"content":{"rendered":"<p><span data-sheets-value=\"{\" data-sheets-userformat=\"{\">Fabriqu\u00e9 en aluminium de calibre 3, il est peint en noir gaufr\u00e9 et pr\u00e9par\u00e9 pour l&#8217;insertion des 5 boutons de l\u00e8ve-vitre Discovery d&#8217;origine.<\/span><\/p>\n<p>Pr\u00e9par\u00e9 avec 2 trous pour des boutons suppl\u00e9mentaires.<\/p>\n<p>La console est fix\u00e9e au tunnel central au moyen de vis autotaraudeuses, le couvercle du frein \u00e0 main est fix\u00e9 au moyen d&#8217;une contre-plaque en aluminium de 3 mm, la partie inf\u00e9rieure du couvercle reste libre pour faciliter l&#8217;insertion du frein \u00e0 main.<\/p>\n","protected":false},"excerpt":{"rendered":"<p><span data-sheets-value=\"{\" data-sheets-userformat=\"{\">Fabriqu\u00e9 en aluminium de calibre 3, il est peint en noir gaufr\u00e9 et pr\u00e9par\u00e9 pour l&#8217;insertion des 5 boutons de l\u00e8ve-vitre Discovery d&#8217;origine.<\/span><\/p>\n<p>Pr\u00e9par\u00e9 avec 2 trous pour des boutons suppl\u00e9mentaires.<\/p>\n<p>La console est fix\u00e9e au tunnel central au moyen de vis autotaraudeuses, le couvercle du frein \u00e0 main est fix\u00e9 au moyen d&#8217;une contre-plaque en aluminium de 3 mm, la partie inf\u00e9rieure du couvercle reste libre pour faciliter l&#8217;insertion du frein \u00e0 main.<\/p>\n","protected":false},"featured_media":3171,"template":"","meta":{"_eb_attr":""},"product_cat":[667,668,662,663,661],"product_tag":[666],"yoast_head":"<!-- This site is optimized with the Yoast SEO plugin v22.1 - https:\/\/yoast.com\/wordpress\/plugins\/seo\/ -->\n<title>Console centrale pour les commandes de vitres Conduite \u00e0 droite - MDI 4x4<\/title>\n<meta name=\"description\" content=\"R\u00e9alis\u00e9 en aluminium de calibre 3, il est peint en noir gaufr\u00e9, pr\u00e9par\u00e9 pour l&#039;insertion des 5 boutons de l\u00e8ve-vitre d&#039;origine Discovery\" \/>\n<meta name=\"robots\" content=\"index, follow, max-snippet:-1, max-image-preview:large, max-video-preview:-1\" \/>\n<link rel=\"canonical\" href=\"https:\/\/www.mdi4x4.it\/fr\/prodotto\/console-centrale-pour-les-commandes-de-vitres-conduite-a-droite\/\" \/>\n<meta property=\"og:locale\" content=\"fr_FR\" \/>\n<meta property=\"og:type\" content=\"article\" \/>\n<meta property=\"og:title\" content=\"Console centrale pour les commandes de vitres Conduite \u00e0 droite - MDI 4x4\" \/>\n<meta property=\"og:description\" content=\"R\u00e9alis\u00e9 en aluminium de calibre 3, il est peint en noir gaufr\u00e9, pr\u00e9par\u00e9 pour l&#039;insertion des 5 boutons de l\u00e8ve-vitre d&#039;origine Discovery\" \/>\n<meta property=\"og:url\" content=\"https:\/\/www.mdi4x4.it\/fr\/prodotto\/console-centrale-pour-les-commandes-de-vitres-conduite-a-droite\/\" \/>\n<meta property=\"og:site_name\" content=\"MDI 4x4\" \/>\n<meta property=\"article:modified_time\" content=\"2022-12-07T13:28:33+00:00\" \/>\n<meta property=\"og:image\" content=\"https:\/\/www.mdi4x4.it\/wp-content\/uploads\/2022\/08\/Consolle-centrale-per-comandi-finestrini-guida-a-destra.jpg\" \/>\n\t<meta property=\"og:image:width\" content=\"600\" \/>\n\t<meta property=\"og:image:height\" content=\"600\" \/>\n\t<meta property=\"og:image:type\" content=\"image\/jpeg\" \/>\n<script type=\"application\/ld+json\" class=\"yoast-schema-graph\">{\"@context\":\"https:\/\/schema.org\",\"@graph\":[{\"@type\":\"WebPage\",\"@id\":\"https:\/\/www.mdi4x4.it\/fr\/prodotto\/console-centrale-pour-les-commandes-de-vitres-conduite-a-droite\/\",\"url\":\"https:\/\/www.mdi4x4.it\/fr\/prodotto\/console-centrale-pour-les-commandes-de-vitres-conduite-a-droite\/\",\"name\":\"Console centrale pour les commandes de vitres Conduite \u00e0 droite - MDI 4x4\",\"isPartOf\":{\"@id\":\"https:\/\/www.mdi4x4.it\/fr\/#website\"},\"datePublished\":\"2022-08-24T14:38:04+00:00\",\"dateModified\":\"2022-12-07T13:28:33+00:00\",\"description\":\"R\u00e9alis\u00e9 en aluminium de calibre 3, il est peint en noir gaufr\u00e9, pr\u00e9par\u00e9 pour l'insertion des 5 boutons de l\u00e8ve-vitre d'origine Discovery\",\"breadcrumb\":{\"@id\":\"https:\/\/www.mdi4x4.it\/fr\/prodotto\/console-centrale-pour-les-commandes-de-vitres-conduite-a-droite\/#breadcrumb\"},\"inLanguage\":\"fr-FR\",\"potentialAction\":[{\"@type\":\"ReadAction\",\"target\":[\"https:\/\/www.mdi4x4.it\/fr\/prodotto\/console-centrale-pour-les-commandes-de-vitres-conduite-a-droite\/\"]}]},{\"@type\":\"BreadcrumbList\",\"@id\":\"https:\/\/www.mdi4x4.it\/fr\/prodotto\/console-centrale-pour-les-commandes-de-vitres-conduite-a-droite\/#breadcrumb\",\"itemListElement\":[{\"@type\":\"ListItem\",\"position\":1,\"name\":\"Home\",\"item\":\"https:\/\/www.mdi4x4.it\/fr\/\"},{\"@type\":\"ListItem\",\"position\":2,\"name\":\"Boutique\",\"item\":\"https:\/\/www.mdi4x4.it\/fr\/shop\/\"},{\"@type\":\"ListItem\",\"position\":3,\"name\":\"Console centrale pour les commandes de vitres Conduite \u00e0 droite\"}]},{\"@type\":\"WebSite\",\"@id\":\"https:\/\/www.mdi4x4.it\/fr\/#website\",\"url\":\"https:\/\/www.mdi4x4.it\/fr\/\",\"name\":\"MDI 4x4\",\"description\":\"Accessori su misura Land Rover || Toyota\",\"publisher\":{\"@id\":\"https:\/\/www.mdi4x4.it\/fr\/#organization\"},\"potentialAction\":[{\"@type\":\"SearchAction\",\"target\":{\"@type\":\"EntryPoint\",\"urlTemplate\":\"https:\/\/www.mdi4x4.it\/fr\/?s={search_term_string}\"},\"query-input\":\"required name=search_term_string\"}],\"inLanguage\":\"fr-FR\"},{\"@type\":\"Organization\",\"@id\":\"https:\/\/www.mdi4x4.it\/fr\/#organization\",\"name\":\"MDI 4x4\",\"url\":\"https:\/\/www.mdi4x4.it\/fr\/\",\"logo\":{\"@type\":\"ImageObject\",\"inLanguage\":\"fr-FR\",\"@id\":\"https:\/\/www.mdi4x4.it\/fr\/#\/schema\/logo\/image\/\",\"url\":\"https:\/\/www.mdi4x4.it\/wp-content\/uploads\/2021\/03\/Logo-MDI-ridotto.png\",\"contentUrl\":\"https:\/\/www.mdi4x4.it\/wp-content\/uploads\/2021\/03\/Logo-MDI-ridotto.png\",\"width\":299,\"height\":200,\"caption\":\"MDI 4x4\"},\"image\":{\"@id\":\"https:\/\/www.mdi4x4.it\/fr\/#\/schema\/logo\/image\/\"}}]}<\/script>\n<!-- \/ Yoast SEO plugin. -->","yoast_head_json":{"title":"Console centrale pour les commandes de vitres Conduite \u00e0 droite - MDI 4x4","description":"R\u00e9alis\u00e9 en aluminium de calibre 3, il est peint en noir gaufr\u00e9, pr\u00e9par\u00e9 pour l'insertion des 5 boutons de l\u00e8ve-vitre d'origine Discovery","robots":{"index":"index","follow":"follow","max-snippet":"max-snippet:-1","max-image-preview":"max-image-preview:large","max-video-preview":"max-video-preview:-1"},"canonical":"https:\/\/www.mdi4x4.it\/fr\/prodotto\/console-centrale-pour-les-commandes-de-vitres-conduite-a-droite\/","og_locale":"fr_FR","og_type":"article","og_title":"Console centrale pour les commandes de vitres Conduite \u00e0 droite - MDI 4x4","og_description":"R\u00e9alis\u00e9 en aluminium de calibre 3, il est peint en noir gaufr\u00e9, pr\u00e9par\u00e9 pour l'insertion des 5 boutons de l\u00e8ve-vitre d'origine Discovery","og_url":"https:\/\/www.mdi4x4.it\/fr\/prodotto\/console-centrale-pour-les-commandes-de-vitres-conduite-a-droite\/","og_site_name":"MDI 4x4","article_modified_time":"2022-12-07T13:28:33+00:00","og_image":[{"width":600,"height":600,"url":"https:\/\/www.mdi4x4.it\/wp-content\/uploads\/2022\/08\/Consolle-centrale-per-comandi-finestrini-guida-a-destra.jpg","type":"image\/jpeg"}],"schema":{"@context":"https:\/\/schema.org","@graph":[{"@type":"WebPage","@id":"https:\/\/www.mdi4x4.it\/fr\/prodotto\/console-centrale-pour-les-commandes-de-vitres-conduite-a-droite\/","url":"https:\/\/www.mdi4x4.it\/fr\/prodotto\/console-centrale-pour-les-commandes-de-vitres-conduite-a-droite\/","name":"Console centrale pour les commandes de vitres Conduite \u00e0 droite - MDI 4x4","isPartOf":{"@id":"https:\/\/www.mdi4x4.it\/fr\/#website"},"datePublished":"2022-08-24T14:38:04+00:00","dateModified":"2022-12-07T13:28:33+00:00","description":"R\u00e9alis\u00e9 en aluminium de calibre 3, il est peint en noir gaufr\u00e9, pr\u00e9par\u00e9 pour l'insertion des 5 boutons de l\u00e8ve-vitre d'origine Discovery","breadcrumb":{"@id":"https:\/\/www.mdi4x4.it\/fr\/prodotto\/console-centrale-pour-les-commandes-de-vitres-conduite-a-droite\/#breadcrumb"},"inLanguage":"fr-FR","potentialAction":[{"@type":"ReadAction","target":["https:\/\/www.mdi4x4.it\/fr\/prodotto\/console-centrale-pour-les-commandes-de-vitres-conduite-a-droite\/"]}]},{"@type":"BreadcrumbList","@id":"https:\/\/www.mdi4x4.it\/fr\/prodotto\/console-centrale-pour-les-commandes-de-vitres-conduite-a-droite\/#breadcrumb","itemListElement":[{"@type":"ListItem","position":1,"name":"Home","item":"https:\/\/www.mdi4x4.it\/fr\/"},{"@type":"ListItem","position":2,"name":"Boutique","item":"https:\/\/www.mdi4x4.it\/fr\/shop\/"},{"@type":"ListItem","position":3,"name":"Console centrale pour les commandes de vitres Conduite \u00e0 droite"}]},{"@type":"WebSite","@id":"https:\/\/www.mdi4x4.it\/fr\/#website","url":"https:\/\/www.mdi4x4.it\/fr\/","name":"MDI 4x4","description":"Accessori su misura Land Rover || Toyota","publisher":{"@id":"https:\/\/www.mdi4x4.it\/fr\/#organization"},"potentialAction":[{"@type":"SearchAction","target":{"@type":"EntryPoint","urlTemplate":"https:\/\/www.mdi4x4.it\/fr\/?s={search_term_string}"},"query-input":"required name=search_term_string"}],"inLanguage":"fr-FR"},{"@type":"Organization","@id":"https:\/\/www.mdi4x4.it\/fr\/#organization","name":"MDI 4x4","url":"https:\/\/www.mdi4x4.it\/fr\/","logo":{"@type":"ImageObject","inLanguage":"fr-FR","@id":"https:\/\/www.mdi4x4.it\/fr\/#\/schema\/logo\/image\/","url":"https:\/\/www.mdi4x4.it\/wp-content\/uploads\/2021\/03\/Logo-MDI-ridotto.png","contentUrl":"https:\/\/www.mdi4x4.it\/wp-content\/uploads\/2021\/03\/Logo-MDI-ridotto.png","width":299,"height":200,"caption":"MDI 4x4"},"image":{"@id":"https:\/\/www.mdi4x4.it\/fr\/#\/schema\/logo\/image\/"}}]}},"_links":{"self":[{"href":"https:\/\/www.mdi4x4.it\/fr\/wp-json\/wp\/v2\/product\/3449"}],"collection":[{"href":"https:\/\/www.mdi4x4.it\/fr\/wp-json\/wp\/v2\/product"}],"about":[{"href":"https:\/\/www.mdi4x4.it\/fr\/wp-json\/wp\/v2\/types\/product"}],"wp:featuredmedia":[{"embeddable":true,"href":"https:\/\/www.mdi4x4.it\/fr\/wp-json\/wp\/v2\/media\/3171"}],"wp:attachment":[{"href":"https:\/\/www.mdi4x4.it\/fr\/wp-json\/wp\/v2\/media?parent=3449"}],"wp:term":[{"taxonomy":"product_cat","embeddable":true,"href":"https:\/\/www.mdi4x4.it\/fr\/wp-json\/wp\/v2\/product_cat?post=3449"},{"taxonomy":"product_tag","embeddable":true,"href":"https:\/\/www.mdi4x4.it\/fr\/wp-json\/wp\/v2\/product_tag?post=3449"}],"curies":[{"name":"wp","href":"https:\/\/api.w.org\/{rel}","templated":true}]}}