{"id":3447,"date":"2022-08-24T16:52:23","date_gmt":"2022-08-24T14:52:23","guid":{"rendered":"https:\/\/www.mdi4x4.it\/product\/panneau-en-aluminium-pour-la-lunette-arriere-discovery-1-2\/"},"modified":"2022-12-07T13:01:05","modified_gmt":"2022-12-07T12:01:05","slug":"panneau-en-aluminium-pour-la-lunette-arriere-discovery-1-2","status":"publish","type":"product","link":"https:\/\/www.mdi4x4.it\/fr\/prodotto\/panneau-en-aluminium-pour-la-lunette-arriere-discovery-1-2\/","title":{"rendered":"Panneau en aluminium pour la lunette arri\u00e8re Discovery 1-2"},"content":{"rendered":"<p><span data-sheets-value=\"{\" data-sheets-userformat=\"{\">R\u00e9alis\u00e9 en aluminium de 4 mm, il se fixe en abaissant la fen\u00eatre en ins\u00e9rant le panneau dans le verre et en la relevant, ce qui permet au panneau de rester fixe.<\/span><\/p>\n<p>Le panneau peut \u00eatre fourni avec 2 trous ou lisse sans aucun trou.<\/p>\n<p>Sur demande, le panneau peut \u00eatre personnalis\u00e9 avec des trous selon votre demande. Le co\u00fbt de ce traitement est de 20 euros.<\/p>\n<p>LES BUSES ET LES LOQUETS NE SONT PAS INCLUS.<\/p>\n<p>LES SERRURES DE S\u00c9CURIT\u00c9 SE TROUVENT DANS LES ACCESSOIRES COURANTS<\/p>\n","protected":false},"excerpt":{"rendered":"<p><span data-sheets-value=\"{\" data-sheets-userformat=\"{\">R\u00e9alis\u00e9 en aluminium de 4 mm, il se fixe en abaissant la fen\u00eatre en ins\u00e9rant le panneau dans le verre et en la relevant, ce qui permet au panneau de rester fixe.<\/span><\/p>\n<p>Le panneau peut \u00eatre fourni avec 2 trous ou lisse sans aucun trou.<\/p>\n<p>Sur demande, le panneau peut \u00eatre personnalis\u00e9 avec des trous selon votre demande. Le co\u00fbt de ce traitement est de 20 euros.<\/p>\n<p>LES BUSES ET LES LOQUETS NE SONT PAS INCLUS.<\/p>\n<p>LES SERRURES DE S\u00c9CURIT\u00c9 SE TROUVENT DANS LES ACCESSOIRES COURANTS<\/p>\n","protected":false},"featured_media":3185,"template":"","meta":{"_eb_attr":""},"product_cat":[664,665,662,663,661],"product_tag":[660],"yoast_head":"<!-- This site is optimized with the Yoast SEO plugin v22.1 - https:\/\/yoast.com\/wordpress\/plugins\/seo\/ -->\n<title>Panneau en aluminium pour la lunette arri\u00e8re Discovery 1-2 - MDI 4x4<\/title>\n<meta name=\"description\" content=\"Fabriqu\u00e9 en aluminium de 4 mm, il se fixe en abaissant la fen\u00eatre en ins\u00e9rant le panneau dans la vitre et en la relevant, ce qui permet au panneau de rester fix\u00e9\" \/>\n<meta name=\"robots\" content=\"index, follow, max-snippet:-1, max-image-preview:large, max-video-preview:-1\" \/>\n<link rel=\"canonical\" href=\"https:\/\/www.mdi4x4.it\/fr\/prodotto\/panneau-en-aluminium-pour-la-lunette-arriere-discovery-1-2\/\" \/>\n<meta property=\"og:locale\" content=\"fr_FR\" \/>\n<meta property=\"og:type\" content=\"article\" \/>\n<meta property=\"og:title\" content=\"Panneau en aluminium pour la lunette arri\u00e8re Discovery 1-2 - MDI 4x4\" \/>\n<meta property=\"og:description\" content=\"Fabriqu\u00e9 en aluminium de 4 mm, il se fixe en abaissant la fen\u00eatre en ins\u00e9rant le panneau dans la vitre et en la relevant, ce qui permet au panneau de rester fix\u00e9\" \/>\n<meta property=\"og:url\" content=\"https:\/\/www.mdi4x4.it\/fr\/prodotto\/panneau-en-aluminium-pour-la-lunette-arriere-discovery-1-2\/\" \/>\n<meta property=\"og:site_name\" content=\"MDI 4x4\" \/>\n<meta property=\"article:modified_time\" content=\"2022-12-07T12:01:05+00:00\" \/>\n<meta property=\"og:image\" content=\"https:\/\/www.mdi4x4.it\/wp-content\/uploads\/2022\/08\/Pannello-in-alluminio-per-finestrino-posteriore-Discovery-1-2.jpg\" \/>\n\t<meta property=\"og:image:width\" content=\"600\" \/>\n\t<meta property=\"og:image:height\" content=\"600\" \/>\n\t<meta property=\"og:image:type\" content=\"image\/jpeg\" \/>\n<script type=\"application\/ld+json\" class=\"yoast-schema-graph\">{\"@context\":\"https:\/\/schema.org\",\"@graph\":[{\"@type\":\"WebPage\",\"@id\":\"https:\/\/www.mdi4x4.it\/fr\/prodotto\/panneau-en-aluminium-pour-la-lunette-arriere-discovery-1-2\/\",\"url\":\"https:\/\/www.mdi4x4.it\/fr\/prodotto\/panneau-en-aluminium-pour-la-lunette-arriere-discovery-1-2\/\",\"name\":\"Panneau en aluminium pour la lunette arri\u00e8re Discovery 1-2 - MDI 4x4\",\"isPartOf\":{\"@id\":\"https:\/\/www.mdi4x4.it\/fr\/#website\"},\"datePublished\":\"2022-08-24T14:52:23+00:00\",\"dateModified\":\"2022-12-07T12:01:05+00:00\",\"description\":\"Fabriqu\u00e9 en aluminium de 4 mm, il se fixe en abaissant la fen\u00eatre en ins\u00e9rant le panneau dans la vitre et en la relevant, ce qui permet au panneau de rester fix\u00e9\",\"breadcrumb\":{\"@id\":\"https:\/\/www.mdi4x4.it\/fr\/prodotto\/panneau-en-aluminium-pour-la-lunette-arriere-discovery-1-2\/#breadcrumb\"},\"inLanguage\":\"fr-FR\",\"potentialAction\":[{\"@type\":\"ReadAction\",\"target\":[\"https:\/\/www.mdi4x4.it\/fr\/prodotto\/panneau-en-aluminium-pour-la-lunette-arriere-discovery-1-2\/\"]}]},{\"@type\":\"BreadcrumbList\",\"@id\":\"https:\/\/www.mdi4x4.it\/fr\/prodotto\/panneau-en-aluminium-pour-la-lunette-arriere-discovery-1-2\/#breadcrumb\",\"itemListElement\":[{\"@type\":\"ListItem\",\"position\":1,\"name\":\"Home\",\"item\":\"https:\/\/www.mdi4x4.it\/fr\/\"},{\"@type\":\"ListItem\",\"position\":2,\"name\":\"Boutique\",\"item\":\"https:\/\/www.mdi4x4.it\/fr\/shop\/\"},{\"@type\":\"ListItem\",\"position\":3,\"name\":\"Panneau en aluminium pour la lunette arri\u00e8re Discovery 1-2\"}]},{\"@type\":\"WebSite\",\"@id\":\"https:\/\/www.mdi4x4.it\/fr\/#website\",\"url\":\"https:\/\/www.mdi4x4.it\/fr\/\",\"name\":\"MDI 4x4\",\"description\":\"Accessori su misura Land Rover || Toyota\",\"publisher\":{\"@id\":\"https:\/\/www.mdi4x4.it\/fr\/#organization\"},\"potentialAction\":[{\"@type\":\"SearchAction\",\"target\":{\"@type\":\"EntryPoint\",\"urlTemplate\":\"https:\/\/www.mdi4x4.it\/fr\/?s={search_term_string}\"},\"query-input\":\"required name=search_term_string\"}],\"inLanguage\":\"fr-FR\"},{\"@type\":\"Organization\",\"@id\":\"https:\/\/www.mdi4x4.it\/fr\/#organization\",\"name\":\"MDI 4x4\",\"url\":\"https:\/\/www.mdi4x4.it\/fr\/\",\"logo\":{\"@type\":\"ImageObject\",\"inLanguage\":\"fr-FR\",\"@id\":\"https:\/\/www.mdi4x4.it\/fr\/#\/schema\/logo\/image\/\",\"url\":\"https:\/\/www.mdi4x4.it\/wp-content\/uploads\/2021\/03\/Logo-MDI-ridotto.png\",\"contentUrl\":\"https:\/\/www.mdi4x4.it\/wp-content\/uploads\/2021\/03\/Logo-MDI-ridotto.png\",\"width\":299,\"height\":200,\"caption\":\"MDI 4x4\"},\"image\":{\"@id\":\"https:\/\/www.mdi4x4.it\/fr\/#\/schema\/logo\/image\/\"}}]}<\/script>\n<!-- \/ Yoast SEO plugin. -->","yoast_head_json":{"title":"Panneau en aluminium pour la lunette arri\u00e8re Discovery 1-2 - MDI 4x4","description":"Fabriqu\u00e9 en aluminium de 4 mm, il se fixe en abaissant la fen\u00eatre en ins\u00e9rant le panneau dans la vitre et en la relevant, ce qui permet au panneau de rester fix\u00e9","robots":{"index":"index","follow":"follow","max-snippet":"max-snippet:-1","max-image-preview":"max-image-preview:large","max-video-preview":"max-video-preview:-1"},"canonical":"https:\/\/www.mdi4x4.it\/fr\/prodotto\/panneau-en-aluminium-pour-la-lunette-arriere-discovery-1-2\/","og_locale":"fr_FR","og_type":"article","og_title":"Panneau en aluminium pour la lunette arri\u00e8re Discovery 1-2 - MDI 4x4","og_description":"Fabriqu\u00e9 en aluminium de 4 mm, il se fixe en abaissant la fen\u00eatre en ins\u00e9rant le panneau dans la vitre et en la relevant, ce qui permet au panneau de rester fix\u00e9","og_url":"https:\/\/www.mdi4x4.it\/fr\/prodotto\/panneau-en-aluminium-pour-la-lunette-arriere-discovery-1-2\/","og_site_name":"MDI 4x4","article_modified_time":"2022-12-07T12:01:05+00:00","og_image":[{"width":600,"height":600,"url":"https:\/\/www.mdi4x4.it\/wp-content\/uploads\/2022\/08\/Pannello-in-alluminio-per-finestrino-posteriore-Discovery-1-2.jpg","type":"image\/jpeg"}],"schema":{"@context":"https:\/\/schema.org","@graph":[{"@type":"WebPage","@id":"https:\/\/www.mdi4x4.it\/fr\/prodotto\/panneau-en-aluminium-pour-la-lunette-arriere-discovery-1-2\/","url":"https:\/\/www.mdi4x4.it\/fr\/prodotto\/panneau-en-aluminium-pour-la-lunette-arriere-discovery-1-2\/","name":"Panneau en aluminium pour la lunette arri\u00e8re Discovery 1-2 - MDI 4x4","isPartOf":{"@id":"https:\/\/www.mdi4x4.it\/fr\/#website"},"datePublished":"2022-08-24T14:52:23+00:00","dateModified":"2022-12-07T12:01:05+00:00","description":"Fabriqu\u00e9 en aluminium de 4 mm, il se fixe en abaissant la fen\u00eatre en ins\u00e9rant le panneau dans la vitre et en la relevant, ce qui permet au panneau de rester fix\u00e9","breadcrumb":{"@id":"https:\/\/www.mdi4x4.it\/fr\/prodotto\/panneau-en-aluminium-pour-la-lunette-arriere-discovery-1-2\/#breadcrumb"},"inLanguage":"fr-FR","potentialAction":[{"@type":"ReadAction","target":["https:\/\/www.mdi4x4.it\/fr\/prodotto\/panneau-en-aluminium-pour-la-lunette-arriere-discovery-1-2\/"]}]},{"@type":"BreadcrumbList","@id":"https:\/\/www.mdi4x4.it\/fr\/prodotto\/panneau-en-aluminium-pour-la-lunette-arriere-discovery-1-2\/#breadcrumb","itemListElement":[{"@type":"ListItem","position":1,"name":"Home","item":"https:\/\/www.mdi4x4.it\/fr\/"},{"@type":"ListItem","position":2,"name":"Boutique","item":"https:\/\/www.mdi4x4.it\/fr\/shop\/"},{"@type":"ListItem","position":3,"name":"Panneau en aluminium pour la lunette arri\u00e8re Discovery 1-2"}]},{"@type":"WebSite","@id":"https:\/\/www.mdi4x4.it\/fr\/#website","url":"https:\/\/www.mdi4x4.it\/fr\/","name":"MDI 4x4","description":"Accessori su misura Land Rover || Toyota","publisher":{"@id":"https:\/\/www.mdi4x4.it\/fr\/#organization"},"potentialAction":[{"@type":"SearchAction","target":{"@type":"EntryPoint","urlTemplate":"https:\/\/www.mdi4x4.it\/fr\/?s={search_term_string}"},"query-input":"required name=search_term_string"}],"inLanguage":"fr-FR"},{"@type":"Organization","@id":"https:\/\/www.mdi4x4.it\/fr\/#organization","name":"MDI 4x4","url":"https:\/\/www.mdi4x4.it\/fr\/","logo":{"@type":"ImageObject","inLanguage":"fr-FR","@id":"https:\/\/www.mdi4x4.it\/fr\/#\/schema\/logo\/image\/","url":"https:\/\/www.mdi4x4.it\/wp-content\/uploads\/2021\/03\/Logo-MDI-ridotto.png","contentUrl":"https:\/\/www.mdi4x4.it\/wp-content\/uploads\/2021\/03\/Logo-MDI-ridotto.png","width":299,"height":200,"caption":"MDI 4x4"},"image":{"@id":"https:\/\/www.mdi4x4.it\/fr\/#\/schema\/logo\/image\/"}}]}},"_links":{"self":[{"href":"https:\/\/www.mdi4x4.it\/fr\/wp-json\/wp\/v2\/product\/3447"}],"collection":[{"href":"https:\/\/www.mdi4x4.it\/fr\/wp-json\/wp\/v2\/product"}],"about":[{"href":"https:\/\/www.mdi4x4.it\/fr\/wp-json\/wp\/v2\/types\/product"}],"wp:featuredmedia":[{"embeddable":true,"href":"https:\/\/www.mdi4x4.it\/fr\/wp-json\/wp\/v2\/media\/3185"}],"wp:attachment":[{"href":"https:\/\/www.mdi4x4.it\/fr\/wp-json\/wp\/v2\/media?parent=3447"}],"wp:term":[{"taxonomy":"product_cat","embeddable":true,"href":"https:\/\/www.mdi4x4.it\/fr\/wp-json\/wp\/v2\/product_cat?post=3447"},{"taxonomy":"product_tag","embeddable":true,"href":"https:\/\/www.mdi4x4.it\/fr\/wp-json\/wp\/v2\/product_tag?post=3447"}],"curies":[{"name":"wp","href":"https:\/\/api.w.org\/{rel}","templated":true}]}}