{"id":3442,"date":"2021-08-24T17:56:57","date_gmt":"2021-08-24T15:56:57","guid":{"rendered":"https:\/\/www.mdi4x4.it\/product\/support-vertical-pour-la-fixation-du-store-lateral\/"},"modified":"2022-12-07T15:49:34","modified_gmt":"2022-12-07T14:49:34","slug":"support-vertical-pour-la-fixation-dustore-lateral","status":"publish","type":"product","link":"https:\/\/www.mdi4x4.it\/fr\/prodotto\/support-vertical-pour-la-fixation-dustore-lateral\/","title":{"rendered":"Support vertical pour la fixation du store lat\u00e9ral"},"content":{"rendered":"<p><span data-sheets-value=\"{\" data-sheets-userformat=\"{\">R\u00e9alis\u00e9 en acier de 5 mm, il est fix\u00e9 \u00e0 la t\u00eate du profil\u00e9 en aluminium \u00e0 l&#8217;aide de vis 8 ma (non fournies).<\/span><\/p>\n","protected":false},"excerpt":{"rendered":"<p><span data-sheets-value=\"{\" data-sheets-userformat=\"{\">R\u00e9alis\u00e9 en acier de 5 mm, il est fix\u00e9 \u00e0 la t\u00eate du profil\u00e9 en aluminium \u00e0 l&#8217;aide de vis 8 ma (non fournies).<\/span><\/p>\n","protected":false},"featured_media":3217,"template":"","meta":{"_eb_attr":""},"product_cat":[649,650],"product_tag":[648],"yoast_head":"<!-- This site is optimized with the Yoast SEO plugin v22.1 - https:\/\/yoast.com\/wordpress\/plugins\/seo\/ -->\n<title>Support vertical pour la fixation du store lat\u00e9ral - MDI 4x4<\/title>\n<meta name=\"description\" content=\"R\u00e9alis\u00e9 en acier de 5 mm, il est fix\u00e9 \u00e0 la t\u00eate du profil\u00e9 en aluminium au moyen de vis de 8 mm.\" \/>\n<meta name=\"robots\" content=\"index, follow, max-snippet:-1, max-image-preview:large, max-video-preview:-1\" \/>\n<link rel=\"canonical\" href=\"https:\/\/www.mdi4x4.it\/fr\/prodotto\/support-vertical-pour-la-fixation-dustore-lateral\/\" \/>\n<meta property=\"og:locale\" content=\"fr_FR\" \/>\n<meta property=\"og:type\" content=\"article\" \/>\n<meta property=\"og:title\" content=\"Support vertical pour la fixation du store lat\u00e9ral - MDI 4x4\" \/>\n<meta property=\"og:description\" content=\"R\u00e9alis\u00e9 en acier de 5 mm, il est fix\u00e9 \u00e0 la t\u00eate du profil\u00e9 en aluminium au moyen de vis de 8 mm.\" \/>\n<meta property=\"og:url\" content=\"https:\/\/www.mdi4x4.it\/fr\/prodotto\/support-vertical-pour-la-fixation-dustore-lateral\/\" \/>\n<meta property=\"og:site_name\" content=\"MDI 4x4\" \/>\n<meta property=\"article:modified_time\" content=\"2022-12-07T14:49:34+00:00\" \/>\n<meta property=\"og:image\" content=\"https:\/\/www.mdi4x4.it\/wp-content\/uploads\/2022\/08\/Staffa-verticale-per-fissaggio-tenda-laterale.jpg\" \/>\n\t<meta property=\"og:image:width\" content=\"600\" \/>\n\t<meta property=\"og:image:height\" content=\"600\" \/>\n\t<meta property=\"og:image:type\" content=\"image\/jpeg\" \/>\n<script type=\"application\/ld+json\" class=\"yoast-schema-graph\">{\"@context\":\"https:\/\/schema.org\",\"@graph\":[{\"@type\":\"WebPage\",\"@id\":\"https:\/\/www.mdi4x4.it\/fr\/prodotto\/support-vertical-pour-la-fixation-dustore-lateral\/\",\"url\":\"https:\/\/www.mdi4x4.it\/fr\/prodotto\/support-vertical-pour-la-fixation-dustore-lateral\/\",\"name\":\"Support vertical pour la fixation du store lat\u00e9ral - MDI 4x4\",\"isPartOf\":{\"@id\":\"https:\/\/www.mdi4x4.it\/fr\/#website\"},\"datePublished\":\"2021-08-24T15:56:57+00:00\",\"dateModified\":\"2022-12-07T14:49:34+00:00\",\"description\":\"R\u00e9alis\u00e9 en acier de 5 mm, il est fix\u00e9 \u00e0 la t\u00eate du profil\u00e9 en aluminium au moyen de vis de 8 mm.\",\"breadcrumb\":{\"@id\":\"https:\/\/www.mdi4x4.it\/fr\/prodotto\/support-vertical-pour-la-fixation-dustore-lateral\/#breadcrumb\"},\"inLanguage\":\"fr-FR\",\"potentialAction\":[{\"@type\":\"ReadAction\",\"target\":[\"https:\/\/www.mdi4x4.it\/fr\/prodotto\/support-vertical-pour-la-fixation-dustore-lateral\/\"]}]},{\"@type\":\"BreadcrumbList\",\"@id\":\"https:\/\/www.mdi4x4.it\/fr\/prodotto\/support-vertical-pour-la-fixation-dustore-lateral\/#breadcrumb\",\"itemListElement\":[{\"@type\":\"ListItem\",\"position\":1,\"name\":\"Home\",\"item\":\"https:\/\/www.mdi4x4.it\/fr\/\"},{\"@type\":\"ListItem\",\"position\":2,\"name\":\"Boutique\",\"item\":\"https:\/\/www.mdi4x4.it\/fr\/shop\/\"},{\"@type\":\"ListItem\",\"position\":3,\"name\":\"Support vertical pour la fixation du store lat\u00e9ral\"}]},{\"@type\":\"WebSite\",\"@id\":\"https:\/\/www.mdi4x4.it\/fr\/#website\",\"url\":\"https:\/\/www.mdi4x4.it\/fr\/\",\"name\":\"MDI 4x4\",\"description\":\"Accessori su misura Land Rover || Toyota\",\"publisher\":{\"@id\":\"https:\/\/www.mdi4x4.it\/fr\/#organization\"},\"potentialAction\":[{\"@type\":\"SearchAction\",\"target\":{\"@type\":\"EntryPoint\",\"urlTemplate\":\"https:\/\/www.mdi4x4.it\/fr\/?s={search_term_string}\"},\"query-input\":\"required name=search_term_string\"}],\"inLanguage\":\"fr-FR\"},{\"@type\":\"Organization\",\"@id\":\"https:\/\/www.mdi4x4.it\/fr\/#organization\",\"name\":\"MDI 4x4\",\"url\":\"https:\/\/www.mdi4x4.it\/fr\/\",\"logo\":{\"@type\":\"ImageObject\",\"inLanguage\":\"fr-FR\",\"@id\":\"https:\/\/www.mdi4x4.it\/fr\/#\/schema\/logo\/image\/\",\"url\":\"https:\/\/www.mdi4x4.it\/wp-content\/uploads\/2021\/03\/Logo-MDI-ridotto.png\",\"contentUrl\":\"https:\/\/www.mdi4x4.it\/wp-content\/uploads\/2021\/03\/Logo-MDI-ridotto.png\",\"width\":299,\"height\":200,\"caption\":\"MDI 4x4\"},\"image\":{\"@id\":\"https:\/\/www.mdi4x4.it\/fr\/#\/schema\/logo\/image\/\"}}]}<\/script>\n<!-- \/ Yoast SEO plugin. -->","yoast_head_json":{"title":"Support vertical pour la fixation du store lat\u00e9ral - MDI 4x4","description":"R\u00e9alis\u00e9 en acier de 5 mm, il est fix\u00e9 \u00e0 la t\u00eate du profil\u00e9 en aluminium au moyen de vis de 8 mm.","robots":{"index":"index","follow":"follow","max-snippet":"max-snippet:-1","max-image-preview":"max-image-preview:large","max-video-preview":"max-video-preview:-1"},"canonical":"https:\/\/www.mdi4x4.it\/fr\/prodotto\/support-vertical-pour-la-fixation-dustore-lateral\/","og_locale":"fr_FR","og_type":"article","og_title":"Support vertical pour la fixation du store lat\u00e9ral - MDI 4x4","og_description":"R\u00e9alis\u00e9 en acier de 5 mm, il est fix\u00e9 \u00e0 la t\u00eate du profil\u00e9 en aluminium au moyen de vis de 8 mm.","og_url":"https:\/\/www.mdi4x4.it\/fr\/prodotto\/support-vertical-pour-la-fixation-dustore-lateral\/","og_site_name":"MDI 4x4","article_modified_time":"2022-12-07T14:49:34+00:00","og_image":[{"width":600,"height":600,"url":"https:\/\/www.mdi4x4.it\/wp-content\/uploads\/2022\/08\/Staffa-verticale-per-fissaggio-tenda-laterale.jpg","type":"image\/jpeg"}],"schema":{"@context":"https:\/\/schema.org","@graph":[{"@type":"WebPage","@id":"https:\/\/www.mdi4x4.it\/fr\/prodotto\/support-vertical-pour-la-fixation-dustore-lateral\/","url":"https:\/\/www.mdi4x4.it\/fr\/prodotto\/support-vertical-pour-la-fixation-dustore-lateral\/","name":"Support vertical pour la fixation du store lat\u00e9ral - MDI 4x4","isPartOf":{"@id":"https:\/\/www.mdi4x4.it\/fr\/#website"},"datePublished":"2021-08-24T15:56:57+00:00","dateModified":"2022-12-07T14:49:34+00:00","description":"R\u00e9alis\u00e9 en acier de 5 mm, il est fix\u00e9 \u00e0 la t\u00eate du profil\u00e9 en aluminium au moyen de vis de 8 mm.","breadcrumb":{"@id":"https:\/\/www.mdi4x4.it\/fr\/prodotto\/support-vertical-pour-la-fixation-dustore-lateral\/#breadcrumb"},"inLanguage":"fr-FR","potentialAction":[{"@type":"ReadAction","target":["https:\/\/www.mdi4x4.it\/fr\/prodotto\/support-vertical-pour-la-fixation-dustore-lateral\/"]}]},{"@type":"BreadcrumbList","@id":"https:\/\/www.mdi4x4.it\/fr\/prodotto\/support-vertical-pour-la-fixation-dustore-lateral\/#breadcrumb","itemListElement":[{"@type":"ListItem","position":1,"name":"Home","item":"https:\/\/www.mdi4x4.it\/fr\/"},{"@type":"ListItem","position":2,"name":"Boutique","item":"https:\/\/www.mdi4x4.it\/fr\/shop\/"},{"@type":"ListItem","position":3,"name":"Support vertical pour la fixation du store lat\u00e9ral"}]},{"@type":"WebSite","@id":"https:\/\/www.mdi4x4.it\/fr\/#website","url":"https:\/\/www.mdi4x4.it\/fr\/","name":"MDI 4x4","description":"Accessori su misura Land Rover || Toyota","publisher":{"@id":"https:\/\/www.mdi4x4.it\/fr\/#organization"},"potentialAction":[{"@type":"SearchAction","target":{"@type":"EntryPoint","urlTemplate":"https:\/\/www.mdi4x4.it\/fr\/?s={search_term_string}"},"query-input":"required name=search_term_string"}],"inLanguage":"fr-FR"},{"@type":"Organization","@id":"https:\/\/www.mdi4x4.it\/fr\/#organization","name":"MDI 4x4","url":"https:\/\/www.mdi4x4.it\/fr\/","logo":{"@type":"ImageObject","inLanguage":"fr-FR","@id":"https:\/\/www.mdi4x4.it\/fr\/#\/schema\/logo\/image\/","url":"https:\/\/www.mdi4x4.it\/wp-content\/uploads\/2021\/03\/Logo-MDI-ridotto.png","contentUrl":"https:\/\/www.mdi4x4.it\/wp-content\/uploads\/2021\/03\/Logo-MDI-ridotto.png","width":299,"height":200,"caption":"MDI 4x4"},"image":{"@id":"https:\/\/www.mdi4x4.it\/fr\/#\/schema\/logo\/image\/"}}]}},"_links":{"self":[{"href":"https:\/\/www.mdi4x4.it\/fr\/wp-json\/wp\/v2\/product\/3442"}],"collection":[{"href":"https:\/\/www.mdi4x4.it\/fr\/wp-json\/wp\/v2\/product"}],"about":[{"href":"https:\/\/www.mdi4x4.it\/fr\/wp-json\/wp\/v2\/types\/product"}],"wp:featuredmedia":[{"embeddable":true,"href":"https:\/\/www.mdi4x4.it\/fr\/wp-json\/wp\/v2\/media\/3217"}],"wp:attachment":[{"href":"https:\/\/www.mdi4x4.it\/fr\/wp-json\/wp\/v2\/media?parent=3442"}],"wp:term":[{"taxonomy":"product_cat","embeddable":true,"href":"https:\/\/www.mdi4x4.it\/fr\/wp-json\/wp\/v2\/product_cat?post=3442"},{"taxonomy":"product_tag","embeddable":true,"href":"https:\/\/www.mdi4x4.it\/fr\/wp-json\/wp\/v2\/product_tag?post=3442"}],"curies":[{"name":"wp","href":"https:\/\/api.w.org\/{rel}","templated":true}]}}