{"id":11231,"date":"2026-05-15T11:32:41","date_gmt":"2026-05-15T09:32:41","guid":{"rendered":"https:\/\/www.mdi4x4.it\/?post_type=product&#038;p=11231"},"modified":"2026-05-15T11:42:38","modified_gmt":"2026-05-15T09:42:38","slug":"connecteur-de-radiateur-de-moteur-land-rover-td5","status":"publish","type":"product","link":"https:\/\/www.mdi4x4.it\/fr\/prodotto\/connecteur-de-radiateur-de-moteur-land-rover-td5\/","title":{"rendered":"CONNECTEUR DE RADIATEUR DE MOTEUR LAND ROVER TD5"},"content":{"rendered":"<p>R\u00c9PAREZ LE RADIATEUR DE VOTRE LAND ROVER \u00c0 MOTEUR TD5<\/p>\n<p>\u2022 R\u00e9parez rapidement et facilement une durite de r\u00e9cup\u00e9ration de liquide de refroidissement endommag\u00e9e.<\/p>\n<p>\u2022 Coupez la durite proprement, \u00e9largissez l&#8217;orifice avec un foret de 7 mm et fixez-la avec du LOCTITE HY4070 <strong>(NON FOURNI)<\/strong>.<\/p>\n<p>\u2022 Indispensable pour les voyageurs\u00a0: cette r\u00e9paration r\u00e9sout un probl\u00e8me courant de radiateur sur les Discovery et Defender, susceptible d&#8217;appara\u00eetre avec le temps.<\/p>\n<p>Le raccord est fabriqu\u00e9 dans un mat\u00e9riau r\u00e9sistant aux hautes temp\u00e9ratures. Voyagez en toute s\u00e9r\u00e9nit\u00e9\u00a0!<\/p>\n<p>LIVRAISONS \u00c0 PARTIR DE D\u00c9BUT JUIN 2026<\/p>\n","protected":false},"excerpt":{"rendered":"<p>R\u00c9PAREZ LE RADIATEUR DE VOTRE LAND ROVER \u00c0 MOTEUR TD5<\/p>\n<p>\u2022 R\u00e9parez rapidement et facilement une durite de r\u00e9cup\u00e9ration de liquide de refroidissement endommag\u00e9e.<\/p>\n<p>\u2022 Coupez la durite proprement, \u00e9largissez l&#8217;orifice avec un foret de 7 mm et fixez-la avec du LOCTITE HY4070<strong> (NON FOURNI).<\/strong><\/p>\n<p>\u2022 Indispensable pour les voyageurs\u00a0: cette r\u00e9paration r\u00e9sout un probl\u00e8me courant de radiateur sur les Discovery et Defender, susceptible d&#8217;appara\u00eetre avec le temps.<\/p>\n<p>Le raccord est fabriqu\u00e9 dans un mat\u00e9riau r\u00e9sistant aux hautes temp\u00e9ratures. Voyagez en toute s\u00e9r\u00e9nit\u00e9\u00a0!<\/p>\n<p>LIVRAISONS \u00c0 PARTIR DE D\u00c9BUT JUIN 2026<\/p>\n","protected":false},"featured_media":11218,"template":"","meta":{"_eb_attr":""},"product_cat":[665,676,675,663,661],"product_tag":[],"yoast_head":"<!-- This site is optimized with the Yoast SEO plugin v22.1 - https:\/\/yoast.com\/wordpress\/plugins\/seo\/ -->\n<title>CONNECTEUR DE RADIATEUR DE MOTEUR LAND ROVER TD5 - MDI 4x4<\/title>\n<meta name=\"robots\" content=\"index, follow, max-snippet:-1, max-image-preview:large, max-video-preview:-1\" \/>\n<link rel=\"canonical\" href=\"https:\/\/www.mdi4x4.it\/fr\/prodotto\/connecteur-de-radiateur-de-moteur-land-rover-td5\/\" \/>\n<meta property=\"og:locale\" content=\"fr_FR\" \/>\n<meta property=\"og:type\" content=\"article\" \/>\n<meta property=\"og:title\" content=\"CONNECTEUR DE RADIATEUR DE MOTEUR LAND ROVER TD5 - MDI 4x4\" \/>\n<meta property=\"og:description\" content=\"R\u00c9PAREZ LE RADIATEUR DE VOTRE LAND ROVER \u00c0 MOTEUR TD5  \u2022 R\u00e9parez rapidement et facilement une durite de r\u00e9cup\u00e9ration de liquide de refroidissement endommag\u00e9e.  \u2022 Coupez la durite proprement, \u00e9largissez l&#039;orifice avec un foret de 7 mm et fixez-la avec du LOCTITE HY4070 (NON FOURNI).  \u2022 Indispensable pour les voyageurs\u00a0: cette r\u00e9paration r\u00e9sout un probl\u00e8me courant de radiateur sur les Discovery et Defender, susceptible d&#039;appara\u00eetre avec le temps.  Le raccord est fabriqu\u00e9 dans un mat\u00e9riau r\u00e9sistant aux hautes temp\u00e9ratures. Voyagez en toute s\u00e9r\u00e9nit\u00e9\u00a0!  LIVRAISONS \u00c0 PARTIR DE D\u00c9BUT JUIN 2026\" \/>\n<meta property=\"og:url\" content=\"https:\/\/www.mdi4x4.it\/fr\/prodotto\/connecteur-de-radiateur-de-moteur-land-rover-td5\/\" \/>\n<meta property=\"og:site_name\" content=\"MDI 4x4\" \/>\n<meta property=\"article:modified_time\" content=\"2026-05-15T09:42:38+00:00\" \/>\n<meta property=\"og:image\" content=\"https:\/\/www.mdi4x4.it\/wp-content\/uploads\/2026\/05\/WhatsApp-Image-2026-05-14-at-14.31.33.jpeg\" \/>\n\t<meta property=\"og:image:width\" content=\"1500\" \/>\n\t<meta property=\"og:image:height\" content=\"2000\" \/>\n\t<meta property=\"og:image:type\" content=\"image\/jpeg\" \/>\n<script type=\"application\/ld+json\" class=\"yoast-schema-graph\">{\"@context\":\"https:\/\/schema.org\",\"@graph\":[{\"@type\":\"WebPage\",\"@id\":\"https:\/\/www.mdi4x4.it\/fr\/prodotto\/connecteur-de-radiateur-de-moteur-land-rover-td5\/\",\"url\":\"https:\/\/www.mdi4x4.it\/fr\/prodotto\/connecteur-de-radiateur-de-moteur-land-rover-td5\/\",\"name\":\"CONNECTEUR DE RADIATEUR DE MOTEUR LAND ROVER TD5 - MDI 4x4\",\"isPartOf\":{\"@id\":\"https:\/\/www.mdi4x4.it\/fr\/#website\"},\"datePublished\":\"2026-05-15T09:32:41+00:00\",\"dateModified\":\"2026-05-15T09:42:38+00:00\",\"breadcrumb\":{\"@id\":\"https:\/\/www.mdi4x4.it\/fr\/prodotto\/connecteur-de-radiateur-de-moteur-land-rover-td5\/#breadcrumb\"},\"inLanguage\":\"fr-FR\",\"potentialAction\":[{\"@type\":\"ReadAction\",\"target\":[\"https:\/\/www.mdi4x4.it\/fr\/prodotto\/connecteur-de-radiateur-de-moteur-land-rover-td5\/\"]}]},{\"@type\":\"BreadcrumbList\",\"@id\":\"https:\/\/www.mdi4x4.it\/fr\/prodotto\/connecteur-de-radiateur-de-moteur-land-rover-td5\/#breadcrumb\",\"itemListElement\":[{\"@type\":\"ListItem\",\"position\":1,\"name\":\"Home\",\"item\":\"https:\/\/www.mdi4x4.it\/fr\/\"},{\"@type\":\"ListItem\",\"position\":2,\"name\":\"Boutique\",\"item\":\"https:\/\/www.mdi4x4.it\/fr\/shop\/\"},{\"@type\":\"ListItem\",\"position\":3,\"name\":\"CONNECTEUR DE RADIATEUR DE MOTEUR LAND ROVER TD5\"}]},{\"@type\":\"WebSite\",\"@id\":\"https:\/\/www.mdi4x4.it\/fr\/#website\",\"url\":\"https:\/\/www.mdi4x4.it\/fr\/\",\"name\":\"MDI 4x4\",\"description\":\"Accessori su misura Land Rover || Toyota\",\"publisher\":{\"@id\":\"https:\/\/www.mdi4x4.it\/fr\/#organization\"},\"potentialAction\":[{\"@type\":\"SearchAction\",\"target\":{\"@type\":\"EntryPoint\",\"urlTemplate\":\"https:\/\/www.mdi4x4.it\/fr\/?s={search_term_string}\"},\"query-input\":\"required name=search_term_string\"}],\"inLanguage\":\"fr-FR\"},{\"@type\":\"Organization\",\"@id\":\"https:\/\/www.mdi4x4.it\/fr\/#organization\",\"name\":\"MDI 4x4\",\"url\":\"https:\/\/www.mdi4x4.it\/fr\/\",\"logo\":{\"@type\":\"ImageObject\",\"inLanguage\":\"fr-FR\",\"@id\":\"https:\/\/www.mdi4x4.it\/fr\/#\/schema\/logo\/image\/\",\"url\":\"https:\/\/www.mdi4x4.it\/wp-content\/uploads\/2021\/03\/Logo-MDI-ridotto.png\",\"contentUrl\":\"https:\/\/www.mdi4x4.it\/wp-content\/uploads\/2021\/03\/Logo-MDI-ridotto.png\",\"width\":299,\"height\":200,\"caption\":\"MDI 4x4\"},\"image\":{\"@id\":\"https:\/\/www.mdi4x4.it\/fr\/#\/schema\/logo\/image\/\"}}]}<\/script>\n<!-- \/ Yoast SEO plugin. -->","yoast_head_json":{"title":"CONNECTEUR DE RADIATEUR DE MOTEUR LAND ROVER TD5 - MDI 4x4","robots":{"index":"index","follow":"follow","max-snippet":"max-snippet:-1","max-image-preview":"max-image-preview:large","max-video-preview":"max-video-preview:-1"},"canonical":"https:\/\/www.mdi4x4.it\/fr\/prodotto\/connecteur-de-radiateur-de-moteur-land-rover-td5\/","og_locale":"fr_FR","og_type":"article","og_title":"CONNECTEUR DE RADIATEUR DE MOTEUR LAND ROVER TD5 - MDI 4x4","og_description":"R\u00c9PAREZ LE RADIATEUR DE VOTRE LAND ROVER \u00c0 MOTEUR TD5  \u2022 R\u00e9parez rapidement et facilement une durite de r\u00e9cup\u00e9ration de liquide de refroidissement endommag\u00e9e.  \u2022 Coupez la durite proprement, \u00e9largissez l'orifice avec un foret de 7 mm et fixez-la avec du LOCTITE HY4070 (NON FOURNI).  \u2022 Indispensable pour les voyageurs\u00a0: cette r\u00e9paration r\u00e9sout un probl\u00e8me courant de radiateur sur les Discovery et Defender, susceptible d'appara\u00eetre avec le temps.  Le raccord est fabriqu\u00e9 dans un mat\u00e9riau r\u00e9sistant aux hautes temp\u00e9ratures. Voyagez en toute s\u00e9r\u00e9nit\u00e9\u00a0!  LIVRAISONS \u00c0 PARTIR DE D\u00c9BUT JUIN 2026","og_url":"https:\/\/www.mdi4x4.it\/fr\/prodotto\/connecteur-de-radiateur-de-moteur-land-rover-td5\/","og_site_name":"MDI 4x4","article_modified_time":"2026-05-15T09:42:38+00:00","og_image":[{"width":1500,"height":2000,"url":"https:\/\/www.mdi4x4.it\/wp-content\/uploads\/2026\/05\/WhatsApp-Image-2026-05-14-at-14.31.33.jpeg","type":"image\/jpeg"}],"schema":{"@context":"https:\/\/schema.org","@graph":[{"@type":"WebPage","@id":"https:\/\/www.mdi4x4.it\/fr\/prodotto\/connecteur-de-radiateur-de-moteur-land-rover-td5\/","url":"https:\/\/www.mdi4x4.it\/fr\/prodotto\/connecteur-de-radiateur-de-moteur-land-rover-td5\/","name":"CONNECTEUR DE RADIATEUR DE MOTEUR LAND ROVER TD5 - MDI 4x4","isPartOf":{"@id":"https:\/\/www.mdi4x4.it\/fr\/#website"},"datePublished":"2026-05-15T09:32:41+00:00","dateModified":"2026-05-15T09:42:38+00:00","breadcrumb":{"@id":"https:\/\/www.mdi4x4.it\/fr\/prodotto\/connecteur-de-radiateur-de-moteur-land-rover-td5\/#breadcrumb"},"inLanguage":"fr-FR","potentialAction":[{"@type":"ReadAction","target":["https:\/\/www.mdi4x4.it\/fr\/prodotto\/connecteur-de-radiateur-de-moteur-land-rover-td5\/"]}]},{"@type":"BreadcrumbList","@id":"https:\/\/www.mdi4x4.it\/fr\/prodotto\/connecteur-de-radiateur-de-moteur-land-rover-td5\/#breadcrumb","itemListElement":[{"@type":"ListItem","position":1,"name":"Home","item":"https:\/\/www.mdi4x4.it\/fr\/"},{"@type":"ListItem","position":2,"name":"Boutique","item":"https:\/\/www.mdi4x4.it\/fr\/shop\/"},{"@type":"ListItem","position":3,"name":"CONNECTEUR DE RADIATEUR DE MOTEUR LAND ROVER TD5"}]},{"@type":"WebSite","@id":"https:\/\/www.mdi4x4.it\/fr\/#website","url":"https:\/\/www.mdi4x4.it\/fr\/","name":"MDI 4x4","description":"Accessori su misura Land Rover || Toyota","publisher":{"@id":"https:\/\/www.mdi4x4.it\/fr\/#organization"},"potentialAction":[{"@type":"SearchAction","target":{"@type":"EntryPoint","urlTemplate":"https:\/\/www.mdi4x4.it\/fr\/?s={search_term_string}"},"query-input":"required name=search_term_string"}],"inLanguage":"fr-FR"},{"@type":"Organization","@id":"https:\/\/www.mdi4x4.it\/fr\/#organization","name":"MDI 4x4","url":"https:\/\/www.mdi4x4.it\/fr\/","logo":{"@type":"ImageObject","inLanguage":"fr-FR","@id":"https:\/\/www.mdi4x4.it\/fr\/#\/schema\/logo\/image\/","url":"https:\/\/www.mdi4x4.it\/wp-content\/uploads\/2021\/03\/Logo-MDI-ridotto.png","contentUrl":"https:\/\/www.mdi4x4.it\/wp-content\/uploads\/2021\/03\/Logo-MDI-ridotto.png","width":299,"height":200,"caption":"MDI 4x4"},"image":{"@id":"https:\/\/www.mdi4x4.it\/fr\/#\/schema\/logo\/image\/"}}]}},"_links":{"self":[{"href":"https:\/\/www.mdi4x4.it\/fr\/wp-json\/wp\/v2\/product\/11231"}],"collection":[{"href":"https:\/\/www.mdi4x4.it\/fr\/wp-json\/wp\/v2\/product"}],"about":[{"href":"https:\/\/www.mdi4x4.it\/fr\/wp-json\/wp\/v2\/types\/product"}],"wp:featuredmedia":[{"embeddable":true,"href":"https:\/\/www.mdi4x4.it\/fr\/wp-json\/wp\/v2\/media\/11218"}],"wp:attachment":[{"href":"https:\/\/www.mdi4x4.it\/fr\/wp-json\/wp\/v2\/media?parent=11231"}],"wp:term":[{"taxonomy":"product_cat","embeddable":true,"href":"https:\/\/www.mdi4x4.it\/fr\/wp-json\/wp\/v2\/product_cat?post=11231"},{"taxonomy":"product_tag","embeddable":true,"href":"https:\/\/www.mdi4x4.it\/fr\/wp-json\/wp\/v2\/product_tag?post=11231"}],"curies":[{"name":"wp","href":"https:\/\/api.w.org\/{rel}","templated":true}]}}