{"id":11201,"date":"2026-05-12T18:05:19","date_gmt":"2026-05-12T16:05:19","guid":{"rendered":"https:\/\/www.mdi4x4.it\/?post_type=product&#038;p=11201"},"modified":"2026-05-13T11:44:35","modified_gmt":"2026-05-13T09:44:35","slug":"pare-chocs-avant-pour-toyota-hdj-100-avec-support-de-treuil","status":"publish","type":"product","link":"https:\/\/www.mdi4x4.it\/fr\/prodotto\/pare-chocs-avant-pour-toyota-hdj-100-avec-support-de-treuil\/","title":{"rendered":"Pare-chocs avant pour Toyota HDJ 100 avec support de treuil"},"content":{"rendered":"<p>Le pare-chocs est fabriqu\u00e9 en Italie \u00e0 partir de t\u00f4le de 4 mm d&#8217;\u00e9paisseur et peint en noir gaufr\u00e9.<\/p>\n<p>Le support du treuil est en t\u00f4le de 6 mm d&#8217;\u00e9paisseur, et les fixations du pare-chocs font 5 mm.<\/p>\n<p>Le pare-chocs est con\u00e7u pour accueillir un treuil d&#8217;une hauteur maximale de 20 cm, levier de d\u00e9verrouillage du c\u00e2ble inclus.<\/p>\n<p>Il est \u00e9quip\u00e9 de deux feux LED de 30 watts \u00e0 double fonction\u00a0: antibrouillard et feu de jour.<\/p>\n<p>Indice de protection\u00a0: IP67<\/p>\n<p>Tension d&#8217;entr\u00e9e\u00a0: 9-16\u00a0V CC<\/p>\n<p>Puissance des LED\u00a0: 30\u00a0W<\/p>\n<p>Type de lampe\u00a0: LED OSRAM<\/p>\n<p>Dur\u00e9e de vie\u00a0: plus de 50\u00a0000 heures<br \/>\nMat\u00e9riaux du r\u00e9flecteur\u00a0: PMMA + PC<\/p>\n<p>Temp\u00e9rature de couleur\u00a0: 3\u00a0000\u00a0K + 5\u00a0700\u00a0K + 12\u00a0000\u00a0K<\/p>\n<p>Poids :\u00a0 kg 47<\/p>\n<p>D\u00e9lai de livraison\u00a0: 15 \u00e0 20 jours apr\u00e8s r\u00e9ception du paiement<\/p>\n","protected":false},"excerpt":{"rendered":"<p>Le pare-chocs est fabriqu\u00e9 en Italie \u00e0 partir de t\u00f4le de 4 mm d&#8217;\u00e9paisseur et peint en noir gaufr\u00e9.<\/p>\n<p>Le support du treuil est en t\u00f4le de 6 mm d&#8217;\u00e9paisseur, et les fixations du pare-chocs font 5 mm.<\/p>\n<p>Le pare-chocs est con\u00e7u pour accueillir un treuil d&#8217;une hauteur maximale de 20 cm, levier de d\u00e9verrouillage du c\u00e2ble inclus.<\/p>\n<p>Il est \u00e9quip\u00e9 de deux feux LED de 30 watts \u00e0 double fonction\u00a0: antibrouillard et feu de jour.<\/p>\n<p>Indice de protection\u00a0: IP67<\/p>\n<p>Tension d&#8217;entr\u00e9e\u00a0: 9-16\u00a0V CC<\/p>\n<p>Puissance des LED\u00a0: 30\u00a0W<\/p>\n<p>Type de lampe\u00a0: LED OSRAM<\/p>\n<p>Dur\u00e9e de vie\u00a0: plus de 50\u00a0000 heures<br \/>\nMat\u00e9riaux du r\u00e9flecteur\u00a0: PMMA + PC<\/p>\n<p>Temp\u00e9rature de couleur\u00a0: 3\u00a0000\u00a0K + 5\u00a0700\u00a0K + 12\u00a0000\u00a0K<\/p>\n<p>Poids :\u00a0 kg\u00a0 47<\/p>\n<p>D\u00e9lai de livraison\u00a0: 15 \u00e0 20 jours apr\u00e8s r\u00e9ception du paiement<\/p>\n","protected":false},"featured_media":11199,"template":"","meta":{"_eb_attr":""},"product_cat":[680,681],"product_tag":[],"yoast_head":"<!-- This site is optimized with the Yoast SEO plugin v22.1 - https:\/\/yoast.com\/wordpress\/plugins\/seo\/ -->\n<title>Pare-chocs avant pour Toyota HDJ 100 avec support de treuil - MDI 4x4<\/title>\n<meta name=\"robots\" content=\"index, follow, max-snippet:-1, max-image-preview:large, max-video-preview:-1\" \/>\n<link rel=\"canonical\" href=\"https:\/\/www.mdi4x4.it\/fr\/prodotto\/pare-chocs-avant-pour-toyota-hdj-100-avec-support-de-treuil\/\" \/>\n<meta property=\"og:locale\" content=\"fr_FR\" \/>\n<meta property=\"og:type\" content=\"article\" \/>\n<meta property=\"og:title\" content=\"Pare-chocs avant pour Toyota HDJ 100 avec support de treuil - MDI 4x4\" \/>\n<meta property=\"og:description\" content=\"Le pare-chocs est fabriqu\u00e9 en Italie \u00e0 partir de t\u00f4le de 4 mm d&#039;\u00e9paisseur et peint en noir gaufr\u00e9.  Le support du treuil est en t\u00f4le de 6 mm d&#039;\u00e9paisseur, et les fixations du pare-chocs font 5 mm.  Le pare-chocs est con\u00e7u pour accueillir un treuil d&#039;une hauteur maximale de 20 cm, levier de d\u00e9verrouillage du c\u00e2ble inclus.  Il est \u00e9quip\u00e9 de deux feux LED de 30 watts \u00e0 double fonction\u00a0: antibrouillard et feu de jour.  Indice de protection\u00a0: IP67  Tension d&#039;entr\u00e9e\u00a0: 9-16\u00a0V CC  Puissance des LED\u00a0: 30\u00a0W  Type de lampe\u00a0: LED OSRAM  Dur\u00e9e de vie\u00a0: plus de 50\u00a0000 heures Mat\u00e9riaux du r\u00e9flecteur\u00a0: PMMA + PC  Temp\u00e9rature de couleur\u00a0: 3\u00a0000\u00a0K + 5\u00a0700\u00a0K + 12\u00a0000\u00a0K  Poids :\u00a0 kg\u00a0 47  D\u00e9lai de livraison\u00a0: 15 \u00e0 20 jours apr\u00e8s r\u00e9ception du paiement\" \/>\n<meta property=\"og:url\" content=\"https:\/\/www.mdi4x4.it\/fr\/prodotto\/pare-chocs-avant-pour-toyota-hdj-100-avec-support-de-treuil\/\" \/>\n<meta property=\"og:site_name\" content=\"MDI 4x4\" \/>\n<meta property=\"article:modified_time\" content=\"2026-05-13T09:44:35+00:00\" \/>\n<meta property=\"og:image\" content=\"https:\/\/www.mdi4x4.it\/wp-content\/uploads\/2026\/05\/WhatsApp-Image-2026-05-11-at-19.06.55-1.jpeg\" \/>\n\t<meta property=\"og:image:width\" content=\"1600\" \/>\n\t<meta property=\"og:image:height\" content=\"1200\" \/>\n\t<meta property=\"og:image:type\" content=\"image\/jpeg\" \/>\n<script type=\"application\/ld+json\" class=\"yoast-schema-graph\">{\"@context\":\"https:\/\/schema.org\",\"@graph\":[{\"@type\":\"WebPage\",\"@id\":\"https:\/\/www.mdi4x4.it\/fr\/prodotto\/pare-chocs-avant-pour-toyota-hdj-100-avec-support-de-treuil\/\",\"url\":\"https:\/\/www.mdi4x4.it\/fr\/prodotto\/pare-chocs-avant-pour-toyota-hdj-100-avec-support-de-treuil\/\",\"name\":\"Pare-chocs avant pour Toyota HDJ 100 avec support de treuil - MDI 4x4\",\"isPartOf\":{\"@id\":\"https:\/\/www.mdi4x4.it\/fr\/#website\"},\"datePublished\":\"2026-05-12T16:05:19+00:00\",\"dateModified\":\"2026-05-13T09:44:35+00:00\",\"breadcrumb\":{\"@id\":\"https:\/\/www.mdi4x4.it\/fr\/prodotto\/pare-chocs-avant-pour-toyota-hdj-100-avec-support-de-treuil\/#breadcrumb\"},\"inLanguage\":\"fr-FR\",\"potentialAction\":[{\"@type\":\"ReadAction\",\"target\":[\"https:\/\/www.mdi4x4.it\/fr\/prodotto\/pare-chocs-avant-pour-toyota-hdj-100-avec-support-de-treuil\/\"]}]},{\"@type\":\"BreadcrumbList\",\"@id\":\"https:\/\/www.mdi4x4.it\/fr\/prodotto\/pare-chocs-avant-pour-toyota-hdj-100-avec-support-de-treuil\/#breadcrumb\",\"itemListElement\":[{\"@type\":\"ListItem\",\"position\":1,\"name\":\"Home\",\"item\":\"https:\/\/www.mdi4x4.it\/fr\/\"},{\"@type\":\"ListItem\",\"position\":2,\"name\":\"Boutique\",\"item\":\"https:\/\/www.mdi4x4.it\/fr\/shop\/\"},{\"@type\":\"ListItem\",\"position\":3,\"name\":\"Pare-chocs avant pour Toyota HDJ 100 avec support de treuil\"}]},{\"@type\":\"WebSite\",\"@id\":\"https:\/\/www.mdi4x4.it\/fr\/#website\",\"url\":\"https:\/\/www.mdi4x4.it\/fr\/\",\"name\":\"MDI 4x4\",\"description\":\"Accessori su misura Land Rover || Toyota\",\"publisher\":{\"@id\":\"https:\/\/www.mdi4x4.it\/fr\/#organization\"},\"potentialAction\":[{\"@type\":\"SearchAction\",\"target\":{\"@type\":\"EntryPoint\",\"urlTemplate\":\"https:\/\/www.mdi4x4.it\/fr\/?s={search_term_string}\"},\"query-input\":\"required name=search_term_string\"}],\"inLanguage\":\"fr-FR\"},{\"@type\":\"Organization\",\"@id\":\"https:\/\/www.mdi4x4.it\/fr\/#organization\",\"name\":\"MDI 4x4\",\"url\":\"https:\/\/www.mdi4x4.it\/fr\/\",\"logo\":{\"@type\":\"ImageObject\",\"inLanguage\":\"fr-FR\",\"@id\":\"https:\/\/www.mdi4x4.it\/fr\/#\/schema\/logo\/image\/\",\"url\":\"https:\/\/www.mdi4x4.it\/wp-content\/uploads\/2021\/03\/Logo-MDI-ridotto.png\",\"contentUrl\":\"https:\/\/www.mdi4x4.it\/wp-content\/uploads\/2021\/03\/Logo-MDI-ridotto.png\",\"width\":299,\"height\":200,\"caption\":\"MDI 4x4\"},\"image\":{\"@id\":\"https:\/\/www.mdi4x4.it\/fr\/#\/schema\/logo\/image\/\"}}]}<\/script>\n<!-- \/ Yoast SEO plugin. -->","yoast_head_json":{"title":"Pare-chocs avant pour Toyota HDJ 100 avec support de treuil - MDI 4x4","robots":{"index":"index","follow":"follow","max-snippet":"max-snippet:-1","max-image-preview":"max-image-preview:large","max-video-preview":"max-video-preview:-1"},"canonical":"https:\/\/www.mdi4x4.it\/fr\/prodotto\/pare-chocs-avant-pour-toyota-hdj-100-avec-support-de-treuil\/","og_locale":"fr_FR","og_type":"article","og_title":"Pare-chocs avant pour Toyota HDJ 100 avec support de treuil - MDI 4x4","og_description":"Le pare-chocs est fabriqu\u00e9 en Italie \u00e0 partir de t\u00f4le de 4 mm d'\u00e9paisseur et peint en noir gaufr\u00e9.  Le support du treuil est en t\u00f4le de 6 mm d'\u00e9paisseur, et les fixations du pare-chocs font 5 mm.  Le pare-chocs est con\u00e7u pour accueillir un treuil d'une hauteur maximale de 20 cm, levier de d\u00e9verrouillage du c\u00e2ble inclus.  Il est \u00e9quip\u00e9 de deux feux LED de 30 watts \u00e0 double fonction\u00a0: antibrouillard et feu de jour.  Indice de protection\u00a0: IP67  Tension d'entr\u00e9e\u00a0: 9-16\u00a0V CC  Puissance des LED\u00a0: 30\u00a0W  Type de lampe\u00a0: LED OSRAM  Dur\u00e9e de vie\u00a0: plus de 50\u00a0000 heures Mat\u00e9riaux du r\u00e9flecteur\u00a0: PMMA + PC  Temp\u00e9rature de couleur\u00a0: 3\u00a0000\u00a0K + 5\u00a0700\u00a0K + 12\u00a0000\u00a0K  Poids :\u00a0 kg\u00a0 47  D\u00e9lai de livraison\u00a0: 15 \u00e0 20 jours apr\u00e8s r\u00e9ception du paiement","og_url":"https:\/\/www.mdi4x4.it\/fr\/prodotto\/pare-chocs-avant-pour-toyota-hdj-100-avec-support-de-treuil\/","og_site_name":"MDI 4x4","article_modified_time":"2026-05-13T09:44:35+00:00","og_image":[{"width":1600,"height":1200,"url":"https:\/\/www.mdi4x4.it\/wp-content\/uploads\/2026\/05\/WhatsApp-Image-2026-05-11-at-19.06.55-1.jpeg","type":"image\/jpeg"}],"schema":{"@context":"https:\/\/schema.org","@graph":[{"@type":"WebPage","@id":"https:\/\/www.mdi4x4.it\/fr\/prodotto\/pare-chocs-avant-pour-toyota-hdj-100-avec-support-de-treuil\/","url":"https:\/\/www.mdi4x4.it\/fr\/prodotto\/pare-chocs-avant-pour-toyota-hdj-100-avec-support-de-treuil\/","name":"Pare-chocs avant pour Toyota HDJ 100 avec support de treuil - MDI 4x4","isPartOf":{"@id":"https:\/\/www.mdi4x4.it\/fr\/#website"},"datePublished":"2026-05-12T16:05:19+00:00","dateModified":"2026-05-13T09:44:35+00:00","breadcrumb":{"@id":"https:\/\/www.mdi4x4.it\/fr\/prodotto\/pare-chocs-avant-pour-toyota-hdj-100-avec-support-de-treuil\/#breadcrumb"},"inLanguage":"fr-FR","potentialAction":[{"@type":"ReadAction","target":["https:\/\/www.mdi4x4.it\/fr\/prodotto\/pare-chocs-avant-pour-toyota-hdj-100-avec-support-de-treuil\/"]}]},{"@type":"BreadcrumbList","@id":"https:\/\/www.mdi4x4.it\/fr\/prodotto\/pare-chocs-avant-pour-toyota-hdj-100-avec-support-de-treuil\/#breadcrumb","itemListElement":[{"@type":"ListItem","position":1,"name":"Home","item":"https:\/\/www.mdi4x4.it\/fr\/"},{"@type":"ListItem","position":2,"name":"Boutique","item":"https:\/\/www.mdi4x4.it\/fr\/shop\/"},{"@type":"ListItem","position":3,"name":"Pare-chocs avant pour Toyota HDJ 100 avec support de treuil"}]},{"@type":"WebSite","@id":"https:\/\/www.mdi4x4.it\/fr\/#website","url":"https:\/\/www.mdi4x4.it\/fr\/","name":"MDI 4x4","description":"Accessori su misura Land Rover || Toyota","publisher":{"@id":"https:\/\/www.mdi4x4.it\/fr\/#organization"},"potentialAction":[{"@type":"SearchAction","target":{"@type":"EntryPoint","urlTemplate":"https:\/\/www.mdi4x4.it\/fr\/?s={search_term_string}"},"query-input":"required name=search_term_string"}],"inLanguage":"fr-FR"},{"@type":"Organization","@id":"https:\/\/www.mdi4x4.it\/fr\/#organization","name":"MDI 4x4","url":"https:\/\/www.mdi4x4.it\/fr\/","logo":{"@type":"ImageObject","inLanguage":"fr-FR","@id":"https:\/\/www.mdi4x4.it\/fr\/#\/schema\/logo\/image\/","url":"https:\/\/www.mdi4x4.it\/wp-content\/uploads\/2021\/03\/Logo-MDI-ridotto.png","contentUrl":"https:\/\/www.mdi4x4.it\/wp-content\/uploads\/2021\/03\/Logo-MDI-ridotto.png","width":299,"height":200,"caption":"MDI 4x4"},"image":{"@id":"https:\/\/www.mdi4x4.it\/fr\/#\/schema\/logo\/image\/"}}]}},"_links":{"self":[{"href":"https:\/\/www.mdi4x4.it\/fr\/wp-json\/wp\/v2\/product\/11201"}],"collection":[{"href":"https:\/\/www.mdi4x4.it\/fr\/wp-json\/wp\/v2\/product"}],"about":[{"href":"https:\/\/www.mdi4x4.it\/fr\/wp-json\/wp\/v2\/types\/product"}],"wp:featuredmedia":[{"embeddable":true,"href":"https:\/\/www.mdi4x4.it\/fr\/wp-json\/wp\/v2\/media\/11199"}],"wp:attachment":[{"href":"https:\/\/www.mdi4x4.it\/fr\/wp-json\/wp\/v2\/media?parent=11201"}],"wp:term":[{"taxonomy":"product_cat","embeddable":true,"href":"https:\/\/www.mdi4x4.it\/fr\/wp-json\/wp\/v2\/product_cat?post=11201"},{"taxonomy":"product_tag","embeddable":true,"href":"https:\/\/www.mdi4x4.it\/fr\/wp-json\/wp\/v2\/product_tag?post=11201"}],"curies":[{"name":"wp","href":"https:\/\/api.w.org\/{rel}","templated":true}]}}