{"id":3617,"date":"2021-01-15T07:52:18","date_gmt":"2021-01-15T06:52:18","guid":{"rendered":"https:\/\/www.mdi4x4.it\/contact\/"},"modified":"2024-07-29T10:01:15","modified_gmt":"2024-07-29T08:01:15","slug":"contact","status":"publish","type":"page","link":"https:\/\/www.mdi4x4.it\/fr\/contact\/","title":{"rendered":"Contact"},"content":{"rendered":"\t\t<div data-elementor-type=\"wp-page\" data-elementor-id=\"3617\" class=\"elementor elementor-3617 elementor-543\" data-elementor-post-type=\"page\">\n\t\t\t\t\t\t<section class=\"elementor-section elementor-top-section elementor-element elementor-element-28312d5 elementor-section-full_width elementor-section-height-default elementor-section-height-default\" data-id=\"28312d5\" data-element_type=\"section\">\n\t\t\t\t\t\t<div class=\"elementor-container elementor-column-gap-no\">\n\t\t\t\t\t<div class=\"elementor-column elementor-col-100 elementor-top-column elementor-element elementor-element-70b8d0b\" data-id=\"70b8d0b\" data-element_type=\"column\">\n\t\t\t<div class=\"elementor-widget-wrap elementor-element-populated\">\n\t\t\t\t\t\t<div class=\"elementor-element elementor-element-d050711 elementor-widget elementor-widget-chakta-breadcrumb\" data-id=\"d050711\" data-element_type=\"widget\" data-widget_type=\"chakta-breadcrumb.default\">\n\t\t\t\t<div class=\"elementor-widget-container\">\n\t\t\t<section class=\"breadcrumbs-section bg_cover\" style=\"background-image: url(https:\/\/www.mdi4x4.it\/wp-content\/plugins\/chakta-core\/elementor\/images\/breadcrumb.jpg);\"><div class=\"container\"><div class=\"row justify-content-center\"><div class=\"col-lg-8\"><div class=\"breadcrumbs-content text-center\"><h1>Contatti<\/h1><ul class=\"breadcrumb-menu\"><li><a  href=\"https:\/\/www.mdi4x4.it\/fr\/\" title=\"Home\" rel=\"bookmark\">Home<\/a> <\/li>  <\/ul><\/div><\/div><\/div><\/div><\/section>\t\t<\/div>\n\t\t\t\t<\/div>\n\t\t\t\t\t<\/div>\n\t\t<\/div>\n\t\t\t\t\t<\/div>\n\t\t<\/section>\n\t\t\t\t<section class=\"elementor-section elementor-top-section elementor-element elementor-element-b995b96 elementor-section-content-middle elementor-section-boxed elementor-section-height-default elementor-section-height-default\" data-id=\"b995b96\" data-element_type=\"section\">\n\t\t\t\t\t\t<div class=\"elementor-container elementor-column-gap-extended\">\n\t\t\t\t\t<div class=\"elementor-column elementor-col-50 elementor-top-column elementor-element elementor-element-8eae91e\" data-id=\"8eae91e\" data-element_type=\"column\">\n\t\t\t<div class=\"elementor-widget-wrap elementor-element-populated\">\n\t\t\t\t\t\t<div class=\"elementor-element elementor-element-fb943e6 elementor-widget elementor-widget-chakta-contact-list\" data-id=\"fb943e6\" data-element_type=\"widget\" data-widget_type=\"chakta-contact-list.default\">\n\t\t\t\t<div class=\"elementor-widget-container\">\n\t\t\t<div class=\"contact-info-list\"><div class=\"list-item mb-30\"><i class=\"far fa-map-marked-alt\"><\/i><h5>Atelier<\/h5><p>Viale Giannino Pieralisi 9, 60030 Monsano (AN)<\/p><\/div><div class=\"list-item mb-30\"><i class=\"far fa-envelope-open-text\"><\/i><h5>Adresse email<\/h5><p>info@mdi4x4.it<\/p><\/div><div class=\"list-item mb-30\"><i class=\"far fa-phone\"><\/i><h5>T\u00e9l\u00e9phone<\/h5><p>+39 331 772 7869<\/p><\/div><\/div>\t\t<\/div>\n\t\t\t\t<\/div>\n\t\t\t\t\t<\/div>\n\t\t<\/div>\n\t\t\t\t<div class=\"elementor-column elementor-col-50 elementor-top-column elementor-element elementor-element-dd7d0dd\" data-id=\"dd7d0dd\" data-element_type=\"column\" data-settings=\"{&quot;background_background&quot;:&quot;classic&quot;}\">\n\t\t\t<div class=\"elementor-widget-wrap elementor-element-populated\">\n\t\t\t\t\t\t<div class=\"elementor-element elementor-element-b9a13ff elementor-widget elementor-widget-wpforms\" data-id=\"b9a13ff\" data-element_type=\"widget\" data-widget_type=\"wpforms.default\">\n\t\t\t\t<div class=\"elementor-widget-container\">\n\t\t\t<div class=\"wpforms-container wpforms-container-full\" id=\"wpforms-4009\"><form id=\"wpforms-form-4009\" class=\"wpforms-validate wpforms-form wpforms-ajax-form\" data-formid=\"4009\" method=\"post\" enctype=\"multipart\/form-data\" action=\"\/fr\/wp-json\/wp\/v2\/pages\/3617\" data-token=\"9c9041db1f6564d7be743f52ed23312b\" data-token-time=\"1776429700\"><noscript class=\"wpforms-error-noscript\">Veuillez activer JavaScript dans votre navigateur pour remplir ce formulaire.<\/noscript><div class=\"wpforms-field-container\"><div id=\"wpforms-4009-field_6-container\" class=\"wpforms-field wpforms-field-layout\" data-field-id=\"6\"><label class=\"wpforms-field-label wpforms-label-hide\">Mise en page<\/label><div class=\"wpforms-field-layout-columns wpforms-field-layout-preset-50-50\"><div class=\"wpforms-layout-column wpforms-layout-column-50\" ><div id=\"wpforms-4009-field_5-container\" class=\"wpforms-field wpforms-field-text\" data-field-id=\"5\"><label class=\"wpforms-field-label\" for=\"wpforms-4009-field_5\">Nom et pr\u00e9nom<\/label><input type=\"text\" id=\"wpforms-4009-field_5\" class=\"wpforms-field-medium\" name=\"wpforms[fields][5]\" ><\/div><\/div><div class=\"wpforms-layout-column wpforms-layout-column-50\" ><div id=\"wpforms-4009-field_1-container\" class=\"wpforms-field wpforms-field-email\" data-field-id=\"1\"><label class=\"wpforms-field-label\" for=\"wpforms-4009-field_1\">Email <span class=\"wpforms-required-label\">*<\/span><\/label><input type=\"email\" id=\"wpforms-4009-field_1\" class=\"wpforms-field-large wpforms-field-required\" name=\"wpforms[fields][1]\" spellcheck=\"false\" required><\/div><\/div><\/div><\/div><div id=\"wpforms-4009-field_4-container\" class=\"wpforms-field wpforms-field-text\" data-field-id=\"4\"><label class=\"wpforms-field-label\" for=\"wpforms-4009-field_4\">Objet de la demande <span class=\"wpforms-required-label\">*<\/span><\/label><input type=\"text\" id=\"wpforms-4009-field_4\" class=\"wpforms-field-large wpforms-field-required\" name=\"wpforms[fields][4]\" required><div class=\"wpforms-field-description\">Indiquez le type de demande (par exemple : demande d'informations sur le produit, probl\u00e8mes de facturation, envoi d'un virement, produit personnalis\u00e9, d\u00e9lai de livraison, etc.)<\/div><\/div><div id=\"wpforms-4009-field_2-container\" class=\"wpforms-field wpforms-field-textarea\" data-field-id=\"2\"><label class=\"wpforms-field-label\" for=\"wpforms-4009-field_2\">Message <span class=\"wpforms-required-label\">*<\/span><\/label><textarea id=\"wpforms-4009-field_2\" class=\"wpforms-field-medium wpforms-field-required\" name=\"wpforms[fields][2]\" required><\/textarea><\/div><div id=\"wpforms-4009-field_3-container\" class=\"wpforms-field wpforms-field-gdpr-checkbox\" data-field-id=\"3\"><label class=\"wpforms-field-label\">La privacy <span class=\"wpforms-required-label\">*<\/span><\/label><ul id=\"wpforms-4009-field_3\" class=\"wpforms-field-required\"><li class=\"choice-1\"><input type=\"checkbox\" id=\"wpforms-4009-field_3_1\" name=\"wpforms[fields][3][]\" value=\"J&#039;ai lu la &lt;a href=&quot;https:\/\/www.mdi4x4.it\/fr\/privacy-policy\/&quot; target=&quot;_blank&quot;&gt; politique de confidentialit\u00e9&lt;\/a&gt; conform\u00e9ment \u00e0 l&#039;ART. 13 du REGLEMENT UE 2016\/679 (GDPR) et je consens au traitement de mes donn\u00e9es personnelles.\" required ><label class=\"wpforms-field-label-inline\" for=\"wpforms-4009-field_3_1\">J'ai lu la <a href=\"https:\/\/www.mdi4x4.it\/fr\/privacy-policy\/\" target=\"_blank\"> politique de confidentialit\u00e9<\/a> conform\u00e9ment \u00e0 l'ART. 13 du REGLEMENT UE 2016\/679 (GDPR) et je consens au traitement de mes donn\u00e9es personnelles.<\/label><\/li><\/ul><\/div><\/div><!-- .wpforms-field-container --><div class=\"wpforms-recaptcha-container wpforms-is-recaptcha wpforms-is-recaptcha-type-v3\" ><input type=\"hidden\" name=\"wpforms[recaptcha]\" value=\"\"><\/div><div class=\"wpforms-submit-container\" ><input type=\"hidden\" name=\"wpforms[id]\" value=\"4009\"><input type=\"hidden\" name=\"page_title\" value=\"\"><input type=\"hidden\" name=\"page_url\" value=\"https:\/\/www.mdi4x4.it\/fr\/wp-json\/wp\/v2\/pages\/3617\"><button type=\"submit\" name=\"wpforms[submit]\" id=\"wpforms-submit-4009\" class=\"wpforms-submit\" data-alt-text=\"Envoi...\" data-submit-text=\"Envoyer\" aria-live=\"assertive\" value=\"wpforms-submit\">Envoyer<\/button><img decoding=\"async\" src=\"https:\/\/www.mdi4x4.it\/wp-content\/plugins\/wpforms\/assets\/images\/submit-spin.svg\" class=\"wpforms-submit-spinner\" style=\"display: none;\" width=\"26\" height=\"26\" alt=\"Chargement en cours\"><\/div><\/form><\/div>  <!-- .wpforms-container -->\t\t<\/div>\n\t\t\t\t<\/div>\n\t\t\t\t\t<\/div>\n\t\t<\/div>\n\t\t\t\t\t<\/div>\n\t\t<\/section>\n\t\t\t\t<section class=\"elementor-section elementor-top-section elementor-element elementor-element-5b65023 elementor-section-full_width elementor-section-height-default elementor-section-height-default\" data-id=\"5b65023\" data-element_type=\"section\">\n\t\t\t\t\t\t<div class=\"elementor-container elementor-column-gap-no\">\n\t\t\t\t\t<div class=\"elementor-column elementor-col-100 elementor-top-column elementor-element elementor-element-73099da\" data-id=\"73099da\" data-element_type=\"column\">\n\t\t\t<div class=\"elementor-widget-wrap elementor-element-populated\">\n\t\t\t\t\t\t<div class=\"elementor-element elementor-element-c588c7d elementor-widget elementor-widget-google_maps\" data-id=\"c588c7d\" data-element_type=\"widget\" data-widget_type=\"google_maps.default\">\n\t\t\t\t<div class=\"elementor-widget-container\">\n\t\t\t<style>\/*! elementor - v3.22.0 - 26-06-2024 *\/\n.elementor-widget-google_maps .elementor-widget-container{overflow:hidden}.elementor-widget-google_maps .elementor-custom-embed{line-height:0}.elementor-widget-google_maps iframe{height:300px}<\/style>\t\t<div class=\"elementor-custom-embed\">\n\t\t\t<iframe loading=\"lazy\"\n\t\t\t\t\tsrc=\"https:\/\/maps.google.com\/maps?q=Via%20Cappannini%201%20Jesi%20%28AN%29&#038;t=m&#038;z=15&#038;output=embed&#038;iwloc=near\"\n\t\t\t\t\ttitle=\"Via Cappannini 1 Jesi (AN)\"\n\t\t\t\t\taria-label=\"Via Cappannini 1 Jesi (AN)\"\n\t\t\t><\/iframe>\n\t\t<\/div>\n\t\t\t\t<\/div>\n\t\t\t\t<\/div>\n\t\t\t\t\t<\/div>\n\t\t<\/div>\n\t\t\t\t\t<\/div>\n\t\t<\/section>\n\t\t<div class=\"elementor-element elementor-element-ffc6730 e-flex e-con-boxed e-con e-parent\" data-id=\"ffc6730\" data-element_type=\"container\" data-settings=\"{&quot;background_background&quot;:&quot;classic&quot;}\">\n\t\t\t\t\t<div class=\"e-con-inner\">\n\t\t<div class=\"elementor-element elementor-element-011aed9 e-con-full e-flex e-con e-child\" data-id=\"011aed9\" data-element_type=\"container\">\n\t\t\t\t<div class=\"elementor-element elementor-element-21ce645 elementor-widget elementor-widget-image\" data-id=\"21ce645\" data-element_type=\"widget\" data-widget_type=\"image.default\">\n\t\t\t\t<div class=\"elementor-widget-container\">\n\t\t\t<style>\/*! elementor - v3.22.0 - 26-06-2024 *\/\n.elementor-widget-image{text-align:center}.elementor-widget-image a{display:inline-block}.elementor-widget-image a img[src$=\".svg\"]{width:48px}.elementor-widget-image img{vertical-align:middle;display:inline-block}<\/style>\t\t\t\t\t\t\t\t\t\t\t<a href=\"https:\/\/www.mdi4x4.it\/categoria-prodotto\/land-rover\/\">\n\t\t\t\t\t\t\t<img decoding=\"async\" width=\"250\" height=\"174\" src=\"https:\/\/www.mdi4x4.it\/wp-content\/uploads\/2022\/10\/toyota-logo-brand-nero.png\" class=\"attachment-2048x2048 size-2048x2048 wp-image-3729\" alt=\"\" srcset=\"https:\/\/www.mdi4x4.it\/wp-content\/uploads\/2022\/10\/toyota-logo-brand-nero.png 250w, https:\/\/www.mdi4x4.it\/wp-content\/uploads\/2022\/10\/toyota-logo-brand-nero-78x54.png 78w, https:\/\/www.mdi4x4.it\/wp-content\/uploads\/2022\/10\/toyota-logo-brand-nero-64x45.png 64w\" sizes=\"(max-width: 250px) 100vw, 250px\" \/>\t\t\t\t\t\t\t\t<\/a>\n\t\t\t\t\t\t\t\t\t\t\t\t\t<\/div>\n\t\t\t\t<\/div>\n\t\t\t\t<\/div>\n\t\t<div class=\"elementor-element elementor-element-89b0d0e e-con-full e-flex e-con e-child\" data-id=\"89b0d0e\" data-element_type=\"container\">\n\t\t\t\t<div class=\"elementor-element elementor-element-653cafb elementor-widget elementor-widget-image\" data-id=\"653cafb\" data-element_type=\"widget\" data-widget_type=\"image.default\">\n\t\t\t\t<div class=\"elementor-widget-container\">\n\t\t\t\t\t\t\t\t\t\t\t\t\t\t<a href=\"https:\/\/www.mdi4x4.it\/categoria-prodotto\/jeep\/\">\n\t\t\t\t\t\t\t<img decoding=\"async\" width=\"250\" height=\"174\" src=\"https:\/\/www.mdi4x4.it\/wp-content\/uploads\/2022\/10\/jeep-logo-brand-nero-web.png\" class=\"attachment-large size-large wp-image-3795\" alt=\"\" srcset=\"https:\/\/www.mdi4x4.it\/wp-content\/uploads\/2022\/10\/jeep-logo-brand-nero-web.png 250w, https:\/\/www.mdi4x4.it\/wp-content\/uploads\/2022\/10\/jeep-logo-brand-nero-web-78x54.png 78w, https:\/\/www.mdi4x4.it\/wp-content\/uploads\/2022\/10\/jeep-logo-brand-nero-web-64x45.png 64w\" sizes=\"(max-width: 250px) 100vw, 250px\" \/>\t\t\t\t\t\t\t\t<\/a>\n\t\t\t\t\t\t\t\t\t\t\t\t\t<\/div>\n\t\t\t\t<\/div>\n\t\t\t\t<\/div>\n\t\t<div class=\"elementor-element elementor-element-534693b e-con-full e-flex e-con e-child\" data-id=\"534693b\" data-element_type=\"container\">\n\t\t\t\t<div class=\"elementor-element elementor-element-72cfba1 elementor-widget elementor-widget-image\" data-id=\"72cfba1\" data-element_type=\"widget\" data-widget_type=\"image.default\">\n\t\t\t\t<div class=\"elementor-widget-container\">\n\t\t\t\t\t\t\t\t\t\t\t\t\t\t<a href=\"https:\/\/www.mdi4x4.it\/categoria-prodotto\/nissan\/\">\n\t\t\t\t\t\t\t<img loading=\"lazy\" decoding=\"async\" width=\"250\" height=\"174\" src=\"https:\/\/www.mdi4x4.it\/wp-content\/uploads\/2022\/10\/nissan-logo-brand-nero.png\" class=\"attachment-large size-large wp-image-3725\" alt=\"Nissan Logo\" srcset=\"https:\/\/www.mdi4x4.it\/wp-content\/uploads\/2022\/10\/nissan-logo-brand-nero.png 250w, https:\/\/www.mdi4x4.it\/wp-content\/uploads\/2022\/10\/nissan-logo-brand-nero-78x54.png 78w, https:\/\/www.mdi4x4.it\/wp-content\/uploads\/2022\/10\/nissan-logo-brand-nero-64x45.png 64w\" sizes=\"(max-width: 250px) 100vw, 250px\" \/>\t\t\t\t\t\t\t\t<\/a>\n\t\t\t\t\t\t\t\t\t\t\t\t\t<\/div>\n\t\t\t\t<\/div>\n\t\t\t\t<\/div>\n\t\t<div class=\"elementor-element elementor-element-f6136a5 e-con-full e-flex e-con e-child\" data-id=\"f6136a5\" data-element_type=\"container\">\n\t\t\t\t<div class=\"elementor-element elementor-element-883322d elementor-widget elementor-widget-image\" data-id=\"883322d\" data-element_type=\"widget\" data-widget_type=\"image.default\">\n\t\t\t\t<div class=\"elementor-widget-container\">\n\t\t\t\t\t\t\t\t\t\t\t\t\t\t<a href=\"https:\/\/www.mdi4x4.it\/categoria-prodotto\/toyota\/\">\n\t\t\t\t\t\t\t<img loading=\"lazy\" decoding=\"async\" width=\"250\" height=\"174\" src=\"https:\/\/www.mdi4x4.it\/wp-content\/uploads\/2022\/10\/Toyota-logo-brand-web.png\" class=\"attachment-large size-large wp-image-3693\" alt=\"\" srcset=\"https:\/\/www.mdi4x4.it\/wp-content\/uploads\/2022\/10\/Toyota-logo-brand-web.png 250w, https:\/\/www.mdi4x4.it\/wp-content\/uploads\/2022\/10\/Toyota-logo-brand-web-78x54.png 78w, https:\/\/www.mdi4x4.it\/wp-content\/uploads\/2022\/10\/Toyota-logo-brand-web-64x45.png 64w\" sizes=\"(max-width: 250px) 100vw, 250px\" \/>\t\t\t\t\t\t\t\t<\/a>\n\t\t\t\t\t\t\t\t\t\t\t\t\t<\/div>\n\t\t\t\t<\/div>\n\t\t\t\t<\/div>\n\t\t\t\t\t<\/div>\n\t\t\t\t<\/div>\n\t\t\t\t<\/div>\n\t\t","protected":false},"excerpt":{"rendered":"<p>Contatti Home Atelier Viale Giannino Pieralisi 9, 60030 Monsano (AN) Adresse email info@mdi4x4.it T\u00e9l\u00e9phone +39 331 772 7869 Abilita JavaScript nel browser per completare questo modulo.Mise en pageNom et pr\u00e9nomEmail *Objet de la demande *Indiquez le type de demande (par exemple : demande d&#8217;informations sur le produit, probl\u00e8mes de facturation, envoi d&#8217;un virement, produit personnalis\u00e9,<\/p>\n<div class=\"klb-readmore\"><a class=\"main-btn\" href=\"https:\/\/www.mdi4x4.it\/fr\/contact\/\">Read More<\/a><\/div>\n","protected":false},"author":1,"featured_media":0,"parent":0,"menu_order":0,"comment_status":"closed","ping_status":"closed","template":"","meta":{"_eb_attr":"","footnotes":""},"yoast_head":"<!-- This site is optimized with the Yoast SEO plugin v22.1 - https:\/\/yoast.com\/wordpress\/plugins\/seo\/ -->\n<title>Contact - MDI 4x4<\/title>\n<meta name=\"robots\" content=\"index, follow, max-snippet:-1, max-image-preview:large, max-video-preview:-1\" \/>\n<link rel=\"canonical\" href=\"https:\/\/www.mdi4x4.it\/fr\/contact\/\" \/>\n<meta property=\"og:locale\" content=\"fr_FR\" \/>\n<meta property=\"og:type\" content=\"article\" \/>\n<meta property=\"og:title\" content=\"Contact - MDI 4x4\" \/>\n<meta property=\"og:description\" content=\"Contatti Home Atelier Viale Giannino Pieralisi 9, 60030 Monsano (AN) Adresse email info@mdi4x4.it T\u00e9l\u00e9phone +39 331 772 7869 Abilita JavaScript nel browser per completare questo modulo.Mise en pageNom et pr\u00e9nomEmail *Objet de la demande *Indiquez le type de demande (par exemple : demande d&#8217;informations sur le produit, probl\u00e8mes de facturation, envoi d&#8217;un virement, produit personnalis\u00e9,Read More\" \/>\n<meta property=\"og:url\" content=\"https:\/\/www.mdi4x4.it\/fr\/contact\/\" \/>\n<meta property=\"og:site_name\" content=\"MDI 4x4\" \/>\n<meta property=\"article:modified_time\" content=\"2024-07-29T08:01:15+00:00\" \/>\n<meta property=\"og:image\" content=\"https:\/\/www.mdi4x4.it\/wp-content\/plugins\/wpforms\/assets\/images\/submit-spin.svg\" \/>\n<script type=\"application\/ld+json\" class=\"yoast-schema-graph\">{\"@context\":\"https:\/\/schema.org\",\"@graph\":[{\"@type\":\"WebPage\",\"@id\":\"https:\/\/www.mdi4x4.it\/fr\/contact\/\",\"url\":\"https:\/\/www.mdi4x4.it\/fr\/contact\/\",\"name\":\"Contact - MDI 4x4\",\"isPartOf\":{\"@id\":\"https:\/\/www.mdi4x4.it\/fr\/#website\"},\"datePublished\":\"2021-01-15T06:52:18+00:00\",\"dateModified\":\"2024-07-29T08:01:15+00:00\",\"breadcrumb\":{\"@id\":\"https:\/\/www.mdi4x4.it\/fr\/contact\/#breadcrumb\"},\"inLanguage\":\"fr-FR\",\"potentialAction\":[{\"@type\":\"ReadAction\",\"target\":[\"https:\/\/www.mdi4x4.it\/fr\/contact\/\"]}]},{\"@type\":\"BreadcrumbList\",\"@id\":\"https:\/\/www.mdi4x4.it\/fr\/contact\/#breadcrumb\",\"itemListElement\":[{\"@type\":\"ListItem\",\"position\":1,\"name\":\"Home\",\"item\":\"https:\/\/www.mdi4x4.it\/fr\/\"},{\"@type\":\"ListItem\",\"position\":2,\"name\":\"Contact\"}]},{\"@type\":\"WebSite\",\"@id\":\"https:\/\/www.mdi4x4.it\/fr\/#website\",\"url\":\"https:\/\/www.mdi4x4.it\/fr\/\",\"name\":\"MDI 4x4\",\"description\":\"Accessori su misura Land Rover || Toyota\",\"publisher\":{\"@id\":\"https:\/\/www.mdi4x4.it\/fr\/#organization\"},\"potentialAction\":[{\"@type\":\"SearchAction\",\"target\":{\"@type\":\"EntryPoint\",\"urlTemplate\":\"https:\/\/www.mdi4x4.it\/fr\/?s={search_term_string}\"},\"query-input\":\"required name=search_term_string\"}],\"inLanguage\":\"fr-FR\"},{\"@type\":\"Organization\",\"@id\":\"https:\/\/www.mdi4x4.it\/fr\/#organization\",\"name\":\"MDI 4x4\",\"url\":\"https:\/\/www.mdi4x4.it\/fr\/\",\"logo\":{\"@type\":\"ImageObject\",\"inLanguage\":\"fr-FR\",\"@id\":\"https:\/\/www.mdi4x4.it\/fr\/#\/schema\/logo\/image\/\",\"url\":\"https:\/\/www.mdi4x4.it\/wp-content\/uploads\/2021\/03\/Logo-MDI-ridotto.png\",\"contentUrl\":\"https:\/\/www.mdi4x4.it\/wp-content\/uploads\/2021\/03\/Logo-MDI-ridotto.png\",\"width\":299,\"height\":200,\"caption\":\"MDI 4x4\"},\"image\":{\"@id\":\"https:\/\/www.mdi4x4.it\/fr\/#\/schema\/logo\/image\/\"}}]}<\/script>\n<!-- \/ Yoast SEO plugin. -->","yoast_head_json":{"title":"Contact - MDI 4x4","robots":{"index":"index","follow":"follow","max-snippet":"max-snippet:-1","max-image-preview":"max-image-preview:large","max-video-preview":"max-video-preview:-1"},"canonical":"https:\/\/www.mdi4x4.it\/fr\/contact\/","og_locale":"fr_FR","og_type":"article","og_title":"Contact - MDI 4x4","og_description":"Contatti Home Atelier Viale Giannino Pieralisi 9, 60030 Monsano (AN) Adresse email info@mdi4x4.it T\u00e9l\u00e9phone +39 331 772 7869 Abilita JavaScript nel browser per completare questo modulo.Mise en pageNom et pr\u00e9nomEmail *Objet de la demande *Indiquez le type de demande (par exemple : demande d&#8217;informations sur le produit, probl\u00e8mes de facturation, envoi d&#8217;un virement, produit personnalis\u00e9,Read More","og_url":"https:\/\/www.mdi4x4.it\/fr\/contact\/","og_site_name":"MDI 4x4","article_modified_time":"2024-07-29T08:01:15+00:00","og_image":[{"url":"https:\/\/www.mdi4x4.it\/wp-content\/plugins\/wpforms\/assets\/images\/submit-spin.svg"}],"schema":{"@context":"https:\/\/schema.org","@graph":[{"@type":"WebPage","@id":"https:\/\/www.mdi4x4.it\/fr\/contact\/","url":"https:\/\/www.mdi4x4.it\/fr\/contact\/","name":"Contact - MDI 4x4","isPartOf":{"@id":"https:\/\/www.mdi4x4.it\/fr\/#website"},"datePublished":"2021-01-15T06:52:18+00:00","dateModified":"2024-07-29T08:01:15+00:00","breadcrumb":{"@id":"https:\/\/www.mdi4x4.it\/fr\/contact\/#breadcrumb"},"inLanguage":"fr-FR","potentialAction":[{"@type":"ReadAction","target":["https:\/\/www.mdi4x4.it\/fr\/contact\/"]}]},{"@type":"BreadcrumbList","@id":"https:\/\/www.mdi4x4.it\/fr\/contact\/#breadcrumb","itemListElement":[{"@type":"ListItem","position":1,"name":"Home","item":"https:\/\/www.mdi4x4.it\/fr\/"},{"@type":"ListItem","position":2,"name":"Contact"}]},{"@type":"WebSite","@id":"https:\/\/www.mdi4x4.it\/fr\/#website","url":"https:\/\/www.mdi4x4.it\/fr\/","name":"MDI 4x4","description":"Accessori su misura Land Rover || Toyota","publisher":{"@id":"https:\/\/www.mdi4x4.it\/fr\/#organization"},"potentialAction":[{"@type":"SearchAction","target":{"@type":"EntryPoint","urlTemplate":"https:\/\/www.mdi4x4.it\/fr\/?s={search_term_string}"},"query-input":"required name=search_term_string"}],"inLanguage":"fr-FR"},{"@type":"Organization","@id":"https:\/\/www.mdi4x4.it\/fr\/#organization","name":"MDI 4x4","url":"https:\/\/www.mdi4x4.it\/fr\/","logo":{"@type":"ImageObject","inLanguage":"fr-FR","@id":"https:\/\/www.mdi4x4.it\/fr\/#\/schema\/logo\/image\/","url":"https:\/\/www.mdi4x4.it\/wp-content\/uploads\/2021\/03\/Logo-MDI-ridotto.png","contentUrl":"https:\/\/www.mdi4x4.it\/wp-content\/uploads\/2021\/03\/Logo-MDI-ridotto.png","width":299,"height":200,"caption":"MDI 4x4"},"image":{"@id":"https:\/\/www.mdi4x4.it\/fr\/#\/schema\/logo\/image\/"}}]}},"_links":{"self":[{"href":"https:\/\/www.mdi4x4.it\/fr\/wp-json\/wp\/v2\/pages\/3617"}],"collection":[{"href":"https:\/\/www.mdi4x4.it\/fr\/wp-json\/wp\/v2\/pages"}],"about":[{"href":"https:\/\/www.mdi4x4.it\/fr\/wp-json\/wp\/v2\/types\/page"}],"author":[{"embeddable":true,"href":"https:\/\/www.mdi4x4.it\/fr\/wp-json\/wp\/v2\/users\/1"}],"replies":[{"embeddable":true,"href":"https:\/\/www.mdi4x4.it\/fr\/wp-json\/wp\/v2\/comments?post=3617"}],"version-history":[{"count":1,"href":"https:\/\/www.mdi4x4.it\/fr\/wp-json\/wp\/v2\/pages\/3617\/revisions"}],"predecessor-version":[{"id":8801,"href":"https:\/\/www.mdi4x4.it\/fr\/wp-json\/wp\/v2\/pages\/3617\/revisions\/8801"}],"wp:attachment":[{"href":"https:\/\/www.mdi4x4.it\/fr\/wp-json\/wp\/v2\/media?parent=3617"}],"curies":[{"name":"wp","href":"https:\/\/api.w.org\/{rel}","templated":true}]}}